{"id":95,"date":"2021-01-02T19:53:37","date_gmt":"2021-01-02T19:53:37","guid":{"rendered":"https:\/\/pk-records.nl\/?page_id=95"},"modified":"2023-11-01T17:01:40","modified_gmt":"2023-11-01T16:01:40","slug":"shipping","status":"publish","type":"page","link":"https:\/\/pk-records.nl\/index.php\/shipping\/","title":{"rendered":"Shipping"},"content":{"rendered":"\n<h3 class=\"wp-block-heading\">Shipping Information<\/h3>\n\n\n\n<p>Items are shipped as package (vinyl), or letter-box package (CD) from The Netherlands. LPs do not fit in the standard mailbox. Shipping costs are automatically calculated after entering the shipping address.<\/p>\n\n\n\n<p>To keep costs down for you as buyer, below are the lowest possible flat rates for normal priority shipping.<br>Standard normal shipments are not insured and no tracking numbers are provided except within The Netherlands.<\/p>\n\n\n\n<figure class=\"wp-block-table\"><table  class=\"has-fixed-layout table table-hover\" ><tbody><tr><td>Zone<\/td><td>LP&#8217;s \/ 1 \u2013 7 LPs                <\/td><td>CD <\/td><\/tr><tr><td>The Netherlands<\/td><td>\u20ac&nbsp;6,95<\/td><td>\u20ac4,15<\/td><\/tr><tr><td>Europe zone&nbsp;1<\/td><td>\u20ac&nbsp;10,70<\/td><td>\u20ac5,70<\/td><\/tr><tr><td>Europe zone 2<\/td><td>\u20ac&nbsp;14,20<\/td><td>\u20ac7,40<\/td><\/tr><tr><td>Worldwide<\/td><td>\u20ac&nbsp;24,00<\/td><td>\u20ac11,50<\/td><\/tr><\/tbody><\/table><\/figure>\n\n\n\n<h4 class=\"wp-block-heading\">Europe Zone 1<\/h4>\n\n\n\n<p>Belgi\u00eb, Denemarken (excl. Faer\u00f6er Eilanden en Groenland), Duitsland, Frankrijk (incl. Corsica en Monaco), Itali\u00eb (excl. San Marino en Vaticaanstad), Luxemburg, Oostenrijk, Spanje (incl. Balearen, excl. Canarische Eilanden), Zweden<\/p>\n\n\n\n<h4 class=\"wp-block-heading\">Europe Zone 2<\/h4>\n\n\n\n<p>Albani\u00eb, Andorra, Belarus, Bosni\u00eb en Herzegovina, Bulgarije, Canarische Eilanden, Cyprus, Estland, Faer\u00f6er Eilanden, Finland, Griekenland, Groenland, Hongarije, Ierland, IJsland, Kosovo, Kroati\u00eb, Letland, Liechtenstein, Litouwen, Macedoni\u00eb, Malta, Moldavi\u00eb, Montenegro, Noorwegen, Oekraine, Polen, Roemeni\u00eb, Portugal (incl. Azoren en Madeira), San Marino, Servi\u00eb,, Slovakije, Sloveni\u00eb, Tsjechi\u00eb, Turkije, Verenigd Koninkrijk (incl. Kanaaleilanden en Gibraltar), Vaticaanstad, Zwitzerland<\/p>\n\n\n\n<h4 class=\"wp-block-heading\">Worldwide<\/h4>\n\n\n\n<p>All other countries.<\/p>\n\n\n\n<p>PK-records are not responsible for lost and damaged items during standard priority \/ normal shipment!<\/p>\n\n\n\n<p><strong>Registered shipping with higher costs are available only upon request.<\/strong><\/p>\n","protected":false},"excerpt":{"rendered":"<p>Shipping Information Items are shipped as package (vinyl), or letter-box package (CD) from The Netherlands. LPs do not fit in the standard mailbox. Shipping costs are automatically calculated after entering the shipping address. To keep costs down for you as buyer, below are the lowest possible flat rates for normal priority shipping.Standard normal shipments are<\/p>\n<div><a class=\"btn-filled btn\" href=\"https:\/\/pk-records.nl\/index.php\/shipping\/\" title=\"Shipping\">Read More<\/a><\/div>\n","protected":false},"author":1,"featured_media":0,"parent":0,"menu_order":0,"comment_status":"closed","ping_status":"closed","template":"page-templates\/no-sidebar.php","meta":{"footnotes":""},"class_list":["post-95","page","type-page","status-publish","hentry"],"yoast_head":"<!-- This site is optimized with the Yoast SEO plugin v27.4 - https:\/\/yoast.com\/product\/yoast-seo-wordpress\/ -->\n<title>Shipping - PK-records<\/title>\n<meta name=\"robots\" content=\"index, follow, max-snippet:-1, max-image-preview:large, max-video-preview:-1\" \/>\n<link rel=\"canonical\" href=\"https:\/\/pk-records.nl\/index.php\/shipping\/\" \/>\n<meta property=\"og:locale\" content=\"en_US\" \/>\n<meta property=\"og:type\" content=\"article\" \/>\n<meta property=\"og:title\" content=\"Shipping - PK-records\" \/>\n<meta property=\"og:description\" content=\"Shipping Information Items are shipped as package (vinyl), or letter-box package (CD) from The Netherlands. LPs do not fit in the standard mailbox. Shipping costs are automatically calculated after entering the shipping address. To keep costs down for you as buyer, below are the lowest possible flat rates for normal priority shipping.Standard normal shipments areRead More\" \/>\n<meta property=\"og:url\" content=\"https:\/\/pk-records.nl\/index.php\/shipping\/\" \/>\n<meta property=\"og:site_name\" content=\"PK-records\" \/>\n<meta property=\"article:modified_time\" content=\"2023-11-01T16:01:40+00:00\" \/>\n<meta name=\"twitter:card\" content=\"summary_large_image\" \/>\n<meta name=\"twitter:label1\" content=\"Est. reading time\" \/>\n\t<meta name=\"twitter:data1\" content=\"1 minute\" \/>\n<script type=\"application\/ld+json\" class=\"yoast-schema-graph\">{\"@context\":\"https:\\\/\\\/schema.org\",\"@graph\":[{\"@type\":\"WebPage\",\"@id\":\"https:\\\/\\\/pk-records.nl\\\/index.php\\\/shipping\\\/\",\"url\":\"https:\\\/\\\/pk-records.nl\\\/index.php\\\/shipping\\\/\",\"name\":\"Shipping - PK-records\",\"isPartOf\":{\"@id\":\"https:\\\/\\\/pk-records.nl\\\/#website\"},\"datePublished\":\"2021-01-02T19:53:37+00:00\",\"dateModified\":\"2023-11-01T16:01:40+00:00\",\"breadcrumb\":{\"@id\":\"https:\\\/\\\/pk-records.nl\\\/index.php\\\/shipping\\\/#breadcrumb\"},\"inLanguage\":\"en-US\",\"potentialAction\":[{\"@type\":\"ReadAction\",\"target\":[\"https:\\\/\\\/pk-records.nl\\\/index.php\\\/shipping\\\/\"]}]},{\"@type\":\"BreadcrumbList\",\"@id\":\"https:\\\/\\\/pk-records.nl\\\/index.php\\\/shipping\\\/#breadcrumb\",\"itemListElement\":[{\"@type\":\"ListItem\",\"position\":1,\"name\":\"Home\",\"item\":\"https:\\\/\\\/pk-records.nl\\\/\"},{\"@type\":\"ListItem\",\"position\":2,\"name\":\"Shipping\"}]},{\"@type\":\"WebSite\",\"@id\":\"https:\\\/\\\/pk-records.nl\\\/#website\",\"url\":\"https:\\\/\\\/pk-records.nl\\\/\",\"name\":\"PK-records\",\"description\":\"\",\"publisher\":{\"@id\":\"https:\\\/\\\/pk-records.nl\\\/#organization\"},\"potentialAction\":[{\"@type\":\"SearchAction\",\"target\":{\"@type\":\"EntryPoint\",\"urlTemplate\":\"https:\\\/\\\/pk-records.nl\\\/?s={search_term_string}\"},\"query-input\":{\"@type\":\"PropertyValueSpecification\",\"valueRequired\":true,\"valueName\":\"search_term_string\"}}],\"inLanguage\":\"en-US\"},{\"@type\":\"Organization\",\"@id\":\"https:\\\/\\\/pk-records.nl\\\/#organization\",\"name\":\"PK-records\",\"url\":\"https:\\\/\\\/pk-records.nl\\\/\",\"logo\":{\"@type\":\"ImageObject\",\"inLanguage\":\"en-US\",\"@id\":\"https:\\\/\\\/pk-records.nl\\\/#\\\/schema\\\/logo\\\/image\\\/\",\"url\":\"https:\\\/\\\/pk-records.nl\\\/wp-content\\\/uploads\\\/cropped-logoPK-records.png\",\"contentUrl\":\"https:\\\/\\\/pk-records.nl\\\/wp-content\\\/uploads\\\/cropped-logoPK-records.png\",\"width\":510,\"height\":162,\"caption\":\"PK-records\"},\"image\":{\"@id\":\"https:\\\/\\\/pk-records.nl\\\/#\\\/schema\\\/logo\\\/image\\\/\"}}]}<\/script>\n<!-- \/ Yoast SEO plugin. -->","yoast_head_json":{"title":"Shipping - PK-records","robots":{"index":"index","follow":"follow","max-snippet":"max-snippet:-1","max-image-preview":"max-image-preview:large","max-video-preview":"max-video-preview:-1"},"canonical":"https:\/\/pk-records.nl\/index.php\/shipping\/","og_locale":"en_US","og_type":"article","og_title":"Shipping - PK-records","og_description":"Shipping Information Items are shipped as package (vinyl), or letter-box package (CD) from The Netherlands. LPs do not fit in the standard mailbox. Shipping costs are automatically calculated after entering the shipping address. To keep costs down for you as buyer, below are the lowest possible flat rates for normal priority shipping.Standard normal shipments areRead More","og_url":"https:\/\/pk-records.nl\/index.php\/shipping\/","og_site_name":"PK-records","article_modified_time":"2023-11-01T16:01:40+00:00","twitter_card":"summary_large_image","twitter_misc":{"Est. reading time":"1 minute"},"schema":{"@context":"https:\/\/schema.org","@graph":[{"@type":"WebPage","@id":"https:\/\/pk-records.nl\/index.php\/shipping\/","url":"https:\/\/pk-records.nl\/index.php\/shipping\/","name":"Shipping - PK-records","isPartOf":{"@id":"https:\/\/pk-records.nl\/#website"},"datePublished":"2021-01-02T19:53:37+00:00","dateModified":"2023-11-01T16:01:40+00:00","breadcrumb":{"@id":"https:\/\/pk-records.nl\/index.php\/shipping\/#breadcrumb"},"inLanguage":"en-US","potentialAction":[{"@type":"ReadAction","target":["https:\/\/pk-records.nl\/index.php\/shipping\/"]}]},{"@type":"BreadcrumbList","@id":"https:\/\/pk-records.nl\/index.php\/shipping\/#breadcrumb","itemListElement":[{"@type":"ListItem","position":1,"name":"Home","item":"https:\/\/pk-records.nl\/"},{"@type":"ListItem","position":2,"name":"Shipping"}]},{"@type":"WebSite","@id":"https:\/\/pk-records.nl\/#website","url":"https:\/\/pk-records.nl\/","name":"PK-records","description":"","publisher":{"@id":"https:\/\/pk-records.nl\/#organization"},"potentialAction":[{"@type":"SearchAction","target":{"@type":"EntryPoint","urlTemplate":"https:\/\/pk-records.nl\/?s={search_term_string}"},"query-input":{"@type":"PropertyValueSpecification","valueRequired":true,"valueName":"search_term_string"}}],"inLanguage":"en-US"},{"@type":"Organization","@id":"https:\/\/pk-records.nl\/#organization","name":"PK-records","url":"https:\/\/pk-records.nl\/","logo":{"@type":"ImageObject","inLanguage":"en-US","@id":"https:\/\/pk-records.nl\/#\/schema\/logo\/image\/","url":"https:\/\/pk-records.nl\/wp-content\/uploads\/cropped-logoPK-records.png","contentUrl":"https:\/\/pk-records.nl\/wp-content\/uploads\/cropped-logoPK-records.png","width":510,"height":162,"caption":"PK-records"},"image":{"@id":"https:\/\/pk-records.nl\/#\/schema\/logo\/image\/"}}]}},"jetpack_sharing_enabled":true,"_links":{"self":[{"href":"https:\/\/pk-records.nl\/index.php\/wp-json\/wp\/v2\/pages\/95","targetHints":{"allow":["GET"]}}],"collection":[{"href":"https:\/\/pk-records.nl\/index.php\/wp-json\/wp\/v2\/pages"}],"about":[{"href":"https:\/\/pk-records.nl\/index.php\/wp-json\/wp\/v2\/types\/page"}],"author":[{"embeddable":true,"href":"https:\/\/pk-records.nl\/index.php\/wp-json\/wp\/v2\/users\/1"}],"replies":[{"embeddable":true,"href":"https:\/\/pk-records.nl\/index.php\/wp-json\/wp\/v2\/comments?post=95"}],"version-history":[{"count":17,"href":"https:\/\/pk-records.nl\/index.php\/wp-json\/wp\/v2\/pages\/95\/revisions"}],"predecessor-version":[{"id":10596,"href":"https:\/\/pk-records.nl\/index.php\/wp-json\/wp\/v2\/pages\/95\/revisions\/10596"}],"wp:attachment":[{"href":"https:\/\/pk-records.nl\/index.php\/wp-json\/wp\/v2\/media?parent=95"}],"curies":[{"name":"wp","href":"https:\/\/api.w.org\/{rel}","templated":true}]}}