{"id":12904,"date":"2024-01-18T21:06:16","date_gmt":"2024-01-18T20:06:16","guid":{"rendered":"https:\/\/pk-records.nl\/index.php\/product\/alexander-uninsky-frederic-chopin\/"},"modified":"2024-01-18T21:06:20","modified_gmt":"2024-01-18T20:06:20","slug":"alexander-uninsky-frederic-chopin","status":"publish","type":"product","link":"https:\/\/pk-records.nl\/index.php\/product\/alexander-uninsky-frederic-chopin\/","title":{"rendered":"Alexander Uninsky, Fr\u00e9d\u00e9ric Chopin"},"content":{"rendered":"<table  class=\" table table-hover\" border=\"0\" cellspacing=\"0\" cellpadding=\"0\">\n<tbody>\n<tr>\n<td valign=\"top\" width=\"270\"><strong>Format<\/strong>: 10 inch vinyl<br \/>\n<strong>Label<\/strong>: Philips<br \/>\n<strong>Release ID<\/strong>: A 00710 R<br \/>\n<strong>Release date<\/strong>:<br \/>\n<strong>Genre<\/strong>: Classical<br \/>\n<strong>Condition record<\/strong>: Very Good Plus (VG+)<br \/>\n<strong>Condition sleeve<\/strong>: Near Mint (NM or M-)<\/td>\n<td width=\"15\"><\/td>\n<td valign=\"top\" width=\"270\"><strong>Tracklis<\/strong>t:<br \/>\nNr.1 C-dur (allegro),,<br \/>Nr. 2 A-moll (allegro),,<br \/>Nr. 3 E-dur (Lento, Ma Non Troppo),,<br \/>Nr. 4 Cis-moll (presto),,<br \/>Nr. 5 Ges-dur ( Vivace),,<br \/>Nr. 6 Es-moll (Andante),,<br \/>Nr. 7 C-dur (Vivace),,<br \/>Nr. 8 F-dur (allegro),,<br \/>Nr. 9 F-moll ((allegro, Molto Agitato),,<br \/>Nr. 10 As-dur (Assai Vivace),,<br \/>Nr. 11 Es-dur (Allegretto),,<br \/>Nr. 12 C-moll (Allegro Con Fuoco),,<\/td>\n<\/tr>\n<\/tbody>\n<\/table>\n<p><strong>Comments<\/strong>: you can hear the first track of this records at: PK-records.nl (so you can judge the quality in advance)<\/p>\n<p>*excl.shipping<\/p>\n","protected":false},"excerpt":{"rendered":"<p><strong>Artist: <\/strong> <span style=\"color: #1e4c0b; font-weight: 600;\">Alexander Uninsky, Fr\u00e9d\u00e9ric Chopin<\/span><strong><BR>Titel: <\/strong>Alexander Uninsky spielt Chopin   <div class=\"compact_audio_player_wrapper\"><div class=\"sc_player_container1\"><input type=\"button\" id=\"btnplay_69dd1ece4f5118.37573718\" class=\"myButton_play\" onClick=\"play_mp3('play','69dd1ece4f5118.37573718','https:\/\/pk-records.nl\/wp-content\/uploads\/Alexander_Uninsky-Nr1_C-dur.mp3','80','false');show_hide('play','69dd1ece4f5118.37573718');\" \/><input type=\"button\"  id=\"btnstop_69dd1ece4f5118.37573718\" style=\"display:none\" class=\"myButton_stop\" onClick=\"play_mp3('stop','69dd1ece4f5118.37573718','','80','false');show_hide('stop','69dd1ece4f5118.37573718');\" \/><div id=\"sm2-container\"><!-- flash movie ends up here --><\/div><\/div><\/div> play 1st track<BR><BR><\/p>\n","protected":false},"featured_media":10771,"template":"","meta":[],"product_brand":[],"product_cat":[61],"product_tag":[145],"class_list":{"0":"post-12904","1":"product","2":"type-product","3":"status-publish","4":"has-post-thumbnail","6":"product_cat-classical","7":"product_tag-vinyl","9":"first","10":"instock","11":"purchasable","12":"product-type-simple"},"yoast_head":"<!-- This site is optimized with the Yoast SEO plugin v27.3 - https:\/\/yoast.com\/product\/yoast-seo-wordpress\/ -->\n<title>Alexander Uninsky, Fr\u00e9d\u00e9ric Chopin - PK-records<\/title>\n<meta name=\"robots\" content=\"index, follow, max-snippet:-1, max-image-preview:large, max-video-preview:-1\" \/>\n<link rel=\"canonical\" href=\"https:\/\/pk-records.nl\/index.php\/product\/alexander-uninsky-frederic-chopin\/\" \/>\n<meta property=\"og:locale\" content=\"en_US\" \/>\n<meta property=\"og:type\" content=\"article\" \/>\n<meta property=\"og:title\" content=\"Alexander Uninsky, Fr\u00e9d\u00e9ric Chopin - PK-records\" \/>\n<meta property=\"og:description\" content=\"Artist: Alexander Uninsky, Fr\u00e9d\u00e9ric ChopinTitel: Alexander Uninsky spielt Chopin  play 1st track\" \/>\n<meta property=\"og:url\" content=\"https:\/\/pk-records.nl\/index.php\/product\/alexander-uninsky-frederic-chopin\/\" \/>\n<meta property=\"og:site_name\" content=\"PK-records\" \/>\n<meta property=\"article:modified_time\" content=\"2024-01-18T20:06:20+00:00\" \/>\n<meta property=\"og:image\" content=\"https:\/\/pk-records.nl\/wp-content\/uploads\/3535.jpg\" \/>\n\t<meta property=\"og:image:width\" content=\"600\" \/>\n\t<meta property=\"og:image:height\" content=\"592\" \/>\n\t<meta property=\"og:image:type\" content=\"image\/jpeg\" \/>\n<meta name=\"twitter:card\" content=\"summary_large_image\" \/>\n<script type=\"application\/ld+json\" class=\"yoast-schema-graph\">{\"@context\":\"https:\\\/\\\/schema.org\",\"@graph\":[{\"@type\":\"WebPage\",\"@id\":\"https:\\\/\\\/pk-records.nl\\\/index.php\\\/product\\\/alexander-uninsky-frederic-chopin\\\/\",\"url\":\"https:\\\/\\\/pk-records.nl\\\/index.php\\\/product\\\/alexander-uninsky-frederic-chopin\\\/\",\"name\":\"Alexander Uninsky, Fr\u00e9d\u00e9ric Chopin - PK-records\",\"isPartOf\":{\"@id\":\"https:\\\/\\\/pk-records.nl\\\/#website\"},\"primaryImageOfPage\":{\"@id\":\"https:\\\/\\\/pk-records.nl\\\/index.php\\\/product\\\/alexander-uninsky-frederic-chopin\\\/#primaryimage\"},\"image\":{\"@id\":\"https:\\\/\\\/pk-records.nl\\\/index.php\\\/product\\\/alexander-uninsky-frederic-chopin\\\/#primaryimage\"},\"thumbnailUrl\":\"https:\\\/\\\/pk-records.nl\\\/wp-content\\\/uploads\\\/3535.jpg\",\"datePublished\":\"2024-01-18T20:06:16+00:00\",\"dateModified\":\"2024-01-18T20:06:20+00:00\",\"breadcrumb\":{\"@id\":\"https:\\\/\\\/pk-records.nl\\\/index.php\\\/product\\\/alexander-uninsky-frederic-chopin\\\/#breadcrumb\"},\"inLanguage\":\"en-US\",\"potentialAction\":[{\"@type\":\"ReadAction\",\"target\":[\"https:\\\/\\\/pk-records.nl\\\/index.php\\\/product\\\/alexander-uninsky-frederic-chopin\\\/\"]}]},{\"@type\":\"ImageObject\",\"inLanguage\":\"en-US\",\"@id\":\"https:\\\/\\\/pk-records.nl\\\/index.php\\\/product\\\/alexander-uninsky-frederic-chopin\\\/#primaryimage\",\"url\":\"https:\\\/\\\/pk-records.nl\\\/wp-content\\\/uploads\\\/3535.jpg\",\"contentUrl\":\"https:\\\/\\\/pk-records.nl\\\/wp-content\\\/uploads\\\/3535.jpg\",\"width\":600,\"height\":592},{\"@type\":\"BreadcrumbList\",\"@id\":\"https:\\\/\\\/pk-records.nl\\\/index.php\\\/product\\\/alexander-uninsky-frederic-chopin\\\/#breadcrumb\",\"itemListElement\":[{\"@type\":\"ListItem\",\"position\":1,\"name\":\"Home\",\"item\":\"https:\\\/\\\/pk-records.nl\\\/\"},{\"@type\":\"ListItem\",\"position\":2,\"name\":\"Shop\",\"item\":\"https:\\\/\\\/pk-records.nl\\\/index.php\\\/shop\\\/\"},{\"@type\":\"ListItem\",\"position\":3,\"name\":\"Alexander Uninsky, Fr\u00e9d\u00e9ric Chopin\"}]},{\"@type\":\"WebSite\",\"@id\":\"https:\\\/\\\/pk-records.nl\\\/#website\",\"url\":\"https:\\\/\\\/pk-records.nl\\\/\",\"name\":\"PK-records\",\"description\":\"\",\"publisher\":{\"@id\":\"https:\\\/\\\/pk-records.nl\\\/#organization\"},\"potentialAction\":[{\"@type\":\"SearchAction\",\"target\":{\"@type\":\"EntryPoint\",\"urlTemplate\":\"https:\\\/\\\/pk-records.nl\\\/?s={search_term_string}\"},\"query-input\":{\"@type\":\"PropertyValueSpecification\",\"valueRequired\":true,\"valueName\":\"search_term_string\"}}],\"inLanguage\":\"en-US\"},{\"@type\":\"Organization\",\"@id\":\"https:\\\/\\\/pk-records.nl\\\/#organization\",\"name\":\"PK-records\",\"url\":\"https:\\\/\\\/pk-records.nl\\\/\",\"logo\":{\"@type\":\"ImageObject\",\"inLanguage\":\"en-US\",\"@id\":\"https:\\\/\\\/pk-records.nl\\\/#\\\/schema\\\/logo\\\/image\\\/\",\"url\":\"https:\\\/\\\/pk-records.nl\\\/wp-content\\\/uploads\\\/cropped-logoPK-records.png\",\"contentUrl\":\"https:\\\/\\\/pk-records.nl\\\/wp-content\\\/uploads\\\/cropped-logoPK-records.png\",\"width\":510,\"height\":162,\"caption\":\"PK-records\"},\"image\":{\"@id\":\"https:\\\/\\\/pk-records.nl\\\/#\\\/schema\\\/logo\\\/image\\\/\"}}]}<\/script>\n<!-- \/ Yoast SEO plugin. -->","yoast_head_json":{"title":"Alexander Uninsky, Fr\u00e9d\u00e9ric Chopin - PK-records","robots":{"index":"index","follow":"follow","max-snippet":"max-snippet:-1","max-image-preview":"max-image-preview:large","max-video-preview":"max-video-preview:-1"},"canonical":"https:\/\/pk-records.nl\/index.php\/product\/alexander-uninsky-frederic-chopin\/","og_locale":"en_US","og_type":"article","og_title":"Alexander Uninsky, Fr\u00e9d\u00e9ric Chopin - PK-records","og_description":"Artist: Alexander Uninsky, Fr\u00e9d\u00e9ric ChopinTitel: Alexander Uninsky spielt Chopin  play 1st track","og_url":"https:\/\/pk-records.nl\/index.php\/product\/alexander-uninsky-frederic-chopin\/","og_site_name":"PK-records","article_modified_time":"2024-01-18T20:06:20+00:00","og_image":[{"width":600,"height":592,"url":"https:\/\/pk-records.nl\/wp-content\/uploads\/3535.jpg","type":"image\/jpeg"}],"twitter_card":"summary_large_image","schema":{"@context":"https:\/\/schema.org","@graph":[{"@type":"WebPage","@id":"https:\/\/pk-records.nl\/index.php\/product\/alexander-uninsky-frederic-chopin\/","url":"https:\/\/pk-records.nl\/index.php\/product\/alexander-uninsky-frederic-chopin\/","name":"Alexander Uninsky, Fr\u00e9d\u00e9ric Chopin - PK-records","isPartOf":{"@id":"https:\/\/pk-records.nl\/#website"},"primaryImageOfPage":{"@id":"https:\/\/pk-records.nl\/index.php\/product\/alexander-uninsky-frederic-chopin\/#primaryimage"},"image":{"@id":"https:\/\/pk-records.nl\/index.php\/product\/alexander-uninsky-frederic-chopin\/#primaryimage"},"thumbnailUrl":"https:\/\/pk-records.nl\/wp-content\/uploads\/3535.jpg","datePublished":"2024-01-18T20:06:16+00:00","dateModified":"2024-01-18T20:06:20+00:00","breadcrumb":{"@id":"https:\/\/pk-records.nl\/index.php\/product\/alexander-uninsky-frederic-chopin\/#breadcrumb"},"inLanguage":"en-US","potentialAction":[{"@type":"ReadAction","target":["https:\/\/pk-records.nl\/index.php\/product\/alexander-uninsky-frederic-chopin\/"]}]},{"@type":"ImageObject","inLanguage":"en-US","@id":"https:\/\/pk-records.nl\/index.php\/product\/alexander-uninsky-frederic-chopin\/#primaryimage","url":"https:\/\/pk-records.nl\/wp-content\/uploads\/3535.jpg","contentUrl":"https:\/\/pk-records.nl\/wp-content\/uploads\/3535.jpg","width":600,"height":592},{"@type":"BreadcrumbList","@id":"https:\/\/pk-records.nl\/index.php\/product\/alexander-uninsky-frederic-chopin\/#breadcrumb","itemListElement":[{"@type":"ListItem","position":1,"name":"Home","item":"https:\/\/pk-records.nl\/"},{"@type":"ListItem","position":2,"name":"Shop","item":"https:\/\/pk-records.nl\/index.php\/shop\/"},{"@type":"ListItem","position":3,"name":"Alexander Uninsky, Fr\u00e9d\u00e9ric Chopin"}]},{"@type":"WebSite","@id":"https:\/\/pk-records.nl\/#website","url":"https:\/\/pk-records.nl\/","name":"PK-records","description":"","publisher":{"@id":"https:\/\/pk-records.nl\/#organization"},"potentialAction":[{"@type":"SearchAction","target":{"@type":"EntryPoint","urlTemplate":"https:\/\/pk-records.nl\/?s={search_term_string}"},"query-input":{"@type":"PropertyValueSpecification","valueRequired":true,"valueName":"search_term_string"}}],"inLanguage":"en-US"},{"@type":"Organization","@id":"https:\/\/pk-records.nl\/#organization","name":"PK-records","url":"https:\/\/pk-records.nl\/","logo":{"@type":"ImageObject","inLanguage":"en-US","@id":"https:\/\/pk-records.nl\/#\/schema\/logo\/image\/","url":"https:\/\/pk-records.nl\/wp-content\/uploads\/cropped-logoPK-records.png","contentUrl":"https:\/\/pk-records.nl\/wp-content\/uploads\/cropped-logoPK-records.png","width":510,"height":162,"caption":"PK-records"},"image":{"@id":"https:\/\/pk-records.nl\/#\/schema\/logo\/image\/"}}]}},"jetpack_sharing_enabled":true,"_links":{"self":[{"href":"https:\/\/pk-records.nl\/index.php\/wp-json\/wp\/v2\/product\/12904","targetHints":{"allow":["GET"]}}],"collection":[{"href":"https:\/\/pk-records.nl\/index.php\/wp-json\/wp\/v2\/product"}],"about":[{"href":"https:\/\/pk-records.nl\/index.php\/wp-json\/wp\/v2\/types\/product"}],"wp:featuredmedia":[{"embeddable":true,"href":"https:\/\/pk-records.nl\/index.php\/wp-json\/wp\/v2\/media\/10771"}],"wp:attachment":[{"href":"https:\/\/pk-records.nl\/index.php\/wp-json\/wp\/v2\/media?parent=12904"}],"wp:term":[{"taxonomy":"product_brand","embeddable":true,"href":"https:\/\/pk-records.nl\/index.php\/wp-json\/wp\/v2\/product_brand?post=12904"},{"taxonomy":"product_cat","embeddable":true,"href":"https:\/\/pk-records.nl\/index.php\/wp-json\/wp\/v2\/product_cat?post=12904"},{"taxonomy":"product_tag","embeddable":true,"href":"https:\/\/pk-records.nl\/index.php\/wp-json\/wp\/v2\/product_tag?post=12904"}],"curies":[{"name":"wp","href":"https:\/\/api.w.org\/{rel}","templated":true}]}}