{"id":12939,"date":"2024-01-18T21:06:34","date_gmt":"2024-01-18T20:06:34","guid":{"rendered":"https:\/\/pk-records.nl\/index.php\/product\/studio-der-fruhen-musik\/"},"modified":"2024-01-18T21:06:35","modified_gmt":"2024-01-18T20:06:35","slug":"studio-der-fruhen-musik","status":"publish","type":"product","link":"https:\/\/pk-records.nl\/index.php\/product\/studio-der-fruhen-musik\/","title":{"rendered":"Studio Der Fr\u00fchen Musik"},"content":{"rendered":"<table  class=\" table table-hover\" border=\"0\" cellspacing=\"0\" cellpadding=\"0\">\n<tbody>\n<tr>\n<td valign=\"top\" width=\"270\"><strong>Format<\/strong>: LP<br \/>\n<strong>Label<\/strong>: Telefunken<br \/>\n<strong>Release ID<\/strong>: 6.41068<br \/>\n<strong>Release date<\/strong>:<br \/>\n<strong>Genre<\/strong>: Classical<br \/>\n<strong>Condition record<\/strong>: Near Mint (NM or M-)<br \/>\n<strong>Condition sleeve<\/strong>: Near Mint (NM or M-)<\/td>\n<td width=\"15\"><\/td>\n<td valign=\"top\" width=\"270\"><strong>Tracklis<\/strong>t:<br \/>\nMusik Des Trecento \u2013 Saltarello,Anonymous,<br \/>Musik Des Trecento \u2013 Come Da Lupo,Donatus de Florentia,<br \/>Musik Des Trecento \u2013 Gram Piant,Francesco Landini,<br \/>Musik Des Trecento \u2013 Ecco La Primavera,Francesco Landini,<br \/>Vogelruf-Virelais \u2013 Tres Douce Regard,Anonymous,<br \/>Vogelruf-Virelais \u2013 Ma Tres Dol Rossignol,Anonymous,<br \/>Vogelruf-Virelais \u2013 He, Tres Doulz Roussignol,Borlet,<br \/>Vogelruf-Virelais \u2013 Par Maintes Fois,Jean Vaillant,<br \/>Burgundische Liebeslieder \u2013 De Plus En Plus,Gilles Binchois,<br \/>Burgundische Liebeslieder \u2013 Le Joli Tetin,Anonymous,<br \/>Burgundische Liebeslieder \u2013 He, Robinet,Anonymous,<br \/>Burgundische Liebeslieder \u2013 Filles \u00c0 Marier,Anonymous,<br \/>Burgundische Liebeslieder \u2013 Filles \u00c0 Marier,Gilles Binchois,<br \/>Pariser Theaterlieder \u2013 Il Est De Bonne Heure Ne,Anonymous,<br \/>Pariser Theaterlieder \u2013 Faulte D\u00b4argent,Antoine De F\u00e9vin,<br \/>Pariser Theaterlieder \u2013 Je Suis D\u00b4Alemagne,Anonymous,<br \/>Pariser Theaterlieder \u2013 M\u00b4y Levay Par Ung Matin,Guyard,<br \/>Italienische Music Um 1550 \u2013 Se Me Grato,Filippo De Lurano,<br \/>Italienische Music Um 1550 \u2013 Madonna Il Tuo Bel Viso,Philippe Verdelot,<br \/>Italienische Music Um 1550 \u2013 Ricercar,Silvestro Ganassi Dal Fontego,<br \/>Italienische Music Um 1550 \u2013 O Dolcezze,Luzzasco Luzzaschi,<br \/>Italienische Music Um 1550 \u2013 Chichilichi,Giovanni Domenico Da Nolla,<br \/>Italienische Music Um 1550 \u2013 L\u00b4amor Donna,Giacomo Fogliano,<\/td>\n<\/tr>\n<\/tbody>\n<\/table>\n<p><strong>Comments<\/strong>: you can hear the first track of this records at: PK-records.nl (so you can judge the quality in advance).<\/p>\n<p>*excl.shipping<\/p>\n","protected":false},"excerpt":{"rendered":"<p><strong>Artist: <\/strong> <span style=\"color: #1e4c0b; font-weight: 600;\">Studio Der Fr\u00fchen Musik<\/span><strong><BR>Titel: <\/strong>Fr\u00fche Musik  &#8211; Early Music In Italy, France And Burgundy   <div class=\"compact_audio_player_wrapper\"><div class=\"sc_player_container1\"><input type=\"button\" id=\"btnplay_69db71770fb0d4.67835928\" class=\"myButton_play\" onClick=\"play_mp3('play','69db71770fb0d4.67835928','https:\/\/pk-records.nl\/wp-content\/uploads\/Fruhe_Musik-Saltarello.mp3','80','false');show_hide('play','69db71770fb0d4.67835928');\" \/><input type=\"button\"  id=\"btnstop_69db71770fb0d4.67835928\" style=\"display:none\" class=\"myButton_stop\" onClick=\"play_mp3('stop','69db71770fb0d4.67835928','','80','false');show_hide('stop','69db71770fb0d4.67835928');\" \/><div id=\"sm2-container\"><!-- flash movie ends up here --><\/div><\/div><\/div> play 1st track<BR><BR><\/p>\n","protected":false},"featured_media":11567,"template":"","meta":[],"product_brand":[],"product_cat":[61],"product_tag":[145],"class_list":{"0":"post-12939","1":"product","2":"type-product","3":"status-publish","4":"has-post-thumbnail","6":"product_cat-classical","7":"product_tag-vinyl","9":"first","10":"instock","11":"purchasable","12":"product-type-simple"},"yoast_head":"<!-- This site is optimized with the Yoast SEO plugin v27.3 - https:\/\/yoast.com\/product\/yoast-seo-wordpress\/ -->\n<title>Studio Der Fr\u00fchen Musik - PK-records<\/title>\n<meta name=\"robots\" content=\"index, follow, max-snippet:-1, max-image-preview:large, max-video-preview:-1\" \/>\n<link rel=\"canonical\" href=\"https:\/\/pk-records.nl\/index.php\/product\/studio-der-fruhen-musik\/\" \/>\n<meta property=\"og:locale\" content=\"en_US\" \/>\n<meta property=\"og:type\" content=\"article\" \/>\n<meta property=\"og:title\" content=\"Studio Der Fr\u00fchen Musik - PK-records\" \/>\n<meta property=\"og:description\" content=\"Artist: Studio Der Fr\u00fchen MusikTitel: Fr\u00fche Musik - Early Music In Italy, France And Burgundy  play 1st track\" \/>\n<meta property=\"og:url\" content=\"https:\/\/pk-records.nl\/index.php\/product\/studio-der-fruhen-musik\/\" \/>\n<meta property=\"og:site_name\" content=\"PK-records\" \/>\n<meta property=\"article:modified_time\" content=\"2024-01-18T20:06:35+00:00\" \/>\n<meta property=\"og:image\" content=\"https:\/\/pk-records.nl\/wp-content\/uploads\/5146.jpg\" \/>\n\t<meta property=\"og:image:width\" content=\"600\" \/>\n\t<meta property=\"og:image:height\" content=\"600\" \/>\n\t<meta property=\"og:image:type\" content=\"image\/jpeg\" \/>\n<meta name=\"twitter:card\" content=\"summary_large_image\" \/>\n<meta name=\"twitter:label1\" content=\"Est. reading time\" \/>\n\t<meta name=\"twitter:data1\" content=\"1 minute\" \/>\n<script type=\"application\/ld+json\" class=\"yoast-schema-graph\">{\"@context\":\"https:\\\/\\\/schema.org\",\"@graph\":[{\"@type\":\"WebPage\",\"@id\":\"https:\\\/\\\/pk-records.nl\\\/index.php\\\/product\\\/studio-der-fruhen-musik\\\/\",\"url\":\"https:\\\/\\\/pk-records.nl\\\/index.php\\\/product\\\/studio-der-fruhen-musik\\\/\",\"name\":\"Studio Der Fr\u00fchen Musik - PK-records\",\"isPartOf\":{\"@id\":\"https:\\\/\\\/pk-records.nl\\\/#website\"},\"primaryImageOfPage\":{\"@id\":\"https:\\\/\\\/pk-records.nl\\\/index.php\\\/product\\\/studio-der-fruhen-musik\\\/#primaryimage\"},\"image\":{\"@id\":\"https:\\\/\\\/pk-records.nl\\\/index.php\\\/product\\\/studio-der-fruhen-musik\\\/#primaryimage\"},\"thumbnailUrl\":\"https:\\\/\\\/pk-records.nl\\\/wp-content\\\/uploads\\\/5146.jpg\",\"datePublished\":\"2024-01-18T20:06:34+00:00\",\"dateModified\":\"2024-01-18T20:06:35+00:00\",\"breadcrumb\":{\"@id\":\"https:\\\/\\\/pk-records.nl\\\/index.php\\\/product\\\/studio-der-fruhen-musik\\\/#breadcrumb\"},\"inLanguage\":\"en-US\",\"potentialAction\":[{\"@type\":\"ReadAction\",\"target\":[\"https:\\\/\\\/pk-records.nl\\\/index.php\\\/product\\\/studio-der-fruhen-musik\\\/\"]}]},{\"@type\":\"ImageObject\",\"inLanguage\":\"en-US\",\"@id\":\"https:\\\/\\\/pk-records.nl\\\/index.php\\\/product\\\/studio-der-fruhen-musik\\\/#primaryimage\",\"url\":\"https:\\\/\\\/pk-records.nl\\\/wp-content\\\/uploads\\\/5146.jpg\",\"contentUrl\":\"https:\\\/\\\/pk-records.nl\\\/wp-content\\\/uploads\\\/5146.jpg\",\"width\":600,\"height\":600},{\"@type\":\"BreadcrumbList\",\"@id\":\"https:\\\/\\\/pk-records.nl\\\/index.php\\\/product\\\/studio-der-fruhen-musik\\\/#breadcrumb\",\"itemListElement\":[{\"@type\":\"ListItem\",\"position\":1,\"name\":\"Home\",\"item\":\"https:\\\/\\\/pk-records.nl\\\/\"},{\"@type\":\"ListItem\",\"position\":2,\"name\":\"Shop\",\"item\":\"https:\\\/\\\/pk-records.nl\\\/index.php\\\/shop\\\/\"},{\"@type\":\"ListItem\",\"position\":3,\"name\":\"Studio Der Fr\u00fchen Musik\"}]},{\"@type\":\"WebSite\",\"@id\":\"https:\\\/\\\/pk-records.nl\\\/#website\",\"url\":\"https:\\\/\\\/pk-records.nl\\\/\",\"name\":\"PK-records\",\"description\":\"\",\"publisher\":{\"@id\":\"https:\\\/\\\/pk-records.nl\\\/#organization\"},\"potentialAction\":[{\"@type\":\"SearchAction\",\"target\":{\"@type\":\"EntryPoint\",\"urlTemplate\":\"https:\\\/\\\/pk-records.nl\\\/?s={search_term_string}\"},\"query-input\":{\"@type\":\"PropertyValueSpecification\",\"valueRequired\":true,\"valueName\":\"search_term_string\"}}],\"inLanguage\":\"en-US\"},{\"@type\":\"Organization\",\"@id\":\"https:\\\/\\\/pk-records.nl\\\/#organization\",\"name\":\"PK-records\",\"url\":\"https:\\\/\\\/pk-records.nl\\\/\",\"logo\":{\"@type\":\"ImageObject\",\"inLanguage\":\"en-US\",\"@id\":\"https:\\\/\\\/pk-records.nl\\\/#\\\/schema\\\/logo\\\/image\\\/\",\"url\":\"https:\\\/\\\/pk-records.nl\\\/wp-content\\\/uploads\\\/cropped-logoPK-records.png\",\"contentUrl\":\"https:\\\/\\\/pk-records.nl\\\/wp-content\\\/uploads\\\/cropped-logoPK-records.png\",\"width\":510,\"height\":162,\"caption\":\"PK-records\"},\"image\":{\"@id\":\"https:\\\/\\\/pk-records.nl\\\/#\\\/schema\\\/logo\\\/image\\\/\"}}]}<\/script>\n<!-- \/ Yoast SEO plugin. -->","yoast_head_json":{"title":"Studio Der Fr\u00fchen Musik - PK-records","robots":{"index":"index","follow":"follow","max-snippet":"max-snippet:-1","max-image-preview":"max-image-preview:large","max-video-preview":"max-video-preview:-1"},"canonical":"https:\/\/pk-records.nl\/index.php\/product\/studio-der-fruhen-musik\/","og_locale":"en_US","og_type":"article","og_title":"Studio Der Fr\u00fchen Musik - PK-records","og_description":"Artist: Studio Der Fr\u00fchen MusikTitel: Fr\u00fche Musik - Early Music In Italy, France And Burgundy  play 1st track","og_url":"https:\/\/pk-records.nl\/index.php\/product\/studio-der-fruhen-musik\/","og_site_name":"PK-records","article_modified_time":"2024-01-18T20:06:35+00:00","og_image":[{"width":600,"height":600,"url":"https:\/\/pk-records.nl\/wp-content\/uploads\/5146.jpg","type":"image\/jpeg"}],"twitter_card":"summary_large_image","twitter_misc":{"Est. reading time":"1 minute"},"schema":{"@context":"https:\/\/schema.org","@graph":[{"@type":"WebPage","@id":"https:\/\/pk-records.nl\/index.php\/product\/studio-der-fruhen-musik\/","url":"https:\/\/pk-records.nl\/index.php\/product\/studio-der-fruhen-musik\/","name":"Studio Der Fr\u00fchen Musik - PK-records","isPartOf":{"@id":"https:\/\/pk-records.nl\/#website"},"primaryImageOfPage":{"@id":"https:\/\/pk-records.nl\/index.php\/product\/studio-der-fruhen-musik\/#primaryimage"},"image":{"@id":"https:\/\/pk-records.nl\/index.php\/product\/studio-der-fruhen-musik\/#primaryimage"},"thumbnailUrl":"https:\/\/pk-records.nl\/wp-content\/uploads\/5146.jpg","datePublished":"2024-01-18T20:06:34+00:00","dateModified":"2024-01-18T20:06:35+00:00","breadcrumb":{"@id":"https:\/\/pk-records.nl\/index.php\/product\/studio-der-fruhen-musik\/#breadcrumb"},"inLanguage":"en-US","potentialAction":[{"@type":"ReadAction","target":["https:\/\/pk-records.nl\/index.php\/product\/studio-der-fruhen-musik\/"]}]},{"@type":"ImageObject","inLanguage":"en-US","@id":"https:\/\/pk-records.nl\/index.php\/product\/studio-der-fruhen-musik\/#primaryimage","url":"https:\/\/pk-records.nl\/wp-content\/uploads\/5146.jpg","contentUrl":"https:\/\/pk-records.nl\/wp-content\/uploads\/5146.jpg","width":600,"height":600},{"@type":"BreadcrumbList","@id":"https:\/\/pk-records.nl\/index.php\/product\/studio-der-fruhen-musik\/#breadcrumb","itemListElement":[{"@type":"ListItem","position":1,"name":"Home","item":"https:\/\/pk-records.nl\/"},{"@type":"ListItem","position":2,"name":"Shop","item":"https:\/\/pk-records.nl\/index.php\/shop\/"},{"@type":"ListItem","position":3,"name":"Studio Der Fr\u00fchen Musik"}]},{"@type":"WebSite","@id":"https:\/\/pk-records.nl\/#website","url":"https:\/\/pk-records.nl\/","name":"PK-records","description":"","publisher":{"@id":"https:\/\/pk-records.nl\/#organization"},"potentialAction":[{"@type":"SearchAction","target":{"@type":"EntryPoint","urlTemplate":"https:\/\/pk-records.nl\/?s={search_term_string}"},"query-input":{"@type":"PropertyValueSpecification","valueRequired":true,"valueName":"search_term_string"}}],"inLanguage":"en-US"},{"@type":"Organization","@id":"https:\/\/pk-records.nl\/#organization","name":"PK-records","url":"https:\/\/pk-records.nl\/","logo":{"@type":"ImageObject","inLanguage":"en-US","@id":"https:\/\/pk-records.nl\/#\/schema\/logo\/image\/","url":"https:\/\/pk-records.nl\/wp-content\/uploads\/cropped-logoPK-records.png","contentUrl":"https:\/\/pk-records.nl\/wp-content\/uploads\/cropped-logoPK-records.png","width":510,"height":162,"caption":"PK-records"},"image":{"@id":"https:\/\/pk-records.nl\/#\/schema\/logo\/image\/"}}]}},"jetpack_sharing_enabled":true,"_links":{"self":[{"href":"https:\/\/pk-records.nl\/index.php\/wp-json\/wp\/v2\/product\/12939","targetHints":{"allow":["GET"]}}],"collection":[{"href":"https:\/\/pk-records.nl\/index.php\/wp-json\/wp\/v2\/product"}],"about":[{"href":"https:\/\/pk-records.nl\/index.php\/wp-json\/wp\/v2\/types\/product"}],"wp:featuredmedia":[{"embeddable":true,"href":"https:\/\/pk-records.nl\/index.php\/wp-json\/wp\/v2\/media\/11567"}],"wp:attachment":[{"href":"https:\/\/pk-records.nl\/index.php\/wp-json\/wp\/v2\/media?parent=12939"}],"wp:term":[{"taxonomy":"product_brand","embeddable":true,"href":"https:\/\/pk-records.nl\/index.php\/wp-json\/wp\/v2\/product_brand?post=12939"},{"taxonomy":"product_cat","embeddable":true,"href":"https:\/\/pk-records.nl\/index.php\/wp-json\/wp\/v2\/product_cat?post=12939"},{"taxonomy":"product_tag","embeddable":true,"href":"https:\/\/pk-records.nl\/index.php\/wp-json\/wp\/v2\/product_tag?post=12939"}],"curies":[{"name":"wp","href":"https:\/\/api.w.org\/{rel}","templated":true}]}}