{"id":12960,"date":"2024-01-18T21:06:42","date_gmt":"2024-01-18T20:06:42","guid":{"rendered":"https:\/\/pk-records.nl\/index.php\/product\/franz-liszt-frederic-chopin-samson-francois-orchestre-de-la-societe-des-concerts-du-conservatoire-georges-tzipine\/"},"modified":"2024-01-18T21:06:44","modified_gmt":"2024-01-18T20:06:44","slug":"franz-liszt-frederic-chopin-samson-francois-orchestre-de-la-societe-des-concerts-du-conservatoire-georges-tzipine","status":"publish","type":"product","link":"https:\/\/pk-records.nl\/index.php\/product\/franz-liszt-frederic-chopin-samson-francois-orchestre-de-la-societe-des-concerts-du-conservatoire-georges-tzipine\/","title":{"rendered":"Franz Liszt, Fr\u00e9d\u00e9ric Chopin, Samson Fran\u00e7ois, Orchestre De La Soci\u00e9t\u00e9 Des Concerts Du Conservatoire, Georges Tzipine"},"content":{"rendered":"<table  class=\" table table-hover\" border=\"0\" cellspacing=\"0\" cellpadding=\"0\">\n<tbody>\n<tr>\n<td valign=\"top\" width=\"270\"><strong>Format<\/strong>: LP<br \/>\n<strong>Label<\/strong>: Columbia<br \/>\n<strong>Release ID<\/strong>: 33CX 1238<br \/>\n<strong>Release date<\/strong>:<br \/>\n<strong>Genre<\/strong>: Classical<br \/>\n<strong>Condition record<\/strong>: Very Good Plus (VG+)<br \/>\n<strong>Condition sleeve<\/strong>: Near Mint (NM or M-)<\/td>\n<td width=\"15\"><\/td>\n<td valign=\"top\" width=\"270\"><strong>Tracklis<\/strong>t:<br \/>\nPianoconcerto No.1 In E Minor, Op.11 \u2013 First Movement: Allegro Maestoso,,<br \/>Pianoconcerto No.1 In E Minor, Op.11 \u2013 Second Movement: Romanza (Larghetto),,<br \/>Pianoconcerto No.1 In E Minor, Op.11 \u2013 Third Movement: Rondo (Vivace),,<br \/>Pianoconcerto No.1 \u2013 Allegro Maestoso &#8211; Quasi Adagio &#8211; Allegretto Vivace &#8211; Allegro Animato &#8211; Allegro Marziale Animato,,<\/td>\n<\/tr>\n<\/tbody>\n<\/table>\n<p><strong>Comments<\/strong>: You can hear the first track of this records at: PK-records.nl (so you can judge the quality in advance).<\/p>\n<p>*excl.shipping<\/p>\n","protected":false},"excerpt":{"rendered":"<p><strong>Artist: <\/strong> <span style=\"color: #1e4c0b; font-weight: 600;\">Franz Liszt, Fr\u00e9d\u00e9ric Chopin, Samson Fran\u00e7ois, Orchestre De La Soci\u00e9t\u00e9 Des Concerts Du Conservatoire, Georges Tzipine<\/span><strong><BR>Titel: <\/strong>Liszt, Concerto No.1 \/ Chopin, Concerto No.1   <div class=\"compact_audio_player_wrapper\"><div class=\"sc_player_container1\"><input type=\"button\" id=\"btnplay_69f2765bbe3188.47956099\" class=\"myButton_play\" onClick=\"play_mp3('play','69f2765bbe3188.47956099','https:\/\/pk-records.nl\/wp-content\/uploads\/Pianoconcerto_No_1_In_E_Minor.mp3','80','false');show_hide('play','69f2765bbe3188.47956099');\" \/><input type=\"button\"  id=\"btnstop_69f2765bbe3188.47956099\" style=\"display:none\" class=\"myButton_stop\" onClick=\"play_mp3('stop','69f2765bbe3188.47956099','','80','false');show_hide('stop','69f2765bbe3188.47956099');\" \/><div id=\"sm2-container\"><!-- flash movie ends up here --><\/div><\/div><\/div> play 1st track<BR><BR><\/p>\n","protected":false},"featured_media":12361,"template":"","meta":[],"product_brand":[],"product_cat":[61],"product_tag":[145],"class_list":{"0":"post-12960","1":"product","2":"type-product","3":"status-publish","4":"has-post-thumbnail","6":"product_cat-classical","7":"product_tag-vinyl","9":"first","10":"instock","11":"purchasable","12":"product-type-simple"},"yoast_head":"<!-- This site is optimized with the Yoast SEO plugin v27.5 - https:\/\/yoast.com\/product\/yoast-seo-wordpress\/ -->\n<title>Franz Liszt, Fr\u00e9d\u00e9ric Chopin, Samson Fran\u00e7ois, Orchestre De La Soci\u00e9t\u00e9 Des Concerts Du Conservatoire, Georges Tzipine - PK-records<\/title>\n<meta name=\"robots\" content=\"index, follow, max-snippet:-1, max-image-preview:large, max-video-preview:-1\" \/>\n<link rel=\"canonical\" href=\"https:\/\/pk-records.nl\/index.php\/product\/franz-liszt-frederic-chopin-samson-francois-orchestre-de-la-societe-des-concerts-du-conservatoire-georges-tzipine\/\" \/>\n<meta property=\"og:locale\" content=\"en_US\" \/>\n<meta property=\"og:type\" content=\"article\" \/>\n<meta property=\"og:title\" content=\"Franz Liszt, Fr\u00e9d\u00e9ric Chopin, Samson Fran\u00e7ois, Orchestre De La Soci\u00e9t\u00e9 Des Concerts Du Conservatoire, Georges Tzipine - PK-records\" \/>\n<meta property=\"og:description\" content=\"Artist: Franz Liszt, Fr\u00e9d\u00e9ric Chopin, Samson Fran\u00e7ois, Orchestre De La Soci\u00e9t\u00e9 Des Concerts Du Conservatoire, Georges TzipineTitel: Liszt, Concerto No.1 \/ Chopin, Concerto No.1  play 1st track\" \/>\n<meta property=\"og:url\" content=\"https:\/\/pk-records.nl\/index.php\/product\/franz-liszt-frederic-chopin-samson-francois-orchestre-de-la-societe-des-concerts-du-conservatoire-georges-tzipine\/\" \/>\n<meta property=\"og:site_name\" content=\"PK-records\" \/>\n<meta property=\"article:modified_time\" content=\"2024-01-18T20:06:44+00:00\" \/>\n<meta property=\"og:image\" content=\"https:\/\/pk-records.nl\/wp-content\/uploads\/6517.jpg\" \/>\n\t<meta property=\"og:image:width\" content=\"600\" \/>\n\t<meta property=\"og:image:height\" content=\"600\" \/>\n\t<meta property=\"og:image:type\" content=\"image\/jpeg\" \/>\n<meta name=\"twitter:card\" content=\"summary_large_image\" \/>\n<script type=\"application\/ld+json\" class=\"yoast-schema-graph\">{\"@context\":\"https:\\\/\\\/schema.org\",\"@graph\":[{\"@type\":\"WebPage\",\"@id\":\"https:\\\/\\\/pk-records.nl\\\/index.php\\\/product\\\/franz-liszt-frederic-chopin-samson-francois-orchestre-de-la-societe-des-concerts-du-conservatoire-georges-tzipine\\\/\",\"url\":\"https:\\\/\\\/pk-records.nl\\\/index.php\\\/product\\\/franz-liszt-frederic-chopin-samson-francois-orchestre-de-la-societe-des-concerts-du-conservatoire-georges-tzipine\\\/\",\"name\":\"Franz Liszt, Fr\u00e9d\u00e9ric Chopin, Samson Fran\u00e7ois, Orchestre De La Soci\u00e9t\u00e9 Des Concerts Du Conservatoire, Georges Tzipine - PK-records\",\"isPartOf\":{\"@id\":\"https:\\\/\\\/pk-records.nl\\\/#website\"},\"primaryImageOfPage\":{\"@id\":\"https:\\\/\\\/pk-records.nl\\\/index.php\\\/product\\\/franz-liszt-frederic-chopin-samson-francois-orchestre-de-la-societe-des-concerts-du-conservatoire-georges-tzipine\\\/#primaryimage\"},\"image\":{\"@id\":\"https:\\\/\\\/pk-records.nl\\\/index.php\\\/product\\\/franz-liszt-frederic-chopin-samson-francois-orchestre-de-la-societe-des-concerts-du-conservatoire-georges-tzipine\\\/#primaryimage\"},\"thumbnailUrl\":\"https:\\\/\\\/pk-records.nl\\\/wp-content\\\/uploads\\\/6517.jpg\",\"datePublished\":\"2024-01-18T20:06:42+00:00\",\"dateModified\":\"2024-01-18T20:06:44+00:00\",\"breadcrumb\":{\"@id\":\"https:\\\/\\\/pk-records.nl\\\/index.php\\\/product\\\/franz-liszt-frederic-chopin-samson-francois-orchestre-de-la-societe-des-concerts-du-conservatoire-georges-tzipine\\\/#breadcrumb\"},\"inLanguage\":\"en-US\",\"potentialAction\":[{\"@type\":\"ReadAction\",\"target\":[\"https:\\\/\\\/pk-records.nl\\\/index.php\\\/product\\\/franz-liszt-frederic-chopin-samson-francois-orchestre-de-la-societe-des-concerts-du-conservatoire-georges-tzipine\\\/\"]}]},{\"@type\":\"ImageObject\",\"inLanguage\":\"en-US\",\"@id\":\"https:\\\/\\\/pk-records.nl\\\/index.php\\\/product\\\/franz-liszt-frederic-chopin-samson-francois-orchestre-de-la-societe-des-concerts-du-conservatoire-georges-tzipine\\\/#primaryimage\",\"url\":\"https:\\\/\\\/pk-records.nl\\\/wp-content\\\/uploads\\\/6517.jpg\",\"contentUrl\":\"https:\\\/\\\/pk-records.nl\\\/wp-content\\\/uploads\\\/6517.jpg\",\"width\":600,\"height\":600},{\"@type\":\"BreadcrumbList\",\"@id\":\"https:\\\/\\\/pk-records.nl\\\/index.php\\\/product\\\/franz-liszt-frederic-chopin-samson-francois-orchestre-de-la-societe-des-concerts-du-conservatoire-georges-tzipine\\\/#breadcrumb\",\"itemListElement\":[{\"@type\":\"ListItem\",\"position\":1,\"name\":\"Home\",\"item\":\"https:\\\/\\\/pk-records.nl\\\/\"},{\"@type\":\"ListItem\",\"position\":2,\"name\":\"Shop\",\"item\":\"https:\\\/\\\/pk-records.nl\\\/index.php\\\/shop\\\/\"},{\"@type\":\"ListItem\",\"position\":3,\"name\":\"Franz Liszt, Fr\u00e9d\u00e9ric Chopin, Samson Fran\u00e7ois, Orchestre De La Soci\u00e9t\u00e9 Des Concerts Du Conservatoire, Georges Tzipine\"}]},{\"@type\":\"WebSite\",\"@id\":\"https:\\\/\\\/pk-records.nl\\\/#website\",\"url\":\"https:\\\/\\\/pk-records.nl\\\/\",\"name\":\"PK-records\",\"description\":\"\",\"publisher\":{\"@id\":\"https:\\\/\\\/pk-records.nl\\\/#organization\"},\"potentialAction\":[{\"@type\":\"SearchAction\",\"target\":{\"@type\":\"EntryPoint\",\"urlTemplate\":\"https:\\\/\\\/pk-records.nl\\\/?s={search_term_string}\"},\"query-input\":{\"@type\":\"PropertyValueSpecification\",\"valueRequired\":true,\"valueName\":\"search_term_string\"}}],\"inLanguage\":\"en-US\"},{\"@type\":\"Organization\",\"@id\":\"https:\\\/\\\/pk-records.nl\\\/#organization\",\"name\":\"PK-records\",\"url\":\"https:\\\/\\\/pk-records.nl\\\/\",\"logo\":{\"@type\":\"ImageObject\",\"inLanguage\":\"en-US\",\"@id\":\"https:\\\/\\\/pk-records.nl\\\/#\\\/schema\\\/logo\\\/image\\\/\",\"url\":\"https:\\\/\\\/pk-records.nl\\\/wp-content\\\/uploads\\\/cropped-logoPK-records.png\",\"contentUrl\":\"https:\\\/\\\/pk-records.nl\\\/wp-content\\\/uploads\\\/cropped-logoPK-records.png\",\"width\":510,\"height\":162,\"caption\":\"PK-records\"},\"image\":{\"@id\":\"https:\\\/\\\/pk-records.nl\\\/#\\\/schema\\\/logo\\\/image\\\/\"}}]}<\/script>\n<!-- \/ Yoast SEO plugin. -->","yoast_head_json":{"title":"Franz Liszt, Fr\u00e9d\u00e9ric Chopin, Samson Fran\u00e7ois, Orchestre De La Soci\u00e9t\u00e9 Des Concerts Du Conservatoire, Georges Tzipine - PK-records","robots":{"index":"index","follow":"follow","max-snippet":"max-snippet:-1","max-image-preview":"max-image-preview:large","max-video-preview":"max-video-preview:-1"},"canonical":"https:\/\/pk-records.nl\/index.php\/product\/franz-liszt-frederic-chopin-samson-francois-orchestre-de-la-societe-des-concerts-du-conservatoire-georges-tzipine\/","og_locale":"en_US","og_type":"article","og_title":"Franz Liszt, Fr\u00e9d\u00e9ric Chopin, Samson Fran\u00e7ois, Orchestre De La Soci\u00e9t\u00e9 Des Concerts Du Conservatoire, Georges Tzipine - PK-records","og_description":"Artist: Franz Liszt, Fr\u00e9d\u00e9ric Chopin, Samson Fran\u00e7ois, Orchestre De La Soci\u00e9t\u00e9 Des Concerts Du Conservatoire, Georges TzipineTitel: Liszt, Concerto No.1 \/ Chopin, Concerto No.1  play 1st track","og_url":"https:\/\/pk-records.nl\/index.php\/product\/franz-liszt-frederic-chopin-samson-francois-orchestre-de-la-societe-des-concerts-du-conservatoire-georges-tzipine\/","og_site_name":"PK-records","article_modified_time":"2024-01-18T20:06:44+00:00","og_image":[{"width":600,"height":600,"url":"https:\/\/pk-records.nl\/wp-content\/uploads\/6517.jpg","type":"image\/jpeg"}],"twitter_card":"summary_large_image","schema":{"@context":"https:\/\/schema.org","@graph":[{"@type":"WebPage","@id":"https:\/\/pk-records.nl\/index.php\/product\/franz-liszt-frederic-chopin-samson-francois-orchestre-de-la-societe-des-concerts-du-conservatoire-georges-tzipine\/","url":"https:\/\/pk-records.nl\/index.php\/product\/franz-liszt-frederic-chopin-samson-francois-orchestre-de-la-societe-des-concerts-du-conservatoire-georges-tzipine\/","name":"Franz Liszt, Fr\u00e9d\u00e9ric Chopin, Samson Fran\u00e7ois, Orchestre De La Soci\u00e9t\u00e9 Des Concerts Du Conservatoire, Georges Tzipine - PK-records","isPartOf":{"@id":"https:\/\/pk-records.nl\/#website"},"primaryImageOfPage":{"@id":"https:\/\/pk-records.nl\/index.php\/product\/franz-liszt-frederic-chopin-samson-francois-orchestre-de-la-societe-des-concerts-du-conservatoire-georges-tzipine\/#primaryimage"},"image":{"@id":"https:\/\/pk-records.nl\/index.php\/product\/franz-liszt-frederic-chopin-samson-francois-orchestre-de-la-societe-des-concerts-du-conservatoire-georges-tzipine\/#primaryimage"},"thumbnailUrl":"https:\/\/pk-records.nl\/wp-content\/uploads\/6517.jpg","datePublished":"2024-01-18T20:06:42+00:00","dateModified":"2024-01-18T20:06:44+00:00","breadcrumb":{"@id":"https:\/\/pk-records.nl\/index.php\/product\/franz-liszt-frederic-chopin-samson-francois-orchestre-de-la-societe-des-concerts-du-conservatoire-georges-tzipine\/#breadcrumb"},"inLanguage":"en-US","potentialAction":[{"@type":"ReadAction","target":["https:\/\/pk-records.nl\/index.php\/product\/franz-liszt-frederic-chopin-samson-francois-orchestre-de-la-societe-des-concerts-du-conservatoire-georges-tzipine\/"]}]},{"@type":"ImageObject","inLanguage":"en-US","@id":"https:\/\/pk-records.nl\/index.php\/product\/franz-liszt-frederic-chopin-samson-francois-orchestre-de-la-societe-des-concerts-du-conservatoire-georges-tzipine\/#primaryimage","url":"https:\/\/pk-records.nl\/wp-content\/uploads\/6517.jpg","contentUrl":"https:\/\/pk-records.nl\/wp-content\/uploads\/6517.jpg","width":600,"height":600},{"@type":"BreadcrumbList","@id":"https:\/\/pk-records.nl\/index.php\/product\/franz-liszt-frederic-chopin-samson-francois-orchestre-de-la-societe-des-concerts-du-conservatoire-georges-tzipine\/#breadcrumb","itemListElement":[{"@type":"ListItem","position":1,"name":"Home","item":"https:\/\/pk-records.nl\/"},{"@type":"ListItem","position":2,"name":"Shop","item":"https:\/\/pk-records.nl\/index.php\/shop\/"},{"@type":"ListItem","position":3,"name":"Franz Liszt, Fr\u00e9d\u00e9ric Chopin, Samson Fran\u00e7ois, Orchestre De La Soci\u00e9t\u00e9 Des Concerts Du Conservatoire, Georges Tzipine"}]},{"@type":"WebSite","@id":"https:\/\/pk-records.nl\/#website","url":"https:\/\/pk-records.nl\/","name":"PK-records","description":"","publisher":{"@id":"https:\/\/pk-records.nl\/#organization"},"potentialAction":[{"@type":"SearchAction","target":{"@type":"EntryPoint","urlTemplate":"https:\/\/pk-records.nl\/?s={search_term_string}"},"query-input":{"@type":"PropertyValueSpecification","valueRequired":true,"valueName":"search_term_string"}}],"inLanguage":"en-US"},{"@type":"Organization","@id":"https:\/\/pk-records.nl\/#organization","name":"PK-records","url":"https:\/\/pk-records.nl\/","logo":{"@type":"ImageObject","inLanguage":"en-US","@id":"https:\/\/pk-records.nl\/#\/schema\/logo\/image\/","url":"https:\/\/pk-records.nl\/wp-content\/uploads\/cropped-logoPK-records.png","contentUrl":"https:\/\/pk-records.nl\/wp-content\/uploads\/cropped-logoPK-records.png","width":510,"height":162,"caption":"PK-records"},"image":{"@id":"https:\/\/pk-records.nl\/#\/schema\/logo\/image\/"}}]}},"jetpack_sharing_enabled":true,"_links":{"self":[{"href":"https:\/\/pk-records.nl\/index.php\/wp-json\/wp\/v2\/product\/12960","targetHints":{"allow":["GET"]}}],"collection":[{"href":"https:\/\/pk-records.nl\/index.php\/wp-json\/wp\/v2\/product"}],"about":[{"href":"https:\/\/pk-records.nl\/index.php\/wp-json\/wp\/v2\/types\/product"}],"wp:featuredmedia":[{"embeddable":true,"href":"https:\/\/pk-records.nl\/index.php\/wp-json\/wp\/v2\/media\/12361"}],"wp:attachment":[{"href":"https:\/\/pk-records.nl\/index.php\/wp-json\/wp\/v2\/media?parent=12960"}],"wp:term":[{"taxonomy":"product_brand","embeddable":true,"href":"https:\/\/pk-records.nl\/index.php\/wp-json\/wp\/v2\/product_brand?post=12960"},{"taxonomy":"product_cat","embeddable":true,"href":"https:\/\/pk-records.nl\/index.php\/wp-json\/wp\/v2\/product_cat?post=12960"},{"taxonomy":"product_tag","embeddable":true,"href":"https:\/\/pk-records.nl\/index.php\/wp-json\/wp\/v2\/product_tag?post=12960"}],"curies":[{"name":"wp","href":"https:\/\/api.w.org\/{rel}","templated":true}]}}