{"id":13018,"date":"2024-01-18T21:07:08","date_gmt":"2024-01-18T20:07:08","guid":{"rendered":"https:\/\/pk-records.nl\/index.php\/product\/bela-bartok-zoltan-kodaly-margit-jeremias-alejandro-moreiras\/"},"modified":"2024-01-18T21:07:10","modified_gmt":"2024-01-18T20:07:10","slug":"bela-bartok-zoltan-kodaly-margit-jeremias-alejandro-moreiras","status":"publish","type":"product","link":"https:\/\/pk-records.nl\/index.php\/product\/bela-bartok-zoltan-kodaly-margit-jeremias-alejandro-moreiras\/","title":{"rendered":"B\u00e9la Bart\u00f3k, Zolt\u00e1n Kod\u00e1ly, Margit Jeremi\u00e1s, Alejandro Moreiras"},"content":{"rendered":"<table  class=\" table table-hover\" border=\"0\" cellspacing=\"0\" cellpadding=\"0\">\n<tbody>\n<tr>\n<td valign=\"top\" width=\"270\"><strong>Format<\/strong>: LP<br \/>\n<strong>Label<\/strong>: Deutsche Grammophon<br \/>\n<strong>Release ID<\/strong>: 2531 069<br \/>\n<strong>Release date<\/strong>: 1978<br \/>\n<strong>Genre<\/strong>: Classical<br \/>\n<strong>Condition record<\/strong>: Near Mint (NM or M-)<br \/>\n<strong>Condition sleeve<\/strong>: Near Mint (NM or M-)<\/td>\n<td width=\"15\"><\/td>\n<td valign=\"top\" width=\"270\"><strong>Tracklis<\/strong>t:<br \/>\nZehn Ungarische Volkslieder \u2013 Elindultam Sz\u00e9p Haz\u00e1mbul,,<br \/>Zehn Ungarische Volkslieder \u2013 \u00c1ltal Menn\u00e9k \u00c9n A Tisz\u00e1n Ladikon,,<br \/>Zehn Ungarische Volkslieder \u2013 Feh\u00e9r L\u00e1szl\u00f3 Lovat Lopott,,<br \/>Zehn Ungarische Volkslieder \u2013 A Gyulai Kert Alatt,,<br \/>Zehn Ungarische Volkslieder \u2013 A Kertmegi Kert Alatt,,<br \/>Zehn Ungarische Volkslieder \u2013 Ablakomba, Ablakomba,,<br \/>Zehn Ungarische Volkslieder \u2013 Sz\u00e1raz \u00c1gt\u00f3l Meszsze Vir\u00edt,,<br \/>Zehn Ungarische Volkslieder \u2013 V\u00e9gig Mentem A T\u00e1rk\u00e1nyi,,<br \/>Zehn Ungarische Volkslieder \u2013 Nem Meszsze Van Ide Kis Margitta,,<br \/>Zehn Ungarische Volkslieder \u2013 Sz\u00e1nt A Bab\u00e1m Csireg, Cs\u00f6r\u00f6g,,<br \/>Vier Ungarische Volkslieder \u2013 \u00c9desany\u00e1m R\u00f3zsaf\u00e1ja,,<br \/>Vier Ungarische Volkslieder \u2013 Ha Bemegyek A Cs\u00e1rd\u00e1ba,,<br \/>Vier Ungarische Volkslieder \u2013 Sej, Mikor Engem Katon\u00e1nak Visznek,,<br \/>Vier Ungarische Volkslieder \u2013 Ez A Kisl\u00e1ny Gy\u00f6ngy\u00f6t F\u00fcz,,<br \/>Acht Ungarische Volkslieder \u2013 Fekete F\u00f6d, Feh\u00e9r Az \u00c9n Zsebkend\u00f6m,,<br \/>Acht Ungarische Volkslieder \u2013 Istenem, Istenem \u00c1raszd Meg A Vizet,,<br \/>Acht Ungarische Volkslieder \u2013 Aszszonyok, Aszszonyok, Had&#8217; Legyek T\u00e1rsatok,,<br \/>Acht Ungarische Volkslieder \u2013 Anynyi B\u00e1nat Az Sz\u00fcvemen,,<br \/>Acht Ungarische Volkslieder \u2013 Ha Kimegyek Arr&#8217; A Magos Tet\u0151re,,<br \/>Acht Ungarische Volkslieder \u2013 T\u00f6ltik A Nagy Erd\u0151 \u00datj\u00e1t,,<br \/>Acht Ungarische Volkslieder \u2013 Eddig Val\u00f3 Dolgom A Tavaszi Sz\u00e1nt\u00e1s,,<br \/>Acht Ungarische Volkslieder \u2013 Olvad A H\u00f3, Cs\u00e1rd\u00e1s Kis Angyalom,,<br \/>Acht Ungarische Volkslieder \u2013 \u00bbHatforintos\u00ab N\u00f3ta: \u00bbA Cserodalt \u00d6szszej\u00e1rtam\u00ab  = Der Sechs-Forint-Schein = The Six-Forint Notes = Le Billet De Six Forints,,1:48<br \/>Aus: Ungarische Volksmusik \u2013 Elki\u00e1ltom Magamat,,<br \/>Aus: Ungarische Volksmusik \u2013 Kocsi, Szek\u00e9r,,<br \/>Aus: Ungarische Volksmusik \u2013 Meghalok, Meghalok,,<br \/>Aus: Ungarische Volksmusik \u2013 Vir\u00e1gos Kenderem,,<br \/>Aus: Ungarische Volksmusik \u2013 Akkor Sz\u00e9p Az Erd\u0151,,<br \/>Aus: Ungarische Volksmusik \u2013 Aszszony, Aszszony, Ki Az \u00c1gyb\u00f3l,,<br \/>Aus: Ungarische Volksmusik \u2013 Az Hol En Elmenyek,,<br \/>Aus: Ungarische Volksmusik \u2013 Apr\u00f3 Alma Lehullott A S\u00e1rba,,<br \/>Vier Lieder \u2013 Haja, Haja, Hagyma Haja,,<br \/>Vier Lieder \u2013 Nausikaa: \u00c1llok K\u00fcnn A Tenger Partj\u00e1n,,<br \/>Vier Lieder \u2013 Mezei Dal: Szeretek, Szeretek \u0150szi Mez\u0151n J\u00e1rni,,<br \/>Vier Lieder \u2013 F\u00e1j A Sz\u00edvem,,<br \/>Vier Lieder \u2013 Cig\u00e1nyn\u00f3ta: \u00bbEg\u00e9sz Falut \u00d6szszej\u00e1rtam\u00ab = Ziegeunerlied = Gipsy Song = Chanson Tzigane,,1:47<\/td>\n<\/tr>\n<\/tbody>\n<\/table>\n<p><strong>Comments<\/strong>: you can hear the first track of this records at: PK-records.nl (so you can judge the quality in advance)<\/p>\n<p>*excl.shipping<\/p>\n","protected":false},"excerpt":{"rendered":"<p><strong>Artist: <\/strong> <span style=\"color: #1e4c0b; font-weight: 600;\">B\u00e9la Bart\u00f3k, Zolt\u00e1n Kod\u00e1ly, Margit Jeremi\u00e1s, Alejandro Moreiras<\/span><strong><BR>Titel: <\/strong>Ungarische Volkslieder = Hungarian Folk Songs   <div class=\"compact_audio_player_wrapper\"><div class=\"sc_player_container1\"><input type=\"button\" id=\"btnplay_69f1ada1a67e70.22690629\" class=\"myButton_play\" onClick=\"play_mp3('play','69f1ada1a67e70.22690629','https:\/\/pk-records.nl\/wp-content\/uploads\/Elindultam_Szep_Hazambul.mp3','80','false');show_hide('play','69f1ada1a67e70.22690629');\" \/><input type=\"button\"  id=\"btnstop_69f1ada1a67e70.22690629\" style=\"display:none\" class=\"myButton_stop\" onClick=\"play_mp3('stop','69f1ada1a67e70.22690629','','80','false');show_hide('stop','69f1ada1a67e70.22690629');\" \/><div id=\"sm2-container\"><!-- flash movie ends up here --><\/div><\/div><\/div> play 1st track<BR><BR><\/p>\n","protected":false},"featured_media":11476,"template":"","meta":[],"product_brand":[],"product_cat":[61],"product_tag":[145],"class_list":{"0":"post-13018","1":"product","2":"type-product","3":"status-publish","4":"has-post-thumbnail","6":"product_cat-classical","7":"product_tag-vinyl","9":"first","10":"instock","11":"purchasable","12":"product-type-simple"},"yoast_head":"<!-- This site is optimized with the Yoast SEO plugin v27.5 - https:\/\/yoast.com\/product\/yoast-seo-wordpress\/ -->\n<title>B\u00e9la Bart\u00f3k, Zolt\u00e1n Kod\u00e1ly, Margit Jeremi\u00e1s, Alejandro Moreiras - PK-records<\/title>\n<meta name=\"robots\" content=\"index, follow, max-snippet:-1, max-image-preview:large, max-video-preview:-1\" \/>\n<link rel=\"canonical\" href=\"https:\/\/pk-records.nl\/index.php\/product\/bela-bartok-zoltan-kodaly-margit-jeremias-alejandro-moreiras\/\" \/>\n<meta property=\"og:locale\" content=\"en_US\" \/>\n<meta property=\"og:type\" content=\"article\" \/>\n<meta property=\"og:title\" content=\"B\u00e9la Bart\u00f3k, Zolt\u00e1n Kod\u00e1ly, Margit Jeremi\u00e1s, Alejandro Moreiras - PK-records\" \/>\n<meta property=\"og:description\" content=\"Artist: B\u00e9la Bart\u00f3k, Zolt\u00e1n Kod\u00e1ly, Margit Jeremi\u00e1s, Alejandro MoreirasTitel: Ungarische Volkslieder = Hungarian Folk Songs  play 1st track\" \/>\n<meta property=\"og:url\" content=\"https:\/\/pk-records.nl\/index.php\/product\/bela-bartok-zoltan-kodaly-margit-jeremias-alejandro-moreiras\/\" \/>\n<meta property=\"og:site_name\" content=\"PK-records\" \/>\n<meta property=\"article:modified_time\" content=\"2024-01-18T20:07:10+00:00\" \/>\n<meta property=\"og:image\" content=\"https:\/\/pk-records.nl\/wp-content\/uploads\/5030.jpg\" \/>\n\t<meta property=\"og:image:width\" content=\"600\" \/>\n\t<meta property=\"og:image:height\" content=\"600\" \/>\n\t<meta property=\"og:image:type\" content=\"image\/jpeg\" \/>\n<meta name=\"twitter:card\" content=\"summary_large_image\" \/>\n<meta name=\"twitter:label1\" content=\"Est. reading time\" \/>\n\t<meta name=\"twitter:data1\" content=\"2 minutes\" \/>\n<script type=\"application\/ld+json\" class=\"yoast-schema-graph\">{\"@context\":\"https:\\\/\\\/schema.org\",\"@graph\":[{\"@type\":\"WebPage\",\"@id\":\"https:\\\/\\\/pk-records.nl\\\/index.php\\\/product\\\/bela-bartok-zoltan-kodaly-margit-jeremias-alejandro-moreiras\\\/\",\"url\":\"https:\\\/\\\/pk-records.nl\\\/index.php\\\/product\\\/bela-bartok-zoltan-kodaly-margit-jeremias-alejandro-moreiras\\\/\",\"name\":\"B\u00e9la Bart\u00f3k, Zolt\u00e1n Kod\u00e1ly, Margit Jeremi\u00e1s, Alejandro Moreiras - PK-records\",\"isPartOf\":{\"@id\":\"https:\\\/\\\/pk-records.nl\\\/#website\"},\"primaryImageOfPage\":{\"@id\":\"https:\\\/\\\/pk-records.nl\\\/index.php\\\/product\\\/bela-bartok-zoltan-kodaly-margit-jeremias-alejandro-moreiras\\\/#primaryimage\"},\"image\":{\"@id\":\"https:\\\/\\\/pk-records.nl\\\/index.php\\\/product\\\/bela-bartok-zoltan-kodaly-margit-jeremias-alejandro-moreiras\\\/#primaryimage\"},\"thumbnailUrl\":\"https:\\\/\\\/pk-records.nl\\\/wp-content\\\/uploads\\\/5030.jpg\",\"datePublished\":\"2024-01-18T20:07:08+00:00\",\"dateModified\":\"2024-01-18T20:07:10+00:00\",\"breadcrumb\":{\"@id\":\"https:\\\/\\\/pk-records.nl\\\/index.php\\\/product\\\/bela-bartok-zoltan-kodaly-margit-jeremias-alejandro-moreiras\\\/#breadcrumb\"},\"inLanguage\":\"en-US\",\"potentialAction\":[{\"@type\":\"ReadAction\",\"target\":[\"https:\\\/\\\/pk-records.nl\\\/index.php\\\/product\\\/bela-bartok-zoltan-kodaly-margit-jeremias-alejandro-moreiras\\\/\"]}]},{\"@type\":\"ImageObject\",\"inLanguage\":\"en-US\",\"@id\":\"https:\\\/\\\/pk-records.nl\\\/index.php\\\/product\\\/bela-bartok-zoltan-kodaly-margit-jeremias-alejandro-moreiras\\\/#primaryimage\",\"url\":\"https:\\\/\\\/pk-records.nl\\\/wp-content\\\/uploads\\\/5030.jpg\",\"contentUrl\":\"https:\\\/\\\/pk-records.nl\\\/wp-content\\\/uploads\\\/5030.jpg\",\"width\":600,\"height\":600},{\"@type\":\"BreadcrumbList\",\"@id\":\"https:\\\/\\\/pk-records.nl\\\/index.php\\\/product\\\/bela-bartok-zoltan-kodaly-margit-jeremias-alejandro-moreiras\\\/#breadcrumb\",\"itemListElement\":[{\"@type\":\"ListItem\",\"position\":1,\"name\":\"Home\",\"item\":\"https:\\\/\\\/pk-records.nl\\\/\"},{\"@type\":\"ListItem\",\"position\":2,\"name\":\"Shop\",\"item\":\"https:\\\/\\\/pk-records.nl\\\/index.php\\\/shop\\\/\"},{\"@type\":\"ListItem\",\"position\":3,\"name\":\"B\u00e9la Bart\u00f3k, Zolt\u00e1n Kod\u00e1ly, Margit Jeremi\u00e1s, Alejandro Moreiras\"}]},{\"@type\":\"WebSite\",\"@id\":\"https:\\\/\\\/pk-records.nl\\\/#website\",\"url\":\"https:\\\/\\\/pk-records.nl\\\/\",\"name\":\"PK-records\",\"description\":\"\",\"publisher\":{\"@id\":\"https:\\\/\\\/pk-records.nl\\\/#organization\"},\"potentialAction\":[{\"@type\":\"SearchAction\",\"target\":{\"@type\":\"EntryPoint\",\"urlTemplate\":\"https:\\\/\\\/pk-records.nl\\\/?s={search_term_string}\"},\"query-input\":{\"@type\":\"PropertyValueSpecification\",\"valueRequired\":true,\"valueName\":\"search_term_string\"}}],\"inLanguage\":\"en-US\"},{\"@type\":\"Organization\",\"@id\":\"https:\\\/\\\/pk-records.nl\\\/#organization\",\"name\":\"PK-records\",\"url\":\"https:\\\/\\\/pk-records.nl\\\/\",\"logo\":{\"@type\":\"ImageObject\",\"inLanguage\":\"en-US\",\"@id\":\"https:\\\/\\\/pk-records.nl\\\/#\\\/schema\\\/logo\\\/image\\\/\",\"url\":\"https:\\\/\\\/pk-records.nl\\\/wp-content\\\/uploads\\\/cropped-logoPK-records.png\",\"contentUrl\":\"https:\\\/\\\/pk-records.nl\\\/wp-content\\\/uploads\\\/cropped-logoPK-records.png\",\"width\":510,\"height\":162,\"caption\":\"PK-records\"},\"image\":{\"@id\":\"https:\\\/\\\/pk-records.nl\\\/#\\\/schema\\\/logo\\\/image\\\/\"}}]}<\/script>\n<!-- \/ Yoast SEO plugin. -->","yoast_head_json":{"title":"B\u00e9la Bart\u00f3k, Zolt\u00e1n Kod\u00e1ly, Margit Jeremi\u00e1s, Alejandro Moreiras - PK-records","robots":{"index":"index","follow":"follow","max-snippet":"max-snippet:-1","max-image-preview":"max-image-preview:large","max-video-preview":"max-video-preview:-1"},"canonical":"https:\/\/pk-records.nl\/index.php\/product\/bela-bartok-zoltan-kodaly-margit-jeremias-alejandro-moreiras\/","og_locale":"en_US","og_type":"article","og_title":"B\u00e9la Bart\u00f3k, Zolt\u00e1n Kod\u00e1ly, Margit Jeremi\u00e1s, Alejandro Moreiras - PK-records","og_description":"Artist: B\u00e9la Bart\u00f3k, Zolt\u00e1n Kod\u00e1ly, Margit Jeremi\u00e1s, Alejandro MoreirasTitel: Ungarische Volkslieder = Hungarian Folk Songs  play 1st track","og_url":"https:\/\/pk-records.nl\/index.php\/product\/bela-bartok-zoltan-kodaly-margit-jeremias-alejandro-moreiras\/","og_site_name":"PK-records","article_modified_time":"2024-01-18T20:07:10+00:00","og_image":[{"width":600,"height":600,"url":"https:\/\/pk-records.nl\/wp-content\/uploads\/5030.jpg","type":"image\/jpeg"}],"twitter_card":"summary_large_image","twitter_misc":{"Est. reading time":"2 minutes"},"schema":{"@context":"https:\/\/schema.org","@graph":[{"@type":"WebPage","@id":"https:\/\/pk-records.nl\/index.php\/product\/bela-bartok-zoltan-kodaly-margit-jeremias-alejandro-moreiras\/","url":"https:\/\/pk-records.nl\/index.php\/product\/bela-bartok-zoltan-kodaly-margit-jeremias-alejandro-moreiras\/","name":"B\u00e9la Bart\u00f3k, Zolt\u00e1n Kod\u00e1ly, Margit Jeremi\u00e1s, Alejandro Moreiras - PK-records","isPartOf":{"@id":"https:\/\/pk-records.nl\/#website"},"primaryImageOfPage":{"@id":"https:\/\/pk-records.nl\/index.php\/product\/bela-bartok-zoltan-kodaly-margit-jeremias-alejandro-moreiras\/#primaryimage"},"image":{"@id":"https:\/\/pk-records.nl\/index.php\/product\/bela-bartok-zoltan-kodaly-margit-jeremias-alejandro-moreiras\/#primaryimage"},"thumbnailUrl":"https:\/\/pk-records.nl\/wp-content\/uploads\/5030.jpg","datePublished":"2024-01-18T20:07:08+00:00","dateModified":"2024-01-18T20:07:10+00:00","breadcrumb":{"@id":"https:\/\/pk-records.nl\/index.php\/product\/bela-bartok-zoltan-kodaly-margit-jeremias-alejandro-moreiras\/#breadcrumb"},"inLanguage":"en-US","potentialAction":[{"@type":"ReadAction","target":["https:\/\/pk-records.nl\/index.php\/product\/bela-bartok-zoltan-kodaly-margit-jeremias-alejandro-moreiras\/"]}]},{"@type":"ImageObject","inLanguage":"en-US","@id":"https:\/\/pk-records.nl\/index.php\/product\/bela-bartok-zoltan-kodaly-margit-jeremias-alejandro-moreiras\/#primaryimage","url":"https:\/\/pk-records.nl\/wp-content\/uploads\/5030.jpg","contentUrl":"https:\/\/pk-records.nl\/wp-content\/uploads\/5030.jpg","width":600,"height":600},{"@type":"BreadcrumbList","@id":"https:\/\/pk-records.nl\/index.php\/product\/bela-bartok-zoltan-kodaly-margit-jeremias-alejandro-moreiras\/#breadcrumb","itemListElement":[{"@type":"ListItem","position":1,"name":"Home","item":"https:\/\/pk-records.nl\/"},{"@type":"ListItem","position":2,"name":"Shop","item":"https:\/\/pk-records.nl\/index.php\/shop\/"},{"@type":"ListItem","position":3,"name":"B\u00e9la Bart\u00f3k, Zolt\u00e1n Kod\u00e1ly, Margit Jeremi\u00e1s, Alejandro Moreiras"}]},{"@type":"WebSite","@id":"https:\/\/pk-records.nl\/#website","url":"https:\/\/pk-records.nl\/","name":"PK-records","description":"","publisher":{"@id":"https:\/\/pk-records.nl\/#organization"},"potentialAction":[{"@type":"SearchAction","target":{"@type":"EntryPoint","urlTemplate":"https:\/\/pk-records.nl\/?s={search_term_string}"},"query-input":{"@type":"PropertyValueSpecification","valueRequired":true,"valueName":"search_term_string"}}],"inLanguage":"en-US"},{"@type":"Organization","@id":"https:\/\/pk-records.nl\/#organization","name":"PK-records","url":"https:\/\/pk-records.nl\/","logo":{"@type":"ImageObject","inLanguage":"en-US","@id":"https:\/\/pk-records.nl\/#\/schema\/logo\/image\/","url":"https:\/\/pk-records.nl\/wp-content\/uploads\/cropped-logoPK-records.png","contentUrl":"https:\/\/pk-records.nl\/wp-content\/uploads\/cropped-logoPK-records.png","width":510,"height":162,"caption":"PK-records"},"image":{"@id":"https:\/\/pk-records.nl\/#\/schema\/logo\/image\/"}}]}},"jetpack_sharing_enabled":true,"_links":{"self":[{"href":"https:\/\/pk-records.nl\/index.php\/wp-json\/wp\/v2\/product\/13018","targetHints":{"allow":["GET"]}}],"collection":[{"href":"https:\/\/pk-records.nl\/index.php\/wp-json\/wp\/v2\/product"}],"about":[{"href":"https:\/\/pk-records.nl\/index.php\/wp-json\/wp\/v2\/types\/product"}],"wp:featuredmedia":[{"embeddable":true,"href":"https:\/\/pk-records.nl\/index.php\/wp-json\/wp\/v2\/media\/11476"}],"wp:attachment":[{"href":"https:\/\/pk-records.nl\/index.php\/wp-json\/wp\/v2\/media?parent=13018"}],"wp:term":[{"taxonomy":"product_brand","embeddable":true,"href":"https:\/\/pk-records.nl\/index.php\/wp-json\/wp\/v2\/product_brand?post=13018"},{"taxonomy":"product_cat","embeddable":true,"href":"https:\/\/pk-records.nl\/index.php\/wp-json\/wp\/v2\/product_cat?post=13018"},{"taxonomy":"product_tag","embeddable":true,"href":"https:\/\/pk-records.nl\/index.php\/wp-json\/wp\/v2\/product_tag?post=13018"}],"curies":[{"name":"wp","href":"https:\/\/api.w.org\/{rel}","templated":true}]}}