{"id":13126,"date":"2024-01-18T21:12:57","date_gmt":"2024-01-18T20:12:57","guid":{"rendered":"https:\/\/pk-records.nl\/index.php\/product\/musique-des-gardiens-de-la-paix-desire-dondeyne\/"},"modified":"2024-01-18T21:13:04","modified_gmt":"2024-01-18T20:13:04","slug":"musique-des-gardiens-de-la-paix-desire-dondeyne","status":"publish","type":"product","link":"https:\/\/pk-records.nl\/index.php\/product\/musique-des-gardiens-de-la-paix-desire-dondeyne\/","title":{"rendered":"Musique Des Gardiens De La Paix, D\u00e9sir\u00e9 Dondeyne"},"content":{"rendered":"<table  class=\" table table-hover\" border=\"0\" cellspacing=\"0\" cellpadding=\"0\">\n<tbody>\n<tr>\n<td valign=\"top\" width=\"270\"><strong>Format<\/strong>: LP<br \/>\n<strong>Release ID<\/strong>: CV 1061<br \/>\n<strong>Release date<\/strong>:<br \/>\n<strong>Genre<\/strong>: Brass &#038; Military<br \/>\n<strong>Condition record<\/strong>: Near Mint (NM or M-)<br \/>\n<strong>Condition sleeve<\/strong>: Very Good Plus (VG+)<\/td>\n<td width=\"15\"><\/td>\n<td valign=\"top\" width=\"270\"><strong>Tracklis<\/strong>t:<br \/>\nVeillons Au Salut De L&#8217;Empire (1792),,1:12<br \/>Pas cadenc\u00e9 des sans Culottes,,1:12<br \/>Aux M\u00e2nes De La Gironde (1793),,6:12<br \/>Pas Acc\u00e9l\u00e9r\u00e9,,1:40<br \/>Salut Des Aigles,,1:10<br \/>Ode Patriotique (1807),,1:12<br \/>La Grenadi\u00e8re,,1:08<br \/>Hymne A La Victoire,,4:17<br \/>Chant Du Retour De Campo-Formio (1797),,3:15<br \/>Marche Du 1 er Consul (1802),,2:05<br \/>Champ D&#8217;Honneur,,1:40<br \/>Marche Consulaire A Marengo (1800),,4:50<br \/>Austerlitz (1805),,1:18<br \/>Marche Des Bonnets A Poils (1807-1808),,4:20<br \/>Chant Du Retour De La Grande Arm\u00e9e,,6:05<br \/>3e Marche Pour Le Mariage De Napol\u00e9on Et Marie-Louise (1810),,3:25<br \/>Marche Des Eclop\u00e9s (1812),,1:35<\/td>\n<\/tr>\n<\/tbody>\n<\/table>\n<p><strong>Comments<\/strong>: <\/p>\n<p>*excl.shipping<\/p>\n","protected":false},"excerpt":{"rendered":"<p><strong>Artist: <\/strong> <span style=\"color: #1e4c0b; font-weight: 600;\">Musique Des Gardiens De La Paix, D\u00e9sir\u00e9 Dondeyne<\/span><strong><BR>Titel: <\/strong>Chants Marches Fanfares De L&#8217;Empire <BR><BR><BR><BR><\/p>\n","protected":false},"featured_media":11437,"template":"","meta":[],"product_brand":[],"product_cat":[107],"product_tag":[145],"class_list":{"0":"post-13126","1":"product","2":"type-product","3":"status-publish","4":"has-post-thumbnail","6":"product_cat-brass-military","7":"product_tag-vinyl","9":"first","10":"instock","11":"purchasable","12":"product-type-simple"},"yoast_head":"<!-- This site is optimized with the Yoast SEO plugin v27.4 - https:\/\/yoast.com\/product\/yoast-seo-wordpress\/ -->\n<title>Musique Des Gardiens De La Paix, D\u00e9sir\u00e9 Dondeyne - PK-records<\/title>\n<meta name=\"robots\" content=\"index, follow, max-snippet:-1, max-image-preview:large, max-video-preview:-1\" \/>\n<link rel=\"canonical\" href=\"https:\/\/pk-records.nl\/index.php\/product\/musique-des-gardiens-de-la-paix-desire-dondeyne\/\" \/>\n<meta property=\"og:locale\" content=\"en_US\" \/>\n<meta property=\"og:type\" content=\"article\" \/>\n<meta property=\"og:title\" content=\"Musique Des Gardiens De La Paix, D\u00e9sir\u00e9 Dondeyne - PK-records\" \/>\n<meta property=\"og:description\" content=\"Artist: Musique Des Gardiens De La Paix, D\u00e9sir\u00e9 DondeyneTitel: Chants Marches Fanfares De L&#039;Empire\" \/>\n<meta property=\"og:url\" content=\"https:\/\/pk-records.nl\/index.php\/product\/musique-des-gardiens-de-la-paix-desire-dondeyne\/\" \/>\n<meta property=\"og:site_name\" content=\"PK-records\" \/>\n<meta property=\"article:modified_time\" content=\"2024-01-18T20:13:04+00:00\" \/>\n<meta property=\"og:image\" content=\"https:\/\/pk-records.nl\/wp-content\/uploads\/4984.jpg\" \/>\n\t<meta property=\"og:image:width\" content=\"600\" \/>\n\t<meta property=\"og:image:height\" content=\"600\" \/>\n\t<meta property=\"og:image:type\" content=\"image\/jpeg\" \/>\n<meta name=\"twitter:card\" content=\"summary_large_image\" \/>\n<meta name=\"twitter:label1\" content=\"Est. reading time\" \/>\n\t<meta name=\"twitter:data1\" content=\"1 minute\" \/>\n<script type=\"application\/ld+json\" class=\"yoast-schema-graph\">{\"@context\":\"https:\\\/\\\/schema.org\",\"@graph\":[{\"@type\":\"WebPage\",\"@id\":\"https:\\\/\\\/pk-records.nl\\\/index.php\\\/product\\\/musique-des-gardiens-de-la-paix-desire-dondeyne\\\/\",\"url\":\"https:\\\/\\\/pk-records.nl\\\/index.php\\\/product\\\/musique-des-gardiens-de-la-paix-desire-dondeyne\\\/\",\"name\":\"Musique Des Gardiens De La Paix, D\u00e9sir\u00e9 Dondeyne - PK-records\",\"isPartOf\":{\"@id\":\"https:\\\/\\\/pk-records.nl\\\/#website\"},\"primaryImageOfPage\":{\"@id\":\"https:\\\/\\\/pk-records.nl\\\/index.php\\\/product\\\/musique-des-gardiens-de-la-paix-desire-dondeyne\\\/#primaryimage\"},\"image\":{\"@id\":\"https:\\\/\\\/pk-records.nl\\\/index.php\\\/product\\\/musique-des-gardiens-de-la-paix-desire-dondeyne\\\/#primaryimage\"},\"thumbnailUrl\":\"https:\\\/\\\/pk-records.nl\\\/wp-content\\\/uploads\\\/4984.jpg\",\"datePublished\":\"2024-01-18T20:12:57+00:00\",\"dateModified\":\"2024-01-18T20:13:04+00:00\",\"breadcrumb\":{\"@id\":\"https:\\\/\\\/pk-records.nl\\\/index.php\\\/product\\\/musique-des-gardiens-de-la-paix-desire-dondeyne\\\/#breadcrumb\"},\"inLanguage\":\"en-US\",\"potentialAction\":[{\"@type\":\"ReadAction\",\"target\":[\"https:\\\/\\\/pk-records.nl\\\/index.php\\\/product\\\/musique-des-gardiens-de-la-paix-desire-dondeyne\\\/\"]}]},{\"@type\":\"ImageObject\",\"inLanguage\":\"en-US\",\"@id\":\"https:\\\/\\\/pk-records.nl\\\/index.php\\\/product\\\/musique-des-gardiens-de-la-paix-desire-dondeyne\\\/#primaryimage\",\"url\":\"https:\\\/\\\/pk-records.nl\\\/wp-content\\\/uploads\\\/4984.jpg\",\"contentUrl\":\"https:\\\/\\\/pk-records.nl\\\/wp-content\\\/uploads\\\/4984.jpg\",\"width\":600,\"height\":600},{\"@type\":\"BreadcrumbList\",\"@id\":\"https:\\\/\\\/pk-records.nl\\\/index.php\\\/product\\\/musique-des-gardiens-de-la-paix-desire-dondeyne\\\/#breadcrumb\",\"itemListElement\":[{\"@type\":\"ListItem\",\"position\":1,\"name\":\"Home\",\"item\":\"https:\\\/\\\/pk-records.nl\\\/\"},{\"@type\":\"ListItem\",\"position\":2,\"name\":\"Shop\",\"item\":\"https:\\\/\\\/pk-records.nl\\\/index.php\\\/shop\\\/\"},{\"@type\":\"ListItem\",\"position\":3,\"name\":\"Musique Des Gardiens De La Paix, D\u00e9sir\u00e9 Dondeyne\"}]},{\"@type\":\"WebSite\",\"@id\":\"https:\\\/\\\/pk-records.nl\\\/#website\",\"url\":\"https:\\\/\\\/pk-records.nl\\\/\",\"name\":\"PK-records\",\"description\":\"\",\"publisher\":{\"@id\":\"https:\\\/\\\/pk-records.nl\\\/#organization\"},\"potentialAction\":[{\"@type\":\"SearchAction\",\"target\":{\"@type\":\"EntryPoint\",\"urlTemplate\":\"https:\\\/\\\/pk-records.nl\\\/?s={search_term_string}\"},\"query-input\":{\"@type\":\"PropertyValueSpecification\",\"valueRequired\":true,\"valueName\":\"search_term_string\"}}],\"inLanguage\":\"en-US\"},{\"@type\":\"Organization\",\"@id\":\"https:\\\/\\\/pk-records.nl\\\/#organization\",\"name\":\"PK-records\",\"url\":\"https:\\\/\\\/pk-records.nl\\\/\",\"logo\":{\"@type\":\"ImageObject\",\"inLanguage\":\"en-US\",\"@id\":\"https:\\\/\\\/pk-records.nl\\\/#\\\/schema\\\/logo\\\/image\\\/\",\"url\":\"https:\\\/\\\/pk-records.nl\\\/wp-content\\\/uploads\\\/cropped-logoPK-records.png\",\"contentUrl\":\"https:\\\/\\\/pk-records.nl\\\/wp-content\\\/uploads\\\/cropped-logoPK-records.png\",\"width\":510,\"height\":162,\"caption\":\"PK-records\"},\"image\":{\"@id\":\"https:\\\/\\\/pk-records.nl\\\/#\\\/schema\\\/logo\\\/image\\\/\"}}]}<\/script>\n<!-- \/ Yoast SEO plugin. -->","yoast_head_json":{"title":"Musique Des Gardiens De La Paix, D\u00e9sir\u00e9 Dondeyne - PK-records","robots":{"index":"index","follow":"follow","max-snippet":"max-snippet:-1","max-image-preview":"max-image-preview:large","max-video-preview":"max-video-preview:-1"},"canonical":"https:\/\/pk-records.nl\/index.php\/product\/musique-des-gardiens-de-la-paix-desire-dondeyne\/","og_locale":"en_US","og_type":"article","og_title":"Musique Des Gardiens De La Paix, D\u00e9sir\u00e9 Dondeyne - PK-records","og_description":"Artist: Musique Des Gardiens De La Paix, D\u00e9sir\u00e9 DondeyneTitel: Chants Marches Fanfares De L'Empire","og_url":"https:\/\/pk-records.nl\/index.php\/product\/musique-des-gardiens-de-la-paix-desire-dondeyne\/","og_site_name":"PK-records","article_modified_time":"2024-01-18T20:13:04+00:00","og_image":[{"width":600,"height":600,"url":"https:\/\/pk-records.nl\/wp-content\/uploads\/4984.jpg","type":"image\/jpeg"}],"twitter_card":"summary_large_image","twitter_misc":{"Est. reading time":"1 minute"},"schema":{"@context":"https:\/\/schema.org","@graph":[{"@type":"WebPage","@id":"https:\/\/pk-records.nl\/index.php\/product\/musique-des-gardiens-de-la-paix-desire-dondeyne\/","url":"https:\/\/pk-records.nl\/index.php\/product\/musique-des-gardiens-de-la-paix-desire-dondeyne\/","name":"Musique Des Gardiens De La Paix, D\u00e9sir\u00e9 Dondeyne - PK-records","isPartOf":{"@id":"https:\/\/pk-records.nl\/#website"},"primaryImageOfPage":{"@id":"https:\/\/pk-records.nl\/index.php\/product\/musique-des-gardiens-de-la-paix-desire-dondeyne\/#primaryimage"},"image":{"@id":"https:\/\/pk-records.nl\/index.php\/product\/musique-des-gardiens-de-la-paix-desire-dondeyne\/#primaryimage"},"thumbnailUrl":"https:\/\/pk-records.nl\/wp-content\/uploads\/4984.jpg","datePublished":"2024-01-18T20:12:57+00:00","dateModified":"2024-01-18T20:13:04+00:00","breadcrumb":{"@id":"https:\/\/pk-records.nl\/index.php\/product\/musique-des-gardiens-de-la-paix-desire-dondeyne\/#breadcrumb"},"inLanguage":"en-US","potentialAction":[{"@type":"ReadAction","target":["https:\/\/pk-records.nl\/index.php\/product\/musique-des-gardiens-de-la-paix-desire-dondeyne\/"]}]},{"@type":"ImageObject","inLanguage":"en-US","@id":"https:\/\/pk-records.nl\/index.php\/product\/musique-des-gardiens-de-la-paix-desire-dondeyne\/#primaryimage","url":"https:\/\/pk-records.nl\/wp-content\/uploads\/4984.jpg","contentUrl":"https:\/\/pk-records.nl\/wp-content\/uploads\/4984.jpg","width":600,"height":600},{"@type":"BreadcrumbList","@id":"https:\/\/pk-records.nl\/index.php\/product\/musique-des-gardiens-de-la-paix-desire-dondeyne\/#breadcrumb","itemListElement":[{"@type":"ListItem","position":1,"name":"Home","item":"https:\/\/pk-records.nl\/"},{"@type":"ListItem","position":2,"name":"Shop","item":"https:\/\/pk-records.nl\/index.php\/shop\/"},{"@type":"ListItem","position":3,"name":"Musique Des Gardiens De La Paix, D\u00e9sir\u00e9 Dondeyne"}]},{"@type":"WebSite","@id":"https:\/\/pk-records.nl\/#website","url":"https:\/\/pk-records.nl\/","name":"PK-records","description":"","publisher":{"@id":"https:\/\/pk-records.nl\/#organization"},"potentialAction":[{"@type":"SearchAction","target":{"@type":"EntryPoint","urlTemplate":"https:\/\/pk-records.nl\/?s={search_term_string}"},"query-input":{"@type":"PropertyValueSpecification","valueRequired":true,"valueName":"search_term_string"}}],"inLanguage":"en-US"},{"@type":"Organization","@id":"https:\/\/pk-records.nl\/#organization","name":"PK-records","url":"https:\/\/pk-records.nl\/","logo":{"@type":"ImageObject","inLanguage":"en-US","@id":"https:\/\/pk-records.nl\/#\/schema\/logo\/image\/","url":"https:\/\/pk-records.nl\/wp-content\/uploads\/cropped-logoPK-records.png","contentUrl":"https:\/\/pk-records.nl\/wp-content\/uploads\/cropped-logoPK-records.png","width":510,"height":162,"caption":"PK-records"},"image":{"@id":"https:\/\/pk-records.nl\/#\/schema\/logo\/image\/"}}]}},"jetpack_sharing_enabled":true,"_links":{"self":[{"href":"https:\/\/pk-records.nl\/index.php\/wp-json\/wp\/v2\/product\/13126","targetHints":{"allow":["GET"]}}],"collection":[{"href":"https:\/\/pk-records.nl\/index.php\/wp-json\/wp\/v2\/product"}],"about":[{"href":"https:\/\/pk-records.nl\/index.php\/wp-json\/wp\/v2\/types\/product"}],"wp:featuredmedia":[{"embeddable":true,"href":"https:\/\/pk-records.nl\/index.php\/wp-json\/wp\/v2\/media\/11437"}],"wp:attachment":[{"href":"https:\/\/pk-records.nl\/index.php\/wp-json\/wp\/v2\/media?parent=13126"}],"wp:term":[{"taxonomy":"product_brand","embeddable":true,"href":"https:\/\/pk-records.nl\/index.php\/wp-json\/wp\/v2\/product_brand?post=13126"},{"taxonomy":"product_cat","embeddable":true,"href":"https:\/\/pk-records.nl\/index.php\/wp-json\/wp\/v2\/product_cat?post=13126"},{"taxonomy":"product_tag","embeddable":true,"href":"https:\/\/pk-records.nl\/index.php\/wp-json\/wp\/v2\/product_tag?post=13126"}],"curies":[{"name":"wp","href":"https:\/\/api.w.org\/{rel}","templated":true}]}}