{"id":13159,"date":"2024-01-18T21:13:16","date_gmt":"2024-01-18T20:13:16","guid":{"rendered":"https:\/\/pk-records.nl\/index.php\/product\/various-50\/"},"modified":"2024-01-18T21:13:20","modified_gmt":"2024-01-18T20:13:20","slug":"various-50","status":"publish","type":"product","link":"https:\/\/pk-records.nl\/index.php\/product\/various-50\/","title":{"rendered":"Various"},"content":{"rendered":"<table  class=\" table table-hover\" border=\"0\" cellspacing=\"0\" cellpadding=\"0\">\n<tbody>\n<tr>\n<td valign=\"top\" width=\"270\"><strong>Format<\/strong>: 2 LP<br \/>\n<strong>Release ID<\/strong>: 6612 028<br \/>\n<strong>Release date<\/strong>:<br \/>\n<strong>Genre<\/strong>: World &#038; Country<br \/>\n<strong>Condition record<\/strong>: Near Mint (NM or M-)<br \/>\n<strong>Condition sleeve<\/strong>: Near Mint (NM or M-)<\/td>\n<td width=\"15\"><\/td>\n<td valign=\"top\" width=\"270\"><strong>Tracklis<\/strong>t:<br \/>\nLe Rossignol,Tata Mirando And His Gipsy Orchestra,<br \/>Milonga,Celedonio Romero, Pepe Romero, Celin Romero, Angel Romero (2),<br \/>Kalinka,Lajos Mih\u00e1ly Und Sein Orchester,<br \/>Iboy\u00e1n,Tata Mirando And His Gipsy Orchestra,<br \/>Love Song And Chain Dance,Lajos Mih\u00e1ly Und Sein Orchester,<br \/>Chumberas Del Camino,Grupo Flamenco De Antonio Arenas,<br \/>Bessarabianca,Lajos Mih\u00e1ly Und Sein Orchester,<br \/>Sevillanas,Celedonio Romero, Pepe Romero, Celin Romero, Angel Romero (2),<br \/>Nincsis Annak K\u00e9tszemnek,Veres Lajos And His Gipsy-Orchestra,<br \/>Hull\u00e1mz\u00f3 Balaton,J\u00e1r\u00f3ka S\u00e1ndor \u00c9s Zenekara, Barnabas Bartos, Lajos Stefan,<br \/>Leestek A T\u00e9li Havak,J\u00e1r\u00f3ka S\u00e1ndor \u00c9s Zenekara,<br \/>Rumba,Celedonio Romero, Pepe Romero, Celin Romero, Angel Romero (2),<br \/>Megnyito,Veres Lajos And His Gipsy-Orchestra,<br \/>Ak\u00e1czos Ut,Tata Mirando And His Gipsy Orchestra,<br \/>Tanguillos,Celedonio Romero, Pepe Romero, Celin Romero, Angel Romero (2),<br \/>Tschomnje Gore,Tata Mirando And His Gipsy Orchestra,<br \/>Cs\u00e1rd\u00e1s Modul\u00e9e,Unknown Artist, Jo\u017eka Kobz\u00edk,<br \/>Black Eyes,Tata Mirando And His Gipsy Orchestra,<br \/>Ripeg\u00f6s A Cseresnye,Veres Lajos And His Gipsy-Orchestra,<br \/>Liebesromanze,Edi Csoka And His Gypsy Orchestra,<br \/>Buler\u00edas Al Golpo,Celedonio Romero, Pepe Romero, Celin Romero, Angel Romero (2),<br \/>Zwei Gitarren,Tata Mirando And His Gipsy Orchestra,<br \/>Doina Oltului,Lajos Mih\u00e1ly Und Sein Orchester,<br \/>Sirba De La Cetate,Constantin Br\u0103iloiu, Ansamblul Tineretului Din Bucure\u0219ti,<\/td>\n<\/tr>\n<\/tbody>\n<\/table>\n<p><strong>Comments<\/strong>: <\/p>\n<p>*excl.shipping<\/p>\n","protected":false},"excerpt":{"rendered":"<p><strong>Artist: <\/strong> <span style=\"color: #1e4c0b; font-weight: 600;\">Various<\/span><strong><BR>Titel: <\/strong>Das Gro\u00dfe Zigeuner Festival <BR><BR><BR><BR><\/p>\n","protected":false},"featured_media":12410,"template":"","meta":[],"product_brand":[],"product_cat":[72],"product_tag":[145],"class_list":{"0":"post-13159","1":"product","2":"type-product","3":"status-publish","4":"has-post-thumbnail","6":"product_cat-world-country","7":"product_tag-vinyl","9":"first","10":"instock","11":"purchasable","12":"product-type-simple"},"yoast_head":"<!-- This site is optimized with the Yoast SEO plugin v27.3 - https:\/\/yoast.com\/product\/yoast-seo-wordpress\/ -->\n<title>Various - PK-records<\/title>\n<meta name=\"robots\" content=\"index, follow, max-snippet:-1, max-image-preview:large, max-video-preview:-1\" \/>\n<link rel=\"canonical\" href=\"https:\/\/pk-records.nl\/index.php\/product\/various-50\/\" \/>\n<meta property=\"og:locale\" content=\"en_US\" \/>\n<meta property=\"og:type\" content=\"article\" \/>\n<meta property=\"og:title\" content=\"Various - PK-records\" \/>\n<meta property=\"og:description\" content=\"Artist: VariousTitel: Das Gro\u00dfe Zigeuner Festival\" \/>\n<meta property=\"og:url\" content=\"https:\/\/pk-records.nl\/index.php\/product\/various-50\/\" \/>\n<meta property=\"og:site_name\" content=\"PK-records\" \/>\n<meta property=\"article:modified_time\" content=\"2024-01-18T20:13:20+00:00\" \/>\n<meta property=\"og:image\" content=\"https:\/\/pk-records.nl\/wp-content\/uploads\/6567.jpg\" \/>\n\t<meta property=\"og:image:width\" content=\"507\" \/>\n\t<meta property=\"og:image:height\" content=\"500\" \/>\n\t<meta property=\"og:image:type\" content=\"image\/jpeg\" \/>\n<meta name=\"twitter:card\" content=\"summary_large_image\" \/>\n<meta name=\"twitter:label1\" content=\"Est. reading time\" \/>\n\t<meta name=\"twitter:data1\" content=\"1 minute\" \/>\n<script type=\"application\/ld+json\" class=\"yoast-schema-graph\">{\"@context\":\"https:\\\/\\\/schema.org\",\"@graph\":[{\"@type\":\"WebPage\",\"@id\":\"https:\\\/\\\/pk-records.nl\\\/index.php\\\/product\\\/various-50\\\/\",\"url\":\"https:\\\/\\\/pk-records.nl\\\/index.php\\\/product\\\/various-50\\\/\",\"name\":\"Various - PK-records\",\"isPartOf\":{\"@id\":\"https:\\\/\\\/pk-records.nl\\\/#website\"},\"primaryImageOfPage\":{\"@id\":\"https:\\\/\\\/pk-records.nl\\\/index.php\\\/product\\\/various-50\\\/#primaryimage\"},\"image\":{\"@id\":\"https:\\\/\\\/pk-records.nl\\\/index.php\\\/product\\\/various-50\\\/#primaryimage\"},\"thumbnailUrl\":\"https:\\\/\\\/pk-records.nl\\\/wp-content\\\/uploads\\\/6567.jpg\",\"datePublished\":\"2024-01-18T20:13:16+00:00\",\"dateModified\":\"2024-01-18T20:13:20+00:00\",\"breadcrumb\":{\"@id\":\"https:\\\/\\\/pk-records.nl\\\/index.php\\\/product\\\/various-50\\\/#breadcrumb\"},\"inLanguage\":\"en-US\",\"potentialAction\":[{\"@type\":\"ReadAction\",\"target\":[\"https:\\\/\\\/pk-records.nl\\\/index.php\\\/product\\\/various-50\\\/\"]}]},{\"@type\":\"ImageObject\",\"inLanguage\":\"en-US\",\"@id\":\"https:\\\/\\\/pk-records.nl\\\/index.php\\\/product\\\/various-50\\\/#primaryimage\",\"url\":\"https:\\\/\\\/pk-records.nl\\\/wp-content\\\/uploads\\\/6567.jpg\",\"contentUrl\":\"https:\\\/\\\/pk-records.nl\\\/wp-content\\\/uploads\\\/6567.jpg\",\"width\":507,\"height\":500},{\"@type\":\"BreadcrumbList\",\"@id\":\"https:\\\/\\\/pk-records.nl\\\/index.php\\\/product\\\/various-50\\\/#breadcrumb\",\"itemListElement\":[{\"@type\":\"ListItem\",\"position\":1,\"name\":\"Home\",\"item\":\"https:\\\/\\\/pk-records.nl\\\/\"},{\"@type\":\"ListItem\",\"position\":2,\"name\":\"Shop\",\"item\":\"https:\\\/\\\/pk-records.nl\\\/index.php\\\/shop\\\/\"},{\"@type\":\"ListItem\",\"position\":3,\"name\":\"Various\"}]},{\"@type\":\"WebSite\",\"@id\":\"https:\\\/\\\/pk-records.nl\\\/#website\",\"url\":\"https:\\\/\\\/pk-records.nl\\\/\",\"name\":\"PK-records\",\"description\":\"\",\"publisher\":{\"@id\":\"https:\\\/\\\/pk-records.nl\\\/#organization\"},\"potentialAction\":[{\"@type\":\"SearchAction\",\"target\":{\"@type\":\"EntryPoint\",\"urlTemplate\":\"https:\\\/\\\/pk-records.nl\\\/?s={search_term_string}\"},\"query-input\":{\"@type\":\"PropertyValueSpecification\",\"valueRequired\":true,\"valueName\":\"search_term_string\"}}],\"inLanguage\":\"en-US\"},{\"@type\":\"Organization\",\"@id\":\"https:\\\/\\\/pk-records.nl\\\/#organization\",\"name\":\"PK-records\",\"url\":\"https:\\\/\\\/pk-records.nl\\\/\",\"logo\":{\"@type\":\"ImageObject\",\"inLanguage\":\"en-US\",\"@id\":\"https:\\\/\\\/pk-records.nl\\\/#\\\/schema\\\/logo\\\/image\\\/\",\"url\":\"https:\\\/\\\/pk-records.nl\\\/wp-content\\\/uploads\\\/cropped-logoPK-records.png\",\"contentUrl\":\"https:\\\/\\\/pk-records.nl\\\/wp-content\\\/uploads\\\/cropped-logoPK-records.png\",\"width\":510,\"height\":162,\"caption\":\"PK-records\"},\"image\":{\"@id\":\"https:\\\/\\\/pk-records.nl\\\/#\\\/schema\\\/logo\\\/image\\\/\"}}]}<\/script>\n<!-- \/ Yoast SEO plugin. -->","yoast_head_json":{"title":"Various - PK-records","robots":{"index":"index","follow":"follow","max-snippet":"max-snippet:-1","max-image-preview":"max-image-preview:large","max-video-preview":"max-video-preview:-1"},"canonical":"https:\/\/pk-records.nl\/index.php\/product\/various-50\/","og_locale":"en_US","og_type":"article","og_title":"Various - PK-records","og_description":"Artist: VariousTitel: Das Gro\u00dfe Zigeuner Festival","og_url":"https:\/\/pk-records.nl\/index.php\/product\/various-50\/","og_site_name":"PK-records","article_modified_time":"2024-01-18T20:13:20+00:00","og_image":[{"width":507,"height":500,"url":"https:\/\/pk-records.nl\/wp-content\/uploads\/6567.jpg","type":"image\/jpeg"}],"twitter_card":"summary_large_image","twitter_misc":{"Est. reading time":"1 minute"},"schema":{"@context":"https:\/\/schema.org","@graph":[{"@type":"WebPage","@id":"https:\/\/pk-records.nl\/index.php\/product\/various-50\/","url":"https:\/\/pk-records.nl\/index.php\/product\/various-50\/","name":"Various - PK-records","isPartOf":{"@id":"https:\/\/pk-records.nl\/#website"},"primaryImageOfPage":{"@id":"https:\/\/pk-records.nl\/index.php\/product\/various-50\/#primaryimage"},"image":{"@id":"https:\/\/pk-records.nl\/index.php\/product\/various-50\/#primaryimage"},"thumbnailUrl":"https:\/\/pk-records.nl\/wp-content\/uploads\/6567.jpg","datePublished":"2024-01-18T20:13:16+00:00","dateModified":"2024-01-18T20:13:20+00:00","breadcrumb":{"@id":"https:\/\/pk-records.nl\/index.php\/product\/various-50\/#breadcrumb"},"inLanguage":"en-US","potentialAction":[{"@type":"ReadAction","target":["https:\/\/pk-records.nl\/index.php\/product\/various-50\/"]}]},{"@type":"ImageObject","inLanguage":"en-US","@id":"https:\/\/pk-records.nl\/index.php\/product\/various-50\/#primaryimage","url":"https:\/\/pk-records.nl\/wp-content\/uploads\/6567.jpg","contentUrl":"https:\/\/pk-records.nl\/wp-content\/uploads\/6567.jpg","width":507,"height":500},{"@type":"BreadcrumbList","@id":"https:\/\/pk-records.nl\/index.php\/product\/various-50\/#breadcrumb","itemListElement":[{"@type":"ListItem","position":1,"name":"Home","item":"https:\/\/pk-records.nl\/"},{"@type":"ListItem","position":2,"name":"Shop","item":"https:\/\/pk-records.nl\/index.php\/shop\/"},{"@type":"ListItem","position":3,"name":"Various"}]},{"@type":"WebSite","@id":"https:\/\/pk-records.nl\/#website","url":"https:\/\/pk-records.nl\/","name":"PK-records","description":"","publisher":{"@id":"https:\/\/pk-records.nl\/#organization"},"potentialAction":[{"@type":"SearchAction","target":{"@type":"EntryPoint","urlTemplate":"https:\/\/pk-records.nl\/?s={search_term_string}"},"query-input":{"@type":"PropertyValueSpecification","valueRequired":true,"valueName":"search_term_string"}}],"inLanguage":"en-US"},{"@type":"Organization","@id":"https:\/\/pk-records.nl\/#organization","name":"PK-records","url":"https:\/\/pk-records.nl\/","logo":{"@type":"ImageObject","inLanguage":"en-US","@id":"https:\/\/pk-records.nl\/#\/schema\/logo\/image\/","url":"https:\/\/pk-records.nl\/wp-content\/uploads\/cropped-logoPK-records.png","contentUrl":"https:\/\/pk-records.nl\/wp-content\/uploads\/cropped-logoPK-records.png","width":510,"height":162,"caption":"PK-records"},"image":{"@id":"https:\/\/pk-records.nl\/#\/schema\/logo\/image\/"}}]}},"jetpack_sharing_enabled":true,"_links":{"self":[{"href":"https:\/\/pk-records.nl\/index.php\/wp-json\/wp\/v2\/product\/13159","targetHints":{"allow":["GET"]}}],"collection":[{"href":"https:\/\/pk-records.nl\/index.php\/wp-json\/wp\/v2\/product"}],"about":[{"href":"https:\/\/pk-records.nl\/index.php\/wp-json\/wp\/v2\/types\/product"}],"wp:featuredmedia":[{"embeddable":true,"href":"https:\/\/pk-records.nl\/index.php\/wp-json\/wp\/v2\/media\/12410"}],"wp:attachment":[{"href":"https:\/\/pk-records.nl\/index.php\/wp-json\/wp\/v2\/media?parent=13159"}],"wp:term":[{"taxonomy":"product_brand","embeddable":true,"href":"https:\/\/pk-records.nl\/index.php\/wp-json\/wp\/v2\/product_brand?post=13159"},{"taxonomy":"product_cat","embeddable":true,"href":"https:\/\/pk-records.nl\/index.php\/wp-json\/wp\/v2\/product_cat?post=13159"},{"taxonomy":"product_tag","embeddable":true,"href":"https:\/\/pk-records.nl\/index.php\/wp-json\/wp\/v2\/product_tag?post=13159"}],"curies":[{"name":"wp","href":"https:\/\/api.w.org\/{rel}","templated":true}]}}