{"id":13193,"date":"2024-01-18T21:13:35","date_gmt":"2024-01-18T20:13:35","guid":{"rendered":"https:\/\/pk-records.nl\/index.php\/product\/the-monastic-choir-of-the-holy-trinity-st-sergius-monastery-zagorsk-choir-of-the-moscow-ecclesiastical-academy\/"},"modified":"2024-01-18T21:13:36","modified_gmt":"2024-01-18T20:13:36","slug":"the-monastic-choir-of-the-holy-trinity-st-sergius-monastery-zagorsk-choir-of-the-moscow-ecclesiastical-academy","status":"publish","type":"product","link":"https:\/\/pk-records.nl\/index.php\/product\/the-monastic-choir-of-the-holy-trinity-st-sergius-monastery-zagorsk-choir-of-the-moscow-ecclesiastical-academy\/","title":{"rendered":"The Monastic Choir Of The Holy Trinity &#8211; St. Sergius Monastery (Zagorsk), Choir Of The Moscow Ecclesiastical Academy"},"content":{"rendered":"<table  class=\" table table-hover\" border=\"0\" cellspacing=\"0\" cellpadding=\"0\">\n<tbody>\n<tr>\n<td valign=\"top\" width=\"270\"><strong>Format<\/strong>: 2 LP<br \/>\n<strong>Release ID<\/strong>: LDX 78691\/2<br \/>\n<strong>Release date<\/strong>: 1978<br \/>\n<strong>Genre<\/strong>: Classical, Religious<br \/>\n<strong>Condition record<\/strong>: Near Mint (NM or M-)<br \/>\n<strong>Condition sleeve<\/strong>: Very Good Plus (VG+)<\/td>\n<td width=\"15\"><\/td>\n<td valign=\"top\" width=\"270\"><strong>Tracklis<\/strong>t:<br \/>\nP\u00e2ques \u2013 Carillon Pascal,,<br \/>Matines De La Pentec\u00f4te \u2013 &#8216;Louez Le Nom Du Seigneur&#8217;,,3:01<br \/>P\u00e2ques \u2013 D\u00e9but Des Matines De P\u00e2ques Et Canon Pascal,,<br \/>Matines De La Pentec\u00f4te \u2013 Louange A La Pentecote,,1:47<br \/>P\u00e2ques \u2013 Kondakion De P\u00e2ques,,<br \/>Matines De La Pentec\u00f4te \u2013 &#8216;Le Ch\u0153ur Des Anges&#8217;,,8:33<br \/>Matines De La Pentec\u00f4te \u2013 &#8216;Depuis Ma Jeunesse&#8217;,,3:12<br \/>P\u00e2ques \u2013 Icos De P\u00e2ques,,<br \/>Matines De La Pentec\u00f4te \u2013 &#8216;Nous Avons Vu La R\u00e9surrection Du Christ&#8217;,,2:55<br \/>P\u00e2ques \u2013 Hymne Pascal A La Vierge, &#8216;L&#8217;Ange Cria A Marie : Resplendis, Resplendis, Nouvelle J\u00e9rusalem&#8217;,,<br \/>P\u00e2ques \u2013 Eaxpostilaire De P\u00e2ques,,<br \/>Matines De La Pentec\u00f4te \u2013 Magnificat,,3:15<br \/>P\u00e2ques \u2013 Stich\u00e8res De P\u00e2ques,,<br \/>P\u00e2ques \u2013 &#8216;Christ Est Ressucit\u00e9&#8217;,,<br \/>Divine Liturgie Et F\u00eate De La Saint-Serge De Radon\u00e8je \u2013 &#8216;Fils Unique De Dieu&#8217;,,3:01<br \/>Pentec\u00f4te Et Assomption \u2013 &#8216;Venez Hommes, Adorons La Divinit\u00e9 En Trois Hypostases&#8217;,,3:00<br \/>Pentec\u00f4te Et Assomption \u2013 &#8216;B\u00e9nis, Le Seigneur \u00d4 Mon \u00c2me&#8217;,,3:34<br \/>Divine Liturgie Et F\u00eate De La Saint-Serge De Radon\u00e8je \u2013 &#8216;Il Est Digne&#8217;,,3:20<br \/>Pentec\u00f4te Et Assomption \u2013 Grande Litanie,,3:30<br \/>Divine Liturgie Et F\u00eate De La Saint-Serge De Radon\u00e8je \u2013 &#8216;Elu Par Le Roi Des Puissances&#8217;,,1:45<br \/>Pentec\u00f4te Et Assomption \u2013 Hymne &#8216;Dogmatique&#8217; A La Vierge,,2:01<br \/>Divine Liturgie Et F\u00eate De La Saint-Serge De Radon\u00e8je \u2013 Pri\u00e8re A Saint-Serge,,5:39<br \/>Pentec\u00f4te Et Assomption \u2013 Grand Prokim\u00e9non &#8216;Qui Est Grand Comme Notre Dieu&#8217;,,2:27<br \/>Divine Liturgie Et F\u00eate De La Saint-Serge De Radon\u00e8je \u2013 Louange A Saint-Serge,,1:45<br \/>Divine Liturgie Et F\u00eate De La Saint-Serge De Radon\u00e8je \u2013 &#8216;Le Seigneur Est Mon Illumination&#8217;,,4:40<br \/>Pentec\u00f4te Et Assomption \u2013 Stich\u00e8re Pour L&#8217;Assomption De La Vierge,,2:19<br \/>Pentec\u00f4te Et Assomption \u2013 Cantique De Sim\u00e9on,,3:09<br \/>Divine Liturgie Et F\u00eate De La Saint-Serge De Radon\u00e8je \u2013 &#8216;Ad Multos Annos&#8217;,,2:29<br \/>Pentec\u00f4te Et Assomption \u2013 Tropaire De La Pentec\u00f4te,,1:03<br \/>Pentec\u00f4te Et Assomption \u2013 Petite Doxologie,,<\/td>\n<\/tr>\n<\/tbody>\n<\/table>\n<p><strong>Comments<\/strong>: <\/p>\n<p>*excl.shipping<\/p>\n","protected":false},"excerpt":{"rendered":"<p><strong>Artist: <\/strong> <span style=\"color: #1e4c0b; font-weight: 600;\">The Monastic Choir Of The Holy Trinity &#8211; St. Sergius Monastery (Zagorsk), Choir Of The Moscow Ecclesiastical Academy<\/span><strong><BR>Titel: <\/strong>Divine Liturgie Orthodoxe A Zagorsk <BR><BR><BR><BR><\/p>\n","protected":false},"featured_media":11837,"template":"","meta":[],"product_brand":[],"product_cat":[132],"product_tag":[145],"class_list":{"0":"post-13193","1":"product","2":"type-product","3":"status-publish","4":"has-post-thumbnail","6":"product_cat-classical-religious","7":"product_tag-vinyl","9":"first","10":"instock","11":"purchasable","12":"product-type-simple"},"yoast_head":"<!-- This site is optimized with the Yoast SEO plugin v27.4 - https:\/\/yoast.com\/product\/yoast-seo-wordpress\/ -->\n<title>The Monastic Choir Of The Holy Trinity - St. Sergius Monastery (Zagorsk), Choir Of The Moscow Ecclesiastical Academy - PK-records<\/title>\n<meta name=\"robots\" content=\"index, follow, max-snippet:-1, max-image-preview:large, max-video-preview:-1\" \/>\n<link rel=\"canonical\" href=\"https:\/\/pk-records.nl\/index.php\/product\/the-monastic-choir-of-the-holy-trinity-st-sergius-monastery-zagorsk-choir-of-the-moscow-ecclesiastical-academy\/\" \/>\n<meta property=\"og:locale\" content=\"en_US\" \/>\n<meta property=\"og:type\" content=\"article\" \/>\n<meta property=\"og:title\" content=\"The Monastic Choir Of The Holy Trinity - St. Sergius Monastery (Zagorsk), Choir Of The Moscow Ecclesiastical Academy - PK-records\" \/>\n<meta property=\"og:description\" content=\"Artist: The Monastic Choir Of The Holy Trinity - St. Sergius Monastery (Zagorsk), Choir Of The Moscow Ecclesiastical AcademyTitel: Divine Liturgie Orthodoxe A Zagorsk\" \/>\n<meta property=\"og:url\" content=\"https:\/\/pk-records.nl\/index.php\/product\/the-monastic-choir-of-the-holy-trinity-st-sergius-monastery-zagorsk-choir-of-the-moscow-ecclesiastical-academy\/\" \/>\n<meta property=\"og:site_name\" content=\"PK-records\" \/>\n<meta property=\"article:modified_time\" content=\"2024-01-18T20:13:36+00:00\" \/>\n<meta property=\"og:image\" content=\"https:\/\/pk-records.nl\/wp-content\/uploads\/5502.jpg\" \/>\n\t<meta property=\"og:image:width\" content=\"448\" \/>\n\t<meta property=\"og:image:height\" content=\"448\" \/>\n\t<meta property=\"og:image:type\" content=\"image\/jpeg\" \/>\n<meta name=\"twitter:card\" content=\"summary_large_image\" \/>\n<meta name=\"twitter:label1\" content=\"Est. reading time\" \/>\n\t<meta name=\"twitter:data1\" content=\"2 minutes\" \/>\n<script type=\"application\/ld+json\" class=\"yoast-schema-graph\">{\"@context\":\"https:\\\/\\\/schema.org\",\"@graph\":[{\"@type\":\"WebPage\",\"@id\":\"https:\\\/\\\/pk-records.nl\\\/index.php\\\/product\\\/the-monastic-choir-of-the-holy-trinity-st-sergius-monastery-zagorsk-choir-of-the-moscow-ecclesiastical-academy\\\/\",\"url\":\"https:\\\/\\\/pk-records.nl\\\/index.php\\\/product\\\/the-monastic-choir-of-the-holy-trinity-st-sergius-monastery-zagorsk-choir-of-the-moscow-ecclesiastical-academy\\\/\",\"name\":\"The Monastic Choir Of The Holy Trinity - St. Sergius Monastery (Zagorsk), Choir Of The Moscow Ecclesiastical Academy - PK-records\",\"isPartOf\":{\"@id\":\"https:\\\/\\\/pk-records.nl\\\/#website\"},\"primaryImageOfPage\":{\"@id\":\"https:\\\/\\\/pk-records.nl\\\/index.php\\\/product\\\/the-monastic-choir-of-the-holy-trinity-st-sergius-monastery-zagorsk-choir-of-the-moscow-ecclesiastical-academy\\\/#primaryimage\"},\"image\":{\"@id\":\"https:\\\/\\\/pk-records.nl\\\/index.php\\\/product\\\/the-monastic-choir-of-the-holy-trinity-st-sergius-monastery-zagorsk-choir-of-the-moscow-ecclesiastical-academy\\\/#primaryimage\"},\"thumbnailUrl\":\"https:\\\/\\\/pk-records.nl\\\/wp-content\\\/uploads\\\/5502.jpg\",\"datePublished\":\"2024-01-18T20:13:35+00:00\",\"dateModified\":\"2024-01-18T20:13:36+00:00\",\"breadcrumb\":{\"@id\":\"https:\\\/\\\/pk-records.nl\\\/index.php\\\/product\\\/the-monastic-choir-of-the-holy-trinity-st-sergius-monastery-zagorsk-choir-of-the-moscow-ecclesiastical-academy\\\/#breadcrumb\"},\"inLanguage\":\"en-US\",\"potentialAction\":[{\"@type\":\"ReadAction\",\"target\":[\"https:\\\/\\\/pk-records.nl\\\/index.php\\\/product\\\/the-monastic-choir-of-the-holy-trinity-st-sergius-monastery-zagorsk-choir-of-the-moscow-ecclesiastical-academy\\\/\"]}]},{\"@type\":\"ImageObject\",\"inLanguage\":\"en-US\",\"@id\":\"https:\\\/\\\/pk-records.nl\\\/index.php\\\/product\\\/the-monastic-choir-of-the-holy-trinity-st-sergius-monastery-zagorsk-choir-of-the-moscow-ecclesiastical-academy\\\/#primaryimage\",\"url\":\"https:\\\/\\\/pk-records.nl\\\/wp-content\\\/uploads\\\/5502.jpg\",\"contentUrl\":\"https:\\\/\\\/pk-records.nl\\\/wp-content\\\/uploads\\\/5502.jpg\",\"width\":448,\"height\":448},{\"@type\":\"BreadcrumbList\",\"@id\":\"https:\\\/\\\/pk-records.nl\\\/index.php\\\/product\\\/the-monastic-choir-of-the-holy-trinity-st-sergius-monastery-zagorsk-choir-of-the-moscow-ecclesiastical-academy\\\/#breadcrumb\",\"itemListElement\":[{\"@type\":\"ListItem\",\"position\":1,\"name\":\"Home\",\"item\":\"https:\\\/\\\/pk-records.nl\\\/\"},{\"@type\":\"ListItem\",\"position\":2,\"name\":\"Shop\",\"item\":\"https:\\\/\\\/pk-records.nl\\\/index.php\\\/shop\\\/\"},{\"@type\":\"ListItem\",\"position\":3,\"name\":\"The Monastic Choir Of The Holy Trinity &#8211; St. Sergius Monastery (Zagorsk), Choir Of The Moscow Ecclesiastical Academy\"}]},{\"@type\":\"WebSite\",\"@id\":\"https:\\\/\\\/pk-records.nl\\\/#website\",\"url\":\"https:\\\/\\\/pk-records.nl\\\/\",\"name\":\"PK-records\",\"description\":\"\",\"publisher\":{\"@id\":\"https:\\\/\\\/pk-records.nl\\\/#organization\"},\"potentialAction\":[{\"@type\":\"SearchAction\",\"target\":{\"@type\":\"EntryPoint\",\"urlTemplate\":\"https:\\\/\\\/pk-records.nl\\\/?s={search_term_string}\"},\"query-input\":{\"@type\":\"PropertyValueSpecification\",\"valueRequired\":true,\"valueName\":\"search_term_string\"}}],\"inLanguage\":\"en-US\"},{\"@type\":\"Organization\",\"@id\":\"https:\\\/\\\/pk-records.nl\\\/#organization\",\"name\":\"PK-records\",\"url\":\"https:\\\/\\\/pk-records.nl\\\/\",\"logo\":{\"@type\":\"ImageObject\",\"inLanguage\":\"en-US\",\"@id\":\"https:\\\/\\\/pk-records.nl\\\/#\\\/schema\\\/logo\\\/image\\\/\",\"url\":\"https:\\\/\\\/pk-records.nl\\\/wp-content\\\/uploads\\\/cropped-logoPK-records.png\",\"contentUrl\":\"https:\\\/\\\/pk-records.nl\\\/wp-content\\\/uploads\\\/cropped-logoPK-records.png\",\"width\":510,\"height\":162,\"caption\":\"PK-records\"},\"image\":{\"@id\":\"https:\\\/\\\/pk-records.nl\\\/#\\\/schema\\\/logo\\\/image\\\/\"}}]}<\/script>\n<!-- \/ Yoast SEO plugin. -->","yoast_head_json":{"title":"The Monastic Choir Of The Holy Trinity - St. Sergius Monastery (Zagorsk), Choir Of The Moscow Ecclesiastical Academy - PK-records","robots":{"index":"index","follow":"follow","max-snippet":"max-snippet:-1","max-image-preview":"max-image-preview:large","max-video-preview":"max-video-preview:-1"},"canonical":"https:\/\/pk-records.nl\/index.php\/product\/the-monastic-choir-of-the-holy-trinity-st-sergius-monastery-zagorsk-choir-of-the-moscow-ecclesiastical-academy\/","og_locale":"en_US","og_type":"article","og_title":"The Monastic Choir Of The Holy Trinity - St. Sergius Monastery (Zagorsk), Choir Of The Moscow Ecclesiastical Academy - PK-records","og_description":"Artist: The Monastic Choir Of The Holy Trinity - St. Sergius Monastery (Zagorsk), Choir Of The Moscow Ecclesiastical AcademyTitel: Divine Liturgie Orthodoxe A Zagorsk","og_url":"https:\/\/pk-records.nl\/index.php\/product\/the-monastic-choir-of-the-holy-trinity-st-sergius-monastery-zagorsk-choir-of-the-moscow-ecclesiastical-academy\/","og_site_name":"PK-records","article_modified_time":"2024-01-18T20:13:36+00:00","og_image":[{"width":448,"height":448,"url":"https:\/\/pk-records.nl\/wp-content\/uploads\/5502.jpg","type":"image\/jpeg"}],"twitter_card":"summary_large_image","twitter_misc":{"Est. reading time":"2 minutes"},"schema":{"@context":"https:\/\/schema.org","@graph":[{"@type":"WebPage","@id":"https:\/\/pk-records.nl\/index.php\/product\/the-monastic-choir-of-the-holy-trinity-st-sergius-monastery-zagorsk-choir-of-the-moscow-ecclesiastical-academy\/","url":"https:\/\/pk-records.nl\/index.php\/product\/the-monastic-choir-of-the-holy-trinity-st-sergius-monastery-zagorsk-choir-of-the-moscow-ecclesiastical-academy\/","name":"The Monastic Choir Of The Holy Trinity - St. Sergius Monastery (Zagorsk), Choir Of The Moscow Ecclesiastical Academy - PK-records","isPartOf":{"@id":"https:\/\/pk-records.nl\/#website"},"primaryImageOfPage":{"@id":"https:\/\/pk-records.nl\/index.php\/product\/the-monastic-choir-of-the-holy-trinity-st-sergius-monastery-zagorsk-choir-of-the-moscow-ecclesiastical-academy\/#primaryimage"},"image":{"@id":"https:\/\/pk-records.nl\/index.php\/product\/the-monastic-choir-of-the-holy-trinity-st-sergius-monastery-zagorsk-choir-of-the-moscow-ecclesiastical-academy\/#primaryimage"},"thumbnailUrl":"https:\/\/pk-records.nl\/wp-content\/uploads\/5502.jpg","datePublished":"2024-01-18T20:13:35+00:00","dateModified":"2024-01-18T20:13:36+00:00","breadcrumb":{"@id":"https:\/\/pk-records.nl\/index.php\/product\/the-monastic-choir-of-the-holy-trinity-st-sergius-monastery-zagorsk-choir-of-the-moscow-ecclesiastical-academy\/#breadcrumb"},"inLanguage":"en-US","potentialAction":[{"@type":"ReadAction","target":["https:\/\/pk-records.nl\/index.php\/product\/the-monastic-choir-of-the-holy-trinity-st-sergius-monastery-zagorsk-choir-of-the-moscow-ecclesiastical-academy\/"]}]},{"@type":"ImageObject","inLanguage":"en-US","@id":"https:\/\/pk-records.nl\/index.php\/product\/the-monastic-choir-of-the-holy-trinity-st-sergius-monastery-zagorsk-choir-of-the-moscow-ecclesiastical-academy\/#primaryimage","url":"https:\/\/pk-records.nl\/wp-content\/uploads\/5502.jpg","contentUrl":"https:\/\/pk-records.nl\/wp-content\/uploads\/5502.jpg","width":448,"height":448},{"@type":"BreadcrumbList","@id":"https:\/\/pk-records.nl\/index.php\/product\/the-monastic-choir-of-the-holy-trinity-st-sergius-monastery-zagorsk-choir-of-the-moscow-ecclesiastical-academy\/#breadcrumb","itemListElement":[{"@type":"ListItem","position":1,"name":"Home","item":"https:\/\/pk-records.nl\/"},{"@type":"ListItem","position":2,"name":"Shop","item":"https:\/\/pk-records.nl\/index.php\/shop\/"},{"@type":"ListItem","position":3,"name":"The Monastic Choir Of The Holy Trinity &#8211; St. Sergius Monastery (Zagorsk), Choir Of The Moscow Ecclesiastical Academy"}]},{"@type":"WebSite","@id":"https:\/\/pk-records.nl\/#website","url":"https:\/\/pk-records.nl\/","name":"PK-records","description":"","publisher":{"@id":"https:\/\/pk-records.nl\/#organization"},"potentialAction":[{"@type":"SearchAction","target":{"@type":"EntryPoint","urlTemplate":"https:\/\/pk-records.nl\/?s={search_term_string}"},"query-input":{"@type":"PropertyValueSpecification","valueRequired":true,"valueName":"search_term_string"}}],"inLanguage":"en-US"},{"@type":"Organization","@id":"https:\/\/pk-records.nl\/#organization","name":"PK-records","url":"https:\/\/pk-records.nl\/","logo":{"@type":"ImageObject","inLanguage":"en-US","@id":"https:\/\/pk-records.nl\/#\/schema\/logo\/image\/","url":"https:\/\/pk-records.nl\/wp-content\/uploads\/cropped-logoPK-records.png","contentUrl":"https:\/\/pk-records.nl\/wp-content\/uploads\/cropped-logoPK-records.png","width":510,"height":162,"caption":"PK-records"},"image":{"@id":"https:\/\/pk-records.nl\/#\/schema\/logo\/image\/"}}]}},"jetpack_sharing_enabled":true,"_links":{"self":[{"href":"https:\/\/pk-records.nl\/index.php\/wp-json\/wp\/v2\/product\/13193","targetHints":{"allow":["GET"]}}],"collection":[{"href":"https:\/\/pk-records.nl\/index.php\/wp-json\/wp\/v2\/product"}],"about":[{"href":"https:\/\/pk-records.nl\/index.php\/wp-json\/wp\/v2\/types\/product"}],"wp:featuredmedia":[{"embeddable":true,"href":"https:\/\/pk-records.nl\/index.php\/wp-json\/wp\/v2\/media\/11837"}],"wp:attachment":[{"href":"https:\/\/pk-records.nl\/index.php\/wp-json\/wp\/v2\/media?parent=13193"}],"wp:term":[{"taxonomy":"product_brand","embeddable":true,"href":"https:\/\/pk-records.nl\/index.php\/wp-json\/wp\/v2\/product_brand?post=13193"},{"taxonomy":"product_cat","embeddable":true,"href":"https:\/\/pk-records.nl\/index.php\/wp-json\/wp\/v2\/product_cat?post=13193"},{"taxonomy":"product_tag","embeddable":true,"href":"https:\/\/pk-records.nl\/index.php\/wp-json\/wp\/v2\/product_tag?post=13193"}],"curies":[{"name":"wp","href":"https:\/\/api.w.org\/{rel}","templated":true}]}}