{"id":13265,"date":"2024-01-18T21:13:59","date_gmt":"2024-01-18T20:13:59","guid":{"rendered":"https:\/\/pk-records.nl\/index.php\/product\/mihail-milkov-choeurs-dhommes-de-la-radio-television-bulgare\/"},"modified":"2024-01-18T21:14:07","modified_gmt":"2024-01-18T20:14:07","slug":"mihail-milkov-choeurs-dhommes-de-la-radio-television-bulgare","status":"publish","type":"product","link":"https:\/\/pk-records.nl\/index.php\/product\/mihail-milkov-choeurs-dhommes-de-la-radio-television-bulgare\/","title":{"rendered":"Mihail Milkov, Choeurs D&#8217;hommes De La Radio-T\u00e9l\u00e9vision Bulgare"},"content":{"rendered":"<table  class=\" table table-hover\" border=\"0\" cellspacing=\"0\" cellpadding=\"0\">\n<tbody>\n<tr>\n<td valign=\"top\" width=\"270\"><strong>Format<\/strong>: LP<br \/>\n<strong>Release ID<\/strong>: HMB 105<br \/>\n<strong>Release date<\/strong>:<br \/>\n<strong>Genre<\/strong>: Classical, Religious<br \/>\n<strong>Condition record<\/strong>: Near Mint (NM or M-)<br \/>\n<strong>Condition sleeve<\/strong>: Near Mint (NM or M-)<\/td>\n<td width=\"15\"><\/td>\n<td valign=\"top\" width=\"270\"><strong>Tracklis<\/strong>t:<br \/>\nDostoino Est,,<br \/>Outoli Bolezni,,<br \/>Pokayania,,<br \/>Slava Vo Vichnih Bogou,,<br \/>Tebe Poem,,<br \/>Otche Nach,,<br \/>Herouvimska,,<br \/>Hvalite Imia Gospodne,,<br \/>Blajen Mouj,,<\/td>\n<\/tr>\n<\/tbody>\n<\/table>\n<p><strong>Comments<\/strong>: <\/p>\n<p>*excl.shipping<\/p>\n","protected":false},"excerpt":{"rendered":"<p><strong>Artist: <\/strong> <span style=\"color: #1e4c0b; font-weight: 600;\">Mihail Milkov, Choeurs D&#8217;hommes De La Radio-T\u00e9l\u00e9vision Bulgare<\/span><strong><BR>Titel: <\/strong>Grande Liturgie Orthodoxe Slave Volume 2 <BR><BR><BR><BR><\/p>\n","protected":false},"featured_media":11852,"template":"","meta":[],"product_brand":[],"product_cat":[132],"product_tag":[145],"class_list":{"0":"post-13265","1":"product","2":"type-product","3":"status-publish","4":"has-post-thumbnail","6":"product_cat-classical-religious","7":"product_tag-vinyl","9":"first","10":"instock","11":"purchasable","12":"product-type-simple"},"yoast_head":"<!-- This site is optimized with the Yoast SEO plugin v27.4 - https:\/\/yoast.com\/product\/yoast-seo-wordpress\/ -->\n<title>Mihail Milkov, Choeurs D&#039;hommes De La Radio-T\u00e9l\u00e9vision Bulgare - PK-records<\/title>\n<meta name=\"robots\" content=\"index, follow, max-snippet:-1, max-image-preview:large, max-video-preview:-1\" \/>\n<link rel=\"canonical\" href=\"https:\/\/pk-records.nl\/index.php\/product\/mihail-milkov-choeurs-dhommes-de-la-radio-television-bulgare\/\" \/>\n<meta property=\"og:locale\" content=\"en_US\" \/>\n<meta property=\"og:type\" content=\"article\" \/>\n<meta property=\"og:title\" content=\"Mihail Milkov, Choeurs D&#039;hommes De La Radio-T\u00e9l\u00e9vision Bulgare - PK-records\" \/>\n<meta property=\"og:description\" content=\"Artist: Mihail Milkov, Choeurs D&#039;hommes De La Radio-T\u00e9l\u00e9vision BulgareTitel: Grande Liturgie Orthodoxe Slave Volume 2\" \/>\n<meta property=\"og:url\" content=\"https:\/\/pk-records.nl\/index.php\/product\/mihail-milkov-choeurs-dhommes-de-la-radio-television-bulgare\/\" \/>\n<meta property=\"og:site_name\" content=\"PK-records\" \/>\n<meta property=\"article:modified_time\" content=\"2024-01-18T20:14:07+00:00\" \/>\n<meta property=\"og:image\" content=\"https:\/\/pk-records.nl\/wp-content\/uploads\/5530.jpg\" \/>\n\t<meta property=\"og:image:width\" content=\"600\" \/>\n\t<meta property=\"og:image:height\" content=\"600\" \/>\n\t<meta property=\"og:image:type\" content=\"image\/jpeg\" \/>\n<meta name=\"twitter:card\" content=\"summary_large_image\" \/>\n<script type=\"application\/ld+json\" class=\"yoast-schema-graph\">{\"@context\":\"https:\\\/\\\/schema.org\",\"@graph\":[{\"@type\":\"WebPage\",\"@id\":\"https:\\\/\\\/pk-records.nl\\\/index.php\\\/product\\\/mihail-milkov-choeurs-dhommes-de-la-radio-television-bulgare\\\/\",\"url\":\"https:\\\/\\\/pk-records.nl\\\/index.php\\\/product\\\/mihail-milkov-choeurs-dhommes-de-la-radio-television-bulgare\\\/\",\"name\":\"Mihail Milkov, Choeurs D'hommes De La Radio-T\u00e9l\u00e9vision Bulgare - PK-records\",\"isPartOf\":{\"@id\":\"https:\\\/\\\/pk-records.nl\\\/#website\"},\"primaryImageOfPage\":{\"@id\":\"https:\\\/\\\/pk-records.nl\\\/index.php\\\/product\\\/mihail-milkov-choeurs-dhommes-de-la-radio-television-bulgare\\\/#primaryimage\"},\"image\":{\"@id\":\"https:\\\/\\\/pk-records.nl\\\/index.php\\\/product\\\/mihail-milkov-choeurs-dhommes-de-la-radio-television-bulgare\\\/#primaryimage\"},\"thumbnailUrl\":\"https:\\\/\\\/pk-records.nl\\\/wp-content\\\/uploads\\\/5530.jpg\",\"datePublished\":\"2024-01-18T20:13:59+00:00\",\"dateModified\":\"2024-01-18T20:14:07+00:00\",\"breadcrumb\":{\"@id\":\"https:\\\/\\\/pk-records.nl\\\/index.php\\\/product\\\/mihail-milkov-choeurs-dhommes-de-la-radio-television-bulgare\\\/#breadcrumb\"},\"inLanguage\":\"en-US\",\"potentialAction\":[{\"@type\":\"ReadAction\",\"target\":[\"https:\\\/\\\/pk-records.nl\\\/index.php\\\/product\\\/mihail-milkov-choeurs-dhommes-de-la-radio-television-bulgare\\\/\"]}]},{\"@type\":\"ImageObject\",\"inLanguage\":\"en-US\",\"@id\":\"https:\\\/\\\/pk-records.nl\\\/index.php\\\/product\\\/mihail-milkov-choeurs-dhommes-de-la-radio-television-bulgare\\\/#primaryimage\",\"url\":\"https:\\\/\\\/pk-records.nl\\\/wp-content\\\/uploads\\\/5530.jpg\",\"contentUrl\":\"https:\\\/\\\/pk-records.nl\\\/wp-content\\\/uploads\\\/5530.jpg\",\"width\":600,\"height\":600},{\"@type\":\"BreadcrumbList\",\"@id\":\"https:\\\/\\\/pk-records.nl\\\/index.php\\\/product\\\/mihail-milkov-choeurs-dhommes-de-la-radio-television-bulgare\\\/#breadcrumb\",\"itemListElement\":[{\"@type\":\"ListItem\",\"position\":1,\"name\":\"Home\",\"item\":\"https:\\\/\\\/pk-records.nl\\\/\"},{\"@type\":\"ListItem\",\"position\":2,\"name\":\"Shop\",\"item\":\"https:\\\/\\\/pk-records.nl\\\/index.php\\\/shop\\\/\"},{\"@type\":\"ListItem\",\"position\":3,\"name\":\"Mihail Milkov, Choeurs D&#8217;hommes De La Radio-T\u00e9l\u00e9vision Bulgare\"}]},{\"@type\":\"WebSite\",\"@id\":\"https:\\\/\\\/pk-records.nl\\\/#website\",\"url\":\"https:\\\/\\\/pk-records.nl\\\/\",\"name\":\"PK-records\",\"description\":\"\",\"publisher\":{\"@id\":\"https:\\\/\\\/pk-records.nl\\\/#organization\"},\"potentialAction\":[{\"@type\":\"SearchAction\",\"target\":{\"@type\":\"EntryPoint\",\"urlTemplate\":\"https:\\\/\\\/pk-records.nl\\\/?s={search_term_string}\"},\"query-input\":{\"@type\":\"PropertyValueSpecification\",\"valueRequired\":true,\"valueName\":\"search_term_string\"}}],\"inLanguage\":\"en-US\"},{\"@type\":\"Organization\",\"@id\":\"https:\\\/\\\/pk-records.nl\\\/#organization\",\"name\":\"PK-records\",\"url\":\"https:\\\/\\\/pk-records.nl\\\/\",\"logo\":{\"@type\":\"ImageObject\",\"inLanguage\":\"en-US\",\"@id\":\"https:\\\/\\\/pk-records.nl\\\/#\\\/schema\\\/logo\\\/image\\\/\",\"url\":\"https:\\\/\\\/pk-records.nl\\\/wp-content\\\/uploads\\\/cropped-logoPK-records.png\",\"contentUrl\":\"https:\\\/\\\/pk-records.nl\\\/wp-content\\\/uploads\\\/cropped-logoPK-records.png\",\"width\":510,\"height\":162,\"caption\":\"PK-records\"},\"image\":{\"@id\":\"https:\\\/\\\/pk-records.nl\\\/#\\\/schema\\\/logo\\\/image\\\/\"}}]}<\/script>\n<!-- \/ Yoast SEO plugin. -->","yoast_head_json":{"title":"Mihail Milkov, Choeurs D'hommes De La Radio-T\u00e9l\u00e9vision Bulgare - PK-records","robots":{"index":"index","follow":"follow","max-snippet":"max-snippet:-1","max-image-preview":"max-image-preview:large","max-video-preview":"max-video-preview:-1"},"canonical":"https:\/\/pk-records.nl\/index.php\/product\/mihail-milkov-choeurs-dhommes-de-la-radio-television-bulgare\/","og_locale":"en_US","og_type":"article","og_title":"Mihail Milkov, Choeurs D'hommes De La Radio-T\u00e9l\u00e9vision Bulgare - PK-records","og_description":"Artist: Mihail Milkov, Choeurs D'hommes De La Radio-T\u00e9l\u00e9vision BulgareTitel: Grande Liturgie Orthodoxe Slave Volume 2","og_url":"https:\/\/pk-records.nl\/index.php\/product\/mihail-milkov-choeurs-dhommes-de-la-radio-television-bulgare\/","og_site_name":"PK-records","article_modified_time":"2024-01-18T20:14:07+00:00","og_image":[{"width":600,"height":600,"url":"https:\/\/pk-records.nl\/wp-content\/uploads\/5530.jpg","type":"image\/jpeg"}],"twitter_card":"summary_large_image","schema":{"@context":"https:\/\/schema.org","@graph":[{"@type":"WebPage","@id":"https:\/\/pk-records.nl\/index.php\/product\/mihail-milkov-choeurs-dhommes-de-la-radio-television-bulgare\/","url":"https:\/\/pk-records.nl\/index.php\/product\/mihail-milkov-choeurs-dhommes-de-la-radio-television-bulgare\/","name":"Mihail Milkov, Choeurs D'hommes De La Radio-T\u00e9l\u00e9vision Bulgare - PK-records","isPartOf":{"@id":"https:\/\/pk-records.nl\/#website"},"primaryImageOfPage":{"@id":"https:\/\/pk-records.nl\/index.php\/product\/mihail-milkov-choeurs-dhommes-de-la-radio-television-bulgare\/#primaryimage"},"image":{"@id":"https:\/\/pk-records.nl\/index.php\/product\/mihail-milkov-choeurs-dhommes-de-la-radio-television-bulgare\/#primaryimage"},"thumbnailUrl":"https:\/\/pk-records.nl\/wp-content\/uploads\/5530.jpg","datePublished":"2024-01-18T20:13:59+00:00","dateModified":"2024-01-18T20:14:07+00:00","breadcrumb":{"@id":"https:\/\/pk-records.nl\/index.php\/product\/mihail-milkov-choeurs-dhommes-de-la-radio-television-bulgare\/#breadcrumb"},"inLanguage":"en-US","potentialAction":[{"@type":"ReadAction","target":["https:\/\/pk-records.nl\/index.php\/product\/mihail-milkov-choeurs-dhommes-de-la-radio-television-bulgare\/"]}]},{"@type":"ImageObject","inLanguage":"en-US","@id":"https:\/\/pk-records.nl\/index.php\/product\/mihail-milkov-choeurs-dhommes-de-la-radio-television-bulgare\/#primaryimage","url":"https:\/\/pk-records.nl\/wp-content\/uploads\/5530.jpg","contentUrl":"https:\/\/pk-records.nl\/wp-content\/uploads\/5530.jpg","width":600,"height":600},{"@type":"BreadcrumbList","@id":"https:\/\/pk-records.nl\/index.php\/product\/mihail-milkov-choeurs-dhommes-de-la-radio-television-bulgare\/#breadcrumb","itemListElement":[{"@type":"ListItem","position":1,"name":"Home","item":"https:\/\/pk-records.nl\/"},{"@type":"ListItem","position":2,"name":"Shop","item":"https:\/\/pk-records.nl\/index.php\/shop\/"},{"@type":"ListItem","position":3,"name":"Mihail Milkov, Choeurs D&#8217;hommes De La Radio-T\u00e9l\u00e9vision Bulgare"}]},{"@type":"WebSite","@id":"https:\/\/pk-records.nl\/#website","url":"https:\/\/pk-records.nl\/","name":"PK-records","description":"","publisher":{"@id":"https:\/\/pk-records.nl\/#organization"},"potentialAction":[{"@type":"SearchAction","target":{"@type":"EntryPoint","urlTemplate":"https:\/\/pk-records.nl\/?s={search_term_string}"},"query-input":{"@type":"PropertyValueSpecification","valueRequired":true,"valueName":"search_term_string"}}],"inLanguage":"en-US"},{"@type":"Organization","@id":"https:\/\/pk-records.nl\/#organization","name":"PK-records","url":"https:\/\/pk-records.nl\/","logo":{"@type":"ImageObject","inLanguage":"en-US","@id":"https:\/\/pk-records.nl\/#\/schema\/logo\/image\/","url":"https:\/\/pk-records.nl\/wp-content\/uploads\/cropped-logoPK-records.png","contentUrl":"https:\/\/pk-records.nl\/wp-content\/uploads\/cropped-logoPK-records.png","width":510,"height":162,"caption":"PK-records"},"image":{"@id":"https:\/\/pk-records.nl\/#\/schema\/logo\/image\/"}}]}},"jetpack_sharing_enabled":true,"_links":{"self":[{"href":"https:\/\/pk-records.nl\/index.php\/wp-json\/wp\/v2\/product\/13265","targetHints":{"allow":["GET"]}}],"collection":[{"href":"https:\/\/pk-records.nl\/index.php\/wp-json\/wp\/v2\/product"}],"about":[{"href":"https:\/\/pk-records.nl\/index.php\/wp-json\/wp\/v2\/types\/product"}],"wp:featuredmedia":[{"embeddable":true,"href":"https:\/\/pk-records.nl\/index.php\/wp-json\/wp\/v2\/media\/11852"}],"wp:attachment":[{"href":"https:\/\/pk-records.nl\/index.php\/wp-json\/wp\/v2\/media?parent=13265"}],"wp:term":[{"taxonomy":"product_brand","embeddable":true,"href":"https:\/\/pk-records.nl\/index.php\/wp-json\/wp\/v2\/product_brand?post=13265"},{"taxonomy":"product_cat","embeddable":true,"href":"https:\/\/pk-records.nl\/index.php\/wp-json\/wp\/v2\/product_cat?post=13265"},{"taxonomy":"product_tag","embeddable":true,"href":"https:\/\/pk-records.nl\/index.php\/wp-json\/wp\/v2\/product_tag?post=13265"}],"curies":[{"name":"wp","href":"https:\/\/api.w.org\/{rel}","templated":true}]}}