{"id":13299,"date":"2024-01-18T21:14:18","date_gmt":"2024-01-18T20:14:18","guid":{"rendered":"https:\/\/pk-records.nl\/index.php\/product\/tomaso-albinoni-pierre-pierlot-i-solisti-veneti-claudio-scimone-maurice-andre-kammerorchester-des-saarlandischen-rundfunks-saarbrucken-karl-ristenpart\/"},"modified":"2024-01-18T21:14:21","modified_gmt":"2024-01-18T20:14:21","slug":"tomaso-albinoni-pierre-pierlot-i-solisti-veneti-claudio-scimone-maurice-andre-kammerorchester-des-saarlandischen-rundfunks-saarbrucken-karl-ristenpart","status":"publish","type":"product","link":"https:\/\/pk-records.nl\/index.php\/product\/tomaso-albinoni-pierre-pierlot-i-solisti-veneti-claudio-scimone-maurice-andre-kammerorchester-des-saarlandischen-rundfunks-saarbrucken-karl-ristenpart\/","title":{"rendered":"Tomaso Albinoni, Pierre Pierlot, I Solisti Veneti, Claudio Scimone, Maurice Andr\u00e9, Kammerorchester Des Saarl\u00e4ndischen Rundfunks, Saarbr\u00fccken, Karl Ristenpart"},"content":{"rendered":"<table  class=\" table table-hover\" border=\"0\" cellspacing=\"0\" cellpadding=\"0\">\n<tbody>\n<tr>\n<td valign=\"top\" width=\"270\"><strong>Format<\/strong>: 3LP<br \/>\n<strong>Release ID<\/strong>: ERA-60302<br \/>\n<strong>Release date<\/strong>: 1981<br \/>\n<strong>Genre<\/strong>: Classical, Baroque<br \/>\n<strong>Condition record<\/strong>: Very Good Plus (VG+)<br \/>\n<strong>Condition sleeve<\/strong>: Near Mint (NM or M-)<\/td>\n<td width=\"15\"><\/td>\n<td valign=\"top\" width=\"270\"><strong>Tracklis<\/strong>t:<br \/>\nAdagio In G. Kl.t. Voor Strijkers En Orgel,,<br \/>Concert Voor 2 Hobo&#8217;s, Strijkers En B.C. Op. 9 No. 9 In C Grt. \u2013 Allegro ,,<br \/>Concert Voor 2 Hobo&#8217;s, Strijkers En B.C. Op. 9 No. 9 In C Grt. \u2013 Adagio,,<br \/>Concert Voor 2 Hobo&#8217;s, Strijkers En B.C. Op. 9 No. 9 In C Grt. \u2013 Allegro,,<br \/>Concert Voor Trompet, Strijkers En B.C. Op 7 No. 6 In D Grt. \u2013 Allegro ,,<br \/>Concert Voor Trompet, Strijkers En B.C. Op 7 No. 6 In D Grt. \u2013 Adagio,,<br \/>Concert Voor Trompet, Strijkers En B.C. Op 7 No. 6 In D Grt. \u2013 Allegro ,,<br \/>Sinfonia Voor Strijkers En B.C. In Bes Grt. \u2013 Allegro,,<br \/>Sinfonia Voor Strijkers En B.C. In Bes Grt. \u2013 Adagio,,<br \/>Sinfonia Voor Strijkers En B.C. In Bes Grt. \u2013 Allegro,,<br \/>Sonate Voor Strijkers En B.C. In G Kl.t. \u2013 Adagio,,<br \/>Sonate Voor Strijkers En B.C. In G Kl.t. \u2013 Allegro,,<br \/>Sonate Voor Strijkers En B.C. In G Kl.t. \u2013 Grave,,<br \/>Sonate Voor Strijkers En B.C. In G Kl.t. \u2013 Allegro,,<br \/>Concerto No. 7 In D Grt. \u2013 Allegro,,<br \/>Concerto No. 7 In D Grt. \u2013 Adagio,,<br \/>Concerto No. 7 In D Grt. \u2013 Allegro,,<br \/>Concerto No. 8 In E Grt. \u2013 Allegro,,<br \/>Concerto No. 8 In E Grt. \u2013 Adagio,,<br \/>Concerto No. 8 In E Grt. \u2013 Allegro Assai,,<br \/>Concerto No. 3 In D Grt. \u2013 Allegro,,<br \/>Concerto No. 3 In D Grt. \u2013 Adagio\/Presto\/Adagio,,<br \/>Concerto No. 3 In D Grt. \u2013 Allegro,,<br \/>Concerto No. 4 In G Grt. \u2013 Allegro,,<br \/>Concerto No. 4 In G Grt. \u2013 Adagio,,<br \/>Concerto No. 4 In G Grt. \u2013 Allegro,,<br \/>Sinfonia In G Grt. \u2013 Allegro,,<br \/>Sinfonia In G Grt. \u2013 Andante,,<br \/>Sinfonia In G Grt. \u2013 Presto,,<br \/>Sinfonia In C Grt. \u2013 Allegro,,<br \/>Sinfonia In C Grt. \u2013 (Adagio &#8211; Allegro),,<br \/>Sinfonia In G Kl.t \u2013 Allegro,,<br \/>Sinfonia In G Kl.t \u2013 Larghetto,,<br \/>Sinfonia In G Kl.t \u2013 Allegro,,<br \/>Concert In D Kl.t Op. 9 No. 2 \u2013 Allegro,,<br \/>Concert In D Kl.t Op. 9 No. 2 \u2013 Adagio,,<br \/>Concert In D Kl.t Op. 9 No. 2 \u2013 Allegro,,<br \/>Concert In F Grt.t Op. 7 No. 9 \u2013 Allegro,,<br \/>Concert In F Grt.t Op. 7 No. 9 \u2013 Adagio,,<br \/>Concert In F Grt.t Op. 7 No. 9 \u2013 Allegro,,<br \/>Concert In G Kl.t. Op. 9 No. 8 \u2013 Allegro,,<br \/>Concert In G Kl.t. Op. 9 No. 8 \u2013 Adagio,,<br \/>Concert In G Kl.t. Op. 9 No. 8 \u2013 Allegro,,<br \/>Concert In Bes Grt. Op. 9 No. 11 \u2013 Allegro,,<br \/>Concert In Bes Grt. Op. 9 No. 11 \u2013 Adagio,,<br \/>Concert In Bes Grt. Op. 9 No. 11 \u2013 Allegro,,<br \/>Concert In D Grt. Op. 7 No. 6 \u2013 Allegro,,<br \/>Concert In D Grt. Op. 7 No. 6 \u2013 Adagio,,<br \/>Concert In D Grt. Op. 7 No. 6 \u2013 Allegro,,<br \/>Concert In C Grt. Op. 9 No. 5 \u2013 Allegro,,<br \/>Concert In C Grt. Op. 9 No. 5 \u2013 Adagio,,<br \/>Concert In C Grt. Op. 9 No. 5 \u2013 Allegro,,<\/td>\n<\/tr>\n<\/tbody>\n<\/table>\n<p><strong>Comments<\/strong>: <\/p>\n<p>*excl.shipping<\/p>\n","protected":false},"excerpt":{"rendered":"<p><strong>Artist: <\/strong> <span style=\"color: #1e4c0b; font-weight: 600;\">Tomaso Albinoni, Pierre Pierlot, I Solisti Veneti, Claudio Scimone, Maurice Andr\u00e9, Kammerorchester Des Saarl\u00e4ndischen Rundfunks, Saarbr\u00fccken, Karl Ristenpart<\/span><strong><BR>Titel: <\/strong>Hoboconcerten-Concerto&#8217;s-Sinfonia&#8217;s <BR><BR><BR><BR><\/p>\n","protected":false},"featured_media":11708,"template":"","meta":[],"product_brand":[],"product_cat":[133],"product_tag":[145],"class_list":{"0":"post-13299","1":"product","2":"type-product","3":"status-publish","4":"has-post-thumbnail","6":"product_cat-classical-baroque-3","7":"product_tag-vinyl","9":"first","10":"instock","11":"purchasable","12":"product-type-simple"},"yoast_head":"<!-- This site is optimized with the Yoast SEO plugin v27.3 - https:\/\/yoast.com\/product\/yoast-seo-wordpress\/ -->\n<title>Tomaso Albinoni, Pierre Pierlot, I Solisti Veneti, Claudio Scimone, Maurice Andr\u00e9, Kammerorchester Des Saarl\u00e4ndischen Rundfunks, Saarbr\u00fccken, Karl Ristenpart - PK-records<\/title>\n<meta name=\"robots\" content=\"index, follow, max-snippet:-1, max-image-preview:large, max-video-preview:-1\" \/>\n<link rel=\"canonical\" href=\"https:\/\/pk-records.nl\/index.php\/product\/tomaso-albinoni-pierre-pierlot-i-solisti-veneti-claudio-scimone-maurice-andre-kammerorchester-des-saarlandischen-rundfunks-saarbrucken-karl-ristenpart\/\" \/>\n<meta property=\"og:locale\" content=\"en_US\" \/>\n<meta property=\"og:type\" content=\"article\" \/>\n<meta property=\"og:title\" content=\"Tomaso Albinoni, Pierre Pierlot, I Solisti Veneti, Claudio Scimone, Maurice Andr\u00e9, Kammerorchester Des Saarl\u00e4ndischen Rundfunks, Saarbr\u00fccken, Karl Ristenpart - PK-records\" \/>\n<meta property=\"og:description\" content=\"Artist: Tomaso Albinoni, Pierre Pierlot, I Solisti Veneti, Claudio Scimone, Maurice Andr\u00e9, Kammerorchester Des Saarl\u00e4ndischen Rundfunks, Saarbr\u00fccken, Karl RistenpartTitel: Hoboconcerten-Concerto&#039;s-Sinfonia&#039;s\" \/>\n<meta property=\"og:url\" content=\"https:\/\/pk-records.nl\/index.php\/product\/tomaso-albinoni-pierre-pierlot-i-solisti-veneti-claudio-scimone-maurice-andre-kammerorchester-des-saarlandischen-rundfunks-saarbrucken-karl-ristenpart\/\" \/>\n<meta property=\"og:site_name\" content=\"PK-records\" \/>\n<meta property=\"article:modified_time\" content=\"2024-01-18T20:14:21+00:00\" \/>\n<meta property=\"og:image\" content=\"https:\/\/pk-records.nl\/wp-content\/uploads\/5347.jpg\" \/>\n\t<meta property=\"og:image:width\" content=\"600\" \/>\n\t<meta property=\"og:image:height\" content=\"601\" \/>\n\t<meta property=\"og:image:type\" content=\"image\/jpeg\" \/>\n<meta name=\"twitter:card\" content=\"summary_large_image\" \/>\n<meta name=\"twitter:label1\" content=\"Est. reading time\" \/>\n\t<meta name=\"twitter:data1\" content=\"2 minutes\" \/>\n<script type=\"application\/ld+json\" class=\"yoast-schema-graph\">{\"@context\":\"https:\\\/\\\/schema.org\",\"@graph\":[{\"@type\":\"WebPage\",\"@id\":\"https:\\\/\\\/pk-records.nl\\\/index.php\\\/product\\\/tomaso-albinoni-pierre-pierlot-i-solisti-veneti-claudio-scimone-maurice-andre-kammerorchester-des-saarlandischen-rundfunks-saarbrucken-karl-ristenpart\\\/\",\"url\":\"https:\\\/\\\/pk-records.nl\\\/index.php\\\/product\\\/tomaso-albinoni-pierre-pierlot-i-solisti-veneti-claudio-scimone-maurice-andre-kammerorchester-des-saarlandischen-rundfunks-saarbrucken-karl-ristenpart\\\/\",\"name\":\"Tomaso Albinoni, Pierre Pierlot, I Solisti Veneti, Claudio Scimone, Maurice Andr\u00e9, Kammerorchester Des Saarl\u00e4ndischen Rundfunks, Saarbr\u00fccken, Karl Ristenpart - PK-records\",\"isPartOf\":{\"@id\":\"https:\\\/\\\/pk-records.nl\\\/#website\"},\"primaryImageOfPage\":{\"@id\":\"https:\\\/\\\/pk-records.nl\\\/index.php\\\/product\\\/tomaso-albinoni-pierre-pierlot-i-solisti-veneti-claudio-scimone-maurice-andre-kammerorchester-des-saarlandischen-rundfunks-saarbrucken-karl-ristenpart\\\/#primaryimage\"},\"image\":{\"@id\":\"https:\\\/\\\/pk-records.nl\\\/index.php\\\/product\\\/tomaso-albinoni-pierre-pierlot-i-solisti-veneti-claudio-scimone-maurice-andre-kammerorchester-des-saarlandischen-rundfunks-saarbrucken-karl-ristenpart\\\/#primaryimage\"},\"thumbnailUrl\":\"https:\\\/\\\/pk-records.nl\\\/wp-content\\\/uploads\\\/5347.jpg\",\"datePublished\":\"2024-01-18T20:14:18+00:00\",\"dateModified\":\"2024-01-18T20:14:21+00:00\",\"breadcrumb\":{\"@id\":\"https:\\\/\\\/pk-records.nl\\\/index.php\\\/product\\\/tomaso-albinoni-pierre-pierlot-i-solisti-veneti-claudio-scimone-maurice-andre-kammerorchester-des-saarlandischen-rundfunks-saarbrucken-karl-ristenpart\\\/#breadcrumb\"},\"inLanguage\":\"en-US\",\"potentialAction\":[{\"@type\":\"ReadAction\",\"target\":[\"https:\\\/\\\/pk-records.nl\\\/index.php\\\/product\\\/tomaso-albinoni-pierre-pierlot-i-solisti-veneti-claudio-scimone-maurice-andre-kammerorchester-des-saarlandischen-rundfunks-saarbrucken-karl-ristenpart\\\/\"]}]},{\"@type\":\"ImageObject\",\"inLanguage\":\"en-US\",\"@id\":\"https:\\\/\\\/pk-records.nl\\\/index.php\\\/product\\\/tomaso-albinoni-pierre-pierlot-i-solisti-veneti-claudio-scimone-maurice-andre-kammerorchester-des-saarlandischen-rundfunks-saarbrucken-karl-ristenpart\\\/#primaryimage\",\"url\":\"https:\\\/\\\/pk-records.nl\\\/wp-content\\\/uploads\\\/5347.jpg\",\"contentUrl\":\"https:\\\/\\\/pk-records.nl\\\/wp-content\\\/uploads\\\/5347.jpg\",\"width\":600,\"height\":601},{\"@type\":\"BreadcrumbList\",\"@id\":\"https:\\\/\\\/pk-records.nl\\\/index.php\\\/product\\\/tomaso-albinoni-pierre-pierlot-i-solisti-veneti-claudio-scimone-maurice-andre-kammerorchester-des-saarlandischen-rundfunks-saarbrucken-karl-ristenpart\\\/#breadcrumb\",\"itemListElement\":[{\"@type\":\"ListItem\",\"position\":1,\"name\":\"Home\",\"item\":\"https:\\\/\\\/pk-records.nl\\\/\"},{\"@type\":\"ListItem\",\"position\":2,\"name\":\"Shop\",\"item\":\"https:\\\/\\\/pk-records.nl\\\/index.php\\\/shop\\\/\"},{\"@type\":\"ListItem\",\"position\":3,\"name\":\"Tomaso Albinoni, Pierre Pierlot, I Solisti Veneti, Claudio Scimone, Maurice Andr\u00e9, Kammerorchester Des Saarl\u00e4ndischen Rundfunks, Saarbr\u00fccken, Karl Ristenpart\"}]},{\"@type\":\"WebSite\",\"@id\":\"https:\\\/\\\/pk-records.nl\\\/#website\",\"url\":\"https:\\\/\\\/pk-records.nl\\\/\",\"name\":\"PK-records\",\"description\":\"\",\"publisher\":{\"@id\":\"https:\\\/\\\/pk-records.nl\\\/#organization\"},\"potentialAction\":[{\"@type\":\"SearchAction\",\"target\":{\"@type\":\"EntryPoint\",\"urlTemplate\":\"https:\\\/\\\/pk-records.nl\\\/?s={search_term_string}\"},\"query-input\":{\"@type\":\"PropertyValueSpecification\",\"valueRequired\":true,\"valueName\":\"search_term_string\"}}],\"inLanguage\":\"en-US\"},{\"@type\":\"Organization\",\"@id\":\"https:\\\/\\\/pk-records.nl\\\/#organization\",\"name\":\"PK-records\",\"url\":\"https:\\\/\\\/pk-records.nl\\\/\",\"logo\":{\"@type\":\"ImageObject\",\"inLanguage\":\"en-US\",\"@id\":\"https:\\\/\\\/pk-records.nl\\\/#\\\/schema\\\/logo\\\/image\\\/\",\"url\":\"https:\\\/\\\/pk-records.nl\\\/wp-content\\\/uploads\\\/cropped-logoPK-records.png\",\"contentUrl\":\"https:\\\/\\\/pk-records.nl\\\/wp-content\\\/uploads\\\/cropped-logoPK-records.png\",\"width\":510,\"height\":162,\"caption\":\"PK-records\"},\"image\":{\"@id\":\"https:\\\/\\\/pk-records.nl\\\/#\\\/schema\\\/logo\\\/image\\\/\"}}]}<\/script>\n<!-- \/ Yoast SEO plugin. -->","yoast_head_json":{"title":"Tomaso Albinoni, Pierre Pierlot, I Solisti Veneti, Claudio Scimone, Maurice Andr\u00e9, Kammerorchester Des Saarl\u00e4ndischen Rundfunks, Saarbr\u00fccken, Karl Ristenpart - PK-records","robots":{"index":"index","follow":"follow","max-snippet":"max-snippet:-1","max-image-preview":"max-image-preview:large","max-video-preview":"max-video-preview:-1"},"canonical":"https:\/\/pk-records.nl\/index.php\/product\/tomaso-albinoni-pierre-pierlot-i-solisti-veneti-claudio-scimone-maurice-andre-kammerorchester-des-saarlandischen-rundfunks-saarbrucken-karl-ristenpart\/","og_locale":"en_US","og_type":"article","og_title":"Tomaso Albinoni, Pierre Pierlot, I Solisti Veneti, Claudio Scimone, Maurice Andr\u00e9, Kammerorchester Des Saarl\u00e4ndischen Rundfunks, Saarbr\u00fccken, Karl Ristenpart - PK-records","og_description":"Artist: Tomaso Albinoni, Pierre Pierlot, I Solisti Veneti, Claudio Scimone, Maurice Andr\u00e9, Kammerorchester Des Saarl\u00e4ndischen Rundfunks, Saarbr\u00fccken, Karl RistenpartTitel: Hoboconcerten-Concerto's-Sinfonia's","og_url":"https:\/\/pk-records.nl\/index.php\/product\/tomaso-albinoni-pierre-pierlot-i-solisti-veneti-claudio-scimone-maurice-andre-kammerorchester-des-saarlandischen-rundfunks-saarbrucken-karl-ristenpart\/","og_site_name":"PK-records","article_modified_time":"2024-01-18T20:14:21+00:00","og_image":[{"width":600,"height":601,"url":"https:\/\/pk-records.nl\/wp-content\/uploads\/5347.jpg","type":"image\/jpeg"}],"twitter_card":"summary_large_image","twitter_misc":{"Est. reading time":"2 minutes"},"schema":{"@context":"https:\/\/schema.org","@graph":[{"@type":"WebPage","@id":"https:\/\/pk-records.nl\/index.php\/product\/tomaso-albinoni-pierre-pierlot-i-solisti-veneti-claudio-scimone-maurice-andre-kammerorchester-des-saarlandischen-rundfunks-saarbrucken-karl-ristenpart\/","url":"https:\/\/pk-records.nl\/index.php\/product\/tomaso-albinoni-pierre-pierlot-i-solisti-veneti-claudio-scimone-maurice-andre-kammerorchester-des-saarlandischen-rundfunks-saarbrucken-karl-ristenpart\/","name":"Tomaso Albinoni, Pierre Pierlot, I Solisti Veneti, Claudio Scimone, Maurice Andr\u00e9, Kammerorchester Des Saarl\u00e4ndischen Rundfunks, Saarbr\u00fccken, Karl Ristenpart - PK-records","isPartOf":{"@id":"https:\/\/pk-records.nl\/#website"},"primaryImageOfPage":{"@id":"https:\/\/pk-records.nl\/index.php\/product\/tomaso-albinoni-pierre-pierlot-i-solisti-veneti-claudio-scimone-maurice-andre-kammerorchester-des-saarlandischen-rundfunks-saarbrucken-karl-ristenpart\/#primaryimage"},"image":{"@id":"https:\/\/pk-records.nl\/index.php\/product\/tomaso-albinoni-pierre-pierlot-i-solisti-veneti-claudio-scimone-maurice-andre-kammerorchester-des-saarlandischen-rundfunks-saarbrucken-karl-ristenpart\/#primaryimage"},"thumbnailUrl":"https:\/\/pk-records.nl\/wp-content\/uploads\/5347.jpg","datePublished":"2024-01-18T20:14:18+00:00","dateModified":"2024-01-18T20:14:21+00:00","breadcrumb":{"@id":"https:\/\/pk-records.nl\/index.php\/product\/tomaso-albinoni-pierre-pierlot-i-solisti-veneti-claudio-scimone-maurice-andre-kammerorchester-des-saarlandischen-rundfunks-saarbrucken-karl-ristenpart\/#breadcrumb"},"inLanguage":"en-US","potentialAction":[{"@type":"ReadAction","target":["https:\/\/pk-records.nl\/index.php\/product\/tomaso-albinoni-pierre-pierlot-i-solisti-veneti-claudio-scimone-maurice-andre-kammerorchester-des-saarlandischen-rundfunks-saarbrucken-karl-ristenpart\/"]}]},{"@type":"ImageObject","inLanguage":"en-US","@id":"https:\/\/pk-records.nl\/index.php\/product\/tomaso-albinoni-pierre-pierlot-i-solisti-veneti-claudio-scimone-maurice-andre-kammerorchester-des-saarlandischen-rundfunks-saarbrucken-karl-ristenpart\/#primaryimage","url":"https:\/\/pk-records.nl\/wp-content\/uploads\/5347.jpg","contentUrl":"https:\/\/pk-records.nl\/wp-content\/uploads\/5347.jpg","width":600,"height":601},{"@type":"BreadcrumbList","@id":"https:\/\/pk-records.nl\/index.php\/product\/tomaso-albinoni-pierre-pierlot-i-solisti-veneti-claudio-scimone-maurice-andre-kammerorchester-des-saarlandischen-rundfunks-saarbrucken-karl-ristenpart\/#breadcrumb","itemListElement":[{"@type":"ListItem","position":1,"name":"Home","item":"https:\/\/pk-records.nl\/"},{"@type":"ListItem","position":2,"name":"Shop","item":"https:\/\/pk-records.nl\/index.php\/shop\/"},{"@type":"ListItem","position":3,"name":"Tomaso Albinoni, Pierre Pierlot, I Solisti Veneti, Claudio Scimone, Maurice Andr\u00e9, Kammerorchester Des Saarl\u00e4ndischen Rundfunks, Saarbr\u00fccken, Karl Ristenpart"}]},{"@type":"WebSite","@id":"https:\/\/pk-records.nl\/#website","url":"https:\/\/pk-records.nl\/","name":"PK-records","description":"","publisher":{"@id":"https:\/\/pk-records.nl\/#organization"},"potentialAction":[{"@type":"SearchAction","target":{"@type":"EntryPoint","urlTemplate":"https:\/\/pk-records.nl\/?s={search_term_string}"},"query-input":{"@type":"PropertyValueSpecification","valueRequired":true,"valueName":"search_term_string"}}],"inLanguage":"en-US"},{"@type":"Organization","@id":"https:\/\/pk-records.nl\/#organization","name":"PK-records","url":"https:\/\/pk-records.nl\/","logo":{"@type":"ImageObject","inLanguage":"en-US","@id":"https:\/\/pk-records.nl\/#\/schema\/logo\/image\/","url":"https:\/\/pk-records.nl\/wp-content\/uploads\/cropped-logoPK-records.png","contentUrl":"https:\/\/pk-records.nl\/wp-content\/uploads\/cropped-logoPK-records.png","width":510,"height":162,"caption":"PK-records"},"image":{"@id":"https:\/\/pk-records.nl\/#\/schema\/logo\/image\/"}}]}},"jetpack_sharing_enabled":true,"_links":{"self":[{"href":"https:\/\/pk-records.nl\/index.php\/wp-json\/wp\/v2\/product\/13299","targetHints":{"allow":["GET"]}}],"collection":[{"href":"https:\/\/pk-records.nl\/index.php\/wp-json\/wp\/v2\/product"}],"about":[{"href":"https:\/\/pk-records.nl\/index.php\/wp-json\/wp\/v2\/types\/product"}],"wp:featuredmedia":[{"embeddable":true,"href":"https:\/\/pk-records.nl\/index.php\/wp-json\/wp\/v2\/media\/11708"}],"wp:attachment":[{"href":"https:\/\/pk-records.nl\/index.php\/wp-json\/wp\/v2\/media?parent=13299"}],"wp:term":[{"taxonomy":"product_brand","embeddable":true,"href":"https:\/\/pk-records.nl\/index.php\/wp-json\/wp\/v2\/product_brand?post=13299"},{"taxonomy":"product_cat","embeddable":true,"href":"https:\/\/pk-records.nl\/index.php\/wp-json\/wp\/v2\/product_cat?post=13299"},{"taxonomy":"product_tag","embeddable":true,"href":"https:\/\/pk-records.nl\/index.php\/wp-json\/wp\/v2\/product_tag?post=13299"}],"curies":[{"name":"wp","href":"https:\/\/api.w.org\/{rel}","templated":true}]}}