{"id":13401,"date":"2024-01-18T21:14:59","date_gmt":"2024-01-18T20:14:59","guid":{"rendered":"https:\/\/pk-records.nl\/index.php\/product\/maria-farandouri\/"},"modified":"2024-01-18T21:15:08","modified_gmt":"2024-01-18T20:15:08","slug":"maria-farandouri","status":"publish","type":"product","link":"https:\/\/pk-records.nl\/index.php\/product\/maria-farandouri\/","title":{"rendered":"Maria Farandouri"},"content":{"rendered":"<table  class=\" table table-hover\" border=\"0\" cellspacing=\"0\" cellpadding=\"0\">\n<tbody>\n<tr>\n<td valign=\"top\" width=\"270\"><strong>Format<\/strong>: LP<br \/>\n<strong>Release ID<\/strong>: 88224<br \/>\n<strong>Release date<\/strong>: 1980<br \/>\n<strong>Genre<\/strong>: World &#038; Country<br \/>\n<strong>Condition record<\/strong>: Near Mint (NM or M-)<br \/>\n<strong>Condition sleeve<\/strong>: Near Mint (NM or M-)<\/td>\n<td width=\"15\"><\/td>\n<td valign=\"top\" width=\"270\"><strong>Tracklis<\/strong>t:<br \/>\n\u03a4\u03bf\u03c5 \u039c\u03b9\u03ba\u03c1\u03bf\u03cd \u0392\u03bf\u03c1\u03b7\u03ac \/ Tou Mikrou Vori\u00e1 = Dem Kleinen Nordwind,,2:27<br \/>\u0389\u03c4\u03b1\u03bd \u039a\u03b1\u03bc\u03ac\u03c1\u03b9 \u03c4\u03b7\u03c2 \u0391\u03c5\u03b3\u03ae\u03c2 \/ Itan Kamari Tis Avg\u00eds = Er War Der Stolz Des Jungen Morgens,,4:09<br \/>\u039a\u03b1\u03c1\u03c4\u03ad\u03c1\u03b5\u03bc\u03b1 \/ Kart\u00e9rema = Ausharren,,2:57<br \/>\u039f \u038e\u03c0\u03bd\u03bf\u03c2 \u03a3\u03b5 \u03a4\u03cd\u03bb\u03b9\u03be\u03b5 \/ O Ypnos Se Tilixe = Der Schlaf Umfing Dich,,2:38<br \/>\u039b\u03af\u03b3\u03bf \u0391\u03ba\u03cc\u03bc\u03b1 \/ Ligo Akoma = Nicht Mehr Lange,,2:38<br \/>\u03a3\u03c9\u03c4\u03ae\u03c1\u03b7\u03c2 \u03a0\u03ad\u03c4\u03c1\u03bf\u03c5\u03bb\u03b1\u03c2 = Sotiris Petroulas,,3:03<br \/>\u03a1\u03c9\u03bc\u03b7\u03c9\u03c3\u03cd\u03bd\u03b7 = Romiosini \/ (Griechentum),,2:25<br \/>\u0395\u03c0\u03b9\u03c6\u03ac\u03bd\u03b5\u03b9\u03b1 \/ Epiphania = Epiphanie,,<br \/>\u03a4\u03bf \u03a4\u03c1\u03b1\u03af\u03bd\u03bf \u03a6\u03b5\u03cd\u03b3\u03b5\u03b9 \u03a3\u03c4\u03b9\u03c2 \u039f\u03c7\u03c4\u03ce \/ To Tr\u00e9no F\u00e9vgi Stis Ocht\u00f3 = Der Zug F\u00e4hrt Um Acht,,3:45<br \/>\u0391\u03bd\u03c4\u03cc\u03bd\u03b9\u03c4\u03bf \u0395\u03bb \u039a\u03bf\u03bc\u03c0\u03bf\u03c1\u03af\u03bf \/ Antonito El Camporio = Der Tod Des Antonito El Camporio,,3:08<br \/>\u038c\u03bc\u03bf\u03c1\u03c6\u03b7 \u03a0\u03cc\u03bb\u03b7 \/ Omorfi Poli = Sch\u00f6ne Stadt,,3:56<br \/>\u03a3\u03c6\u03b1\u03b3\u03b5\u03af\u03bf \/ Sfhagio = Das Schlachthaus,,2:14<\/td>\n<\/tr>\n<\/tbody>\n<\/table>\n<p><strong>Comments<\/strong>: <\/p>\n<p>*excl.shipping<\/p>\n","protected":false},"excerpt":{"rendered":"<p><strong>Artist: <\/strong> <span style=\"color: #1e4c0b; font-weight: 600;\">Maria Farandouri<\/span><strong><BR>Titel: <\/strong>Lieder Aus Griechenland <BR><BR><BR><BR><\/p>\n","protected":false},"featured_media":11833,"template":"","meta":[],"product_brand":[],"product_cat":[72],"product_tag":[145],"class_list":{"0":"post-13401","1":"product","2":"type-product","3":"status-publish","4":"has-post-thumbnail","6":"product_cat-world-country","7":"product_tag-vinyl","9":"first","10":"instock","11":"purchasable","12":"product-type-simple"},"yoast_head":"<!-- This site is optimized with the Yoast SEO plugin v27.3 - https:\/\/yoast.com\/product\/yoast-seo-wordpress\/ -->\n<title>Maria Farandouri - PK-records<\/title>\n<meta name=\"robots\" content=\"index, follow, max-snippet:-1, max-image-preview:large, max-video-preview:-1\" \/>\n<link rel=\"canonical\" href=\"https:\/\/pk-records.nl\/index.php\/product\/maria-farandouri\/\" \/>\n<meta property=\"og:locale\" content=\"en_US\" \/>\n<meta property=\"og:type\" content=\"article\" \/>\n<meta property=\"og:title\" content=\"Maria Farandouri - PK-records\" \/>\n<meta property=\"og:description\" content=\"Artist: Maria FarandouriTitel: Lieder Aus Griechenland\" \/>\n<meta property=\"og:url\" content=\"https:\/\/pk-records.nl\/index.php\/product\/maria-farandouri\/\" \/>\n<meta property=\"og:site_name\" content=\"PK-records\" \/>\n<meta property=\"article:modified_time\" content=\"2024-01-18T20:15:08+00:00\" \/>\n<meta property=\"og:image\" content=\"https:\/\/pk-records.nl\/wp-content\/uploads\/5497.jpg\" \/>\n\t<meta property=\"og:image:width\" content=\"600\" \/>\n\t<meta property=\"og:image:height\" content=\"601\" \/>\n\t<meta property=\"og:image:type\" content=\"image\/jpeg\" \/>\n<meta name=\"twitter:card\" content=\"summary_large_image\" \/>\n<script type=\"application\/ld+json\" class=\"yoast-schema-graph\">{\"@context\":\"https:\\\/\\\/schema.org\",\"@graph\":[{\"@type\":\"WebPage\",\"@id\":\"https:\\\/\\\/pk-records.nl\\\/index.php\\\/product\\\/maria-farandouri\\\/\",\"url\":\"https:\\\/\\\/pk-records.nl\\\/index.php\\\/product\\\/maria-farandouri\\\/\",\"name\":\"Maria Farandouri - PK-records\",\"isPartOf\":{\"@id\":\"https:\\\/\\\/pk-records.nl\\\/#website\"},\"primaryImageOfPage\":{\"@id\":\"https:\\\/\\\/pk-records.nl\\\/index.php\\\/product\\\/maria-farandouri\\\/#primaryimage\"},\"image\":{\"@id\":\"https:\\\/\\\/pk-records.nl\\\/index.php\\\/product\\\/maria-farandouri\\\/#primaryimage\"},\"thumbnailUrl\":\"https:\\\/\\\/pk-records.nl\\\/wp-content\\\/uploads\\\/5497.jpg\",\"datePublished\":\"2024-01-18T20:14:59+00:00\",\"dateModified\":\"2024-01-18T20:15:08+00:00\",\"breadcrumb\":{\"@id\":\"https:\\\/\\\/pk-records.nl\\\/index.php\\\/product\\\/maria-farandouri\\\/#breadcrumb\"},\"inLanguage\":\"en-US\",\"potentialAction\":[{\"@type\":\"ReadAction\",\"target\":[\"https:\\\/\\\/pk-records.nl\\\/index.php\\\/product\\\/maria-farandouri\\\/\"]}]},{\"@type\":\"ImageObject\",\"inLanguage\":\"en-US\",\"@id\":\"https:\\\/\\\/pk-records.nl\\\/index.php\\\/product\\\/maria-farandouri\\\/#primaryimage\",\"url\":\"https:\\\/\\\/pk-records.nl\\\/wp-content\\\/uploads\\\/5497.jpg\",\"contentUrl\":\"https:\\\/\\\/pk-records.nl\\\/wp-content\\\/uploads\\\/5497.jpg\",\"width\":600,\"height\":601},{\"@type\":\"BreadcrumbList\",\"@id\":\"https:\\\/\\\/pk-records.nl\\\/index.php\\\/product\\\/maria-farandouri\\\/#breadcrumb\",\"itemListElement\":[{\"@type\":\"ListItem\",\"position\":1,\"name\":\"Home\",\"item\":\"https:\\\/\\\/pk-records.nl\\\/\"},{\"@type\":\"ListItem\",\"position\":2,\"name\":\"Shop\",\"item\":\"https:\\\/\\\/pk-records.nl\\\/index.php\\\/shop\\\/\"},{\"@type\":\"ListItem\",\"position\":3,\"name\":\"Maria Farandouri\"}]},{\"@type\":\"WebSite\",\"@id\":\"https:\\\/\\\/pk-records.nl\\\/#website\",\"url\":\"https:\\\/\\\/pk-records.nl\\\/\",\"name\":\"PK-records\",\"description\":\"\",\"publisher\":{\"@id\":\"https:\\\/\\\/pk-records.nl\\\/#organization\"},\"potentialAction\":[{\"@type\":\"SearchAction\",\"target\":{\"@type\":\"EntryPoint\",\"urlTemplate\":\"https:\\\/\\\/pk-records.nl\\\/?s={search_term_string}\"},\"query-input\":{\"@type\":\"PropertyValueSpecification\",\"valueRequired\":true,\"valueName\":\"search_term_string\"}}],\"inLanguage\":\"en-US\"},{\"@type\":\"Organization\",\"@id\":\"https:\\\/\\\/pk-records.nl\\\/#organization\",\"name\":\"PK-records\",\"url\":\"https:\\\/\\\/pk-records.nl\\\/\",\"logo\":{\"@type\":\"ImageObject\",\"inLanguage\":\"en-US\",\"@id\":\"https:\\\/\\\/pk-records.nl\\\/#\\\/schema\\\/logo\\\/image\\\/\",\"url\":\"https:\\\/\\\/pk-records.nl\\\/wp-content\\\/uploads\\\/cropped-logoPK-records.png\",\"contentUrl\":\"https:\\\/\\\/pk-records.nl\\\/wp-content\\\/uploads\\\/cropped-logoPK-records.png\",\"width\":510,\"height\":162,\"caption\":\"PK-records\"},\"image\":{\"@id\":\"https:\\\/\\\/pk-records.nl\\\/#\\\/schema\\\/logo\\\/image\\\/\"}}]}<\/script>\n<!-- \/ Yoast SEO plugin. -->","yoast_head_json":{"title":"Maria Farandouri - PK-records","robots":{"index":"index","follow":"follow","max-snippet":"max-snippet:-1","max-image-preview":"max-image-preview:large","max-video-preview":"max-video-preview:-1"},"canonical":"https:\/\/pk-records.nl\/index.php\/product\/maria-farandouri\/","og_locale":"en_US","og_type":"article","og_title":"Maria Farandouri - PK-records","og_description":"Artist: Maria FarandouriTitel: Lieder Aus Griechenland","og_url":"https:\/\/pk-records.nl\/index.php\/product\/maria-farandouri\/","og_site_name":"PK-records","article_modified_time":"2024-01-18T20:15:08+00:00","og_image":[{"width":600,"height":601,"url":"https:\/\/pk-records.nl\/wp-content\/uploads\/5497.jpg","type":"image\/jpeg"}],"twitter_card":"summary_large_image","schema":{"@context":"https:\/\/schema.org","@graph":[{"@type":"WebPage","@id":"https:\/\/pk-records.nl\/index.php\/product\/maria-farandouri\/","url":"https:\/\/pk-records.nl\/index.php\/product\/maria-farandouri\/","name":"Maria Farandouri - PK-records","isPartOf":{"@id":"https:\/\/pk-records.nl\/#website"},"primaryImageOfPage":{"@id":"https:\/\/pk-records.nl\/index.php\/product\/maria-farandouri\/#primaryimage"},"image":{"@id":"https:\/\/pk-records.nl\/index.php\/product\/maria-farandouri\/#primaryimage"},"thumbnailUrl":"https:\/\/pk-records.nl\/wp-content\/uploads\/5497.jpg","datePublished":"2024-01-18T20:14:59+00:00","dateModified":"2024-01-18T20:15:08+00:00","breadcrumb":{"@id":"https:\/\/pk-records.nl\/index.php\/product\/maria-farandouri\/#breadcrumb"},"inLanguage":"en-US","potentialAction":[{"@type":"ReadAction","target":["https:\/\/pk-records.nl\/index.php\/product\/maria-farandouri\/"]}]},{"@type":"ImageObject","inLanguage":"en-US","@id":"https:\/\/pk-records.nl\/index.php\/product\/maria-farandouri\/#primaryimage","url":"https:\/\/pk-records.nl\/wp-content\/uploads\/5497.jpg","contentUrl":"https:\/\/pk-records.nl\/wp-content\/uploads\/5497.jpg","width":600,"height":601},{"@type":"BreadcrumbList","@id":"https:\/\/pk-records.nl\/index.php\/product\/maria-farandouri\/#breadcrumb","itemListElement":[{"@type":"ListItem","position":1,"name":"Home","item":"https:\/\/pk-records.nl\/"},{"@type":"ListItem","position":2,"name":"Shop","item":"https:\/\/pk-records.nl\/index.php\/shop\/"},{"@type":"ListItem","position":3,"name":"Maria Farandouri"}]},{"@type":"WebSite","@id":"https:\/\/pk-records.nl\/#website","url":"https:\/\/pk-records.nl\/","name":"PK-records","description":"","publisher":{"@id":"https:\/\/pk-records.nl\/#organization"},"potentialAction":[{"@type":"SearchAction","target":{"@type":"EntryPoint","urlTemplate":"https:\/\/pk-records.nl\/?s={search_term_string}"},"query-input":{"@type":"PropertyValueSpecification","valueRequired":true,"valueName":"search_term_string"}}],"inLanguage":"en-US"},{"@type":"Organization","@id":"https:\/\/pk-records.nl\/#organization","name":"PK-records","url":"https:\/\/pk-records.nl\/","logo":{"@type":"ImageObject","inLanguage":"en-US","@id":"https:\/\/pk-records.nl\/#\/schema\/logo\/image\/","url":"https:\/\/pk-records.nl\/wp-content\/uploads\/cropped-logoPK-records.png","contentUrl":"https:\/\/pk-records.nl\/wp-content\/uploads\/cropped-logoPK-records.png","width":510,"height":162,"caption":"PK-records"},"image":{"@id":"https:\/\/pk-records.nl\/#\/schema\/logo\/image\/"}}]}},"jetpack_sharing_enabled":true,"_links":{"self":[{"href":"https:\/\/pk-records.nl\/index.php\/wp-json\/wp\/v2\/product\/13401","targetHints":{"allow":["GET"]}}],"collection":[{"href":"https:\/\/pk-records.nl\/index.php\/wp-json\/wp\/v2\/product"}],"about":[{"href":"https:\/\/pk-records.nl\/index.php\/wp-json\/wp\/v2\/types\/product"}],"wp:featuredmedia":[{"embeddable":true,"href":"https:\/\/pk-records.nl\/index.php\/wp-json\/wp\/v2\/media\/11833"}],"wp:attachment":[{"href":"https:\/\/pk-records.nl\/index.php\/wp-json\/wp\/v2\/media?parent=13401"}],"wp:term":[{"taxonomy":"product_brand","embeddable":true,"href":"https:\/\/pk-records.nl\/index.php\/wp-json\/wp\/v2\/product_brand?post=13401"},{"taxonomy":"product_cat","embeddable":true,"href":"https:\/\/pk-records.nl\/index.php\/wp-json\/wp\/v2\/product_cat?post=13401"},{"taxonomy":"product_tag","embeddable":true,"href":"https:\/\/pk-records.nl\/index.php\/wp-json\/wp\/v2\/product_tag?post=13401"}],"curies":[{"name":"wp","href":"https:\/\/api.w.org\/{rel}","templated":true}]}}