{"id":13451,"date":"2024-01-18T21:15:33","date_gmt":"2024-01-18T20:15:33","guid":{"rendered":"https:\/\/pk-records.nl\/index.php\/product\/strunnaya-gruppa-simfnicheskogo-orkestra-gosudarstvennogo-akademicheskogo-bolshogo-teatra-yulij-reentovich\/"},"modified":"2024-01-18T21:15:33","modified_gmt":"2024-01-18T20:15:33","slug":"strunnaya-gruppa-simfnicheskogo-orkestra-gosudarstvennogo-akademicheskogo-bolshogo-teatra-yulij-reentovich","status":"publish","type":"product","link":"https:\/\/pk-records.nl\/index.php\/product\/strunnaya-gruppa-simfnicheskogo-orkestra-gosudarstvennogo-akademicheskogo-bolshogo-teatra-yulij-reentovich\/","title":{"rendered":"\u0421\u0442\u0440\u0443\u043d\u043d\u0430\u044f \u0413\u0440\u0443\u043f\u043f\u0430 \u0421\u0438\u043c\u0444\u043d\u0438\u0447\u0435\u0441\u043a\u043e\u0433\u043e \u041e\u0440\u043a\u0435\u0441\u0442\u0440\u0430 \u0413\u043e\u0441\u0443\u0434\u0430\u0440\u0441\u0442\u0432\u0435\u043d\u043d\u043e\u0433\u043e \u0410\u043a\u0430\u0434\u0435\u043c\u0438\u0447\u0435\u0441\u043a\u043e\u0433\u043e \u0411\u043e\u043b\u044c\u0448\u043e\u0433\u043e \u0422\u0435\u0430\u0442\u0440\u0430, \u042e\u043b\u0438\u0439 \u0420\u0435\u0435\u043d\u0442\u043e\u0432\u0438\u0447"},"content":{"rendered":"<table  class=\" table table-hover\" border=\"0\" cellspacing=\"0\" cellpadding=\"0\">\n<tbody>\n<tr>\n<td valign=\"top\" width=\"270\"><strong>Format<\/strong>: LP<br \/>\n<strong>Release ID<\/strong>: 150046<br \/>\n<strong>Release date<\/strong>: 1972<br \/>\n<strong>Genre<\/strong>: Classical<br \/>\n<strong>Condition record<\/strong>: Near Mint (NM or M-)<br \/>\n<strong>Condition sleeve<\/strong>: Near Mint (NM or M-)<\/td>\n<td width=\"15\"><\/td>\n<td valign=\"top\" width=\"270\"><strong>Tracklis<\/strong>t:<br \/>\nMoto perpetuo,Niccol\u00f2 Paganini,<br \/>Humoresque,Anton\u00edn Dvo\u0159\u00e1k,<br \/>Egyptian Dance,\u0639\u0632\u064a\u0632 \u0627\u0644\u0634\u0648\u0627\u0646,<br \/>Navarra,Pablo de Sarasate,<br \/>Lullaby,Jean Sibelius,<br \/>Scherzo from Midsummer Nights Dream,Felix Mendelssohn-Bartholdy,<br \/>Passacaglia,Georg Friedrich H\u00e4ndel,<br \/>The Swan,Camille Saint-Sa\u00ebns,<br \/>Elegy, Opus 72-14,Pyotr Ilyich Tchaikovsky,<br \/>Rondo,Reinhold Gli\u00e8re,<br \/>Romance Without Words,Camille Saint-Sa\u00ebns,<br \/>Round Dance,Grigoras Dinicu,<\/td>\n<\/tr>\n<\/tbody>\n<\/table>\n<p><strong>Comments<\/strong>: <\/p>\n<p>*excl.shipping<\/p>\n","protected":false},"excerpt":{"rendered":"<p><strong>Artist: <\/strong> <span style=\"color: #1e4c0b; font-weight: 600;\">\u0421\u0442\u0440\u0443\u043d\u043d\u0430\u044f \u0413\u0440\u0443\u043f\u043f\u0430 \u0421\u0438\u043c\u0444\u043d\u0438\u0447\u0435\u0441\u043a\u043e\u0433\u043e \u041e\u0440\u043a\u0435\u0441\u0442\u0440\u0430 \u0413\u043e\u0441\u0443\u0434\u0430\u0440\u0441\u0442\u0432\u0435\u043d\u043d\u043e\u0433\u043e \u0410\u043a\u0430\u0434\u0435\u043c\u0438\u0447\u0435\u0441\u043a\u043e\u0433\u043e \u0411\u043e\u043b\u044c\u0448\u043e\u0433\u043e \u0422\u0435\u0430\u0442\u0440\u0430, \u042e\u043b\u0438\u0439 \u0420\u0435\u0435\u043d\u0442\u043e\u0432\u0438\u0447<\/span><strong><BR>Titel: <\/strong>Moto Perpetuo &#8211; Popular Classics Played By The Bolshoi Strings \/ Yuri Reyentovich <BR><BR><BR><BR><\/p>\n","protected":false},"featured_media":11604,"template":"","meta":[],"product_brand":[],"product_cat":[61],"product_tag":[145],"class_list":{"0":"post-13451","1":"product","2":"type-product","3":"status-publish","4":"has-post-thumbnail","6":"product_cat-classical","7":"product_tag-vinyl","9":"first","10":"instock","11":"purchasable","12":"product-type-simple"},"yoast_head":"<!-- This site is optimized with the Yoast SEO plugin v27.3 - https:\/\/yoast.com\/product\/yoast-seo-wordpress\/ -->\n<title>\u0421\u0442\u0440\u0443\u043d\u043d\u0430\u044f \u0413\u0440\u0443\u043f\u043f\u0430 \u0421\u0438\u043c\u0444\u043d\u0438\u0447\u0435\u0441\u043a\u043e\u0433\u043e \u041e\u0440\u043a\u0435\u0441\u0442\u0440\u0430 \u0413\u043e\u0441\u0443\u0434\u0430\u0440\u0441\u0442\u0432\u0435\u043d\u043d\u043e\u0433\u043e \u0410\u043a\u0430\u0434\u0435\u043c\u0438\u0447\u0435\u0441\u043a\u043e\u0433\u043e \u0411\u043e\u043b\u044c\u0448\u043e\u0433\u043e \u0422\u0435\u0430\u0442\u0440\u0430, \u042e\u043b\u0438\u0439 \u0420\u0435\u0435\u043d\u0442\u043e\u0432\u0438\u0447 - PK-records<\/title>\n<meta name=\"robots\" content=\"index, follow, max-snippet:-1, max-image-preview:large, max-video-preview:-1\" \/>\n<link rel=\"canonical\" href=\"https:\/\/pk-records.nl\/index.php\/product\/strunnaya-gruppa-simfnicheskogo-orkestra-gosudarstvennogo-akademicheskogo-bolshogo-teatra-yulij-reentovich\/\" \/>\n<meta property=\"og:locale\" content=\"en_US\" \/>\n<meta property=\"og:type\" content=\"article\" \/>\n<meta property=\"og:title\" content=\"\u0421\u0442\u0440\u0443\u043d\u043d\u0430\u044f \u0413\u0440\u0443\u043f\u043f\u0430 \u0421\u0438\u043c\u0444\u043d\u0438\u0447\u0435\u0441\u043a\u043e\u0433\u043e \u041e\u0440\u043a\u0435\u0441\u0442\u0440\u0430 \u0413\u043e\u0441\u0443\u0434\u0430\u0440\u0441\u0442\u0432\u0435\u043d\u043d\u043e\u0433\u043e \u0410\u043a\u0430\u0434\u0435\u043c\u0438\u0447\u0435\u0441\u043a\u043e\u0433\u043e \u0411\u043e\u043b\u044c\u0448\u043e\u0433\u043e \u0422\u0435\u0430\u0442\u0440\u0430, \u042e\u043b\u0438\u0439 \u0420\u0435\u0435\u043d\u0442\u043e\u0432\u0438\u0447 - PK-records\" \/>\n<meta property=\"og:description\" content=\"Artist: \u0421\u0442\u0440\u0443\u043d\u043d\u0430\u044f \u0413\u0440\u0443\u043f\u043f\u0430 \u0421\u0438\u043c\u0444\u043d\u0438\u0447\u0435\u0441\u043a\u043e\u0433\u043e \u041e\u0440\u043a\u0435\u0441\u0442\u0440\u0430 \u0413\u043e\u0441\u0443\u0434\u0430\u0440\u0441\u0442\u0432\u0435\u043d\u043d\u043e\u0433\u043e \u0410\u043a\u0430\u0434\u0435\u043c\u0438\u0447\u0435\u0441\u043a\u043e\u0433\u043e \u0411\u043e\u043b\u044c\u0448\u043e\u0433\u043e \u0422\u0435\u0430\u0442\u0440\u0430, \u042e\u043b\u0438\u0439 \u0420\u0435\u0435\u043d\u0442\u043e\u0432\u0438\u0447Titel: Moto Perpetuo - Popular Classics Played By The Bolshoi Strings \/ Yuri Reyentovich\" \/>\n<meta property=\"og:url\" content=\"https:\/\/pk-records.nl\/index.php\/product\/strunnaya-gruppa-simfnicheskogo-orkestra-gosudarstvennogo-akademicheskogo-bolshogo-teatra-yulij-reentovich\/\" \/>\n<meta property=\"og:site_name\" content=\"PK-records\" \/>\n<meta property=\"og:image\" content=\"https:\/\/pk-records.nl\/wp-content\/uploads\/5191.jpg\" \/>\n\t<meta property=\"og:image:width\" content=\"599\" \/>\n\t<meta property=\"og:image:height\" content=\"588\" \/>\n\t<meta property=\"og:image:type\" content=\"image\/jpeg\" \/>\n<meta name=\"twitter:card\" content=\"summary_large_image\" \/>\n<script type=\"application\/ld+json\" class=\"yoast-schema-graph\">{\"@context\":\"https:\\\/\\\/schema.org\",\"@graph\":[{\"@type\":\"WebPage\",\"@id\":\"https:\\\/\\\/pk-records.nl\\\/index.php\\\/product\\\/strunnaya-gruppa-simfnicheskogo-orkestra-gosudarstvennogo-akademicheskogo-bolshogo-teatra-yulij-reentovich\\\/\",\"url\":\"https:\\\/\\\/pk-records.nl\\\/index.php\\\/product\\\/strunnaya-gruppa-simfnicheskogo-orkestra-gosudarstvennogo-akademicheskogo-bolshogo-teatra-yulij-reentovich\\\/\",\"name\":\"\u0421\u0442\u0440\u0443\u043d\u043d\u0430\u044f \u0413\u0440\u0443\u043f\u043f\u0430 \u0421\u0438\u043c\u0444\u043d\u0438\u0447\u0435\u0441\u043a\u043e\u0433\u043e \u041e\u0440\u043a\u0435\u0441\u0442\u0440\u0430 \u0413\u043e\u0441\u0443\u0434\u0430\u0440\u0441\u0442\u0432\u0435\u043d\u043d\u043e\u0433\u043e \u0410\u043a\u0430\u0434\u0435\u043c\u0438\u0447\u0435\u0441\u043a\u043e\u0433\u043e \u0411\u043e\u043b\u044c\u0448\u043e\u0433\u043e \u0422\u0435\u0430\u0442\u0440\u0430, \u042e\u043b\u0438\u0439 \u0420\u0435\u0435\u043d\u0442\u043e\u0432\u0438\u0447 - PK-records\",\"isPartOf\":{\"@id\":\"https:\\\/\\\/pk-records.nl\\\/#website\"},\"primaryImageOfPage\":{\"@id\":\"https:\\\/\\\/pk-records.nl\\\/index.php\\\/product\\\/strunnaya-gruppa-simfnicheskogo-orkestra-gosudarstvennogo-akademicheskogo-bolshogo-teatra-yulij-reentovich\\\/#primaryimage\"},\"image\":{\"@id\":\"https:\\\/\\\/pk-records.nl\\\/index.php\\\/product\\\/strunnaya-gruppa-simfnicheskogo-orkestra-gosudarstvennogo-akademicheskogo-bolshogo-teatra-yulij-reentovich\\\/#primaryimage\"},\"thumbnailUrl\":\"https:\\\/\\\/pk-records.nl\\\/wp-content\\\/uploads\\\/5191.jpg\",\"datePublished\":\"2024-01-18T20:15:33+00:00\",\"breadcrumb\":{\"@id\":\"https:\\\/\\\/pk-records.nl\\\/index.php\\\/product\\\/strunnaya-gruppa-simfnicheskogo-orkestra-gosudarstvennogo-akademicheskogo-bolshogo-teatra-yulij-reentovich\\\/#breadcrumb\"},\"inLanguage\":\"en-US\",\"potentialAction\":[{\"@type\":\"ReadAction\",\"target\":[\"https:\\\/\\\/pk-records.nl\\\/index.php\\\/product\\\/strunnaya-gruppa-simfnicheskogo-orkestra-gosudarstvennogo-akademicheskogo-bolshogo-teatra-yulij-reentovich\\\/\"]}]},{\"@type\":\"ImageObject\",\"inLanguage\":\"en-US\",\"@id\":\"https:\\\/\\\/pk-records.nl\\\/index.php\\\/product\\\/strunnaya-gruppa-simfnicheskogo-orkestra-gosudarstvennogo-akademicheskogo-bolshogo-teatra-yulij-reentovich\\\/#primaryimage\",\"url\":\"https:\\\/\\\/pk-records.nl\\\/wp-content\\\/uploads\\\/5191.jpg\",\"contentUrl\":\"https:\\\/\\\/pk-records.nl\\\/wp-content\\\/uploads\\\/5191.jpg\",\"width\":599,\"height\":588},{\"@type\":\"BreadcrumbList\",\"@id\":\"https:\\\/\\\/pk-records.nl\\\/index.php\\\/product\\\/strunnaya-gruppa-simfnicheskogo-orkestra-gosudarstvennogo-akademicheskogo-bolshogo-teatra-yulij-reentovich\\\/#breadcrumb\",\"itemListElement\":[{\"@type\":\"ListItem\",\"position\":1,\"name\":\"Home\",\"item\":\"https:\\\/\\\/pk-records.nl\\\/\"},{\"@type\":\"ListItem\",\"position\":2,\"name\":\"Shop\",\"item\":\"https:\\\/\\\/pk-records.nl\\\/index.php\\\/shop\\\/\"},{\"@type\":\"ListItem\",\"position\":3,\"name\":\"\u0421\u0442\u0440\u0443\u043d\u043d\u0430\u044f \u0413\u0440\u0443\u043f\u043f\u0430 \u0421\u0438\u043c\u0444\u043d\u0438\u0447\u0435\u0441\u043a\u043e\u0433\u043e \u041e\u0440\u043a\u0435\u0441\u0442\u0440\u0430 \u0413\u043e\u0441\u0443\u0434\u0430\u0440\u0441\u0442\u0432\u0435\u043d\u043d\u043e\u0433\u043e \u0410\u043a\u0430\u0434\u0435\u043c\u0438\u0447\u0435\u0441\u043a\u043e\u0433\u043e \u0411\u043e\u043b\u044c\u0448\u043e\u0433\u043e \u0422\u0435\u0430\u0442\u0440\u0430, \u042e\u043b\u0438\u0439 \u0420\u0435\u0435\u043d\u0442\u043e\u0432\u0438\u0447\"}]},{\"@type\":\"WebSite\",\"@id\":\"https:\\\/\\\/pk-records.nl\\\/#website\",\"url\":\"https:\\\/\\\/pk-records.nl\\\/\",\"name\":\"PK-records\",\"description\":\"\",\"publisher\":{\"@id\":\"https:\\\/\\\/pk-records.nl\\\/#organization\"},\"potentialAction\":[{\"@type\":\"SearchAction\",\"target\":{\"@type\":\"EntryPoint\",\"urlTemplate\":\"https:\\\/\\\/pk-records.nl\\\/?s={search_term_string}\"},\"query-input\":{\"@type\":\"PropertyValueSpecification\",\"valueRequired\":true,\"valueName\":\"search_term_string\"}}],\"inLanguage\":\"en-US\"},{\"@type\":\"Organization\",\"@id\":\"https:\\\/\\\/pk-records.nl\\\/#organization\",\"name\":\"PK-records\",\"url\":\"https:\\\/\\\/pk-records.nl\\\/\",\"logo\":{\"@type\":\"ImageObject\",\"inLanguage\":\"en-US\",\"@id\":\"https:\\\/\\\/pk-records.nl\\\/#\\\/schema\\\/logo\\\/image\\\/\",\"url\":\"https:\\\/\\\/pk-records.nl\\\/wp-content\\\/uploads\\\/cropped-logoPK-records.png\",\"contentUrl\":\"https:\\\/\\\/pk-records.nl\\\/wp-content\\\/uploads\\\/cropped-logoPK-records.png\",\"width\":510,\"height\":162,\"caption\":\"PK-records\"},\"image\":{\"@id\":\"https:\\\/\\\/pk-records.nl\\\/#\\\/schema\\\/logo\\\/image\\\/\"}}]}<\/script>\n<!-- \/ Yoast SEO plugin. -->","yoast_head_json":{"title":"\u0421\u0442\u0440\u0443\u043d\u043d\u0430\u044f \u0413\u0440\u0443\u043f\u043f\u0430 \u0421\u0438\u043c\u0444\u043d\u0438\u0447\u0435\u0441\u043a\u043e\u0433\u043e \u041e\u0440\u043a\u0435\u0441\u0442\u0440\u0430 \u0413\u043e\u0441\u0443\u0434\u0430\u0440\u0441\u0442\u0432\u0435\u043d\u043d\u043e\u0433\u043e \u0410\u043a\u0430\u0434\u0435\u043c\u0438\u0447\u0435\u0441\u043a\u043e\u0433\u043e \u0411\u043e\u043b\u044c\u0448\u043e\u0433\u043e \u0422\u0435\u0430\u0442\u0440\u0430, \u042e\u043b\u0438\u0439 \u0420\u0435\u0435\u043d\u0442\u043e\u0432\u0438\u0447 - PK-records","robots":{"index":"index","follow":"follow","max-snippet":"max-snippet:-1","max-image-preview":"max-image-preview:large","max-video-preview":"max-video-preview:-1"},"canonical":"https:\/\/pk-records.nl\/index.php\/product\/strunnaya-gruppa-simfnicheskogo-orkestra-gosudarstvennogo-akademicheskogo-bolshogo-teatra-yulij-reentovich\/","og_locale":"en_US","og_type":"article","og_title":"\u0421\u0442\u0440\u0443\u043d\u043d\u0430\u044f \u0413\u0440\u0443\u043f\u043f\u0430 \u0421\u0438\u043c\u0444\u043d\u0438\u0447\u0435\u0441\u043a\u043e\u0433\u043e \u041e\u0440\u043a\u0435\u0441\u0442\u0440\u0430 \u0413\u043e\u0441\u0443\u0434\u0430\u0440\u0441\u0442\u0432\u0435\u043d\u043d\u043e\u0433\u043e \u0410\u043a\u0430\u0434\u0435\u043c\u0438\u0447\u0435\u0441\u043a\u043e\u0433\u043e \u0411\u043e\u043b\u044c\u0448\u043e\u0433\u043e \u0422\u0435\u0430\u0442\u0440\u0430, \u042e\u043b\u0438\u0439 \u0420\u0435\u0435\u043d\u0442\u043e\u0432\u0438\u0447 - PK-records","og_description":"Artist: \u0421\u0442\u0440\u0443\u043d\u043d\u0430\u044f \u0413\u0440\u0443\u043f\u043f\u0430 \u0421\u0438\u043c\u0444\u043d\u0438\u0447\u0435\u0441\u043a\u043e\u0433\u043e \u041e\u0440\u043a\u0435\u0441\u0442\u0440\u0430 \u0413\u043e\u0441\u0443\u0434\u0430\u0440\u0441\u0442\u0432\u0435\u043d\u043d\u043e\u0433\u043e \u0410\u043a\u0430\u0434\u0435\u043c\u0438\u0447\u0435\u0441\u043a\u043e\u0433\u043e \u0411\u043e\u043b\u044c\u0448\u043e\u0433\u043e \u0422\u0435\u0430\u0442\u0440\u0430, \u042e\u043b\u0438\u0439 \u0420\u0435\u0435\u043d\u0442\u043e\u0432\u0438\u0447Titel: Moto Perpetuo - Popular Classics Played By The Bolshoi Strings \/ Yuri Reyentovich","og_url":"https:\/\/pk-records.nl\/index.php\/product\/strunnaya-gruppa-simfnicheskogo-orkestra-gosudarstvennogo-akademicheskogo-bolshogo-teatra-yulij-reentovich\/","og_site_name":"PK-records","og_image":[{"width":599,"height":588,"url":"https:\/\/pk-records.nl\/wp-content\/uploads\/5191.jpg","type":"image\/jpeg"}],"twitter_card":"summary_large_image","schema":{"@context":"https:\/\/schema.org","@graph":[{"@type":"WebPage","@id":"https:\/\/pk-records.nl\/index.php\/product\/strunnaya-gruppa-simfnicheskogo-orkestra-gosudarstvennogo-akademicheskogo-bolshogo-teatra-yulij-reentovich\/","url":"https:\/\/pk-records.nl\/index.php\/product\/strunnaya-gruppa-simfnicheskogo-orkestra-gosudarstvennogo-akademicheskogo-bolshogo-teatra-yulij-reentovich\/","name":"\u0421\u0442\u0440\u0443\u043d\u043d\u0430\u044f \u0413\u0440\u0443\u043f\u043f\u0430 \u0421\u0438\u043c\u0444\u043d\u0438\u0447\u0435\u0441\u043a\u043e\u0433\u043e \u041e\u0440\u043a\u0435\u0441\u0442\u0440\u0430 \u0413\u043e\u0441\u0443\u0434\u0430\u0440\u0441\u0442\u0432\u0435\u043d\u043d\u043e\u0433\u043e \u0410\u043a\u0430\u0434\u0435\u043c\u0438\u0447\u0435\u0441\u043a\u043e\u0433\u043e \u0411\u043e\u043b\u044c\u0448\u043e\u0433\u043e \u0422\u0435\u0430\u0442\u0440\u0430, \u042e\u043b\u0438\u0439 \u0420\u0435\u0435\u043d\u0442\u043e\u0432\u0438\u0447 - PK-records","isPartOf":{"@id":"https:\/\/pk-records.nl\/#website"},"primaryImageOfPage":{"@id":"https:\/\/pk-records.nl\/index.php\/product\/strunnaya-gruppa-simfnicheskogo-orkestra-gosudarstvennogo-akademicheskogo-bolshogo-teatra-yulij-reentovich\/#primaryimage"},"image":{"@id":"https:\/\/pk-records.nl\/index.php\/product\/strunnaya-gruppa-simfnicheskogo-orkestra-gosudarstvennogo-akademicheskogo-bolshogo-teatra-yulij-reentovich\/#primaryimage"},"thumbnailUrl":"https:\/\/pk-records.nl\/wp-content\/uploads\/5191.jpg","datePublished":"2024-01-18T20:15:33+00:00","breadcrumb":{"@id":"https:\/\/pk-records.nl\/index.php\/product\/strunnaya-gruppa-simfnicheskogo-orkestra-gosudarstvennogo-akademicheskogo-bolshogo-teatra-yulij-reentovich\/#breadcrumb"},"inLanguage":"en-US","potentialAction":[{"@type":"ReadAction","target":["https:\/\/pk-records.nl\/index.php\/product\/strunnaya-gruppa-simfnicheskogo-orkestra-gosudarstvennogo-akademicheskogo-bolshogo-teatra-yulij-reentovich\/"]}]},{"@type":"ImageObject","inLanguage":"en-US","@id":"https:\/\/pk-records.nl\/index.php\/product\/strunnaya-gruppa-simfnicheskogo-orkestra-gosudarstvennogo-akademicheskogo-bolshogo-teatra-yulij-reentovich\/#primaryimage","url":"https:\/\/pk-records.nl\/wp-content\/uploads\/5191.jpg","contentUrl":"https:\/\/pk-records.nl\/wp-content\/uploads\/5191.jpg","width":599,"height":588},{"@type":"BreadcrumbList","@id":"https:\/\/pk-records.nl\/index.php\/product\/strunnaya-gruppa-simfnicheskogo-orkestra-gosudarstvennogo-akademicheskogo-bolshogo-teatra-yulij-reentovich\/#breadcrumb","itemListElement":[{"@type":"ListItem","position":1,"name":"Home","item":"https:\/\/pk-records.nl\/"},{"@type":"ListItem","position":2,"name":"Shop","item":"https:\/\/pk-records.nl\/index.php\/shop\/"},{"@type":"ListItem","position":3,"name":"\u0421\u0442\u0440\u0443\u043d\u043d\u0430\u044f \u0413\u0440\u0443\u043f\u043f\u0430 \u0421\u0438\u043c\u0444\u043d\u0438\u0447\u0435\u0441\u043a\u043e\u0433\u043e \u041e\u0440\u043a\u0435\u0441\u0442\u0440\u0430 \u0413\u043e\u0441\u0443\u0434\u0430\u0440\u0441\u0442\u0432\u0435\u043d\u043d\u043e\u0433\u043e \u0410\u043a\u0430\u0434\u0435\u043c\u0438\u0447\u0435\u0441\u043a\u043e\u0433\u043e \u0411\u043e\u043b\u044c\u0448\u043e\u0433\u043e \u0422\u0435\u0430\u0442\u0440\u0430, \u042e\u043b\u0438\u0439 \u0420\u0435\u0435\u043d\u0442\u043e\u0432\u0438\u0447"}]},{"@type":"WebSite","@id":"https:\/\/pk-records.nl\/#website","url":"https:\/\/pk-records.nl\/","name":"PK-records","description":"","publisher":{"@id":"https:\/\/pk-records.nl\/#organization"},"potentialAction":[{"@type":"SearchAction","target":{"@type":"EntryPoint","urlTemplate":"https:\/\/pk-records.nl\/?s={search_term_string}"},"query-input":{"@type":"PropertyValueSpecification","valueRequired":true,"valueName":"search_term_string"}}],"inLanguage":"en-US"},{"@type":"Organization","@id":"https:\/\/pk-records.nl\/#organization","name":"PK-records","url":"https:\/\/pk-records.nl\/","logo":{"@type":"ImageObject","inLanguage":"en-US","@id":"https:\/\/pk-records.nl\/#\/schema\/logo\/image\/","url":"https:\/\/pk-records.nl\/wp-content\/uploads\/cropped-logoPK-records.png","contentUrl":"https:\/\/pk-records.nl\/wp-content\/uploads\/cropped-logoPK-records.png","width":510,"height":162,"caption":"PK-records"},"image":{"@id":"https:\/\/pk-records.nl\/#\/schema\/logo\/image\/"}}]}},"jetpack_sharing_enabled":true,"_links":{"self":[{"href":"https:\/\/pk-records.nl\/index.php\/wp-json\/wp\/v2\/product\/13451","targetHints":{"allow":["GET"]}}],"collection":[{"href":"https:\/\/pk-records.nl\/index.php\/wp-json\/wp\/v2\/product"}],"about":[{"href":"https:\/\/pk-records.nl\/index.php\/wp-json\/wp\/v2\/types\/product"}],"wp:featuredmedia":[{"embeddable":true,"href":"https:\/\/pk-records.nl\/index.php\/wp-json\/wp\/v2\/media\/11604"}],"wp:attachment":[{"href":"https:\/\/pk-records.nl\/index.php\/wp-json\/wp\/v2\/media?parent=13451"}],"wp:term":[{"taxonomy":"product_brand","embeddable":true,"href":"https:\/\/pk-records.nl\/index.php\/wp-json\/wp\/v2\/product_brand?post=13451"},{"taxonomy":"product_cat","embeddable":true,"href":"https:\/\/pk-records.nl\/index.php\/wp-json\/wp\/v2\/product_cat?post=13451"},{"taxonomy":"product_tag","embeddable":true,"href":"https:\/\/pk-records.nl\/index.php\/wp-json\/wp\/v2\/product_tag?post=13451"}],"curies":[{"name":"wp","href":"https:\/\/api.w.org\/{rel}","templated":true}]}}