{"id":13605,"date":"2024-01-18T21:16:42","date_gmt":"2024-01-18T20:16:42","guid":{"rendered":"https:\/\/pk-records.nl\/index.php\/product\/various-159\/"},"modified":"2024-01-18T21:16:49","modified_gmt":"2024-01-18T20:16:49","slug":"various-159","status":"publish","type":"product","link":"https:\/\/pk-records.nl\/index.php\/product\/various-159\/","title":{"rendered":"Various"},"content":{"rendered":"<table  class=\" table table-hover\" border=\"0\" cellspacing=\"0\" cellpadding=\"0\">\n<tbody>\n<tr>\n<td valign=\"top\" width=\"270\"><strong>Format<\/strong>: LP<br \/>\n<strong>Release ID<\/strong>: 8 15 084<br \/>\n<strong>Release date<\/strong>: 1976<br \/>\n<strong>Genre<\/strong>: World &#038; Country<br \/>\n<strong>Condition record<\/strong>: Near Mint (NM or M-)<br \/>\n<strong>Condition sleeve<\/strong>: Very Good (VG)<\/td>\n<td width=\"15\"><\/td>\n<td valign=\"top\" width=\"270\"><strong>Tracklis<\/strong>t:<br \/>\nMannesmannballade,Peter, Paul &#038; Barmbek,<br \/>Scottish Folk Dances = Schottische Volkst\u00e4nze,The Whistlebinkies,<br \/>Auf, Auf Zum Kampf,Perry Friedman,<br \/>Bjelorusski Woksal = Bjelorussischer Bahnhof,Studentisches Liedtheater Woronesh,<br \/>Kampf Dem Schicksal,\u0641\u0631\u0642\u0629 \u0627\u0644\u0631\u0627\u0641\u062f\u064a\u0646,<br \/>The Blackleg Miner = Der Streikbrecher,Ted McKenna (2),<br \/>Poder Popular = Volksmache,Santocas,<br \/>Ein Friedenslied,Oktoberklub,<br \/>Kapitalens Almene Krise = Die Allgemeine Krise Der Kapitals,S\u00f8ren Sidevinds Spillem\u00e6nd,<br \/>Se Abrir\u00e9n Las Alamedas = Die Weiten Stra\u00dfen Werden Sich \u00d6ffnen,Los Parra De Chillan,<br \/>Freedom = Freiheit,Pete Wyoming,<br \/>Les Communistes = Die Kommunisten,Pia Colombo,<br \/>Optimistisches Lied,Schicht,<br \/>Experienca = Erfahrung,Luis Cilia, Pedro Cabral,<br \/>Nos Vemos En La Habana = Wir Sehen Uns In Havanna,Grupo Moncada,<\/td>\n<\/tr>\n<\/tbody>\n<\/table>\n<p><strong>Comments<\/strong>: <\/p>\n<p>*excl.shipping<\/p>\n","protected":false},"excerpt":{"rendered":"<p><strong>Artist: <\/strong> <span style=\"color: #1e4c0b; font-weight: 600;\">Various<\/span><strong><BR>Titel: <\/strong>Rote Lieder &#8211; 6. Festival Des Politischen Liedes <BR><BR><BR><BR><\/p>\n","protected":false},"featured_media":11153,"template":"","meta":[],"product_brand":[],"product_cat":[72],"product_tag":[145],"class_list":{"0":"post-13605","1":"product","2":"type-product","3":"status-publish","4":"has-post-thumbnail","6":"product_cat-world-country","7":"product_tag-vinyl","9":"first","10":"instock","11":"purchasable","12":"product-type-simple"},"yoast_head":"<!-- This site is optimized with the Yoast SEO plugin v27.4 - https:\/\/yoast.com\/product\/yoast-seo-wordpress\/ -->\n<title>Various - PK-records<\/title>\n<meta name=\"robots\" content=\"index, follow, max-snippet:-1, max-image-preview:large, max-video-preview:-1\" \/>\n<link rel=\"canonical\" href=\"https:\/\/pk-records.nl\/index.php\/product\/various-159\/\" \/>\n<meta property=\"og:locale\" content=\"en_US\" \/>\n<meta property=\"og:type\" content=\"article\" \/>\n<meta property=\"og:title\" content=\"Various - PK-records\" \/>\n<meta property=\"og:description\" content=\"Artist: VariousTitel: Rote Lieder - 6. Festival Des Politischen Liedes\" \/>\n<meta property=\"og:url\" content=\"https:\/\/pk-records.nl\/index.php\/product\/various-159\/\" \/>\n<meta property=\"og:site_name\" content=\"PK-records\" \/>\n<meta property=\"article:modified_time\" content=\"2024-01-18T20:16:49+00:00\" \/>\n<meta property=\"og:image\" content=\"https:\/\/pk-records.nl\/wp-content\/uploads\/4464.jpg\" \/>\n\t<meta property=\"og:image:width\" content=\"600\" \/>\n\t<meta property=\"og:image:height\" content=\"597\" \/>\n\t<meta property=\"og:image:type\" content=\"image\/jpeg\" \/>\n<meta name=\"twitter:card\" content=\"summary_large_image\" \/>\n<meta name=\"twitter:label1\" content=\"Est. reading time\" \/>\n\t<meta name=\"twitter:data1\" content=\"1 minute\" \/>\n<script type=\"application\/ld+json\" class=\"yoast-schema-graph\">{\"@context\":\"https:\\\/\\\/schema.org\",\"@graph\":[{\"@type\":\"WebPage\",\"@id\":\"https:\\\/\\\/pk-records.nl\\\/index.php\\\/product\\\/various-159\\\/\",\"url\":\"https:\\\/\\\/pk-records.nl\\\/index.php\\\/product\\\/various-159\\\/\",\"name\":\"Various - PK-records\",\"isPartOf\":{\"@id\":\"https:\\\/\\\/pk-records.nl\\\/#website\"},\"primaryImageOfPage\":{\"@id\":\"https:\\\/\\\/pk-records.nl\\\/index.php\\\/product\\\/various-159\\\/#primaryimage\"},\"image\":{\"@id\":\"https:\\\/\\\/pk-records.nl\\\/index.php\\\/product\\\/various-159\\\/#primaryimage\"},\"thumbnailUrl\":\"https:\\\/\\\/pk-records.nl\\\/wp-content\\\/uploads\\\/4464.jpg\",\"datePublished\":\"2024-01-18T20:16:42+00:00\",\"dateModified\":\"2024-01-18T20:16:49+00:00\",\"breadcrumb\":{\"@id\":\"https:\\\/\\\/pk-records.nl\\\/index.php\\\/product\\\/various-159\\\/#breadcrumb\"},\"inLanguage\":\"en-US\",\"potentialAction\":[{\"@type\":\"ReadAction\",\"target\":[\"https:\\\/\\\/pk-records.nl\\\/index.php\\\/product\\\/various-159\\\/\"]}]},{\"@type\":\"ImageObject\",\"inLanguage\":\"en-US\",\"@id\":\"https:\\\/\\\/pk-records.nl\\\/index.php\\\/product\\\/various-159\\\/#primaryimage\",\"url\":\"https:\\\/\\\/pk-records.nl\\\/wp-content\\\/uploads\\\/4464.jpg\",\"contentUrl\":\"https:\\\/\\\/pk-records.nl\\\/wp-content\\\/uploads\\\/4464.jpg\",\"width\":600,\"height\":597},{\"@type\":\"BreadcrumbList\",\"@id\":\"https:\\\/\\\/pk-records.nl\\\/index.php\\\/product\\\/various-159\\\/#breadcrumb\",\"itemListElement\":[{\"@type\":\"ListItem\",\"position\":1,\"name\":\"Home\",\"item\":\"https:\\\/\\\/pk-records.nl\\\/\"},{\"@type\":\"ListItem\",\"position\":2,\"name\":\"Shop\",\"item\":\"https:\\\/\\\/pk-records.nl\\\/index.php\\\/shop\\\/\"},{\"@type\":\"ListItem\",\"position\":3,\"name\":\"Various\"}]},{\"@type\":\"WebSite\",\"@id\":\"https:\\\/\\\/pk-records.nl\\\/#website\",\"url\":\"https:\\\/\\\/pk-records.nl\\\/\",\"name\":\"PK-records\",\"description\":\"\",\"publisher\":{\"@id\":\"https:\\\/\\\/pk-records.nl\\\/#organization\"},\"potentialAction\":[{\"@type\":\"SearchAction\",\"target\":{\"@type\":\"EntryPoint\",\"urlTemplate\":\"https:\\\/\\\/pk-records.nl\\\/?s={search_term_string}\"},\"query-input\":{\"@type\":\"PropertyValueSpecification\",\"valueRequired\":true,\"valueName\":\"search_term_string\"}}],\"inLanguage\":\"en-US\"},{\"@type\":\"Organization\",\"@id\":\"https:\\\/\\\/pk-records.nl\\\/#organization\",\"name\":\"PK-records\",\"url\":\"https:\\\/\\\/pk-records.nl\\\/\",\"logo\":{\"@type\":\"ImageObject\",\"inLanguage\":\"en-US\",\"@id\":\"https:\\\/\\\/pk-records.nl\\\/#\\\/schema\\\/logo\\\/image\\\/\",\"url\":\"https:\\\/\\\/pk-records.nl\\\/wp-content\\\/uploads\\\/cropped-logoPK-records.png\",\"contentUrl\":\"https:\\\/\\\/pk-records.nl\\\/wp-content\\\/uploads\\\/cropped-logoPK-records.png\",\"width\":510,\"height\":162,\"caption\":\"PK-records\"},\"image\":{\"@id\":\"https:\\\/\\\/pk-records.nl\\\/#\\\/schema\\\/logo\\\/image\\\/\"}}]}<\/script>\n<!-- \/ Yoast SEO plugin. -->","yoast_head_json":{"title":"Various - PK-records","robots":{"index":"index","follow":"follow","max-snippet":"max-snippet:-1","max-image-preview":"max-image-preview:large","max-video-preview":"max-video-preview:-1"},"canonical":"https:\/\/pk-records.nl\/index.php\/product\/various-159\/","og_locale":"en_US","og_type":"article","og_title":"Various - PK-records","og_description":"Artist: VariousTitel: Rote Lieder - 6. Festival Des Politischen Liedes","og_url":"https:\/\/pk-records.nl\/index.php\/product\/various-159\/","og_site_name":"PK-records","article_modified_time":"2024-01-18T20:16:49+00:00","og_image":[{"width":600,"height":597,"url":"https:\/\/pk-records.nl\/wp-content\/uploads\/4464.jpg","type":"image\/jpeg"}],"twitter_card":"summary_large_image","twitter_misc":{"Est. reading time":"1 minute"},"schema":{"@context":"https:\/\/schema.org","@graph":[{"@type":"WebPage","@id":"https:\/\/pk-records.nl\/index.php\/product\/various-159\/","url":"https:\/\/pk-records.nl\/index.php\/product\/various-159\/","name":"Various - PK-records","isPartOf":{"@id":"https:\/\/pk-records.nl\/#website"},"primaryImageOfPage":{"@id":"https:\/\/pk-records.nl\/index.php\/product\/various-159\/#primaryimage"},"image":{"@id":"https:\/\/pk-records.nl\/index.php\/product\/various-159\/#primaryimage"},"thumbnailUrl":"https:\/\/pk-records.nl\/wp-content\/uploads\/4464.jpg","datePublished":"2024-01-18T20:16:42+00:00","dateModified":"2024-01-18T20:16:49+00:00","breadcrumb":{"@id":"https:\/\/pk-records.nl\/index.php\/product\/various-159\/#breadcrumb"},"inLanguage":"en-US","potentialAction":[{"@type":"ReadAction","target":["https:\/\/pk-records.nl\/index.php\/product\/various-159\/"]}]},{"@type":"ImageObject","inLanguage":"en-US","@id":"https:\/\/pk-records.nl\/index.php\/product\/various-159\/#primaryimage","url":"https:\/\/pk-records.nl\/wp-content\/uploads\/4464.jpg","contentUrl":"https:\/\/pk-records.nl\/wp-content\/uploads\/4464.jpg","width":600,"height":597},{"@type":"BreadcrumbList","@id":"https:\/\/pk-records.nl\/index.php\/product\/various-159\/#breadcrumb","itemListElement":[{"@type":"ListItem","position":1,"name":"Home","item":"https:\/\/pk-records.nl\/"},{"@type":"ListItem","position":2,"name":"Shop","item":"https:\/\/pk-records.nl\/index.php\/shop\/"},{"@type":"ListItem","position":3,"name":"Various"}]},{"@type":"WebSite","@id":"https:\/\/pk-records.nl\/#website","url":"https:\/\/pk-records.nl\/","name":"PK-records","description":"","publisher":{"@id":"https:\/\/pk-records.nl\/#organization"},"potentialAction":[{"@type":"SearchAction","target":{"@type":"EntryPoint","urlTemplate":"https:\/\/pk-records.nl\/?s={search_term_string}"},"query-input":{"@type":"PropertyValueSpecification","valueRequired":true,"valueName":"search_term_string"}}],"inLanguage":"en-US"},{"@type":"Organization","@id":"https:\/\/pk-records.nl\/#organization","name":"PK-records","url":"https:\/\/pk-records.nl\/","logo":{"@type":"ImageObject","inLanguage":"en-US","@id":"https:\/\/pk-records.nl\/#\/schema\/logo\/image\/","url":"https:\/\/pk-records.nl\/wp-content\/uploads\/cropped-logoPK-records.png","contentUrl":"https:\/\/pk-records.nl\/wp-content\/uploads\/cropped-logoPK-records.png","width":510,"height":162,"caption":"PK-records"},"image":{"@id":"https:\/\/pk-records.nl\/#\/schema\/logo\/image\/"}}]}},"jetpack_sharing_enabled":true,"_links":{"self":[{"href":"https:\/\/pk-records.nl\/index.php\/wp-json\/wp\/v2\/product\/13605","targetHints":{"allow":["GET"]}}],"collection":[{"href":"https:\/\/pk-records.nl\/index.php\/wp-json\/wp\/v2\/product"}],"about":[{"href":"https:\/\/pk-records.nl\/index.php\/wp-json\/wp\/v2\/types\/product"}],"wp:featuredmedia":[{"embeddable":true,"href":"https:\/\/pk-records.nl\/index.php\/wp-json\/wp\/v2\/media\/11153"}],"wp:attachment":[{"href":"https:\/\/pk-records.nl\/index.php\/wp-json\/wp\/v2\/media?parent=13605"}],"wp:term":[{"taxonomy":"product_brand","embeddable":true,"href":"https:\/\/pk-records.nl\/index.php\/wp-json\/wp\/v2\/product_brand?post=13605"},{"taxonomy":"product_cat","embeddable":true,"href":"https:\/\/pk-records.nl\/index.php\/wp-json\/wp\/v2\/product_cat?post=13605"},{"taxonomy":"product_tag","embeddable":true,"href":"https:\/\/pk-records.nl\/index.php\/wp-json\/wp\/v2\/product_tag?post=13605"}],"curies":[{"name":"wp","href":"https:\/\/api.w.org\/{rel}","templated":true}]}}