{"id":13761,"date":"2024-01-18T21:17:59","date_gmt":"2024-01-18T20:17:59","guid":{"rendered":"https:\/\/pk-records.nl\/index.php\/product\/miklos-szenthelyi-judit-szenthelyi-sergei-prokofiev-pyotr-ilyich-tchaikovsky-eugene-ysaye-camille-saint-saens-niccolo-paganini-maurice-ravel\/"},"modified":"2024-01-18T21:18:06","modified_gmt":"2024-01-18T20:18:06","slug":"miklos-szenthelyi-judit-szenthelyi-sergei-prokofiev-pyotr-ilyich-tchaikovsky-eugene-ysaye-camille-saint-saens-niccolo-paganini-maurice-ravel","status":"publish","type":"product","link":"https:\/\/pk-records.nl\/index.php\/product\/miklos-szenthelyi-judit-szenthelyi-sergei-prokofiev-pyotr-ilyich-tchaikovsky-eugene-ysaye-camille-saint-saens-niccolo-paganini-maurice-ravel\/","title":{"rendered":"Miklos Szenthelyi, Judit Szenthelyi, Sergei Prokofiev, Pyotr Ilyich Tchaikovsky, Eug\u00e8ne Ysa\u00ffe, Camille Saint-Sa\u00ebns, Niccol\u00f2 Paganini, Maurice Ravel"},"content":{"rendered":"<table  class=\" table table-hover\" border=\"0\" cellspacing=\"0\" cellpadding=\"0\">\n<tbody>\n<tr>\n<td valign=\"top\" width=\"270\"><strong>Format<\/strong>: LP<br \/>\n<strong>Release ID<\/strong>: SLPX 11677<br \/>\n<strong>Release date<\/strong>: 1973<br \/>\n<strong>Genre<\/strong>: Classical<br \/>\n<strong>Condition record<\/strong>: Near Mint (NM or M-)<br \/>\n<strong>Condition sleeve<\/strong>: Near Mint (NM or M-)<\/td>\n<td width=\"15\"><\/td>\n<td valign=\"top\" width=\"270\"><strong>Tracklis<\/strong>t:<br \/>\nH\u00e1rom Darab A &#8216;R\u00f3me\u00f3 \u00c9s J\u00falia&#8217; C\u00edm\u0171 Balettb\u0151l (Montaguek \u00c9s Capuletek \/ Az Antillai L\u00e1nyok T\u00e1nca \/ \u00c1larcosok),Sergei Prokofiev,<br \/>Valse-Scherzo, Op. 34,Pyotr Ilyich Tchaikovsky,<br \/>II. Sz\u00f3l\u00f3szon\u00e1ta Heged\u0171re,Eug\u00e8ne Ysa\u00ffe,<br \/>Havanaise,Camille Saint-Sa\u00ebns,<br \/>Caprice No. 9,Niccol\u00f2 Paganini,<br \/>Caprice No. 21,Niccol\u00f2 Paganini,<br \/>Tzigane,Maurice Ravel,<\/td>\n<\/tr>\n<\/tbody>\n<\/table>\n<p><strong>Comments<\/strong>: price sticker on front cover<\/p>\n<p>*excl.shipping<\/p>\n","protected":false},"excerpt":{"rendered":"<p><strong>Artist: <\/strong> <span style=\"color: #1e4c0b; font-weight: 600;\">Miklos Szenthelyi, Judit Szenthelyi, Sergei Prokofiev, Pyotr Ilyich Tchaikovsky, Eug\u00e8ne Ysa\u00ffe, Camille Saint-Sa\u00ebns, Niccol\u00f2 Paganini, Maurice Ravel<\/span><strong><BR>Titel: <\/strong>Violin Recital <BR><BR><BR><BR><\/p>\n","protected":false},"featured_media":11928,"template":"","meta":[],"product_brand":[],"product_cat":[61],"product_tag":[145],"class_list":{"0":"post-13761","1":"product","2":"type-product","3":"status-publish","4":"has-post-thumbnail","6":"product_cat-classical","7":"product_tag-vinyl","9":"first","10":"instock","11":"purchasable","12":"product-type-simple"},"yoast_head":"<!-- This site is optimized with the Yoast SEO plugin v27.3 - https:\/\/yoast.com\/product\/yoast-seo-wordpress\/ -->\n<title>Miklos Szenthelyi, Judit Szenthelyi, Sergei Prokofiev, Pyotr Ilyich Tchaikovsky, Eug\u00e8ne Ysa\u00ffe, Camille Saint-Sa\u00ebns, Niccol\u00f2 Paganini, Maurice Ravel - PK-records<\/title>\n<meta name=\"robots\" content=\"index, follow, max-snippet:-1, max-image-preview:large, max-video-preview:-1\" \/>\n<link rel=\"canonical\" href=\"https:\/\/pk-records.nl\/index.php\/product\/miklos-szenthelyi-judit-szenthelyi-sergei-prokofiev-pyotr-ilyich-tchaikovsky-eugene-ysaye-camille-saint-saens-niccolo-paganini-maurice-ravel\/\" \/>\n<meta property=\"og:locale\" content=\"en_US\" \/>\n<meta property=\"og:type\" content=\"article\" \/>\n<meta property=\"og:title\" content=\"Miklos Szenthelyi, Judit Szenthelyi, Sergei Prokofiev, Pyotr Ilyich Tchaikovsky, Eug\u00e8ne Ysa\u00ffe, Camille Saint-Sa\u00ebns, Niccol\u00f2 Paganini, Maurice Ravel - PK-records\" \/>\n<meta property=\"og:description\" content=\"Artist: Miklos Szenthelyi, Judit Szenthelyi, Sergei Prokofiev, Pyotr Ilyich Tchaikovsky, Eug\u00e8ne Ysa\u00ffe, Camille Saint-Sa\u00ebns, Niccol\u00f2 Paganini, Maurice RavelTitel: Violin Recital\" \/>\n<meta property=\"og:url\" content=\"https:\/\/pk-records.nl\/index.php\/product\/miklos-szenthelyi-judit-szenthelyi-sergei-prokofiev-pyotr-ilyich-tchaikovsky-eugene-ysaye-camille-saint-saens-niccolo-paganini-maurice-ravel\/\" \/>\n<meta property=\"og:site_name\" content=\"PK-records\" \/>\n<meta property=\"article:modified_time\" content=\"2024-01-18T20:18:06+00:00\" \/>\n<meta property=\"og:image\" content=\"https:\/\/pk-records.nl\/wp-content\/uploads\/5620.jpg\" \/>\n\t<meta property=\"og:image:width\" content=\"599\" \/>\n\t<meta property=\"og:image:height\" content=\"577\" \/>\n\t<meta property=\"og:image:type\" content=\"image\/jpeg\" \/>\n<meta name=\"twitter:card\" content=\"summary_large_image\" \/>\n<script type=\"application\/ld+json\" class=\"yoast-schema-graph\">{\"@context\":\"https:\\\/\\\/schema.org\",\"@graph\":[{\"@type\":\"WebPage\",\"@id\":\"https:\\\/\\\/pk-records.nl\\\/index.php\\\/product\\\/miklos-szenthelyi-judit-szenthelyi-sergei-prokofiev-pyotr-ilyich-tchaikovsky-eugene-ysaye-camille-saint-saens-niccolo-paganini-maurice-ravel\\\/\",\"url\":\"https:\\\/\\\/pk-records.nl\\\/index.php\\\/product\\\/miklos-szenthelyi-judit-szenthelyi-sergei-prokofiev-pyotr-ilyich-tchaikovsky-eugene-ysaye-camille-saint-saens-niccolo-paganini-maurice-ravel\\\/\",\"name\":\"Miklos Szenthelyi, Judit Szenthelyi, Sergei Prokofiev, Pyotr Ilyich Tchaikovsky, Eug\u00e8ne Ysa\u00ffe, Camille Saint-Sa\u00ebns, Niccol\u00f2 Paganini, Maurice Ravel - PK-records\",\"isPartOf\":{\"@id\":\"https:\\\/\\\/pk-records.nl\\\/#website\"},\"primaryImageOfPage\":{\"@id\":\"https:\\\/\\\/pk-records.nl\\\/index.php\\\/product\\\/miklos-szenthelyi-judit-szenthelyi-sergei-prokofiev-pyotr-ilyich-tchaikovsky-eugene-ysaye-camille-saint-saens-niccolo-paganini-maurice-ravel\\\/#primaryimage\"},\"image\":{\"@id\":\"https:\\\/\\\/pk-records.nl\\\/index.php\\\/product\\\/miklos-szenthelyi-judit-szenthelyi-sergei-prokofiev-pyotr-ilyich-tchaikovsky-eugene-ysaye-camille-saint-saens-niccolo-paganini-maurice-ravel\\\/#primaryimage\"},\"thumbnailUrl\":\"https:\\\/\\\/pk-records.nl\\\/wp-content\\\/uploads\\\/5620.jpg\",\"datePublished\":\"2024-01-18T20:17:59+00:00\",\"dateModified\":\"2024-01-18T20:18:06+00:00\",\"breadcrumb\":{\"@id\":\"https:\\\/\\\/pk-records.nl\\\/index.php\\\/product\\\/miklos-szenthelyi-judit-szenthelyi-sergei-prokofiev-pyotr-ilyich-tchaikovsky-eugene-ysaye-camille-saint-saens-niccolo-paganini-maurice-ravel\\\/#breadcrumb\"},\"inLanguage\":\"en-US\",\"potentialAction\":[{\"@type\":\"ReadAction\",\"target\":[\"https:\\\/\\\/pk-records.nl\\\/index.php\\\/product\\\/miklos-szenthelyi-judit-szenthelyi-sergei-prokofiev-pyotr-ilyich-tchaikovsky-eugene-ysaye-camille-saint-saens-niccolo-paganini-maurice-ravel\\\/\"]}]},{\"@type\":\"ImageObject\",\"inLanguage\":\"en-US\",\"@id\":\"https:\\\/\\\/pk-records.nl\\\/index.php\\\/product\\\/miklos-szenthelyi-judit-szenthelyi-sergei-prokofiev-pyotr-ilyich-tchaikovsky-eugene-ysaye-camille-saint-saens-niccolo-paganini-maurice-ravel\\\/#primaryimage\",\"url\":\"https:\\\/\\\/pk-records.nl\\\/wp-content\\\/uploads\\\/5620.jpg\",\"contentUrl\":\"https:\\\/\\\/pk-records.nl\\\/wp-content\\\/uploads\\\/5620.jpg\",\"width\":599,\"height\":577},{\"@type\":\"BreadcrumbList\",\"@id\":\"https:\\\/\\\/pk-records.nl\\\/index.php\\\/product\\\/miklos-szenthelyi-judit-szenthelyi-sergei-prokofiev-pyotr-ilyich-tchaikovsky-eugene-ysaye-camille-saint-saens-niccolo-paganini-maurice-ravel\\\/#breadcrumb\",\"itemListElement\":[{\"@type\":\"ListItem\",\"position\":1,\"name\":\"Home\",\"item\":\"https:\\\/\\\/pk-records.nl\\\/\"},{\"@type\":\"ListItem\",\"position\":2,\"name\":\"Shop\",\"item\":\"https:\\\/\\\/pk-records.nl\\\/index.php\\\/shop\\\/\"},{\"@type\":\"ListItem\",\"position\":3,\"name\":\"Miklos Szenthelyi, Judit Szenthelyi, Sergei Prokofiev, Pyotr Ilyich Tchaikovsky, Eug\u00e8ne Ysa\u00ffe, Camille Saint-Sa\u00ebns, Niccol\u00f2 Paganini, Maurice Ravel\"}]},{\"@type\":\"WebSite\",\"@id\":\"https:\\\/\\\/pk-records.nl\\\/#website\",\"url\":\"https:\\\/\\\/pk-records.nl\\\/\",\"name\":\"PK-records\",\"description\":\"\",\"publisher\":{\"@id\":\"https:\\\/\\\/pk-records.nl\\\/#organization\"},\"potentialAction\":[{\"@type\":\"SearchAction\",\"target\":{\"@type\":\"EntryPoint\",\"urlTemplate\":\"https:\\\/\\\/pk-records.nl\\\/?s={search_term_string}\"},\"query-input\":{\"@type\":\"PropertyValueSpecification\",\"valueRequired\":true,\"valueName\":\"search_term_string\"}}],\"inLanguage\":\"en-US\"},{\"@type\":\"Organization\",\"@id\":\"https:\\\/\\\/pk-records.nl\\\/#organization\",\"name\":\"PK-records\",\"url\":\"https:\\\/\\\/pk-records.nl\\\/\",\"logo\":{\"@type\":\"ImageObject\",\"inLanguage\":\"en-US\",\"@id\":\"https:\\\/\\\/pk-records.nl\\\/#\\\/schema\\\/logo\\\/image\\\/\",\"url\":\"https:\\\/\\\/pk-records.nl\\\/wp-content\\\/uploads\\\/cropped-logoPK-records.png\",\"contentUrl\":\"https:\\\/\\\/pk-records.nl\\\/wp-content\\\/uploads\\\/cropped-logoPK-records.png\",\"width\":510,\"height\":162,\"caption\":\"PK-records\"},\"image\":{\"@id\":\"https:\\\/\\\/pk-records.nl\\\/#\\\/schema\\\/logo\\\/image\\\/\"}}]}<\/script>\n<!-- \/ Yoast SEO plugin. -->","yoast_head_json":{"title":"Miklos Szenthelyi, Judit Szenthelyi, Sergei Prokofiev, Pyotr Ilyich Tchaikovsky, Eug\u00e8ne Ysa\u00ffe, Camille Saint-Sa\u00ebns, Niccol\u00f2 Paganini, Maurice Ravel - PK-records","robots":{"index":"index","follow":"follow","max-snippet":"max-snippet:-1","max-image-preview":"max-image-preview:large","max-video-preview":"max-video-preview:-1"},"canonical":"https:\/\/pk-records.nl\/index.php\/product\/miklos-szenthelyi-judit-szenthelyi-sergei-prokofiev-pyotr-ilyich-tchaikovsky-eugene-ysaye-camille-saint-saens-niccolo-paganini-maurice-ravel\/","og_locale":"en_US","og_type":"article","og_title":"Miklos Szenthelyi, Judit Szenthelyi, Sergei Prokofiev, Pyotr Ilyich Tchaikovsky, Eug\u00e8ne Ysa\u00ffe, Camille Saint-Sa\u00ebns, Niccol\u00f2 Paganini, Maurice Ravel - PK-records","og_description":"Artist: Miklos Szenthelyi, Judit Szenthelyi, Sergei Prokofiev, Pyotr Ilyich Tchaikovsky, Eug\u00e8ne Ysa\u00ffe, Camille Saint-Sa\u00ebns, Niccol\u00f2 Paganini, Maurice RavelTitel: Violin Recital","og_url":"https:\/\/pk-records.nl\/index.php\/product\/miklos-szenthelyi-judit-szenthelyi-sergei-prokofiev-pyotr-ilyich-tchaikovsky-eugene-ysaye-camille-saint-saens-niccolo-paganini-maurice-ravel\/","og_site_name":"PK-records","article_modified_time":"2024-01-18T20:18:06+00:00","og_image":[{"width":599,"height":577,"url":"https:\/\/pk-records.nl\/wp-content\/uploads\/5620.jpg","type":"image\/jpeg"}],"twitter_card":"summary_large_image","schema":{"@context":"https:\/\/schema.org","@graph":[{"@type":"WebPage","@id":"https:\/\/pk-records.nl\/index.php\/product\/miklos-szenthelyi-judit-szenthelyi-sergei-prokofiev-pyotr-ilyich-tchaikovsky-eugene-ysaye-camille-saint-saens-niccolo-paganini-maurice-ravel\/","url":"https:\/\/pk-records.nl\/index.php\/product\/miklos-szenthelyi-judit-szenthelyi-sergei-prokofiev-pyotr-ilyich-tchaikovsky-eugene-ysaye-camille-saint-saens-niccolo-paganini-maurice-ravel\/","name":"Miklos Szenthelyi, Judit Szenthelyi, Sergei Prokofiev, Pyotr Ilyich Tchaikovsky, Eug\u00e8ne Ysa\u00ffe, Camille Saint-Sa\u00ebns, Niccol\u00f2 Paganini, Maurice Ravel - PK-records","isPartOf":{"@id":"https:\/\/pk-records.nl\/#website"},"primaryImageOfPage":{"@id":"https:\/\/pk-records.nl\/index.php\/product\/miklos-szenthelyi-judit-szenthelyi-sergei-prokofiev-pyotr-ilyich-tchaikovsky-eugene-ysaye-camille-saint-saens-niccolo-paganini-maurice-ravel\/#primaryimage"},"image":{"@id":"https:\/\/pk-records.nl\/index.php\/product\/miklos-szenthelyi-judit-szenthelyi-sergei-prokofiev-pyotr-ilyich-tchaikovsky-eugene-ysaye-camille-saint-saens-niccolo-paganini-maurice-ravel\/#primaryimage"},"thumbnailUrl":"https:\/\/pk-records.nl\/wp-content\/uploads\/5620.jpg","datePublished":"2024-01-18T20:17:59+00:00","dateModified":"2024-01-18T20:18:06+00:00","breadcrumb":{"@id":"https:\/\/pk-records.nl\/index.php\/product\/miklos-szenthelyi-judit-szenthelyi-sergei-prokofiev-pyotr-ilyich-tchaikovsky-eugene-ysaye-camille-saint-saens-niccolo-paganini-maurice-ravel\/#breadcrumb"},"inLanguage":"en-US","potentialAction":[{"@type":"ReadAction","target":["https:\/\/pk-records.nl\/index.php\/product\/miklos-szenthelyi-judit-szenthelyi-sergei-prokofiev-pyotr-ilyich-tchaikovsky-eugene-ysaye-camille-saint-saens-niccolo-paganini-maurice-ravel\/"]}]},{"@type":"ImageObject","inLanguage":"en-US","@id":"https:\/\/pk-records.nl\/index.php\/product\/miklos-szenthelyi-judit-szenthelyi-sergei-prokofiev-pyotr-ilyich-tchaikovsky-eugene-ysaye-camille-saint-saens-niccolo-paganini-maurice-ravel\/#primaryimage","url":"https:\/\/pk-records.nl\/wp-content\/uploads\/5620.jpg","contentUrl":"https:\/\/pk-records.nl\/wp-content\/uploads\/5620.jpg","width":599,"height":577},{"@type":"BreadcrumbList","@id":"https:\/\/pk-records.nl\/index.php\/product\/miklos-szenthelyi-judit-szenthelyi-sergei-prokofiev-pyotr-ilyich-tchaikovsky-eugene-ysaye-camille-saint-saens-niccolo-paganini-maurice-ravel\/#breadcrumb","itemListElement":[{"@type":"ListItem","position":1,"name":"Home","item":"https:\/\/pk-records.nl\/"},{"@type":"ListItem","position":2,"name":"Shop","item":"https:\/\/pk-records.nl\/index.php\/shop\/"},{"@type":"ListItem","position":3,"name":"Miklos Szenthelyi, Judit Szenthelyi, Sergei Prokofiev, Pyotr Ilyich Tchaikovsky, Eug\u00e8ne Ysa\u00ffe, Camille Saint-Sa\u00ebns, Niccol\u00f2 Paganini, Maurice Ravel"}]},{"@type":"WebSite","@id":"https:\/\/pk-records.nl\/#website","url":"https:\/\/pk-records.nl\/","name":"PK-records","description":"","publisher":{"@id":"https:\/\/pk-records.nl\/#organization"},"potentialAction":[{"@type":"SearchAction","target":{"@type":"EntryPoint","urlTemplate":"https:\/\/pk-records.nl\/?s={search_term_string}"},"query-input":{"@type":"PropertyValueSpecification","valueRequired":true,"valueName":"search_term_string"}}],"inLanguage":"en-US"},{"@type":"Organization","@id":"https:\/\/pk-records.nl\/#organization","name":"PK-records","url":"https:\/\/pk-records.nl\/","logo":{"@type":"ImageObject","inLanguage":"en-US","@id":"https:\/\/pk-records.nl\/#\/schema\/logo\/image\/","url":"https:\/\/pk-records.nl\/wp-content\/uploads\/cropped-logoPK-records.png","contentUrl":"https:\/\/pk-records.nl\/wp-content\/uploads\/cropped-logoPK-records.png","width":510,"height":162,"caption":"PK-records"},"image":{"@id":"https:\/\/pk-records.nl\/#\/schema\/logo\/image\/"}}]}},"jetpack_sharing_enabled":true,"_links":{"self":[{"href":"https:\/\/pk-records.nl\/index.php\/wp-json\/wp\/v2\/product\/13761","targetHints":{"allow":["GET"]}}],"collection":[{"href":"https:\/\/pk-records.nl\/index.php\/wp-json\/wp\/v2\/product"}],"about":[{"href":"https:\/\/pk-records.nl\/index.php\/wp-json\/wp\/v2\/types\/product"}],"wp:featuredmedia":[{"embeddable":true,"href":"https:\/\/pk-records.nl\/index.php\/wp-json\/wp\/v2\/media\/11928"}],"wp:attachment":[{"href":"https:\/\/pk-records.nl\/index.php\/wp-json\/wp\/v2\/media?parent=13761"}],"wp:term":[{"taxonomy":"product_brand","embeddable":true,"href":"https:\/\/pk-records.nl\/index.php\/wp-json\/wp\/v2\/product_brand?post=13761"},{"taxonomy":"product_cat","embeddable":true,"href":"https:\/\/pk-records.nl\/index.php\/wp-json\/wp\/v2\/product_cat?post=13761"},{"taxonomy":"product_tag","embeddable":true,"href":"https:\/\/pk-records.nl\/index.php\/wp-json\/wp\/v2\/product_tag?post=13761"}],"curies":[{"name":"wp","href":"https:\/\/api.w.org\/{rel}","templated":true}]}}