{"id":13762,"date":"2024-01-18T21:17:59","date_gmt":"2024-01-18T20:17:59","guid":{"rendered":"https:\/\/pk-records.nl\/index.php\/product\/ludwig-guttler-kammerorchester-berlin-hartmut-haenchen\/"},"modified":"2024-01-18T21:18:06","modified_gmt":"2024-01-18T20:18:06","slug":"ludwig-guttler-kammerorchester-berlin-hartmut-haenchen","status":"publish","type":"product","link":"https:\/\/pk-records.nl\/index.php\/product\/ludwig-guttler-kammerorchester-berlin-hartmut-haenchen\/","title":{"rendered":"Ludwig G\u00fcttler, Kammerorchester Berlin, Hartmut Haenchen"},"content":{"rendered":"<table  class=\" table table-hover\" border=\"0\" cellspacing=\"0\" cellpadding=\"0\">\n<tbody>\n<tr>\n<td valign=\"top\" width=\"270\"><strong>Format<\/strong>: LP<br \/>\n<strong>Release ID<\/strong>: 8 27 002<br \/>\n<strong>Release date<\/strong>: 1986<br \/>\n<strong>Genre<\/strong>: Classical<br \/>\n<strong>Condition record<\/strong>: Near Mint (NM or M-)<br \/>\n<strong>Condition sleeve<\/strong>: Near Mint (NM or M-)<\/td>\n<td width=\"15\"><\/td>\n<td valign=\"top\" width=\"270\"><strong>Tracklis<\/strong>t:<br \/>\nKonzert F\u00fcr Zwei Trompeten, Streichorchester Und Basso Continuo C-dur RV 537 \u2013 Allegro,,2:35<br \/>Konzert F\u00fcr Zwei Trompeten, Streichorchester Und Basso Continuo C-dur RV 537 \u2013 Largo,,1:20<br \/>Konzert F\u00fcr Zwei Trompeten, Streichorchester Und Basso Continuo C-dur RV 537 \u2013 (Allegro),,3:05<br \/>Konzert F\u00fcr Trompete, Streichorchester Und Basso Continuo Es-dur \u2013 Allegro,,5:40<br \/>Konzert F\u00fcr Trompete, Streichorchester Und Basso Continuo Es-dur \u2013 Largo,,5:05<br \/>Konzert F\u00fcr Trompete, Streichorchester Und Basso Continuo Es-dur \u2013 Vivace,,4:45<br \/>Konzert F\u00fcr Trompete, Oboe, Streichorchester Und Basso Continuo Es-dur \u2013 Allegro,,5:10<br \/>Konzert F\u00fcr Trompete, Oboe, Streichorchester Und Basso Continuo Es-dur \u2013 Arioso,,4:45<br \/>Konzert F\u00fcr Trompete, Oboe, Streichorchester Und Basso Continuo Es-dur \u2013 Allegro,,4:35<br \/>Konzert F\u00fcr Trompete, Orchester Und Basso Continuo C-dur \u2013 Adagio,,5:15<br \/>Konzert F\u00fcr Trompete, Orchester Und Basso Continuo C-dur \u2013 Allegro Molto,,5:10<\/td>\n<\/tr>\n<\/tbody>\n<\/table>\n<p><strong>Comments<\/strong>: price sticker on cover<\/p>\n<p>*excl.shipping<\/p>\n","protected":false},"excerpt":{"rendered":"<p><strong>Artist: <\/strong> <span style=\"color: #1e4c0b; font-weight: 600;\">Ludwig G\u00fcttler, Kammerorchester Berlin, Hartmut Haenchen<\/span><strong><BR>Titel: <\/strong>Virtuose Trompetenkonzerte Mit Ludwig G\u00fcttler <BR><BR><BR><BR><\/p>\n","protected":false},"featured_media":11481,"template":"","meta":[],"product_brand":[],"product_cat":[61],"product_tag":[145],"class_list":{"0":"post-13762","1":"product","2":"type-product","3":"status-publish","4":"has-post-thumbnail","6":"product_cat-classical","7":"product_tag-vinyl","9":"first","10":"instock","11":"purchasable","12":"product-type-simple"},"yoast_head":"<!-- This site is optimized with the Yoast SEO plugin v27.3 - https:\/\/yoast.com\/product\/yoast-seo-wordpress\/ -->\n<title>Ludwig G\u00fcttler, Kammerorchester Berlin, Hartmut Haenchen - PK-records<\/title>\n<meta name=\"robots\" content=\"index, follow, max-snippet:-1, max-image-preview:large, max-video-preview:-1\" \/>\n<link rel=\"canonical\" href=\"https:\/\/pk-records.nl\/index.php\/product\/ludwig-guttler-kammerorchester-berlin-hartmut-haenchen\/\" \/>\n<meta property=\"og:locale\" content=\"en_US\" \/>\n<meta property=\"og:type\" content=\"article\" \/>\n<meta property=\"og:title\" content=\"Ludwig G\u00fcttler, Kammerorchester Berlin, Hartmut Haenchen - PK-records\" \/>\n<meta property=\"og:description\" content=\"Artist: Ludwig G\u00fcttler, Kammerorchester Berlin, Hartmut HaenchenTitel: Virtuose Trompetenkonzerte Mit Ludwig G\u00fcttler\" \/>\n<meta property=\"og:url\" content=\"https:\/\/pk-records.nl\/index.php\/product\/ludwig-guttler-kammerorchester-berlin-hartmut-haenchen\/\" \/>\n<meta property=\"og:site_name\" content=\"PK-records\" \/>\n<meta property=\"article:modified_time\" content=\"2024-01-18T20:18:06+00:00\" \/>\n<meta property=\"og:image\" content=\"https:\/\/pk-records.nl\/wp-content\/uploads\/5036.jpg\" \/>\n\t<meta property=\"og:image:width\" content=\"550\" \/>\n\t<meta property=\"og:image:height\" content=\"551\" \/>\n\t<meta property=\"og:image:type\" content=\"image\/jpeg\" \/>\n<meta name=\"twitter:card\" content=\"summary_large_image\" \/>\n<meta name=\"twitter:label1\" content=\"Est. reading time\" \/>\n\t<meta name=\"twitter:data1\" content=\"1 minute\" \/>\n<script type=\"application\/ld+json\" class=\"yoast-schema-graph\">{\"@context\":\"https:\\\/\\\/schema.org\",\"@graph\":[{\"@type\":\"WebPage\",\"@id\":\"https:\\\/\\\/pk-records.nl\\\/index.php\\\/product\\\/ludwig-guttler-kammerorchester-berlin-hartmut-haenchen\\\/\",\"url\":\"https:\\\/\\\/pk-records.nl\\\/index.php\\\/product\\\/ludwig-guttler-kammerorchester-berlin-hartmut-haenchen\\\/\",\"name\":\"Ludwig G\u00fcttler, Kammerorchester Berlin, Hartmut Haenchen - PK-records\",\"isPartOf\":{\"@id\":\"https:\\\/\\\/pk-records.nl\\\/#website\"},\"primaryImageOfPage\":{\"@id\":\"https:\\\/\\\/pk-records.nl\\\/index.php\\\/product\\\/ludwig-guttler-kammerorchester-berlin-hartmut-haenchen\\\/#primaryimage\"},\"image\":{\"@id\":\"https:\\\/\\\/pk-records.nl\\\/index.php\\\/product\\\/ludwig-guttler-kammerorchester-berlin-hartmut-haenchen\\\/#primaryimage\"},\"thumbnailUrl\":\"https:\\\/\\\/pk-records.nl\\\/wp-content\\\/uploads\\\/5036.jpg\",\"datePublished\":\"2024-01-18T20:17:59+00:00\",\"dateModified\":\"2024-01-18T20:18:06+00:00\",\"breadcrumb\":{\"@id\":\"https:\\\/\\\/pk-records.nl\\\/index.php\\\/product\\\/ludwig-guttler-kammerorchester-berlin-hartmut-haenchen\\\/#breadcrumb\"},\"inLanguage\":\"en-US\",\"potentialAction\":[{\"@type\":\"ReadAction\",\"target\":[\"https:\\\/\\\/pk-records.nl\\\/index.php\\\/product\\\/ludwig-guttler-kammerorchester-berlin-hartmut-haenchen\\\/\"]}]},{\"@type\":\"ImageObject\",\"inLanguage\":\"en-US\",\"@id\":\"https:\\\/\\\/pk-records.nl\\\/index.php\\\/product\\\/ludwig-guttler-kammerorchester-berlin-hartmut-haenchen\\\/#primaryimage\",\"url\":\"https:\\\/\\\/pk-records.nl\\\/wp-content\\\/uploads\\\/5036.jpg\",\"contentUrl\":\"https:\\\/\\\/pk-records.nl\\\/wp-content\\\/uploads\\\/5036.jpg\",\"width\":550,\"height\":551},{\"@type\":\"BreadcrumbList\",\"@id\":\"https:\\\/\\\/pk-records.nl\\\/index.php\\\/product\\\/ludwig-guttler-kammerorchester-berlin-hartmut-haenchen\\\/#breadcrumb\",\"itemListElement\":[{\"@type\":\"ListItem\",\"position\":1,\"name\":\"Home\",\"item\":\"https:\\\/\\\/pk-records.nl\\\/\"},{\"@type\":\"ListItem\",\"position\":2,\"name\":\"Shop\",\"item\":\"https:\\\/\\\/pk-records.nl\\\/index.php\\\/shop\\\/\"},{\"@type\":\"ListItem\",\"position\":3,\"name\":\"Ludwig G\u00fcttler, Kammerorchester Berlin, Hartmut Haenchen\"}]},{\"@type\":\"WebSite\",\"@id\":\"https:\\\/\\\/pk-records.nl\\\/#website\",\"url\":\"https:\\\/\\\/pk-records.nl\\\/\",\"name\":\"PK-records\",\"description\":\"\",\"publisher\":{\"@id\":\"https:\\\/\\\/pk-records.nl\\\/#organization\"},\"potentialAction\":[{\"@type\":\"SearchAction\",\"target\":{\"@type\":\"EntryPoint\",\"urlTemplate\":\"https:\\\/\\\/pk-records.nl\\\/?s={search_term_string}\"},\"query-input\":{\"@type\":\"PropertyValueSpecification\",\"valueRequired\":true,\"valueName\":\"search_term_string\"}}],\"inLanguage\":\"en-US\"},{\"@type\":\"Organization\",\"@id\":\"https:\\\/\\\/pk-records.nl\\\/#organization\",\"name\":\"PK-records\",\"url\":\"https:\\\/\\\/pk-records.nl\\\/\",\"logo\":{\"@type\":\"ImageObject\",\"inLanguage\":\"en-US\",\"@id\":\"https:\\\/\\\/pk-records.nl\\\/#\\\/schema\\\/logo\\\/image\\\/\",\"url\":\"https:\\\/\\\/pk-records.nl\\\/wp-content\\\/uploads\\\/cropped-logoPK-records.png\",\"contentUrl\":\"https:\\\/\\\/pk-records.nl\\\/wp-content\\\/uploads\\\/cropped-logoPK-records.png\",\"width\":510,\"height\":162,\"caption\":\"PK-records\"},\"image\":{\"@id\":\"https:\\\/\\\/pk-records.nl\\\/#\\\/schema\\\/logo\\\/image\\\/\"}}]}<\/script>\n<!-- \/ Yoast SEO plugin. -->","yoast_head_json":{"title":"Ludwig G\u00fcttler, Kammerorchester Berlin, Hartmut Haenchen - PK-records","robots":{"index":"index","follow":"follow","max-snippet":"max-snippet:-1","max-image-preview":"max-image-preview:large","max-video-preview":"max-video-preview:-1"},"canonical":"https:\/\/pk-records.nl\/index.php\/product\/ludwig-guttler-kammerorchester-berlin-hartmut-haenchen\/","og_locale":"en_US","og_type":"article","og_title":"Ludwig G\u00fcttler, Kammerorchester Berlin, Hartmut Haenchen - PK-records","og_description":"Artist: Ludwig G\u00fcttler, Kammerorchester Berlin, Hartmut HaenchenTitel: Virtuose Trompetenkonzerte Mit Ludwig G\u00fcttler","og_url":"https:\/\/pk-records.nl\/index.php\/product\/ludwig-guttler-kammerorchester-berlin-hartmut-haenchen\/","og_site_name":"PK-records","article_modified_time":"2024-01-18T20:18:06+00:00","og_image":[{"width":550,"height":551,"url":"https:\/\/pk-records.nl\/wp-content\/uploads\/5036.jpg","type":"image\/jpeg"}],"twitter_card":"summary_large_image","twitter_misc":{"Est. reading time":"1 minute"},"schema":{"@context":"https:\/\/schema.org","@graph":[{"@type":"WebPage","@id":"https:\/\/pk-records.nl\/index.php\/product\/ludwig-guttler-kammerorchester-berlin-hartmut-haenchen\/","url":"https:\/\/pk-records.nl\/index.php\/product\/ludwig-guttler-kammerorchester-berlin-hartmut-haenchen\/","name":"Ludwig G\u00fcttler, Kammerorchester Berlin, Hartmut Haenchen - PK-records","isPartOf":{"@id":"https:\/\/pk-records.nl\/#website"},"primaryImageOfPage":{"@id":"https:\/\/pk-records.nl\/index.php\/product\/ludwig-guttler-kammerorchester-berlin-hartmut-haenchen\/#primaryimage"},"image":{"@id":"https:\/\/pk-records.nl\/index.php\/product\/ludwig-guttler-kammerorchester-berlin-hartmut-haenchen\/#primaryimage"},"thumbnailUrl":"https:\/\/pk-records.nl\/wp-content\/uploads\/5036.jpg","datePublished":"2024-01-18T20:17:59+00:00","dateModified":"2024-01-18T20:18:06+00:00","breadcrumb":{"@id":"https:\/\/pk-records.nl\/index.php\/product\/ludwig-guttler-kammerorchester-berlin-hartmut-haenchen\/#breadcrumb"},"inLanguage":"en-US","potentialAction":[{"@type":"ReadAction","target":["https:\/\/pk-records.nl\/index.php\/product\/ludwig-guttler-kammerorchester-berlin-hartmut-haenchen\/"]}]},{"@type":"ImageObject","inLanguage":"en-US","@id":"https:\/\/pk-records.nl\/index.php\/product\/ludwig-guttler-kammerorchester-berlin-hartmut-haenchen\/#primaryimage","url":"https:\/\/pk-records.nl\/wp-content\/uploads\/5036.jpg","contentUrl":"https:\/\/pk-records.nl\/wp-content\/uploads\/5036.jpg","width":550,"height":551},{"@type":"BreadcrumbList","@id":"https:\/\/pk-records.nl\/index.php\/product\/ludwig-guttler-kammerorchester-berlin-hartmut-haenchen\/#breadcrumb","itemListElement":[{"@type":"ListItem","position":1,"name":"Home","item":"https:\/\/pk-records.nl\/"},{"@type":"ListItem","position":2,"name":"Shop","item":"https:\/\/pk-records.nl\/index.php\/shop\/"},{"@type":"ListItem","position":3,"name":"Ludwig G\u00fcttler, Kammerorchester Berlin, Hartmut Haenchen"}]},{"@type":"WebSite","@id":"https:\/\/pk-records.nl\/#website","url":"https:\/\/pk-records.nl\/","name":"PK-records","description":"","publisher":{"@id":"https:\/\/pk-records.nl\/#organization"},"potentialAction":[{"@type":"SearchAction","target":{"@type":"EntryPoint","urlTemplate":"https:\/\/pk-records.nl\/?s={search_term_string}"},"query-input":{"@type":"PropertyValueSpecification","valueRequired":true,"valueName":"search_term_string"}}],"inLanguage":"en-US"},{"@type":"Organization","@id":"https:\/\/pk-records.nl\/#organization","name":"PK-records","url":"https:\/\/pk-records.nl\/","logo":{"@type":"ImageObject","inLanguage":"en-US","@id":"https:\/\/pk-records.nl\/#\/schema\/logo\/image\/","url":"https:\/\/pk-records.nl\/wp-content\/uploads\/cropped-logoPK-records.png","contentUrl":"https:\/\/pk-records.nl\/wp-content\/uploads\/cropped-logoPK-records.png","width":510,"height":162,"caption":"PK-records"},"image":{"@id":"https:\/\/pk-records.nl\/#\/schema\/logo\/image\/"}}]}},"jetpack_sharing_enabled":true,"_links":{"self":[{"href":"https:\/\/pk-records.nl\/index.php\/wp-json\/wp\/v2\/product\/13762","targetHints":{"allow":["GET"]}}],"collection":[{"href":"https:\/\/pk-records.nl\/index.php\/wp-json\/wp\/v2\/product"}],"about":[{"href":"https:\/\/pk-records.nl\/index.php\/wp-json\/wp\/v2\/types\/product"}],"wp:featuredmedia":[{"embeddable":true,"href":"https:\/\/pk-records.nl\/index.php\/wp-json\/wp\/v2\/media\/11481"}],"wp:attachment":[{"href":"https:\/\/pk-records.nl\/index.php\/wp-json\/wp\/v2\/media?parent=13762"}],"wp:term":[{"taxonomy":"product_brand","embeddable":true,"href":"https:\/\/pk-records.nl\/index.php\/wp-json\/wp\/v2\/product_brand?post=13762"},{"taxonomy":"product_cat","embeddable":true,"href":"https:\/\/pk-records.nl\/index.php\/wp-json\/wp\/v2\/product_cat?post=13762"},{"taxonomy":"product_tag","embeddable":true,"href":"https:\/\/pk-records.nl\/index.php\/wp-json\/wp\/v2\/product_tag?post=13762"}],"curies":[{"name":"wp","href":"https:\/\/api.w.org\/{rel}","templated":true}]}}