{"id":13896,"date":"2024-01-18T21:24:46","date_gmt":"2024-01-18T20:24:46","guid":{"rendered":"https:\/\/pk-records.nl\/index.php\/product\/beniamino-gigli\/"},"modified":"2024-01-18T21:24:49","modified_gmt":"2024-01-18T20:24:49","slug":"beniamino-gigli","status":"publish","type":"product","link":"https:\/\/pk-records.nl\/index.php\/product\/beniamino-gigli\/","title":{"rendered":"Beniamino Gigli"},"content":{"rendered":"<table  class=\" table table-hover\" border=\"0\" cellspacing=\"0\" cellpadding=\"0\">\n<tbody>\n<tr>\n<td valign=\"top\" width=\"270\"><strong>Format<\/strong>: LP<br \/>\n<strong>Release ID<\/strong>: LPX 11682<br \/>\n<strong>Release date<\/strong>: 1978<br \/>\n<strong>Genre<\/strong>: Classical<br \/>\n<strong>Condition record<\/strong>: Near Mint (NM or M-)<br \/>\n<strong>Condition sleeve<\/strong>: Near Mint (NM or M-)<\/td>\n<td width=\"15\"><\/td>\n<td valign=\"top\" width=\"270\"><strong>Tracklis<\/strong>t:<br \/>\nFaust &#8211; Faust \u00c9s Margit (k\u00e9t) Jelenete A III. Felvon\u00e1sb\u00f3l (1919),,<br \/>Faust &#8211; Faust \u00c9s Margit (k\u00e9t) Jelenete A III. Felvon\u00e1sb\u00f3l (1919),,<br \/>Mefistofele &#8211; Faust \u00c1ri\u00e1ja Az I. Felvon\u00e1sb\u00f3l (1921),,<br \/>Mefistofele &#8211; Faust \u00e1ri\u00e1ja Az Epil\u00f3gusb\u00f3l (1921),,<br \/>Faust &#8211; Faust Kavatin\u00e1ja A III. Felvon\u00e1sb\u00f3l (1921),,<br \/>A Kegyencn\u0151 &#8211; Fernando Rom\u00e1nca A IV. Felvon\u00e1sb\u00f3l (1921),,<br \/>Ys Kir\u00e1lya &#8211; Mylio \u00e1ri\u00e1ja A III. Felvon\u00e1sb\u00f3l (1922),,<br \/>Andrea Ch\u00e9nier &#8211; Ch\u00e9nier \u00c1ri\u00e1ja Az I. K\u00e9pb\u0151l (1922),,<br \/>Tosca &#8211; Cavaradossi \u00c1ri\u00e1ja A III. Felvon\u00e1sb\u00f3l (1922),,<br \/>Az Afrikai N\u0151 &#8211; Vasco Da Gama \u00c1ri\u00e1ja A IV. Felvon\u00e1sb\u00f3l (1923),,<br \/>M\u00e1rta &#8211; Lyonel \u00c1ri\u00e1ja a III. Felvon\u00e1sb\u00f3l (1923),,<br \/>Boh\u00e9m\u00e9let &#8211; Rodolfo \u00c9s Marcello Kett\u0151se A IV. Felvon\u00e1sb\u00f3l (1926),,<br \/>Gy\u00f6ngyhal\u00e1szok &#8211; Nadir Rom\u00e1nca Az I. Felvon\u00e1sb\u00f3l (1929),,<\/td>\n<\/tr>\n<\/tbody>\n<\/table>\n<p><strong>Comments<\/strong>: <\/p>\n<p>*excl.shipping<\/p>\n","protected":false},"excerpt":{"rendered":"<p><strong>Artist: <\/strong> <span style=\"color: #1e4c0b; font-weight: 600;\">Beniamino Gigli<\/span><strong><BR>Titel: <\/strong>Beniamino Gigli &#8211; 1919 -1929 K\u00f6z\u00f6tt K\u00e9sz\u00fclt Felv\u00e9telek <BR><BR><BR><BR><\/p>\n","protected":false},"featured_media":11541,"template":"","meta":[],"product_brand":[],"product_cat":[61],"product_tag":[145],"class_list":{"0":"post-13896","1":"product","2":"type-product","3":"status-publish","4":"has-post-thumbnail","6":"product_cat-classical","7":"product_tag-vinyl","9":"first","10":"instock","11":"purchasable","12":"product-type-simple"},"yoast_head":"<!-- This site is optimized with the Yoast SEO plugin v27.3 - https:\/\/yoast.com\/product\/yoast-seo-wordpress\/ -->\n<title>Beniamino Gigli - PK-records<\/title>\n<meta name=\"robots\" content=\"index, follow, max-snippet:-1, max-image-preview:large, max-video-preview:-1\" \/>\n<link rel=\"canonical\" href=\"https:\/\/pk-records.nl\/index.php\/product\/beniamino-gigli\/\" \/>\n<meta property=\"og:locale\" content=\"en_US\" \/>\n<meta property=\"og:type\" content=\"article\" \/>\n<meta property=\"og:title\" content=\"Beniamino Gigli - PK-records\" \/>\n<meta property=\"og:description\" content=\"Artist: Beniamino GigliTitel: Beniamino Gigli - 1919 -1929 K\u00f6z\u00f6tt K\u00e9sz\u00fclt Felv\u00e9telek\" \/>\n<meta property=\"og:url\" content=\"https:\/\/pk-records.nl\/index.php\/product\/beniamino-gigli\/\" \/>\n<meta property=\"og:site_name\" content=\"PK-records\" \/>\n<meta property=\"article:modified_time\" content=\"2024-01-18T20:24:49+00:00\" \/>\n<meta property=\"og:image\" content=\"https:\/\/pk-records.nl\/wp-content\/uploads\/5113.jpg\" \/>\n\t<meta property=\"og:image:width\" content=\"600\" \/>\n\t<meta property=\"og:image:height\" content=\"598\" \/>\n\t<meta property=\"og:image:type\" content=\"image\/jpeg\" \/>\n<meta name=\"twitter:card\" content=\"summary_large_image\" \/>\n<meta name=\"twitter:label1\" content=\"Est. reading time\" \/>\n\t<meta name=\"twitter:data1\" content=\"1 minute\" \/>\n<script type=\"application\/ld+json\" class=\"yoast-schema-graph\">{\"@context\":\"https:\\\/\\\/schema.org\",\"@graph\":[{\"@type\":\"WebPage\",\"@id\":\"https:\\\/\\\/pk-records.nl\\\/index.php\\\/product\\\/beniamino-gigli\\\/\",\"url\":\"https:\\\/\\\/pk-records.nl\\\/index.php\\\/product\\\/beniamino-gigli\\\/\",\"name\":\"Beniamino Gigli - PK-records\",\"isPartOf\":{\"@id\":\"https:\\\/\\\/pk-records.nl\\\/#website\"},\"primaryImageOfPage\":{\"@id\":\"https:\\\/\\\/pk-records.nl\\\/index.php\\\/product\\\/beniamino-gigli\\\/#primaryimage\"},\"image\":{\"@id\":\"https:\\\/\\\/pk-records.nl\\\/index.php\\\/product\\\/beniamino-gigli\\\/#primaryimage\"},\"thumbnailUrl\":\"https:\\\/\\\/pk-records.nl\\\/wp-content\\\/uploads\\\/5113.jpg\",\"datePublished\":\"2024-01-18T20:24:46+00:00\",\"dateModified\":\"2024-01-18T20:24:49+00:00\",\"breadcrumb\":{\"@id\":\"https:\\\/\\\/pk-records.nl\\\/index.php\\\/product\\\/beniamino-gigli\\\/#breadcrumb\"},\"inLanguage\":\"en-US\",\"potentialAction\":[{\"@type\":\"ReadAction\",\"target\":[\"https:\\\/\\\/pk-records.nl\\\/index.php\\\/product\\\/beniamino-gigli\\\/\"]}]},{\"@type\":\"ImageObject\",\"inLanguage\":\"en-US\",\"@id\":\"https:\\\/\\\/pk-records.nl\\\/index.php\\\/product\\\/beniamino-gigli\\\/#primaryimage\",\"url\":\"https:\\\/\\\/pk-records.nl\\\/wp-content\\\/uploads\\\/5113.jpg\",\"contentUrl\":\"https:\\\/\\\/pk-records.nl\\\/wp-content\\\/uploads\\\/5113.jpg\",\"width\":600,\"height\":598},{\"@type\":\"BreadcrumbList\",\"@id\":\"https:\\\/\\\/pk-records.nl\\\/index.php\\\/product\\\/beniamino-gigli\\\/#breadcrumb\",\"itemListElement\":[{\"@type\":\"ListItem\",\"position\":1,\"name\":\"Home\",\"item\":\"https:\\\/\\\/pk-records.nl\\\/\"},{\"@type\":\"ListItem\",\"position\":2,\"name\":\"Shop\",\"item\":\"https:\\\/\\\/pk-records.nl\\\/index.php\\\/shop\\\/\"},{\"@type\":\"ListItem\",\"position\":3,\"name\":\"Beniamino Gigli\"}]},{\"@type\":\"WebSite\",\"@id\":\"https:\\\/\\\/pk-records.nl\\\/#website\",\"url\":\"https:\\\/\\\/pk-records.nl\\\/\",\"name\":\"PK-records\",\"description\":\"\",\"publisher\":{\"@id\":\"https:\\\/\\\/pk-records.nl\\\/#organization\"},\"potentialAction\":[{\"@type\":\"SearchAction\",\"target\":{\"@type\":\"EntryPoint\",\"urlTemplate\":\"https:\\\/\\\/pk-records.nl\\\/?s={search_term_string}\"},\"query-input\":{\"@type\":\"PropertyValueSpecification\",\"valueRequired\":true,\"valueName\":\"search_term_string\"}}],\"inLanguage\":\"en-US\"},{\"@type\":\"Organization\",\"@id\":\"https:\\\/\\\/pk-records.nl\\\/#organization\",\"name\":\"PK-records\",\"url\":\"https:\\\/\\\/pk-records.nl\\\/\",\"logo\":{\"@type\":\"ImageObject\",\"inLanguage\":\"en-US\",\"@id\":\"https:\\\/\\\/pk-records.nl\\\/#\\\/schema\\\/logo\\\/image\\\/\",\"url\":\"https:\\\/\\\/pk-records.nl\\\/wp-content\\\/uploads\\\/cropped-logoPK-records.png\",\"contentUrl\":\"https:\\\/\\\/pk-records.nl\\\/wp-content\\\/uploads\\\/cropped-logoPK-records.png\",\"width\":510,\"height\":162,\"caption\":\"PK-records\"},\"image\":{\"@id\":\"https:\\\/\\\/pk-records.nl\\\/#\\\/schema\\\/logo\\\/image\\\/\"}}]}<\/script>\n<!-- \/ Yoast SEO plugin. -->","yoast_head_json":{"title":"Beniamino Gigli - PK-records","robots":{"index":"index","follow":"follow","max-snippet":"max-snippet:-1","max-image-preview":"max-image-preview:large","max-video-preview":"max-video-preview:-1"},"canonical":"https:\/\/pk-records.nl\/index.php\/product\/beniamino-gigli\/","og_locale":"en_US","og_type":"article","og_title":"Beniamino Gigli - PK-records","og_description":"Artist: Beniamino GigliTitel: Beniamino Gigli - 1919 -1929 K\u00f6z\u00f6tt K\u00e9sz\u00fclt Felv\u00e9telek","og_url":"https:\/\/pk-records.nl\/index.php\/product\/beniamino-gigli\/","og_site_name":"PK-records","article_modified_time":"2024-01-18T20:24:49+00:00","og_image":[{"width":600,"height":598,"url":"https:\/\/pk-records.nl\/wp-content\/uploads\/5113.jpg","type":"image\/jpeg"}],"twitter_card":"summary_large_image","twitter_misc":{"Est. reading time":"1 minute"},"schema":{"@context":"https:\/\/schema.org","@graph":[{"@type":"WebPage","@id":"https:\/\/pk-records.nl\/index.php\/product\/beniamino-gigli\/","url":"https:\/\/pk-records.nl\/index.php\/product\/beniamino-gigli\/","name":"Beniamino Gigli - PK-records","isPartOf":{"@id":"https:\/\/pk-records.nl\/#website"},"primaryImageOfPage":{"@id":"https:\/\/pk-records.nl\/index.php\/product\/beniamino-gigli\/#primaryimage"},"image":{"@id":"https:\/\/pk-records.nl\/index.php\/product\/beniamino-gigli\/#primaryimage"},"thumbnailUrl":"https:\/\/pk-records.nl\/wp-content\/uploads\/5113.jpg","datePublished":"2024-01-18T20:24:46+00:00","dateModified":"2024-01-18T20:24:49+00:00","breadcrumb":{"@id":"https:\/\/pk-records.nl\/index.php\/product\/beniamino-gigli\/#breadcrumb"},"inLanguage":"en-US","potentialAction":[{"@type":"ReadAction","target":["https:\/\/pk-records.nl\/index.php\/product\/beniamino-gigli\/"]}]},{"@type":"ImageObject","inLanguage":"en-US","@id":"https:\/\/pk-records.nl\/index.php\/product\/beniamino-gigli\/#primaryimage","url":"https:\/\/pk-records.nl\/wp-content\/uploads\/5113.jpg","contentUrl":"https:\/\/pk-records.nl\/wp-content\/uploads\/5113.jpg","width":600,"height":598},{"@type":"BreadcrumbList","@id":"https:\/\/pk-records.nl\/index.php\/product\/beniamino-gigli\/#breadcrumb","itemListElement":[{"@type":"ListItem","position":1,"name":"Home","item":"https:\/\/pk-records.nl\/"},{"@type":"ListItem","position":2,"name":"Shop","item":"https:\/\/pk-records.nl\/index.php\/shop\/"},{"@type":"ListItem","position":3,"name":"Beniamino Gigli"}]},{"@type":"WebSite","@id":"https:\/\/pk-records.nl\/#website","url":"https:\/\/pk-records.nl\/","name":"PK-records","description":"","publisher":{"@id":"https:\/\/pk-records.nl\/#organization"},"potentialAction":[{"@type":"SearchAction","target":{"@type":"EntryPoint","urlTemplate":"https:\/\/pk-records.nl\/?s={search_term_string}"},"query-input":{"@type":"PropertyValueSpecification","valueRequired":true,"valueName":"search_term_string"}}],"inLanguage":"en-US"},{"@type":"Organization","@id":"https:\/\/pk-records.nl\/#organization","name":"PK-records","url":"https:\/\/pk-records.nl\/","logo":{"@type":"ImageObject","inLanguage":"en-US","@id":"https:\/\/pk-records.nl\/#\/schema\/logo\/image\/","url":"https:\/\/pk-records.nl\/wp-content\/uploads\/cropped-logoPK-records.png","contentUrl":"https:\/\/pk-records.nl\/wp-content\/uploads\/cropped-logoPK-records.png","width":510,"height":162,"caption":"PK-records"},"image":{"@id":"https:\/\/pk-records.nl\/#\/schema\/logo\/image\/"}}]}},"jetpack_sharing_enabled":true,"_links":{"self":[{"href":"https:\/\/pk-records.nl\/index.php\/wp-json\/wp\/v2\/product\/13896","targetHints":{"allow":["GET"]}}],"collection":[{"href":"https:\/\/pk-records.nl\/index.php\/wp-json\/wp\/v2\/product"}],"about":[{"href":"https:\/\/pk-records.nl\/index.php\/wp-json\/wp\/v2\/types\/product"}],"wp:featuredmedia":[{"embeddable":true,"href":"https:\/\/pk-records.nl\/index.php\/wp-json\/wp\/v2\/media\/11541"}],"wp:attachment":[{"href":"https:\/\/pk-records.nl\/index.php\/wp-json\/wp\/v2\/media?parent=13896"}],"wp:term":[{"taxonomy":"product_brand","embeddable":true,"href":"https:\/\/pk-records.nl\/index.php\/wp-json\/wp\/v2\/product_brand?post=13896"},{"taxonomy":"product_cat","embeddable":true,"href":"https:\/\/pk-records.nl\/index.php\/wp-json\/wp\/v2\/product_cat?post=13896"},{"taxonomy":"product_tag","embeddable":true,"href":"https:\/\/pk-records.nl\/index.php\/wp-json\/wp\/v2\/product_tag?post=13896"}],"curies":[{"name":"wp","href":"https:\/\/api.w.org\/{rel}","templated":true}]}}