{"id":13953,"date":"2024-01-18T21:25:17","date_gmt":"2024-01-18T20:25:17","guid":{"rendered":"https:\/\/pk-records.nl\/index.php\/product\/johann-sebastian-bach-tolzer-knabenchor-collegium-aureum\/"},"modified":"2024-01-18T21:25:20","modified_gmt":"2024-01-18T20:25:20","slug":"johann-sebastian-bach-tolzer-knabenchor-collegium-aureum","status":"publish","type":"product","link":"https:\/\/pk-records.nl\/index.php\/product\/johann-sebastian-bach-tolzer-knabenchor-collegium-aureum\/","title":{"rendered":"Johann Sebastian Bach, T\u00f6lzer Knabenchor, Collegium Aureum"},"content":{"rendered":"<table  class=\" table table-hover\" border=\"0\" cellspacing=\"0\" cellpadding=\"0\">\n<tbody>\n<tr>\n<td valign=\"top\" width=\"270\"><strong>Format<\/strong>: LP<br \/>\n<strong>Release ID<\/strong>: 1C 027-99 638 Q<br \/>\n<strong>Release date<\/strong>:<br \/>\n<strong>Genre<\/strong>: Classical, Baroque<br \/>\n<strong>Condition record<\/strong>: Near Mint (NM or M-)<br \/>\n<strong>Condition sleeve<\/strong>: Very Good Plus (VG+)<\/td>\n<td width=\"15\"><\/td>\n<td valign=\"top\" width=\"270\"><strong>Tracklis<\/strong>t:<br \/>\nAus Dem 1. Teil (Kantate Zum Ersten Weihnachtstag),,<br \/>Aus Dem 2. Teil (Kantate Zum Zweiten Weihnachtstag),,<br \/>Aus Dem 3. Teil (Kantate Zum Dritten Weihnachtstag),,<br \/>Aus Dem 4. Teil (Kantate Zum Neujahrstag),,<br \/>Aus Dem 5. Teil (Kantate Zum Sonntag Nach Neujahr),,<br \/>Aus Dem 6. Teil (Kantate Zum Fest Epiphanie),,<\/td>\n<\/tr>\n<\/tbody>\n<\/table>\n<p><strong>Comments<\/strong>: <\/p>\n<p>*excl.shipping<\/p>\n","protected":false},"excerpt":{"rendered":"<p><strong>Artist: <\/strong> <span style=\"color: #1e4c0b; font-weight: 600;\">Johann Sebastian Bach, T\u00f6lzer Knabenchor, Collegium Aureum<\/span><strong><BR>Titel: <\/strong>Ch\u00f6re &#038; Chor\u00e4le Aus Dem Weihnachtsoratorium <BR><BR><BR><BR><\/p>\n","protected":false},"featured_media":11716,"template":"","meta":[],"product_brand":[],"product_cat":[133],"product_tag":[145],"class_list":{"0":"post-13953","1":"product","2":"type-product","3":"status-publish","4":"has-post-thumbnail","6":"product_cat-classical-baroque-3","7":"product_tag-vinyl","9":"first","10":"instock","11":"purchasable","12":"product-type-simple"},"yoast_head":"<!-- This site is optimized with the Yoast SEO plugin v27.3 - https:\/\/yoast.com\/product\/yoast-seo-wordpress\/ -->\n<title>Johann Sebastian Bach, T\u00f6lzer Knabenchor, Collegium Aureum - PK-records<\/title>\n<meta name=\"robots\" content=\"index, follow, max-snippet:-1, max-image-preview:large, max-video-preview:-1\" \/>\n<link rel=\"canonical\" href=\"https:\/\/pk-records.nl\/index.php\/product\/johann-sebastian-bach-tolzer-knabenchor-collegium-aureum\/\" \/>\n<meta property=\"og:locale\" content=\"en_US\" \/>\n<meta property=\"og:type\" content=\"article\" \/>\n<meta property=\"og:title\" content=\"Johann Sebastian Bach, T\u00f6lzer Knabenchor, Collegium Aureum - PK-records\" \/>\n<meta property=\"og:description\" content=\"Artist: Johann Sebastian Bach, T\u00f6lzer Knabenchor, Collegium AureumTitel: Ch\u00f6re &amp; Chor\u00e4le Aus Dem Weihnachtsoratorium\" \/>\n<meta property=\"og:url\" content=\"https:\/\/pk-records.nl\/index.php\/product\/johann-sebastian-bach-tolzer-knabenchor-collegium-aureum\/\" \/>\n<meta property=\"og:site_name\" content=\"PK-records\" \/>\n<meta property=\"article:modified_time\" content=\"2024-01-18T20:25:20+00:00\" \/>\n<meta property=\"og:image\" content=\"https:\/\/pk-records.nl\/wp-content\/uploads\/5358.jpg\" \/>\n\t<meta property=\"og:image:width\" content=\"599\" \/>\n\t<meta property=\"og:image:height\" content=\"582\" \/>\n\t<meta property=\"og:image:type\" content=\"image\/jpeg\" \/>\n<meta name=\"twitter:card\" content=\"summary_large_image\" \/>\n<script type=\"application\/ld+json\" class=\"yoast-schema-graph\">{\"@context\":\"https:\\\/\\\/schema.org\",\"@graph\":[{\"@type\":\"WebPage\",\"@id\":\"https:\\\/\\\/pk-records.nl\\\/index.php\\\/product\\\/johann-sebastian-bach-tolzer-knabenchor-collegium-aureum\\\/\",\"url\":\"https:\\\/\\\/pk-records.nl\\\/index.php\\\/product\\\/johann-sebastian-bach-tolzer-knabenchor-collegium-aureum\\\/\",\"name\":\"Johann Sebastian Bach, T\u00f6lzer Knabenchor, Collegium Aureum - PK-records\",\"isPartOf\":{\"@id\":\"https:\\\/\\\/pk-records.nl\\\/#website\"},\"primaryImageOfPage\":{\"@id\":\"https:\\\/\\\/pk-records.nl\\\/index.php\\\/product\\\/johann-sebastian-bach-tolzer-knabenchor-collegium-aureum\\\/#primaryimage\"},\"image\":{\"@id\":\"https:\\\/\\\/pk-records.nl\\\/index.php\\\/product\\\/johann-sebastian-bach-tolzer-knabenchor-collegium-aureum\\\/#primaryimage\"},\"thumbnailUrl\":\"https:\\\/\\\/pk-records.nl\\\/wp-content\\\/uploads\\\/5358.jpg\",\"datePublished\":\"2024-01-18T20:25:17+00:00\",\"dateModified\":\"2024-01-18T20:25:20+00:00\",\"breadcrumb\":{\"@id\":\"https:\\\/\\\/pk-records.nl\\\/index.php\\\/product\\\/johann-sebastian-bach-tolzer-knabenchor-collegium-aureum\\\/#breadcrumb\"},\"inLanguage\":\"en-US\",\"potentialAction\":[{\"@type\":\"ReadAction\",\"target\":[\"https:\\\/\\\/pk-records.nl\\\/index.php\\\/product\\\/johann-sebastian-bach-tolzer-knabenchor-collegium-aureum\\\/\"]}]},{\"@type\":\"ImageObject\",\"inLanguage\":\"en-US\",\"@id\":\"https:\\\/\\\/pk-records.nl\\\/index.php\\\/product\\\/johann-sebastian-bach-tolzer-knabenchor-collegium-aureum\\\/#primaryimage\",\"url\":\"https:\\\/\\\/pk-records.nl\\\/wp-content\\\/uploads\\\/5358.jpg\",\"contentUrl\":\"https:\\\/\\\/pk-records.nl\\\/wp-content\\\/uploads\\\/5358.jpg\",\"width\":599,\"height\":582},{\"@type\":\"BreadcrumbList\",\"@id\":\"https:\\\/\\\/pk-records.nl\\\/index.php\\\/product\\\/johann-sebastian-bach-tolzer-knabenchor-collegium-aureum\\\/#breadcrumb\",\"itemListElement\":[{\"@type\":\"ListItem\",\"position\":1,\"name\":\"Home\",\"item\":\"https:\\\/\\\/pk-records.nl\\\/\"},{\"@type\":\"ListItem\",\"position\":2,\"name\":\"Shop\",\"item\":\"https:\\\/\\\/pk-records.nl\\\/index.php\\\/shop\\\/\"},{\"@type\":\"ListItem\",\"position\":3,\"name\":\"Johann Sebastian Bach, T\u00f6lzer Knabenchor, Collegium Aureum\"}]},{\"@type\":\"WebSite\",\"@id\":\"https:\\\/\\\/pk-records.nl\\\/#website\",\"url\":\"https:\\\/\\\/pk-records.nl\\\/\",\"name\":\"PK-records\",\"description\":\"\",\"publisher\":{\"@id\":\"https:\\\/\\\/pk-records.nl\\\/#organization\"},\"potentialAction\":[{\"@type\":\"SearchAction\",\"target\":{\"@type\":\"EntryPoint\",\"urlTemplate\":\"https:\\\/\\\/pk-records.nl\\\/?s={search_term_string}\"},\"query-input\":{\"@type\":\"PropertyValueSpecification\",\"valueRequired\":true,\"valueName\":\"search_term_string\"}}],\"inLanguage\":\"en-US\"},{\"@type\":\"Organization\",\"@id\":\"https:\\\/\\\/pk-records.nl\\\/#organization\",\"name\":\"PK-records\",\"url\":\"https:\\\/\\\/pk-records.nl\\\/\",\"logo\":{\"@type\":\"ImageObject\",\"inLanguage\":\"en-US\",\"@id\":\"https:\\\/\\\/pk-records.nl\\\/#\\\/schema\\\/logo\\\/image\\\/\",\"url\":\"https:\\\/\\\/pk-records.nl\\\/wp-content\\\/uploads\\\/cropped-logoPK-records.png\",\"contentUrl\":\"https:\\\/\\\/pk-records.nl\\\/wp-content\\\/uploads\\\/cropped-logoPK-records.png\",\"width\":510,\"height\":162,\"caption\":\"PK-records\"},\"image\":{\"@id\":\"https:\\\/\\\/pk-records.nl\\\/#\\\/schema\\\/logo\\\/image\\\/\"}}]}<\/script>\n<!-- \/ Yoast SEO plugin. -->","yoast_head_json":{"title":"Johann Sebastian Bach, T\u00f6lzer Knabenchor, Collegium Aureum - PK-records","robots":{"index":"index","follow":"follow","max-snippet":"max-snippet:-1","max-image-preview":"max-image-preview:large","max-video-preview":"max-video-preview:-1"},"canonical":"https:\/\/pk-records.nl\/index.php\/product\/johann-sebastian-bach-tolzer-knabenchor-collegium-aureum\/","og_locale":"en_US","og_type":"article","og_title":"Johann Sebastian Bach, T\u00f6lzer Knabenchor, Collegium Aureum - PK-records","og_description":"Artist: Johann Sebastian Bach, T\u00f6lzer Knabenchor, Collegium AureumTitel: Ch\u00f6re & Chor\u00e4le Aus Dem Weihnachtsoratorium","og_url":"https:\/\/pk-records.nl\/index.php\/product\/johann-sebastian-bach-tolzer-knabenchor-collegium-aureum\/","og_site_name":"PK-records","article_modified_time":"2024-01-18T20:25:20+00:00","og_image":[{"width":599,"height":582,"url":"https:\/\/pk-records.nl\/wp-content\/uploads\/5358.jpg","type":"image\/jpeg"}],"twitter_card":"summary_large_image","schema":{"@context":"https:\/\/schema.org","@graph":[{"@type":"WebPage","@id":"https:\/\/pk-records.nl\/index.php\/product\/johann-sebastian-bach-tolzer-knabenchor-collegium-aureum\/","url":"https:\/\/pk-records.nl\/index.php\/product\/johann-sebastian-bach-tolzer-knabenchor-collegium-aureum\/","name":"Johann Sebastian Bach, T\u00f6lzer Knabenchor, Collegium Aureum - PK-records","isPartOf":{"@id":"https:\/\/pk-records.nl\/#website"},"primaryImageOfPage":{"@id":"https:\/\/pk-records.nl\/index.php\/product\/johann-sebastian-bach-tolzer-knabenchor-collegium-aureum\/#primaryimage"},"image":{"@id":"https:\/\/pk-records.nl\/index.php\/product\/johann-sebastian-bach-tolzer-knabenchor-collegium-aureum\/#primaryimage"},"thumbnailUrl":"https:\/\/pk-records.nl\/wp-content\/uploads\/5358.jpg","datePublished":"2024-01-18T20:25:17+00:00","dateModified":"2024-01-18T20:25:20+00:00","breadcrumb":{"@id":"https:\/\/pk-records.nl\/index.php\/product\/johann-sebastian-bach-tolzer-knabenchor-collegium-aureum\/#breadcrumb"},"inLanguage":"en-US","potentialAction":[{"@type":"ReadAction","target":["https:\/\/pk-records.nl\/index.php\/product\/johann-sebastian-bach-tolzer-knabenchor-collegium-aureum\/"]}]},{"@type":"ImageObject","inLanguage":"en-US","@id":"https:\/\/pk-records.nl\/index.php\/product\/johann-sebastian-bach-tolzer-knabenchor-collegium-aureum\/#primaryimage","url":"https:\/\/pk-records.nl\/wp-content\/uploads\/5358.jpg","contentUrl":"https:\/\/pk-records.nl\/wp-content\/uploads\/5358.jpg","width":599,"height":582},{"@type":"BreadcrumbList","@id":"https:\/\/pk-records.nl\/index.php\/product\/johann-sebastian-bach-tolzer-knabenchor-collegium-aureum\/#breadcrumb","itemListElement":[{"@type":"ListItem","position":1,"name":"Home","item":"https:\/\/pk-records.nl\/"},{"@type":"ListItem","position":2,"name":"Shop","item":"https:\/\/pk-records.nl\/index.php\/shop\/"},{"@type":"ListItem","position":3,"name":"Johann Sebastian Bach, T\u00f6lzer Knabenchor, Collegium Aureum"}]},{"@type":"WebSite","@id":"https:\/\/pk-records.nl\/#website","url":"https:\/\/pk-records.nl\/","name":"PK-records","description":"","publisher":{"@id":"https:\/\/pk-records.nl\/#organization"},"potentialAction":[{"@type":"SearchAction","target":{"@type":"EntryPoint","urlTemplate":"https:\/\/pk-records.nl\/?s={search_term_string}"},"query-input":{"@type":"PropertyValueSpecification","valueRequired":true,"valueName":"search_term_string"}}],"inLanguage":"en-US"},{"@type":"Organization","@id":"https:\/\/pk-records.nl\/#organization","name":"PK-records","url":"https:\/\/pk-records.nl\/","logo":{"@type":"ImageObject","inLanguage":"en-US","@id":"https:\/\/pk-records.nl\/#\/schema\/logo\/image\/","url":"https:\/\/pk-records.nl\/wp-content\/uploads\/cropped-logoPK-records.png","contentUrl":"https:\/\/pk-records.nl\/wp-content\/uploads\/cropped-logoPK-records.png","width":510,"height":162,"caption":"PK-records"},"image":{"@id":"https:\/\/pk-records.nl\/#\/schema\/logo\/image\/"}}]}},"jetpack_sharing_enabled":true,"_links":{"self":[{"href":"https:\/\/pk-records.nl\/index.php\/wp-json\/wp\/v2\/product\/13953","targetHints":{"allow":["GET"]}}],"collection":[{"href":"https:\/\/pk-records.nl\/index.php\/wp-json\/wp\/v2\/product"}],"about":[{"href":"https:\/\/pk-records.nl\/index.php\/wp-json\/wp\/v2\/types\/product"}],"wp:featuredmedia":[{"embeddable":true,"href":"https:\/\/pk-records.nl\/index.php\/wp-json\/wp\/v2\/media\/11716"}],"wp:attachment":[{"href":"https:\/\/pk-records.nl\/index.php\/wp-json\/wp\/v2\/media?parent=13953"}],"wp:term":[{"taxonomy":"product_brand","embeddable":true,"href":"https:\/\/pk-records.nl\/index.php\/wp-json\/wp\/v2\/product_brand?post=13953"},{"taxonomy":"product_cat","embeddable":true,"href":"https:\/\/pk-records.nl\/index.php\/wp-json\/wp\/v2\/product_cat?post=13953"},{"taxonomy":"product_tag","embeddable":true,"href":"https:\/\/pk-records.nl\/index.php\/wp-json\/wp\/v2\/product_tag?post=13953"}],"curies":[{"name":"wp","href":"https:\/\/api.w.org\/{rel}","templated":true}]}}