{"id":14259,"date":"2024-01-18T21:27:42","date_gmt":"2024-01-18T20:27:42","guid":{"rendered":"https:\/\/pk-records.nl\/index.php\/product\/bulgarian-national-choir-svetoslav-obretenov-georgi-robev-2\/"},"modified":"2024-01-18T21:27:45","modified_gmt":"2024-01-18T20:27:45","slug":"bulgarian-national-choir-svetoslav-obretenov-georgi-robev-2","status":"publish","type":"product","link":"https:\/\/pk-records.nl\/index.php\/product\/bulgarian-national-choir-svetoslav-obretenov-georgi-robev-2\/","title":{"rendered":"Bulgarian National Choir &#8216;Svetoslav Obretenov&#8217;, Georgi Robev"},"content":{"rendered":"<table  class=\" table table-hover\" border=\"0\" cellspacing=\"0\" cellpadding=\"0\">\n<tbody>\n<tr>\n<td valign=\"top\" width=\"270\"><strong>Format<\/strong>: LP<br \/>\n<strong>Release ID<\/strong>: HMB 127<br \/>\n<strong>Release date<\/strong>:<br \/>\n<strong>Genre<\/strong>: Classical<br \/>\n<strong>Condition record<\/strong>: Near Mint (NM or M-)<br \/>\n<strong>Condition sleeve<\/strong>: Near Mint (NM or M-)<\/td>\n<td width=\"15\"><\/td>\n<td valign=\"top\" width=\"270\"><strong>Tracklis<\/strong>t:<br \/>\nZlatokovannouiou Troubou &#8211; Concert \u00c0 8 Voix D\u00e9di\u00e9 \u00c0 Saint-Jean Chrysostome,,11:53<br \/>Rojdestvendskii Stih &#8211; Concert \u00c0 12 Voix,,4:28<br \/>Mnogolestsvovani\u00e9 &#8211; Chant Demestven \u00c0 4 Voix,,6:09<br \/>Radouissia Radost Tvoiou Vospinaiou &#8211; Chant \u00c0 3 Voix,,1:42<br \/>Herouvimska &#8211; Chant Partessen \u00c0 8 Voix,,7:52<br \/>Dostoino Est &#8211; Chant Poutevo \u00c0 3 Voix,,2:10<br \/>Ij\u00e9 Herouvimi &#8211; Chant Strotchno \u00c0 3 Voix,,2:55<br \/>Snatchala Dnes Pooutro Rano &#8211; Concert Partessen \u00c0 12 Voix,,4:39<\/td>\n<\/tr>\n<\/tbody>\n<\/table>\n<p><strong>Comments<\/strong>: <\/p>\n<p>*excl.shipping<\/p>\n","protected":false},"excerpt":{"rendered":"<p><strong>Artist: <\/strong> <span style=\"color: #1e4c0b; font-weight: 600;\">Bulgarian National Choir &#8216;Svetoslav Obretenov&#8217;, Georgi Robev<\/span><strong><BR>Titel: <\/strong>Liturgies Ukrainienne &#038; Russe Des XVI\u00ba &#038; XVII\u00ba Si\u00e8cles <BR><BR><BR><BR><\/p>\n","protected":false},"featured_media":11846,"template":"","meta":[],"product_brand":[],"product_cat":[61],"product_tag":[145],"class_list":{"0":"post-14259","1":"product","2":"type-product","3":"status-publish","4":"has-post-thumbnail","6":"product_cat-classical","7":"product_tag-vinyl","9":"first","10":"instock","11":"purchasable","12":"product-type-simple"},"yoast_head":"<!-- This site is optimized with the Yoast SEO plugin v27.3 - https:\/\/yoast.com\/product\/yoast-seo-wordpress\/ -->\n<title>Bulgarian National Choir &#039;Svetoslav Obretenov&#039;, Georgi Robev - PK-records<\/title>\n<meta name=\"robots\" content=\"index, follow, max-snippet:-1, max-image-preview:large, max-video-preview:-1\" \/>\n<link rel=\"canonical\" href=\"https:\/\/pk-records.nl\/index.php\/product\/bulgarian-national-choir-svetoslav-obretenov-georgi-robev-2\/\" \/>\n<meta property=\"og:locale\" content=\"en_US\" \/>\n<meta property=\"og:type\" content=\"article\" \/>\n<meta property=\"og:title\" content=\"Bulgarian National Choir &#039;Svetoslav Obretenov&#039;, Georgi Robev - PK-records\" \/>\n<meta property=\"og:description\" content=\"Artist: Bulgarian National Choir &#039;Svetoslav Obretenov&#039;, Georgi RobevTitel: Liturgies Ukrainienne &amp; Russe Des XVI\u00ba &amp; XVII\u00ba Si\u00e8cles\" \/>\n<meta property=\"og:url\" content=\"https:\/\/pk-records.nl\/index.php\/product\/bulgarian-national-choir-svetoslav-obretenov-georgi-robev-2\/\" \/>\n<meta property=\"og:site_name\" content=\"PK-records\" \/>\n<meta property=\"article:modified_time\" content=\"2024-01-18T20:27:45+00:00\" \/>\n<meta property=\"og:image\" content=\"https:\/\/pk-records.nl\/wp-content\/uploads\/5515.jpg\" \/>\n\t<meta property=\"og:image:width\" content=\"312\" \/>\n\t<meta property=\"og:image:height\" content=\"316\" \/>\n\t<meta property=\"og:image:type\" content=\"image\/jpeg\" \/>\n<meta name=\"twitter:card\" content=\"summary_large_image\" \/>\n<script type=\"application\/ld+json\" class=\"yoast-schema-graph\">{\"@context\":\"https:\\\/\\\/schema.org\",\"@graph\":[{\"@type\":\"WebPage\",\"@id\":\"https:\\\/\\\/pk-records.nl\\\/index.php\\\/product\\\/bulgarian-national-choir-svetoslav-obretenov-georgi-robev-2\\\/\",\"url\":\"https:\\\/\\\/pk-records.nl\\\/index.php\\\/product\\\/bulgarian-national-choir-svetoslav-obretenov-georgi-robev-2\\\/\",\"name\":\"Bulgarian National Choir 'Svetoslav Obretenov', Georgi Robev - PK-records\",\"isPartOf\":{\"@id\":\"https:\\\/\\\/pk-records.nl\\\/#website\"},\"primaryImageOfPage\":{\"@id\":\"https:\\\/\\\/pk-records.nl\\\/index.php\\\/product\\\/bulgarian-national-choir-svetoslav-obretenov-georgi-robev-2\\\/#primaryimage\"},\"image\":{\"@id\":\"https:\\\/\\\/pk-records.nl\\\/index.php\\\/product\\\/bulgarian-national-choir-svetoslav-obretenov-georgi-robev-2\\\/#primaryimage\"},\"thumbnailUrl\":\"https:\\\/\\\/pk-records.nl\\\/wp-content\\\/uploads\\\/5515.jpg\",\"datePublished\":\"2024-01-18T20:27:42+00:00\",\"dateModified\":\"2024-01-18T20:27:45+00:00\",\"breadcrumb\":{\"@id\":\"https:\\\/\\\/pk-records.nl\\\/index.php\\\/product\\\/bulgarian-national-choir-svetoslav-obretenov-georgi-robev-2\\\/#breadcrumb\"},\"inLanguage\":\"en-US\",\"potentialAction\":[{\"@type\":\"ReadAction\",\"target\":[\"https:\\\/\\\/pk-records.nl\\\/index.php\\\/product\\\/bulgarian-national-choir-svetoslav-obretenov-georgi-robev-2\\\/\"]}]},{\"@type\":\"ImageObject\",\"inLanguage\":\"en-US\",\"@id\":\"https:\\\/\\\/pk-records.nl\\\/index.php\\\/product\\\/bulgarian-national-choir-svetoslav-obretenov-georgi-robev-2\\\/#primaryimage\",\"url\":\"https:\\\/\\\/pk-records.nl\\\/wp-content\\\/uploads\\\/5515.jpg\",\"contentUrl\":\"https:\\\/\\\/pk-records.nl\\\/wp-content\\\/uploads\\\/5515.jpg\",\"width\":312,\"height\":316},{\"@type\":\"BreadcrumbList\",\"@id\":\"https:\\\/\\\/pk-records.nl\\\/index.php\\\/product\\\/bulgarian-national-choir-svetoslav-obretenov-georgi-robev-2\\\/#breadcrumb\",\"itemListElement\":[{\"@type\":\"ListItem\",\"position\":1,\"name\":\"Home\",\"item\":\"https:\\\/\\\/pk-records.nl\\\/\"},{\"@type\":\"ListItem\",\"position\":2,\"name\":\"Shop\",\"item\":\"https:\\\/\\\/pk-records.nl\\\/index.php\\\/shop\\\/\"},{\"@type\":\"ListItem\",\"position\":3,\"name\":\"Bulgarian National Choir &#8216;Svetoslav Obretenov&#8217;, Georgi Robev\"}]},{\"@type\":\"WebSite\",\"@id\":\"https:\\\/\\\/pk-records.nl\\\/#website\",\"url\":\"https:\\\/\\\/pk-records.nl\\\/\",\"name\":\"PK-records\",\"description\":\"\",\"publisher\":{\"@id\":\"https:\\\/\\\/pk-records.nl\\\/#organization\"},\"potentialAction\":[{\"@type\":\"SearchAction\",\"target\":{\"@type\":\"EntryPoint\",\"urlTemplate\":\"https:\\\/\\\/pk-records.nl\\\/?s={search_term_string}\"},\"query-input\":{\"@type\":\"PropertyValueSpecification\",\"valueRequired\":true,\"valueName\":\"search_term_string\"}}],\"inLanguage\":\"en-US\"},{\"@type\":\"Organization\",\"@id\":\"https:\\\/\\\/pk-records.nl\\\/#organization\",\"name\":\"PK-records\",\"url\":\"https:\\\/\\\/pk-records.nl\\\/\",\"logo\":{\"@type\":\"ImageObject\",\"inLanguage\":\"en-US\",\"@id\":\"https:\\\/\\\/pk-records.nl\\\/#\\\/schema\\\/logo\\\/image\\\/\",\"url\":\"https:\\\/\\\/pk-records.nl\\\/wp-content\\\/uploads\\\/cropped-logoPK-records.png\",\"contentUrl\":\"https:\\\/\\\/pk-records.nl\\\/wp-content\\\/uploads\\\/cropped-logoPK-records.png\",\"width\":510,\"height\":162,\"caption\":\"PK-records\"},\"image\":{\"@id\":\"https:\\\/\\\/pk-records.nl\\\/#\\\/schema\\\/logo\\\/image\\\/\"}}]}<\/script>\n<!-- \/ Yoast SEO plugin. -->","yoast_head_json":{"title":"Bulgarian National Choir 'Svetoslav Obretenov', Georgi Robev - PK-records","robots":{"index":"index","follow":"follow","max-snippet":"max-snippet:-1","max-image-preview":"max-image-preview:large","max-video-preview":"max-video-preview:-1"},"canonical":"https:\/\/pk-records.nl\/index.php\/product\/bulgarian-national-choir-svetoslav-obretenov-georgi-robev-2\/","og_locale":"en_US","og_type":"article","og_title":"Bulgarian National Choir 'Svetoslav Obretenov', Georgi Robev - PK-records","og_description":"Artist: Bulgarian National Choir 'Svetoslav Obretenov', Georgi RobevTitel: Liturgies Ukrainienne & Russe Des XVI\u00ba & XVII\u00ba Si\u00e8cles","og_url":"https:\/\/pk-records.nl\/index.php\/product\/bulgarian-national-choir-svetoslav-obretenov-georgi-robev-2\/","og_site_name":"PK-records","article_modified_time":"2024-01-18T20:27:45+00:00","og_image":[{"width":312,"height":316,"url":"https:\/\/pk-records.nl\/wp-content\/uploads\/5515.jpg","type":"image\/jpeg"}],"twitter_card":"summary_large_image","schema":{"@context":"https:\/\/schema.org","@graph":[{"@type":"WebPage","@id":"https:\/\/pk-records.nl\/index.php\/product\/bulgarian-national-choir-svetoslav-obretenov-georgi-robev-2\/","url":"https:\/\/pk-records.nl\/index.php\/product\/bulgarian-national-choir-svetoslav-obretenov-georgi-robev-2\/","name":"Bulgarian National Choir 'Svetoslav Obretenov', Georgi Robev - PK-records","isPartOf":{"@id":"https:\/\/pk-records.nl\/#website"},"primaryImageOfPage":{"@id":"https:\/\/pk-records.nl\/index.php\/product\/bulgarian-national-choir-svetoslav-obretenov-georgi-robev-2\/#primaryimage"},"image":{"@id":"https:\/\/pk-records.nl\/index.php\/product\/bulgarian-national-choir-svetoslav-obretenov-georgi-robev-2\/#primaryimage"},"thumbnailUrl":"https:\/\/pk-records.nl\/wp-content\/uploads\/5515.jpg","datePublished":"2024-01-18T20:27:42+00:00","dateModified":"2024-01-18T20:27:45+00:00","breadcrumb":{"@id":"https:\/\/pk-records.nl\/index.php\/product\/bulgarian-national-choir-svetoslav-obretenov-georgi-robev-2\/#breadcrumb"},"inLanguage":"en-US","potentialAction":[{"@type":"ReadAction","target":["https:\/\/pk-records.nl\/index.php\/product\/bulgarian-national-choir-svetoslav-obretenov-georgi-robev-2\/"]}]},{"@type":"ImageObject","inLanguage":"en-US","@id":"https:\/\/pk-records.nl\/index.php\/product\/bulgarian-national-choir-svetoslav-obretenov-georgi-robev-2\/#primaryimage","url":"https:\/\/pk-records.nl\/wp-content\/uploads\/5515.jpg","contentUrl":"https:\/\/pk-records.nl\/wp-content\/uploads\/5515.jpg","width":312,"height":316},{"@type":"BreadcrumbList","@id":"https:\/\/pk-records.nl\/index.php\/product\/bulgarian-national-choir-svetoslav-obretenov-georgi-robev-2\/#breadcrumb","itemListElement":[{"@type":"ListItem","position":1,"name":"Home","item":"https:\/\/pk-records.nl\/"},{"@type":"ListItem","position":2,"name":"Shop","item":"https:\/\/pk-records.nl\/index.php\/shop\/"},{"@type":"ListItem","position":3,"name":"Bulgarian National Choir &#8216;Svetoslav Obretenov&#8217;, Georgi Robev"}]},{"@type":"WebSite","@id":"https:\/\/pk-records.nl\/#website","url":"https:\/\/pk-records.nl\/","name":"PK-records","description":"","publisher":{"@id":"https:\/\/pk-records.nl\/#organization"},"potentialAction":[{"@type":"SearchAction","target":{"@type":"EntryPoint","urlTemplate":"https:\/\/pk-records.nl\/?s={search_term_string}"},"query-input":{"@type":"PropertyValueSpecification","valueRequired":true,"valueName":"search_term_string"}}],"inLanguage":"en-US"},{"@type":"Organization","@id":"https:\/\/pk-records.nl\/#organization","name":"PK-records","url":"https:\/\/pk-records.nl\/","logo":{"@type":"ImageObject","inLanguage":"en-US","@id":"https:\/\/pk-records.nl\/#\/schema\/logo\/image\/","url":"https:\/\/pk-records.nl\/wp-content\/uploads\/cropped-logoPK-records.png","contentUrl":"https:\/\/pk-records.nl\/wp-content\/uploads\/cropped-logoPK-records.png","width":510,"height":162,"caption":"PK-records"},"image":{"@id":"https:\/\/pk-records.nl\/#\/schema\/logo\/image\/"}}]}},"jetpack_sharing_enabled":true,"_links":{"self":[{"href":"https:\/\/pk-records.nl\/index.php\/wp-json\/wp\/v2\/product\/14259","targetHints":{"allow":["GET"]}}],"collection":[{"href":"https:\/\/pk-records.nl\/index.php\/wp-json\/wp\/v2\/product"}],"about":[{"href":"https:\/\/pk-records.nl\/index.php\/wp-json\/wp\/v2\/types\/product"}],"wp:featuredmedia":[{"embeddable":true,"href":"https:\/\/pk-records.nl\/index.php\/wp-json\/wp\/v2\/media\/11846"}],"wp:attachment":[{"href":"https:\/\/pk-records.nl\/index.php\/wp-json\/wp\/v2\/media?parent=14259"}],"wp:term":[{"taxonomy":"product_brand","embeddable":true,"href":"https:\/\/pk-records.nl\/index.php\/wp-json\/wp\/v2\/product_brand?post=14259"},{"taxonomy":"product_cat","embeddable":true,"href":"https:\/\/pk-records.nl\/index.php\/wp-json\/wp\/v2\/product_cat?post=14259"},{"taxonomy":"product_tag","embeddable":true,"href":"https:\/\/pk-records.nl\/index.php\/wp-json\/wp\/v2\/product_tag?post=14259"}],"curies":[{"name":"wp","href":"https:\/\/api.w.org\/{rel}","templated":true}]}}