{"id":14290,"date":"2024-01-18T21:28:00","date_gmt":"2024-01-18T20:28:00","guid":{"rendered":"https:\/\/pk-records.nl\/index.php\/product\/johann-sebastian-bach-der-suddeutsche-madrigalchor-consortium-musicum-2-wolfgang-gonnenwein\/"},"modified":"2024-01-18T21:28:00","modified_gmt":"2024-01-18T20:28:00","slug":"johann-sebastian-bach-der-suddeutsche-madrigalchor-consortium-musicum-2-wolfgang-gonnenwein","status":"publish","type":"product","link":"https:\/\/pk-records.nl\/index.php\/product\/johann-sebastian-bach-der-suddeutsche-madrigalchor-consortium-musicum-2-wolfgang-gonnenwein\/","title":{"rendered":"Johann Sebastian Bach, Der S\u00fcddeutsche Madrigalchor, Consortium Musicum (2), Wolfgang G\u00f6nnenwein"},"content":{"rendered":"<table  class=\" table table-hover\" border=\"0\" cellspacing=\"0\" cellpadding=\"0\">\n<tbody>\n<tr>\n<td valign=\"top\" width=\"270\"><strong>Format<\/strong>: LP<br \/>\n<strong>Release ID<\/strong>: 12 8552 1<br \/>\n<strong>Release date<\/strong>: 1969<br \/>\n<strong>Genre<\/strong>: Classical<br \/>\n<strong>Condition record<\/strong>: Near Mint (NM or M-)<br \/>\n<strong>Condition sleeve<\/strong>: Near Mint (NM or M-)<\/td>\n<td width=\"15\"><\/td>\n<td valign=\"top\" width=\"270\"><strong>Tracklis<\/strong>t:<br \/>\nNo. 1 Chor\/Chorus I, Ii: Kommt, Ihr T\u00f6chter, Helft Mir Klagen,,8:57<br \/>No. 3 Choral: Herzliebster Jesu, Was Hast Du Verbrochen,,1:03<br \/>No 16 Choral: Ich Bin&#8217;s, Ich Sollte B\u00fcben,,1:02<br \/>No 21 Choral: Erkenne Mich, Mein H\u00fcter,,1:11<br \/>No 23 Choral: Ich Will Heir Bei Dir Stehen,,1:18<br \/>No 31 Choral: Was Mein Gott Will,,2:15<br \/>No 35 Choral: O Mensh, Bewein&#8217; Dein&#8217; S\u00fcnde Grob,,7:08<br \/>No 38 Choral: Mir Hat Die Welt Tr\u00fcglich Gericht&#8217;t,,0:54<br \/>No 44 Choral: Wer Hat Dich So Geschlagen,,1:00<br \/>No 48 Choral: Bin Ich Gleich Con Dir Gewichen,,1:14<br \/>No 53 Choral: Befiehl Du Deine Wege,,1:20<br \/>No 55 Choral: Wie Wunderbarlich Ist Doch Diese Strafe,,1:00<br \/>No 63 Choral: O Haupt Voll Blut Und Wunden,,2:25<br \/>No  72 Choral: Wenn Ich Einmal Soll Scheiden,,1:31<br \/>No 78 Schlubchor\/Final Chorus I\/Ii: Wir Setzen Uns Mit Tr\u00e4nen Nieder,,7:14<\/td>\n<\/tr>\n<\/tbody>\n<\/table>\n<p><strong>Comments<\/strong>: price sticker on cover<\/p>\n<p>*excl.shipping<\/p>\n","protected":false},"excerpt":{"rendered":"<p><strong>Artist: <\/strong> <span style=\"color: #1e4c0b; font-weight: 600;\">Johann Sebastian Bach, Der S\u00fcddeutsche Madrigalchor, Consortium Musicum (2), Wolfgang G\u00f6nnenwein<\/span><strong><BR>Titel: <\/strong>Matth\u00e4us~Passion BWV 244: Ch\u00f6re und Chor\u00e4le <BR><BR><BR><BR><\/p>\n","protected":false},"featured_media":11417,"template":"","meta":[],"product_brand":[],"product_cat":[61],"product_tag":[145],"class_list":{"0":"post-14290","1":"product","2":"type-product","3":"status-publish","4":"has-post-thumbnail","6":"product_cat-classical","7":"product_tag-vinyl","9":"first","10":"instock","11":"purchasable","12":"product-type-simple"},"yoast_head":"<!-- This site is optimized with the Yoast SEO plugin v27.4 - https:\/\/yoast.com\/product\/yoast-seo-wordpress\/ -->\n<title>Johann Sebastian Bach, Der S\u00fcddeutsche Madrigalchor, Consortium Musicum (2), Wolfgang G\u00f6nnenwein - PK-records<\/title>\n<meta name=\"robots\" content=\"index, follow, max-snippet:-1, max-image-preview:large, max-video-preview:-1\" \/>\n<link rel=\"canonical\" href=\"https:\/\/pk-records.nl\/index.php\/product\/johann-sebastian-bach-der-suddeutsche-madrigalchor-consortium-musicum-2-wolfgang-gonnenwein\/\" \/>\n<meta property=\"og:locale\" content=\"en_US\" \/>\n<meta property=\"og:type\" content=\"article\" \/>\n<meta property=\"og:title\" content=\"Johann Sebastian Bach, Der S\u00fcddeutsche Madrigalchor, Consortium Musicum (2), Wolfgang G\u00f6nnenwein - PK-records\" \/>\n<meta property=\"og:description\" content=\"Artist: Johann Sebastian Bach, Der S\u00fcddeutsche Madrigalchor, Consortium Musicum (2), Wolfgang G\u00f6nnenweinTitel: Matth\u00e4us~Passion BWV 244: Ch\u00f6re und Chor\u00e4le\" \/>\n<meta property=\"og:url\" content=\"https:\/\/pk-records.nl\/index.php\/product\/johann-sebastian-bach-der-suddeutsche-madrigalchor-consortium-musicum-2-wolfgang-gonnenwein\/\" \/>\n<meta property=\"og:site_name\" content=\"PK-records\" \/>\n<meta property=\"og:image\" content=\"https:\/\/pk-records.nl\/wp-content\/uploads\/4954.jpg\" \/>\n\t<meta property=\"og:image:width\" content=\"600\" \/>\n\t<meta property=\"og:image:height\" content=\"593\" \/>\n\t<meta property=\"og:image:type\" content=\"image\/jpeg\" \/>\n<meta name=\"twitter:card\" content=\"summary_large_image\" \/>\n<meta name=\"twitter:label1\" content=\"Est. reading time\" \/>\n\t<meta name=\"twitter:data1\" content=\"1 minute\" \/>\n<script type=\"application\/ld+json\" class=\"yoast-schema-graph\">{\"@context\":\"https:\\\/\\\/schema.org\",\"@graph\":[{\"@type\":\"WebPage\",\"@id\":\"https:\\\/\\\/pk-records.nl\\\/index.php\\\/product\\\/johann-sebastian-bach-der-suddeutsche-madrigalchor-consortium-musicum-2-wolfgang-gonnenwein\\\/\",\"url\":\"https:\\\/\\\/pk-records.nl\\\/index.php\\\/product\\\/johann-sebastian-bach-der-suddeutsche-madrigalchor-consortium-musicum-2-wolfgang-gonnenwein\\\/\",\"name\":\"Johann Sebastian Bach, Der S\u00fcddeutsche Madrigalchor, Consortium Musicum (2), Wolfgang G\u00f6nnenwein - PK-records\",\"isPartOf\":{\"@id\":\"https:\\\/\\\/pk-records.nl\\\/#website\"},\"primaryImageOfPage\":{\"@id\":\"https:\\\/\\\/pk-records.nl\\\/index.php\\\/product\\\/johann-sebastian-bach-der-suddeutsche-madrigalchor-consortium-musicum-2-wolfgang-gonnenwein\\\/#primaryimage\"},\"image\":{\"@id\":\"https:\\\/\\\/pk-records.nl\\\/index.php\\\/product\\\/johann-sebastian-bach-der-suddeutsche-madrigalchor-consortium-musicum-2-wolfgang-gonnenwein\\\/#primaryimage\"},\"thumbnailUrl\":\"https:\\\/\\\/pk-records.nl\\\/wp-content\\\/uploads\\\/4954.jpg\",\"datePublished\":\"2024-01-18T20:28:00+00:00\",\"breadcrumb\":{\"@id\":\"https:\\\/\\\/pk-records.nl\\\/index.php\\\/product\\\/johann-sebastian-bach-der-suddeutsche-madrigalchor-consortium-musicum-2-wolfgang-gonnenwein\\\/#breadcrumb\"},\"inLanguage\":\"en-US\",\"potentialAction\":[{\"@type\":\"ReadAction\",\"target\":[\"https:\\\/\\\/pk-records.nl\\\/index.php\\\/product\\\/johann-sebastian-bach-der-suddeutsche-madrigalchor-consortium-musicum-2-wolfgang-gonnenwein\\\/\"]}]},{\"@type\":\"ImageObject\",\"inLanguage\":\"en-US\",\"@id\":\"https:\\\/\\\/pk-records.nl\\\/index.php\\\/product\\\/johann-sebastian-bach-der-suddeutsche-madrigalchor-consortium-musicum-2-wolfgang-gonnenwein\\\/#primaryimage\",\"url\":\"https:\\\/\\\/pk-records.nl\\\/wp-content\\\/uploads\\\/4954.jpg\",\"contentUrl\":\"https:\\\/\\\/pk-records.nl\\\/wp-content\\\/uploads\\\/4954.jpg\",\"width\":600,\"height\":593},{\"@type\":\"BreadcrumbList\",\"@id\":\"https:\\\/\\\/pk-records.nl\\\/index.php\\\/product\\\/johann-sebastian-bach-der-suddeutsche-madrigalchor-consortium-musicum-2-wolfgang-gonnenwein\\\/#breadcrumb\",\"itemListElement\":[{\"@type\":\"ListItem\",\"position\":1,\"name\":\"Home\",\"item\":\"https:\\\/\\\/pk-records.nl\\\/\"},{\"@type\":\"ListItem\",\"position\":2,\"name\":\"Shop\",\"item\":\"https:\\\/\\\/pk-records.nl\\\/index.php\\\/shop\\\/\"},{\"@type\":\"ListItem\",\"position\":3,\"name\":\"Johann Sebastian Bach, Der S\u00fcddeutsche Madrigalchor, Consortium Musicum (2), Wolfgang G\u00f6nnenwein\"}]},{\"@type\":\"WebSite\",\"@id\":\"https:\\\/\\\/pk-records.nl\\\/#website\",\"url\":\"https:\\\/\\\/pk-records.nl\\\/\",\"name\":\"PK-records\",\"description\":\"\",\"publisher\":{\"@id\":\"https:\\\/\\\/pk-records.nl\\\/#organization\"},\"potentialAction\":[{\"@type\":\"SearchAction\",\"target\":{\"@type\":\"EntryPoint\",\"urlTemplate\":\"https:\\\/\\\/pk-records.nl\\\/?s={search_term_string}\"},\"query-input\":{\"@type\":\"PropertyValueSpecification\",\"valueRequired\":true,\"valueName\":\"search_term_string\"}}],\"inLanguage\":\"en-US\"},{\"@type\":\"Organization\",\"@id\":\"https:\\\/\\\/pk-records.nl\\\/#organization\",\"name\":\"PK-records\",\"url\":\"https:\\\/\\\/pk-records.nl\\\/\",\"logo\":{\"@type\":\"ImageObject\",\"inLanguage\":\"en-US\",\"@id\":\"https:\\\/\\\/pk-records.nl\\\/#\\\/schema\\\/logo\\\/image\\\/\",\"url\":\"https:\\\/\\\/pk-records.nl\\\/wp-content\\\/uploads\\\/cropped-logoPK-records.png\",\"contentUrl\":\"https:\\\/\\\/pk-records.nl\\\/wp-content\\\/uploads\\\/cropped-logoPK-records.png\",\"width\":510,\"height\":162,\"caption\":\"PK-records\"},\"image\":{\"@id\":\"https:\\\/\\\/pk-records.nl\\\/#\\\/schema\\\/logo\\\/image\\\/\"}}]}<\/script>\n<!-- \/ Yoast SEO plugin. -->","yoast_head_json":{"title":"Johann Sebastian Bach, Der S\u00fcddeutsche Madrigalchor, Consortium Musicum (2), Wolfgang G\u00f6nnenwein - PK-records","robots":{"index":"index","follow":"follow","max-snippet":"max-snippet:-1","max-image-preview":"max-image-preview:large","max-video-preview":"max-video-preview:-1"},"canonical":"https:\/\/pk-records.nl\/index.php\/product\/johann-sebastian-bach-der-suddeutsche-madrigalchor-consortium-musicum-2-wolfgang-gonnenwein\/","og_locale":"en_US","og_type":"article","og_title":"Johann Sebastian Bach, Der S\u00fcddeutsche Madrigalchor, Consortium Musicum (2), Wolfgang G\u00f6nnenwein - PK-records","og_description":"Artist: Johann Sebastian Bach, Der S\u00fcddeutsche Madrigalchor, Consortium Musicum (2), Wolfgang G\u00f6nnenweinTitel: Matth\u00e4us~Passion BWV 244: Ch\u00f6re und Chor\u00e4le","og_url":"https:\/\/pk-records.nl\/index.php\/product\/johann-sebastian-bach-der-suddeutsche-madrigalchor-consortium-musicum-2-wolfgang-gonnenwein\/","og_site_name":"PK-records","og_image":[{"width":600,"height":593,"url":"https:\/\/pk-records.nl\/wp-content\/uploads\/4954.jpg","type":"image\/jpeg"}],"twitter_card":"summary_large_image","twitter_misc":{"Est. reading time":"1 minute"},"schema":{"@context":"https:\/\/schema.org","@graph":[{"@type":"WebPage","@id":"https:\/\/pk-records.nl\/index.php\/product\/johann-sebastian-bach-der-suddeutsche-madrigalchor-consortium-musicum-2-wolfgang-gonnenwein\/","url":"https:\/\/pk-records.nl\/index.php\/product\/johann-sebastian-bach-der-suddeutsche-madrigalchor-consortium-musicum-2-wolfgang-gonnenwein\/","name":"Johann Sebastian Bach, Der S\u00fcddeutsche Madrigalchor, Consortium Musicum (2), Wolfgang G\u00f6nnenwein - PK-records","isPartOf":{"@id":"https:\/\/pk-records.nl\/#website"},"primaryImageOfPage":{"@id":"https:\/\/pk-records.nl\/index.php\/product\/johann-sebastian-bach-der-suddeutsche-madrigalchor-consortium-musicum-2-wolfgang-gonnenwein\/#primaryimage"},"image":{"@id":"https:\/\/pk-records.nl\/index.php\/product\/johann-sebastian-bach-der-suddeutsche-madrigalchor-consortium-musicum-2-wolfgang-gonnenwein\/#primaryimage"},"thumbnailUrl":"https:\/\/pk-records.nl\/wp-content\/uploads\/4954.jpg","datePublished":"2024-01-18T20:28:00+00:00","breadcrumb":{"@id":"https:\/\/pk-records.nl\/index.php\/product\/johann-sebastian-bach-der-suddeutsche-madrigalchor-consortium-musicum-2-wolfgang-gonnenwein\/#breadcrumb"},"inLanguage":"en-US","potentialAction":[{"@type":"ReadAction","target":["https:\/\/pk-records.nl\/index.php\/product\/johann-sebastian-bach-der-suddeutsche-madrigalchor-consortium-musicum-2-wolfgang-gonnenwein\/"]}]},{"@type":"ImageObject","inLanguage":"en-US","@id":"https:\/\/pk-records.nl\/index.php\/product\/johann-sebastian-bach-der-suddeutsche-madrigalchor-consortium-musicum-2-wolfgang-gonnenwein\/#primaryimage","url":"https:\/\/pk-records.nl\/wp-content\/uploads\/4954.jpg","contentUrl":"https:\/\/pk-records.nl\/wp-content\/uploads\/4954.jpg","width":600,"height":593},{"@type":"BreadcrumbList","@id":"https:\/\/pk-records.nl\/index.php\/product\/johann-sebastian-bach-der-suddeutsche-madrigalchor-consortium-musicum-2-wolfgang-gonnenwein\/#breadcrumb","itemListElement":[{"@type":"ListItem","position":1,"name":"Home","item":"https:\/\/pk-records.nl\/"},{"@type":"ListItem","position":2,"name":"Shop","item":"https:\/\/pk-records.nl\/index.php\/shop\/"},{"@type":"ListItem","position":3,"name":"Johann Sebastian Bach, Der S\u00fcddeutsche Madrigalchor, Consortium Musicum (2), Wolfgang G\u00f6nnenwein"}]},{"@type":"WebSite","@id":"https:\/\/pk-records.nl\/#website","url":"https:\/\/pk-records.nl\/","name":"PK-records","description":"","publisher":{"@id":"https:\/\/pk-records.nl\/#organization"},"potentialAction":[{"@type":"SearchAction","target":{"@type":"EntryPoint","urlTemplate":"https:\/\/pk-records.nl\/?s={search_term_string}"},"query-input":{"@type":"PropertyValueSpecification","valueRequired":true,"valueName":"search_term_string"}}],"inLanguage":"en-US"},{"@type":"Organization","@id":"https:\/\/pk-records.nl\/#organization","name":"PK-records","url":"https:\/\/pk-records.nl\/","logo":{"@type":"ImageObject","inLanguage":"en-US","@id":"https:\/\/pk-records.nl\/#\/schema\/logo\/image\/","url":"https:\/\/pk-records.nl\/wp-content\/uploads\/cropped-logoPK-records.png","contentUrl":"https:\/\/pk-records.nl\/wp-content\/uploads\/cropped-logoPK-records.png","width":510,"height":162,"caption":"PK-records"},"image":{"@id":"https:\/\/pk-records.nl\/#\/schema\/logo\/image\/"}}]}},"jetpack_sharing_enabled":true,"_links":{"self":[{"href":"https:\/\/pk-records.nl\/index.php\/wp-json\/wp\/v2\/product\/14290","targetHints":{"allow":["GET"]}}],"collection":[{"href":"https:\/\/pk-records.nl\/index.php\/wp-json\/wp\/v2\/product"}],"about":[{"href":"https:\/\/pk-records.nl\/index.php\/wp-json\/wp\/v2\/types\/product"}],"wp:featuredmedia":[{"embeddable":true,"href":"https:\/\/pk-records.nl\/index.php\/wp-json\/wp\/v2\/media\/11417"}],"wp:attachment":[{"href":"https:\/\/pk-records.nl\/index.php\/wp-json\/wp\/v2\/media?parent=14290"}],"wp:term":[{"taxonomy":"product_brand","embeddable":true,"href":"https:\/\/pk-records.nl\/index.php\/wp-json\/wp\/v2\/product_brand?post=14290"},{"taxonomy":"product_cat","embeddable":true,"href":"https:\/\/pk-records.nl\/index.php\/wp-json\/wp\/v2\/product_cat?post=14290"},{"taxonomy":"product_tag","embeddable":true,"href":"https:\/\/pk-records.nl\/index.php\/wp-json\/wp\/v2\/product_tag?post=14290"}],"curies":[{"name":"wp","href":"https:\/\/api.w.org\/{rel}","templated":true}]}}