{"id":14306,"date":"2024-01-18T21:28:00","date_gmt":"2024-01-18T20:28:00","guid":{"rendered":"https:\/\/pk-records.nl\/index.php\/product\/escolania-de-montserrat-tolzer-knabenchor-collegium-aureum-ireneu-segarra-osb\/"},"modified":"2024-01-18T21:28:09","modified_gmt":"2024-01-18T20:28:09","slug":"escolania-de-montserrat-tolzer-knabenchor-collegium-aureum-ireneu-segarra-osb","status":"publish","type":"product","link":"https:\/\/pk-records.nl\/index.php\/product\/escolania-de-montserrat-tolzer-knabenchor-collegium-aureum-ireneu-segarra-osb\/","title":{"rendered":"Escolan\u00eda De Montserrat, T\u00f6lzer Knabenchor, Collegium Aureum, Ireneu Segarra OSB"},"content":{"rendered":"<table  class=\" table table-hover\" border=\"0\" cellspacing=\"0\" cellpadding=\"0\">\n<tbody>\n<tr>\n<td valign=\"top\" width=\"270\"><strong>Format<\/strong>: LP<br \/>\n<strong>Release ID<\/strong>: 63 828<br \/>\n<strong>Release date<\/strong>: 1975<br \/>\n<strong>Genre<\/strong>: Classical<br \/>\n<strong>Condition record<\/strong>: Near Mint (NM or M-)<br \/>\n<strong>Condition sleeve<\/strong>: Near Mint (NM or M-)<\/td>\n<td width=\"15\"><\/td>\n<td valign=\"top\" width=\"270\"><strong>Tracklis<\/strong>t:<br \/>\nMissa Salisburgensis A 53 Voci \u2013 Kyrie,,<br \/>Missa Salisburgensis A 53 Voci \u2013 Gloria,,<br \/>Missa Salisburgensis A 53 Voci \u2013 Credo (Credi In Unum Deum&#8230; Et Sepultus Est),,<br \/>Missa Salisburgensis A 53 Voci \u2013 Credo (Et Resurrexit &#8211; Amen),,<br \/>Missa Salisburgensis A 53 Voci \u2013 Sanctus &#8211; Benedictus,,<br \/>Missa Salisburgensis A 53 Voci \u2013 Agnus Dei,,<br \/>Missa Salisburgensis A 53 Voci \u2013 Hymnus &#8216;Plaudite Tympana&#8217;,,<\/td>\n<\/tr>\n<\/tbody>\n<\/table>\n<p><strong>Comments<\/strong>: <\/p>\n<p>*excl.shipping<\/p>\n","protected":false},"excerpt":{"rendered":"<p><strong>Artist: <\/strong> <span style=\"color: #1e4c0b; font-weight: 600;\">Escolan\u00eda De Montserrat, T\u00f6lzer Knabenchor, Collegium Aureum, Ireneu Segarra OSB<\/span><strong><BR>Titel: <\/strong>Missa Salisburgensis A 53 Voci <BR><BR><BR><BR><\/p>\n","protected":false},"featured_media":11790,"template":"","meta":[],"product_brand":[],"product_cat":[61],"product_tag":[145],"class_list":{"0":"post-14306","1":"product","2":"type-product","3":"status-publish","4":"has-post-thumbnail","6":"product_cat-classical","7":"product_tag-vinyl","9":"first","10":"instock","11":"purchasable","12":"product-type-simple"},"yoast_head":"<!-- This site is optimized with the Yoast SEO plugin v27.4 - https:\/\/yoast.com\/product\/yoast-seo-wordpress\/ -->\n<title>Escolan\u00eda De Montserrat, T\u00f6lzer Knabenchor, Collegium Aureum, Ireneu Segarra OSB - PK-records<\/title>\n<meta name=\"robots\" content=\"index, follow, max-snippet:-1, max-image-preview:large, max-video-preview:-1\" \/>\n<link rel=\"canonical\" href=\"https:\/\/pk-records.nl\/index.php\/product\/escolania-de-montserrat-tolzer-knabenchor-collegium-aureum-ireneu-segarra-osb\/\" \/>\n<meta property=\"og:locale\" content=\"en_US\" \/>\n<meta property=\"og:type\" content=\"article\" \/>\n<meta property=\"og:title\" content=\"Escolan\u00eda De Montserrat, T\u00f6lzer Knabenchor, Collegium Aureum, Ireneu Segarra OSB - PK-records\" \/>\n<meta property=\"og:description\" content=\"Artist: Escolan\u00eda De Montserrat, T\u00f6lzer Knabenchor, Collegium Aureum, Ireneu Segarra OSBTitel: Missa Salisburgensis A 53 Voci\" \/>\n<meta property=\"og:url\" content=\"https:\/\/pk-records.nl\/index.php\/product\/escolania-de-montserrat-tolzer-knabenchor-collegium-aureum-ireneu-segarra-osb\/\" \/>\n<meta property=\"og:site_name\" content=\"PK-records\" \/>\n<meta property=\"article:modified_time\" content=\"2024-01-18T20:28:09+00:00\" \/>\n<meta property=\"og:image\" content=\"https:\/\/pk-records.nl\/wp-content\/uploads\/5444.jpg\" \/>\n\t<meta property=\"og:image:width\" content=\"600\" \/>\n\t<meta property=\"og:image:height\" content=\"589\" \/>\n\t<meta property=\"og:image:type\" content=\"image\/jpeg\" \/>\n<meta name=\"twitter:card\" content=\"summary_large_image\" \/>\n<script type=\"application\/ld+json\" class=\"yoast-schema-graph\">{\"@context\":\"https:\\\/\\\/schema.org\",\"@graph\":[{\"@type\":\"WebPage\",\"@id\":\"https:\\\/\\\/pk-records.nl\\\/index.php\\\/product\\\/escolania-de-montserrat-tolzer-knabenchor-collegium-aureum-ireneu-segarra-osb\\\/\",\"url\":\"https:\\\/\\\/pk-records.nl\\\/index.php\\\/product\\\/escolania-de-montserrat-tolzer-knabenchor-collegium-aureum-ireneu-segarra-osb\\\/\",\"name\":\"Escolan\u00eda De Montserrat, T\u00f6lzer Knabenchor, Collegium Aureum, Ireneu Segarra OSB - PK-records\",\"isPartOf\":{\"@id\":\"https:\\\/\\\/pk-records.nl\\\/#website\"},\"primaryImageOfPage\":{\"@id\":\"https:\\\/\\\/pk-records.nl\\\/index.php\\\/product\\\/escolania-de-montserrat-tolzer-knabenchor-collegium-aureum-ireneu-segarra-osb\\\/#primaryimage\"},\"image\":{\"@id\":\"https:\\\/\\\/pk-records.nl\\\/index.php\\\/product\\\/escolania-de-montserrat-tolzer-knabenchor-collegium-aureum-ireneu-segarra-osb\\\/#primaryimage\"},\"thumbnailUrl\":\"https:\\\/\\\/pk-records.nl\\\/wp-content\\\/uploads\\\/5444.jpg\",\"datePublished\":\"2024-01-18T20:28:00+00:00\",\"dateModified\":\"2024-01-18T20:28:09+00:00\",\"breadcrumb\":{\"@id\":\"https:\\\/\\\/pk-records.nl\\\/index.php\\\/product\\\/escolania-de-montserrat-tolzer-knabenchor-collegium-aureum-ireneu-segarra-osb\\\/#breadcrumb\"},\"inLanguage\":\"en-US\",\"potentialAction\":[{\"@type\":\"ReadAction\",\"target\":[\"https:\\\/\\\/pk-records.nl\\\/index.php\\\/product\\\/escolania-de-montserrat-tolzer-knabenchor-collegium-aureum-ireneu-segarra-osb\\\/\"]}]},{\"@type\":\"ImageObject\",\"inLanguage\":\"en-US\",\"@id\":\"https:\\\/\\\/pk-records.nl\\\/index.php\\\/product\\\/escolania-de-montserrat-tolzer-knabenchor-collegium-aureum-ireneu-segarra-osb\\\/#primaryimage\",\"url\":\"https:\\\/\\\/pk-records.nl\\\/wp-content\\\/uploads\\\/5444.jpg\",\"contentUrl\":\"https:\\\/\\\/pk-records.nl\\\/wp-content\\\/uploads\\\/5444.jpg\",\"width\":600,\"height\":589},{\"@type\":\"BreadcrumbList\",\"@id\":\"https:\\\/\\\/pk-records.nl\\\/index.php\\\/product\\\/escolania-de-montserrat-tolzer-knabenchor-collegium-aureum-ireneu-segarra-osb\\\/#breadcrumb\",\"itemListElement\":[{\"@type\":\"ListItem\",\"position\":1,\"name\":\"Home\",\"item\":\"https:\\\/\\\/pk-records.nl\\\/\"},{\"@type\":\"ListItem\",\"position\":2,\"name\":\"Shop\",\"item\":\"https:\\\/\\\/pk-records.nl\\\/index.php\\\/shop\\\/\"},{\"@type\":\"ListItem\",\"position\":3,\"name\":\"Escolan\u00eda De Montserrat, T\u00f6lzer Knabenchor, Collegium Aureum, Ireneu Segarra OSB\"}]},{\"@type\":\"WebSite\",\"@id\":\"https:\\\/\\\/pk-records.nl\\\/#website\",\"url\":\"https:\\\/\\\/pk-records.nl\\\/\",\"name\":\"PK-records\",\"description\":\"\",\"publisher\":{\"@id\":\"https:\\\/\\\/pk-records.nl\\\/#organization\"},\"potentialAction\":[{\"@type\":\"SearchAction\",\"target\":{\"@type\":\"EntryPoint\",\"urlTemplate\":\"https:\\\/\\\/pk-records.nl\\\/?s={search_term_string}\"},\"query-input\":{\"@type\":\"PropertyValueSpecification\",\"valueRequired\":true,\"valueName\":\"search_term_string\"}}],\"inLanguage\":\"en-US\"},{\"@type\":\"Organization\",\"@id\":\"https:\\\/\\\/pk-records.nl\\\/#organization\",\"name\":\"PK-records\",\"url\":\"https:\\\/\\\/pk-records.nl\\\/\",\"logo\":{\"@type\":\"ImageObject\",\"inLanguage\":\"en-US\",\"@id\":\"https:\\\/\\\/pk-records.nl\\\/#\\\/schema\\\/logo\\\/image\\\/\",\"url\":\"https:\\\/\\\/pk-records.nl\\\/wp-content\\\/uploads\\\/cropped-logoPK-records.png\",\"contentUrl\":\"https:\\\/\\\/pk-records.nl\\\/wp-content\\\/uploads\\\/cropped-logoPK-records.png\",\"width\":510,\"height\":162,\"caption\":\"PK-records\"},\"image\":{\"@id\":\"https:\\\/\\\/pk-records.nl\\\/#\\\/schema\\\/logo\\\/image\\\/\"}}]}<\/script>\n<!-- \/ Yoast SEO plugin. -->","yoast_head_json":{"title":"Escolan\u00eda De Montserrat, T\u00f6lzer Knabenchor, Collegium Aureum, Ireneu Segarra OSB - PK-records","robots":{"index":"index","follow":"follow","max-snippet":"max-snippet:-1","max-image-preview":"max-image-preview:large","max-video-preview":"max-video-preview:-1"},"canonical":"https:\/\/pk-records.nl\/index.php\/product\/escolania-de-montserrat-tolzer-knabenchor-collegium-aureum-ireneu-segarra-osb\/","og_locale":"en_US","og_type":"article","og_title":"Escolan\u00eda De Montserrat, T\u00f6lzer Knabenchor, Collegium Aureum, Ireneu Segarra OSB - PK-records","og_description":"Artist: Escolan\u00eda De Montserrat, T\u00f6lzer Knabenchor, Collegium Aureum, Ireneu Segarra OSBTitel: Missa Salisburgensis A 53 Voci","og_url":"https:\/\/pk-records.nl\/index.php\/product\/escolania-de-montserrat-tolzer-knabenchor-collegium-aureum-ireneu-segarra-osb\/","og_site_name":"PK-records","article_modified_time":"2024-01-18T20:28:09+00:00","og_image":[{"width":600,"height":589,"url":"https:\/\/pk-records.nl\/wp-content\/uploads\/5444.jpg","type":"image\/jpeg"}],"twitter_card":"summary_large_image","schema":{"@context":"https:\/\/schema.org","@graph":[{"@type":"WebPage","@id":"https:\/\/pk-records.nl\/index.php\/product\/escolania-de-montserrat-tolzer-knabenchor-collegium-aureum-ireneu-segarra-osb\/","url":"https:\/\/pk-records.nl\/index.php\/product\/escolania-de-montserrat-tolzer-knabenchor-collegium-aureum-ireneu-segarra-osb\/","name":"Escolan\u00eda De Montserrat, T\u00f6lzer Knabenchor, Collegium Aureum, Ireneu Segarra OSB - PK-records","isPartOf":{"@id":"https:\/\/pk-records.nl\/#website"},"primaryImageOfPage":{"@id":"https:\/\/pk-records.nl\/index.php\/product\/escolania-de-montserrat-tolzer-knabenchor-collegium-aureum-ireneu-segarra-osb\/#primaryimage"},"image":{"@id":"https:\/\/pk-records.nl\/index.php\/product\/escolania-de-montserrat-tolzer-knabenchor-collegium-aureum-ireneu-segarra-osb\/#primaryimage"},"thumbnailUrl":"https:\/\/pk-records.nl\/wp-content\/uploads\/5444.jpg","datePublished":"2024-01-18T20:28:00+00:00","dateModified":"2024-01-18T20:28:09+00:00","breadcrumb":{"@id":"https:\/\/pk-records.nl\/index.php\/product\/escolania-de-montserrat-tolzer-knabenchor-collegium-aureum-ireneu-segarra-osb\/#breadcrumb"},"inLanguage":"en-US","potentialAction":[{"@type":"ReadAction","target":["https:\/\/pk-records.nl\/index.php\/product\/escolania-de-montserrat-tolzer-knabenchor-collegium-aureum-ireneu-segarra-osb\/"]}]},{"@type":"ImageObject","inLanguage":"en-US","@id":"https:\/\/pk-records.nl\/index.php\/product\/escolania-de-montserrat-tolzer-knabenchor-collegium-aureum-ireneu-segarra-osb\/#primaryimage","url":"https:\/\/pk-records.nl\/wp-content\/uploads\/5444.jpg","contentUrl":"https:\/\/pk-records.nl\/wp-content\/uploads\/5444.jpg","width":600,"height":589},{"@type":"BreadcrumbList","@id":"https:\/\/pk-records.nl\/index.php\/product\/escolania-de-montserrat-tolzer-knabenchor-collegium-aureum-ireneu-segarra-osb\/#breadcrumb","itemListElement":[{"@type":"ListItem","position":1,"name":"Home","item":"https:\/\/pk-records.nl\/"},{"@type":"ListItem","position":2,"name":"Shop","item":"https:\/\/pk-records.nl\/index.php\/shop\/"},{"@type":"ListItem","position":3,"name":"Escolan\u00eda De Montserrat, T\u00f6lzer Knabenchor, Collegium Aureum, Ireneu Segarra OSB"}]},{"@type":"WebSite","@id":"https:\/\/pk-records.nl\/#website","url":"https:\/\/pk-records.nl\/","name":"PK-records","description":"","publisher":{"@id":"https:\/\/pk-records.nl\/#organization"},"potentialAction":[{"@type":"SearchAction","target":{"@type":"EntryPoint","urlTemplate":"https:\/\/pk-records.nl\/?s={search_term_string}"},"query-input":{"@type":"PropertyValueSpecification","valueRequired":true,"valueName":"search_term_string"}}],"inLanguage":"en-US"},{"@type":"Organization","@id":"https:\/\/pk-records.nl\/#organization","name":"PK-records","url":"https:\/\/pk-records.nl\/","logo":{"@type":"ImageObject","inLanguage":"en-US","@id":"https:\/\/pk-records.nl\/#\/schema\/logo\/image\/","url":"https:\/\/pk-records.nl\/wp-content\/uploads\/cropped-logoPK-records.png","contentUrl":"https:\/\/pk-records.nl\/wp-content\/uploads\/cropped-logoPK-records.png","width":510,"height":162,"caption":"PK-records"},"image":{"@id":"https:\/\/pk-records.nl\/#\/schema\/logo\/image\/"}}]}},"jetpack_sharing_enabled":true,"_links":{"self":[{"href":"https:\/\/pk-records.nl\/index.php\/wp-json\/wp\/v2\/product\/14306","targetHints":{"allow":["GET"]}}],"collection":[{"href":"https:\/\/pk-records.nl\/index.php\/wp-json\/wp\/v2\/product"}],"about":[{"href":"https:\/\/pk-records.nl\/index.php\/wp-json\/wp\/v2\/types\/product"}],"wp:featuredmedia":[{"embeddable":true,"href":"https:\/\/pk-records.nl\/index.php\/wp-json\/wp\/v2\/media\/11790"}],"wp:attachment":[{"href":"https:\/\/pk-records.nl\/index.php\/wp-json\/wp\/v2\/media?parent=14306"}],"wp:term":[{"taxonomy":"product_brand","embeddable":true,"href":"https:\/\/pk-records.nl\/index.php\/wp-json\/wp\/v2\/product_brand?post=14306"},{"taxonomy":"product_cat","embeddable":true,"href":"https:\/\/pk-records.nl\/index.php\/wp-json\/wp\/v2\/product_cat?post=14306"},{"taxonomy":"product_tag","embeddable":true,"href":"https:\/\/pk-records.nl\/index.php\/wp-json\/wp\/v2\/product_tag?post=14306"}],"curies":[{"name":"wp","href":"https:\/\/api.w.org\/{rel}","templated":true}]}}