{"id":14456,"date":"2024-01-18T21:29:22","date_gmt":"2024-01-18T20:29:22","guid":{"rendered":"https:\/\/pk-records.nl\/index.php\/product\/heinrich-ignaz-franz-biber-concentus-musicus-wien-nikolaus-harnoncourt\/"},"modified":"2024-01-18T21:29:25","modified_gmt":"2024-01-18T20:29:25","slug":"heinrich-ignaz-franz-biber-concentus-musicus-wien-nikolaus-harnoncourt","status":"publish","type":"product","link":"https:\/\/pk-records.nl\/index.php\/product\/heinrich-ignaz-franz-biber-concentus-musicus-wien-nikolaus-harnoncourt\/","title":{"rendered":"Heinrich Ignaz Franz Biber, Concentus Musicus Wien, Nikolaus Harnoncourt"},"content":{"rendered":"<table  class=\" table table-hover\" border=\"0\" cellspacing=\"0\" cellpadding=\"0\">\n<tbody>\n<tr>\n<td valign=\"top\" width=\"270\"><strong>Format<\/strong>: LP<br \/>\n<strong>Release ID<\/strong>: 6.41245 AQ<br \/>\n<strong>Release date<\/strong>: 1983<br \/>\n<strong>Genre<\/strong>: Classical<br \/>\n<strong>Condition record<\/strong>: Near Mint (NM or M-)<br \/>\n<strong>Condition sleeve<\/strong>: Near Mint (NM or M-)<\/td>\n<td width=\"15\"><\/td>\n<td valign=\"top\" width=\"270\"><strong>Tracklis<\/strong>t:<br \/>\nSonata St. Polycarp \u00c0 9, Sonata F\u00fcr 8 Trompeten Und Ba\u00df (8 Trombe, Tympani),,4:20<br \/>Laetatus Sum \u00c0 7, Kantate F\u00fcr 2 B\u00e4sse, Solo-Violine, Bratsche, 2 Gamben, Ba\u00df Und Orgel (Violino Solo, 3 Viola, 2 Bassi Con Violone Et Organo, 1676) \u2013 Presto (Laetatus) \u2219 \u20b5 (Stantes Erant) \u2219 Presto (Quia Illis Sederunt) \u2219 Adagio (Rogate) \u2219 \u20b5 (Flat Pax) \u2219 Sonata Adagio &#8211; Presto \u2219 Gloria Patri,,<br \/>In Festo Trium Regium, Muttetum Natale \u00c0 6 \u00bbDreik\u00f6nigskantate\u00ab, F\u00fcr 2 Soprane, 2 Fl\u00f6ten, 2 Oboen Und Continuo (2 Canti, 2 Flaute, 2 Hobos, Omnia Ad Majorem Dei Gloriam [Ex Libris Matthioe Altmanni]) \u2013 Omnia Ad Majorem Dei Gloriam \u2219 Allegro (Alleluja) \u2219 Allegro (Tr\u00e8s Reges) \u2219 Adagio (Intrantes) \u2219 Allegro (In Hoc Natali) \u2219 Allegro (Alleluja) \u2219 Alla Breve (Laudetur Sancta Trinitas),,<br \/>Requiem, F\u00fcr Soli (2 Soprane, Alt, Tenor, Ba\u00df), Chor 5-Stimmig, Streicher, 3 Posaunen, Dulzian, Continuo Und Orgel (Requiem Ex F Con Terza Min: \u00c0 5 Voci E 5 Viole In Concerto, 5 Voci In Capella, 3 Tromboni Ad Libitum) \u2013 Introitus,,<br \/>Requiem, F\u00fcr Soli (2 Soprane, Alt, Tenor, Ba\u00df), Chor 5-Stimmig, Streicher, 3 Posaunen, Dulzian, Continuo Und Orgel (Requiem Ex F Con Terza Min: \u00c0 5 Voci E 5 Viole In Concerto, 5 Voci In Capella, 3 Tromboni Ad Libitum) \u2013 Dies Irae,,<br \/>Requiem, F\u00fcr Soli (2 Soprane, Alt, Tenor, Ba\u00df), Chor 5-Stimmig, Streicher, 3 Posaunen, Dulzian, Continuo Und Orgel (Requiem Ex F Con Terza Min: \u00c0 5 Voci E 5 Viole In Concerto, 5 Voci In Capella, 3 Tromboni Ad Libitum) \u2013 Domine Jesu Christe,,<br \/>Requiem, F\u00fcr Soli (2 Soprane, Alt, Tenor, Ba\u00df), Chor 5-Stimmig, Streicher, 3 Posaunen, Dulzian, Continuo Und Orgel (Requiem Ex F Con Terza Min: \u00c0 5 Voci E 5 Viole In Concerto, 5 Voci In Capella, 3 Tromboni Ad Libitum) \u2013 Sanctus,,<br \/>Requiem, F\u00fcr Soli (2 Soprane, Alt, Tenor, Ba\u00df), Chor 5-Stimmig, Streicher, 3 Posaunen, Dulzian, Continuo Und Orgel (Requiem Ex F Con Terza Min: \u00c0 5 Voci E 5 Viole In Concerto, 5 Voci In Capella, 3 Tromboni Ad Libitum) \u2013 Agnus Dei,,<\/td>\n<\/tr>\n<\/tbody>\n<\/table>\n<p><strong>Comments<\/strong>: <\/p>\n<p>*excl.shipping<\/p>\n","protected":false},"excerpt":{"rendered":"<p><strong>Artist: <\/strong> <span style=\"color: #1e4c0b; font-weight: 600;\">Heinrich Ignaz Franz Biber, Concentus Musicus Wien, Nikolaus Harnoncourt<\/span><strong><BR>Titel: <\/strong>Sonata St. Polycarpi \u2022 Laetatus \u2022 Dreik\u00f6nigskantate \u2022 Requiem <BR><BR><BR><BR><\/p>\n","protected":false},"featured_media":11485,"template":"","meta":[],"product_brand":[],"product_cat":[61],"product_tag":[145],"class_list":{"0":"post-14456","1":"product","2":"type-product","3":"status-publish","4":"has-post-thumbnail","6":"product_cat-classical","7":"product_tag-vinyl","9":"first","10":"instock","11":"purchasable","12":"product-type-simple"},"yoast_head":"<!-- This site is optimized with the Yoast SEO plugin v27.4 - https:\/\/yoast.com\/product\/yoast-seo-wordpress\/ -->\n<title>Heinrich Ignaz Franz Biber, Concentus Musicus Wien, Nikolaus Harnoncourt - PK-records<\/title>\n<meta name=\"robots\" content=\"index, follow, max-snippet:-1, max-image-preview:large, max-video-preview:-1\" \/>\n<link rel=\"canonical\" href=\"https:\/\/pk-records.nl\/index.php\/product\/heinrich-ignaz-franz-biber-concentus-musicus-wien-nikolaus-harnoncourt\/\" \/>\n<meta property=\"og:locale\" content=\"en_US\" \/>\n<meta property=\"og:type\" content=\"article\" \/>\n<meta property=\"og:title\" content=\"Heinrich Ignaz Franz Biber, Concentus Musicus Wien, Nikolaus Harnoncourt - PK-records\" \/>\n<meta property=\"og:description\" content=\"Artist: Heinrich Ignaz Franz Biber, Concentus Musicus Wien, Nikolaus HarnoncourtTitel: Sonata St. Polycarpi \u2022 Laetatus \u2022 Dreik\u00f6nigskantate \u2022 Requiem\" \/>\n<meta property=\"og:url\" content=\"https:\/\/pk-records.nl\/index.php\/product\/heinrich-ignaz-franz-biber-concentus-musicus-wien-nikolaus-harnoncourt\/\" \/>\n<meta property=\"og:site_name\" content=\"PK-records\" \/>\n<meta property=\"article:modified_time\" content=\"2024-01-18T20:29:25+00:00\" \/>\n<meta property=\"og:image\" content=\"https:\/\/pk-records.nl\/wp-content\/uploads\/5042.jpg\" \/>\n\t<meta property=\"og:image:width\" content=\"555\" \/>\n\t<meta property=\"og:image:height\" content=\"546\" \/>\n\t<meta property=\"og:image:type\" content=\"image\/jpeg\" \/>\n<meta name=\"twitter:card\" content=\"summary_large_image\" \/>\n<meta name=\"twitter:label1\" content=\"Est. reading time\" \/>\n\t<meta name=\"twitter:data1\" content=\"2 minutes\" \/>\n<script type=\"application\/ld+json\" class=\"yoast-schema-graph\">{\"@context\":\"https:\\\/\\\/schema.org\",\"@graph\":[{\"@type\":\"WebPage\",\"@id\":\"https:\\\/\\\/pk-records.nl\\\/index.php\\\/product\\\/heinrich-ignaz-franz-biber-concentus-musicus-wien-nikolaus-harnoncourt\\\/\",\"url\":\"https:\\\/\\\/pk-records.nl\\\/index.php\\\/product\\\/heinrich-ignaz-franz-biber-concentus-musicus-wien-nikolaus-harnoncourt\\\/\",\"name\":\"Heinrich Ignaz Franz Biber, Concentus Musicus Wien, Nikolaus Harnoncourt - PK-records\",\"isPartOf\":{\"@id\":\"https:\\\/\\\/pk-records.nl\\\/#website\"},\"primaryImageOfPage\":{\"@id\":\"https:\\\/\\\/pk-records.nl\\\/index.php\\\/product\\\/heinrich-ignaz-franz-biber-concentus-musicus-wien-nikolaus-harnoncourt\\\/#primaryimage\"},\"image\":{\"@id\":\"https:\\\/\\\/pk-records.nl\\\/index.php\\\/product\\\/heinrich-ignaz-franz-biber-concentus-musicus-wien-nikolaus-harnoncourt\\\/#primaryimage\"},\"thumbnailUrl\":\"https:\\\/\\\/pk-records.nl\\\/wp-content\\\/uploads\\\/5042.jpg\",\"datePublished\":\"2024-01-18T20:29:22+00:00\",\"dateModified\":\"2024-01-18T20:29:25+00:00\",\"breadcrumb\":{\"@id\":\"https:\\\/\\\/pk-records.nl\\\/index.php\\\/product\\\/heinrich-ignaz-franz-biber-concentus-musicus-wien-nikolaus-harnoncourt\\\/#breadcrumb\"},\"inLanguage\":\"en-US\",\"potentialAction\":[{\"@type\":\"ReadAction\",\"target\":[\"https:\\\/\\\/pk-records.nl\\\/index.php\\\/product\\\/heinrich-ignaz-franz-biber-concentus-musicus-wien-nikolaus-harnoncourt\\\/\"]}]},{\"@type\":\"ImageObject\",\"inLanguage\":\"en-US\",\"@id\":\"https:\\\/\\\/pk-records.nl\\\/index.php\\\/product\\\/heinrich-ignaz-franz-biber-concentus-musicus-wien-nikolaus-harnoncourt\\\/#primaryimage\",\"url\":\"https:\\\/\\\/pk-records.nl\\\/wp-content\\\/uploads\\\/5042.jpg\",\"contentUrl\":\"https:\\\/\\\/pk-records.nl\\\/wp-content\\\/uploads\\\/5042.jpg\",\"width\":555,\"height\":546},{\"@type\":\"BreadcrumbList\",\"@id\":\"https:\\\/\\\/pk-records.nl\\\/index.php\\\/product\\\/heinrich-ignaz-franz-biber-concentus-musicus-wien-nikolaus-harnoncourt\\\/#breadcrumb\",\"itemListElement\":[{\"@type\":\"ListItem\",\"position\":1,\"name\":\"Home\",\"item\":\"https:\\\/\\\/pk-records.nl\\\/\"},{\"@type\":\"ListItem\",\"position\":2,\"name\":\"Shop\",\"item\":\"https:\\\/\\\/pk-records.nl\\\/index.php\\\/shop\\\/\"},{\"@type\":\"ListItem\",\"position\":3,\"name\":\"Heinrich Ignaz Franz Biber, Concentus Musicus Wien, Nikolaus Harnoncourt\"}]},{\"@type\":\"WebSite\",\"@id\":\"https:\\\/\\\/pk-records.nl\\\/#website\",\"url\":\"https:\\\/\\\/pk-records.nl\\\/\",\"name\":\"PK-records\",\"description\":\"\",\"publisher\":{\"@id\":\"https:\\\/\\\/pk-records.nl\\\/#organization\"},\"potentialAction\":[{\"@type\":\"SearchAction\",\"target\":{\"@type\":\"EntryPoint\",\"urlTemplate\":\"https:\\\/\\\/pk-records.nl\\\/?s={search_term_string}\"},\"query-input\":{\"@type\":\"PropertyValueSpecification\",\"valueRequired\":true,\"valueName\":\"search_term_string\"}}],\"inLanguage\":\"en-US\"},{\"@type\":\"Organization\",\"@id\":\"https:\\\/\\\/pk-records.nl\\\/#organization\",\"name\":\"PK-records\",\"url\":\"https:\\\/\\\/pk-records.nl\\\/\",\"logo\":{\"@type\":\"ImageObject\",\"inLanguage\":\"en-US\",\"@id\":\"https:\\\/\\\/pk-records.nl\\\/#\\\/schema\\\/logo\\\/image\\\/\",\"url\":\"https:\\\/\\\/pk-records.nl\\\/wp-content\\\/uploads\\\/cropped-logoPK-records.png\",\"contentUrl\":\"https:\\\/\\\/pk-records.nl\\\/wp-content\\\/uploads\\\/cropped-logoPK-records.png\",\"width\":510,\"height\":162,\"caption\":\"PK-records\"},\"image\":{\"@id\":\"https:\\\/\\\/pk-records.nl\\\/#\\\/schema\\\/logo\\\/image\\\/\"}}]}<\/script>\n<!-- \/ Yoast SEO plugin. -->","yoast_head_json":{"title":"Heinrich Ignaz Franz Biber, Concentus Musicus Wien, Nikolaus Harnoncourt - PK-records","robots":{"index":"index","follow":"follow","max-snippet":"max-snippet:-1","max-image-preview":"max-image-preview:large","max-video-preview":"max-video-preview:-1"},"canonical":"https:\/\/pk-records.nl\/index.php\/product\/heinrich-ignaz-franz-biber-concentus-musicus-wien-nikolaus-harnoncourt\/","og_locale":"en_US","og_type":"article","og_title":"Heinrich Ignaz Franz Biber, Concentus Musicus Wien, Nikolaus Harnoncourt - PK-records","og_description":"Artist: Heinrich Ignaz Franz Biber, Concentus Musicus Wien, Nikolaus HarnoncourtTitel: Sonata St. Polycarpi \u2022 Laetatus \u2022 Dreik\u00f6nigskantate \u2022 Requiem","og_url":"https:\/\/pk-records.nl\/index.php\/product\/heinrich-ignaz-franz-biber-concentus-musicus-wien-nikolaus-harnoncourt\/","og_site_name":"PK-records","article_modified_time":"2024-01-18T20:29:25+00:00","og_image":[{"width":555,"height":546,"url":"https:\/\/pk-records.nl\/wp-content\/uploads\/5042.jpg","type":"image\/jpeg"}],"twitter_card":"summary_large_image","twitter_misc":{"Est. reading time":"2 minutes"},"schema":{"@context":"https:\/\/schema.org","@graph":[{"@type":"WebPage","@id":"https:\/\/pk-records.nl\/index.php\/product\/heinrich-ignaz-franz-biber-concentus-musicus-wien-nikolaus-harnoncourt\/","url":"https:\/\/pk-records.nl\/index.php\/product\/heinrich-ignaz-franz-biber-concentus-musicus-wien-nikolaus-harnoncourt\/","name":"Heinrich Ignaz Franz Biber, Concentus Musicus Wien, Nikolaus Harnoncourt - PK-records","isPartOf":{"@id":"https:\/\/pk-records.nl\/#website"},"primaryImageOfPage":{"@id":"https:\/\/pk-records.nl\/index.php\/product\/heinrich-ignaz-franz-biber-concentus-musicus-wien-nikolaus-harnoncourt\/#primaryimage"},"image":{"@id":"https:\/\/pk-records.nl\/index.php\/product\/heinrich-ignaz-franz-biber-concentus-musicus-wien-nikolaus-harnoncourt\/#primaryimage"},"thumbnailUrl":"https:\/\/pk-records.nl\/wp-content\/uploads\/5042.jpg","datePublished":"2024-01-18T20:29:22+00:00","dateModified":"2024-01-18T20:29:25+00:00","breadcrumb":{"@id":"https:\/\/pk-records.nl\/index.php\/product\/heinrich-ignaz-franz-biber-concentus-musicus-wien-nikolaus-harnoncourt\/#breadcrumb"},"inLanguage":"en-US","potentialAction":[{"@type":"ReadAction","target":["https:\/\/pk-records.nl\/index.php\/product\/heinrich-ignaz-franz-biber-concentus-musicus-wien-nikolaus-harnoncourt\/"]}]},{"@type":"ImageObject","inLanguage":"en-US","@id":"https:\/\/pk-records.nl\/index.php\/product\/heinrich-ignaz-franz-biber-concentus-musicus-wien-nikolaus-harnoncourt\/#primaryimage","url":"https:\/\/pk-records.nl\/wp-content\/uploads\/5042.jpg","contentUrl":"https:\/\/pk-records.nl\/wp-content\/uploads\/5042.jpg","width":555,"height":546},{"@type":"BreadcrumbList","@id":"https:\/\/pk-records.nl\/index.php\/product\/heinrich-ignaz-franz-biber-concentus-musicus-wien-nikolaus-harnoncourt\/#breadcrumb","itemListElement":[{"@type":"ListItem","position":1,"name":"Home","item":"https:\/\/pk-records.nl\/"},{"@type":"ListItem","position":2,"name":"Shop","item":"https:\/\/pk-records.nl\/index.php\/shop\/"},{"@type":"ListItem","position":3,"name":"Heinrich Ignaz Franz Biber, Concentus Musicus Wien, Nikolaus Harnoncourt"}]},{"@type":"WebSite","@id":"https:\/\/pk-records.nl\/#website","url":"https:\/\/pk-records.nl\/","name":"PK-records","description":"","publisher":{"@id":"https:\/\/pk-records.nl\/#organization"},"potentialAction":[{"@type":"SearchAction","target":{"@type":"EntryPoint","urlTemplate":"https:\/\/pk-records.nl\/?s={search_term_string}"},"query-input":{"@type":"PropertyValueSpecification","valueRequired":true,"valueName":"search_term_string"}}],"inLanguage":"en-US"},{"@type":"Organization","@id":"https:\/\/pk-records.nl\/#organization","name":"PK-records","url":"https:\/\/pk-records.nl\/","logo":{"@type":"ImageObject","inLanguage":"en-US","@id":"https:\/\/pk-records.nl\/#\/schema\/logo\/image\/","url":"https:\/\/pk-records.nl\/wp-content\/uploads\/cropped-logoPK-records.png","contentUrl":"https:\/\/pk-records.nl\/wp-content\/uploads\/cropped-logoPK-records.png","width":510,"height":162,"caption":"PK-records"},"image":{"@id":"https:\/\/pk-records.nl\/#\/schema\/logo\/image\/"}}]}},"jetpack_sharing_enabled":true,"_links":{"self":[{"href":"https:\/\/pk-records.nl\/index.php\/wp-json\/wp\/v2\/product\/14456","targetHints":{"allow":["GET"]}}],"collection":[{"href":"https:\/\/pk-records.nl\/index.php\/wp-json\/wp\/v2\/product"}],"about":[{"href":"https:\/\/pk-records.nl\/index.php\/wp-json\/wp\/v2\/types\/product"}],"wp:featuredmedia":[{"embeddable":true,"href":"https:\/\/pk-records.nl\/index.php\/wp-json\/wp\/v2\/media\/11485"}],"wp:attachment":[{"href":"https:\/\/pk-records.nl\/index.php\/wp-json\/wp\/v2\/media?parent=14456"}],"wp:term":[{"taxonomy":"product_brand","embeddable":true,"href":"https:\/\/pk-records.nl\/index.php\/wp-json\/wp\/v2\/product_brand?post=14456"},{"taxonomy":"product_cat","embeddable":true,"href":"https:\/\/pk-records.nl\/index.php\/wp-json\/wp\/v2\/product_cat?post=14456"},{"taxonomy":"product_tag","embeddable":true,"href":"https:\/\/pk-records.nl\/index.php\/wp-json\/wp\/v2\/product_tag?post=14456"}],"curies":[{"name":"wp","href":"https:\/\/api.w.org\/{rel}","templated":true}]}}