{"id":16271,"date":"2024-09-07T20:29:40","date_gmt":"2024-09-07T18:29:40","guid":{"rendered":"https:\/\/pk-records.nl\/index.php\/product\/felix-mendelssohn-bartholdy-yehudi-menuhin-rafael-fruhbeck-de-burgos-london-symphony-orchestra\/"},"modified":"2024-09-07T20:29:42","modified_gmt":"2024-09-07T18:29:42","slug":"felix-mendelssohn-bartholdy-yehudi-menuhin-rafael-fruhbeck-de-burgos-london-symphony-orchestra","status":"publish","type":"product","link":"https:\/\/pk-records.nl\/index.php\/product\/felix-mendelssohn-bartholdy-yehudi-menuhin-rafael-fruhbeck-de-burgos-london-symphony-orchestra\/","title":{"rendered":"Felix Mendelssohn-Bartholdy, Yehudi Menuhin, Rafael Fr\u00fchbeck De Burgos, London Symphony Orchestra"},"content":{"rendered":"<table  class=\" table table-hover\" border=\"0\" cellspacing=\"0\" cellpadding=\"0\">\n<tbody>\n<tr>\n<td valign=\"top\" width=\"270\"><strong>Format<\/strong>: LP<br \/>\n<strong>Release ID<\/strong>: 1C 063-02 266<br \/>\n<strong>Release date<\/strong>: 1972<br \/>\n<strong>Genre<\/strong>: Classical<br \/>\n<strong>Condition record<\/strong>: Near Mint (NM or M-)<br \/>\n<strong>Condition sleeve<\/strong>: Very Good Plus (VG+)<\/td>\n<td width=\"15\"><\/td>\n<td valign=\"top\" width=\"270\"><strong>Tracklis<\/strong>t:<br \/>\nKonzert F\u00fcr Violine Und Orchester E-Moll Op.64 \u2013 Allegro Molto Appasionato &#8211; Kadenz (Mendelssohn-Bartholdy) &#8211; Tempo 1),,12:42<br \/> Konzert F\u00fcr Violine Und Orchester E-Moll Op.64 \u2013 Andante,,8:48<br \/> Konzert F\u00fcr Violine Und Orchester E-Moll Op.64 \u2013 Allegretto Non Troppo &#8211; Allegro Molto Vivace,,5:33<br \/> Konzert F\u00fcr Violine Und Orchester D-Moll \u2013 Allegro,,9:10<br \/> Konzert F\u00fcr Violine Und Orchester D-Moll \u2013 Andante,,8:04<br \/> Konzert F\u00fcr Violine Und Orchester D-Moll \u2013 Allegro,,4:19<\/td>\n<\/tr>\n<\/tbody>\n<\/table>\n<p><strong>Comments<\/strong>: <\/p>\n<p>*excl.shipping<\/p>\n","protected":false},"excerpt":{"rendered":"<p><strong>Artist: <\/strong> <span style=\"color: #1e4c0b; font-weight: 600;\">Felix Mendelssohn-Bartholdy, Yehudi Menuhin, Rafael Fr\u00fchbeck De Burgos, London Symphony Orchestra<\/span><strong><BR>Titel: <\/strong>Konzert F\u00fcr Violine Und Orchester E-moll, Konzert F\u00fcr Violine Und Orchester D-moll <BR><BR><BR><BR><\/p>\n","protected":false},"featured_media":16263,"template":"","meta":[],"product_brand":[],"product_cat":[61],"product_tag":[145],"class_list":{"0":"post-16271","1":"product","2":"type-product","3":"status-publish","4":"has-post-thumbnail","6":"product_cat-classical","7":"product_tag-vinyl","9":"first","10":"instock","11":"purchasable","12":"product-type-simple"},"yoast_head":"<!-- This site is optimized with the Yoast SEO plugin v27.3 - https:\/\/yoast.com\/product\/yoast-seo-wordpress\/ -->\n<title>Felix Mendelssohn-Bartholdy, Yehudi Menuhin, Rafael Fr\u00fchbeck De Burgos, London Symphony Orchestra - PK-records<\/title>\n<meta name=\"robots\" content=\"index, follow, max-snippet:-1, max-image-preview:large, max-video-preview:-1\" \/>\n<link rel=\"canonical\" href=\"https:\/\/pk-records.nl\/index.php\/product\/felix-mendelssohn-bartholdy-yehudi-menuhin-rafael-fruhbeck-de-burgos-london-symphony-orchestra\/\" \/>\n<meta property=\"og:locale\" content=\"en_US\" \/>\n<meta property=\"og:type\" content=\"article\" \/>\n<meta property=\"og:title\" content=\"Felix Mendelssohn-Bartholdy, Yehudi Menuhin, Rafael Fr\u00fchbeck De Burgos, London Symphony Orchestra - PK-records\" \/>\n<meta property=\"og:description\" content=\"Artist: Felix Mendelssohn-Bartholdy, Yehudi Menuhin, Rafael Fr\u00fchbeck De Burgos, London Symphony OrchestraTitel: Konzert F\u00fcr Violine Und Orchester E-moll, Konzert F\u00fcr Violine Und Orchester D-moll\" \/>\n<meta property=\"og:url\" content=\"https:\/\/pk-records.nl\/index.php\/product\/felix-mendelssohn-bartholdy-yehudi-menuhin-rafael-fruhbeck-de-burgos-london-symphony-orchestra\/\" \/>\n<meta property=\"og:site_name\" content=\"PK-records\" \/>\n<meta property=\"article:modified_time\" content=\"2024-09-07T18:29:42+00:00\" \/>\n<meta property=\"og:image\" content=\"https:\/\/pk-records.nl\/wp-content\/uploads\/12323.jpg\" \/>\n\t<meta property=\"og:image:width\" content=\"600\" \/>\n\t<meta property=\"og:image:height\" content=\"600\" \/>\n\t<meta property=\"og:image:type\" content=\"image\/jpeg\" \/>\n<meta name=\"twitter:card\" content=\"summary_large_image\" \/>\n<script type=\"application\/ld+json\" class=\"yoast-schema-graph\">{\"@context\":\"https:\\\/\\\/schema.org\",\"@graph\":[{\"@type\":\"WebPage\",\"@id\":\"https:\\\/\\\/pk-records.nl\\\/index.php\\\/product\\\/felix-mendelssohn-bartholdy-yehudi-menuhin-rafael-fruhbeck-de-burgos-london-symphony-orchestra\\\/\",\"url\":\"https:\\\/\\\/pk-records.nl\\\/index.php\\\/product\\\/felix-mendelssohn-bartholdy-yehudi-menuhin-rafael-fruhbeck-de-burgos-london-symphony-orchestra\\\/\",\"name\":\"Felix Mendelssohn-Bartholdy, Yehudi Menuhin, Rafael Fr\u00fchbeck De Burgos, London Symphony Orchestra - PK-records\",\"isPartOf\":{\"@id\":\"https:\\\/\\\/pk-records.nl\\\/#website\"},\"primaryImageOfPage\":{\"@id\":\"https:\\\/\\\/pk-records.nl\\\/index.php\\\/product\\\/felix-mendelssohn-bartholdy-yehudi-menuhin-rafael-fruhbeck-de-burgos-london-symphony-orchestra\\\/#primaryimage\"},\"image\":{\"@id\":\"https:\\\/\\\/pk-records.nl\\\/index.php\\\/product\\\/felix-mendelssohn-bartholdy-yehudi-menuhin-rafael-fruhbeck-de-burgos-london-symphony-orchestra\\\/#primaryimage\"},\"thumbnailUrl\":\"https:\\\/\\\/pk-records.nl\\\/wp-content\\\/uploads\\\/12323.jpg\",\"datePublished\":\"2024-09-07T18:29:40+00:00\",\"dateModified\":\"2024-09-07T18:29:42+00:00\",\"breadcrumb\":{\"@id\":\"https:\\\/\\\/pk-records.nl\\\/index.php\\\/product\\\/felix-mendelssohn-bartholdy-yehudi-menuhin-rafael-fruhbeck-de-burgos-london-symphony-orchestra\\\/#breadcrumb\"},\"inLanguage\":\"en-US\",\"potentialAction\":[{\"@type\":\"ReadAction\",\"target\":[\"https:\\\/\\\/pk-records.nl\\\/index.php\\\/product\\\/felix-mendelssohn-bartholdy-yehudi-menuhin-rafael-fruhbeck-de-burgos-london-symphony-orchestra\\\/\"]}]},{\"@type\":\"ImageObject\",\"inLanguage\":\"en-US\",\"@id\":\"https:\\\/\\\/pk-records.nl\\\/index.php\\\/product\\\/felix-mendelssohn-bartholdy-yehudi-menuhin-rafael-fruhbeck-de-burgos-london-symphony-orchestra\\\/#primaryimage\",\"url\":\"https:\\\/\\\/pk-records.nl\\\/wp-content\\\/uploads\\\/12323.jpg\",\"contentUrl\":\"https:\\\/\\\/pk-records.nl\\\/wp-content\\\/uploads\\\/12323.jpg\",\"width\":600,\"height\":600},{\"@type\":\"BreadcrumbList\",\"@id\":\"https:\\\/\\\/pk-records.nl\\\/index.php\\\/product\\\/felix-mendelssohn-bartholdy-yehudi-menuhin-rafael-fruhbeck-de-burgos-london-symphony-orchestra\\\/#breadcrumb\",\"itemListElement\":[{\"@type\":\"ListItem\",\"position\":1,\"name\":\"Home\",\"item\":\"https:\\\/\\\/pk-records.nl\\\/\"},{\"@type\":\"ListItem\",\"position\":2,\"name\":\"Shop\",\"item\":\"https:\\\/\\\/pk-records.nl\\\/index.php\\\/shop\\\/\"},{\"@type\":\"ListItem\",\"position\":3,\"name\":\"Felix Mendelssohn-Bartholdy, Yehudi Menuhin, Rafael Fr\u00fchbeck De Burgos, London Symphony Orchestra\"}]},{\"@type\":\"WebSite\",\"@id\":\"https:\\\/\\\/pk-records.nl\\\/#website\",\"url\":\"https:\\\/\\\/pk-records.nl\\\/\",\"name\":\"PK-records\",\"description\":\"\",\"publisher\":{\"@id\":\"https:\\\/\\\/pk-records.nl\\\/#organization\"},\"potentialAction\":[{\"@type\":\"SearchAction\",\"target\":{\"@type\":\"EntryPoint\",\"urlTemplate\":\"https:\\\/\\\/pk-records.nl\\\/?s={search_term_string}\"},\"query-input\":{\"@type\":\"PropertyValueSpecification\",\"valueRequired\":true,\"valueName\":\"search_term_string\"}}],\"inLanguage\":\"en-US\"},{\"@type\":\"Organization\",\"@id\":\"https:\\\/\\\/pk-records.nl\\\/#organization\",\"name\":\"PK-records\",\"url\":\"https:\\\/\\\/pk-records.nl\\\/\",\"logo\":{\"@type\":\"ImageObject\",\"inLanguage\":\"en-US\",\"@id\":\"https:\\\/\\\/pk-records.nl\\\/#\\\/schema\\\/logo\\\/image\\\/\",\"url\":\"https:\\\/\\\/pk-records.nl\\\/wp-content\\\/uploads\\\/cropped-logoPK-records.png\",\"contentUrl\":\"https:\\\/\\\/pk-records.nl\\\/wp-content\\\/uploads\\\/cropped-logoPK-records.png\",\"width\":510,\"height\":162,\"caption\":\"PK-records\"},\"image\":{\"@id\":\"https:\\\/\\\/pk-records.nl\\\/#\\\/schema\\\/logo\\\/image\\\/\"}}]}<\/script>\n<!-- \/ Yoast SEO plugin. -->","yoast_head_json":{"title":"Felix Mendelssohn-Bartholdy, Yehudi Menuhin, Rafael Fr\u00fchbeck De Burgos, London Symphony Orchestra - PK-records","robots":{"index":"index","follow":"follow","max-snippet":"max-snippet:-1","max-image-preview":"max-image-preview:large","max-video-preview":"max-video-preview:-1"},"canonical":"https:\/\/pk-records.nl\/index.php\/product\/felix-mendelssohn-bartholdy-yehudi-menuhin-rafael-fruhbeck-de-burgos-london-symphony-orchestra\/","og_locale":"en_US","og_type":"article","og_title":"Felix Mendelssohn-Bartholdy, Yehudi Menuhin, Rafael Fr\u00fchbeck De Burgos, London Symphony Orchestra - PK-records","og_description":"Artist: Felix Mendelssohn-Bartholdy, Yehudi Menuhin, Rafael Fr\u00fchbeck De Burgos, London Symphony OrchestraTitel: Konzert F\u00fcr Violine Und Orchester E-moll, Konzert F\u00fcr Violine Und Orchester D-moll","og_url":"https:\/\/pk-records.nl\/index.php\/product\/felix-mendelssohn-bartholdy-yehudi-menuhin-rafael-fruhbeck-de-burgos-london-symphony-orchestra\/","og_site_name":"PK-records","article_modified_time":"2024-09-07T18:29:42+00:00","og_image":[{"width":600,"height":600,"url":"https:\/\/pk-records.nl\/wp-content\/uploads\/12323.jpg","type":"image\/jpeg"}],"twitter_card":"summary_large_image","schema":{"@context":"https:\/\/schema.org","@graph":[{"@type":"WebPage","@id":"https:\/\/pk-records.nl\/index.php\/product\/felix-mendelssohn-bartholdy-yehudi-menuhin-rafael-fruhbeck-de-burgos-london-symphony-orchestra\/","url":"https:\/\/pk-records.nl\/index.php\/product\/felix-mendelssohn-bartholdy-yehudi-menuhin-rafael-fruhbeck-de-burgos-london-symphony-orchestra\/","name":"Felix Mendelssohn-Bartholdy, Yehudi Menuhin, Rafael Fr\u00fchbeck De Burgos, London Symphony Orchestra - PK-records","isPartOf":{"@id":"https:\/\/pk-records.nl\/#website"},"primaryImageOfPage":{"@id":"https:\/\/pk-records.nl\/index.php\/product\/felix-mendelssohn-bartholdy-yehudi-menuhin-rafael-fruhbeck-de-burgos-london-symphony-orchestra\/#primaryimage"},"image":{"@id":"https:\/\/pk-records.nl\/index.php\/product\/felix-mendelssohn-bartholdy-yehudi-menuhin-rafael-fruhbeck-de-burgos-london-symphony-orchestra\/#primaryimage"},"thumbnailUrl":"https:\/\/pk-records.nl\/wp-content\/uploads\/12323.jpg","datePublished":"2024-09-07T18:29:40+00:00","dateModified":"2024-09-07T18:29:42+00:00","breadcrumb":{"@id":"https:\/\/pk-records.nl\/index.php\/product\/felix-mendelssohn-bartholdy-yehudi-menuhin-rafael-fruhbeck-de-burgos-london-symphony-orchestra\/#breadcrumb"},"inLanguage":"en-US","potentialAction":[{"@type":"ReadAction","target":["https:\/\/pk-records.nl\/index.php\/product\/felix-mendelssohn-bartholdy-yehudi-menuhin-rafael-fruhbeck-de-burgos-london-symphony-orchestra\/"]}]},{"@type":"ImageObject","inLanguage":"en-US","@id":"https:\/\/pk-records.nl\/index.php\/product\/felix-mendelssohn-bartholdy-yehudi-menuhin-rafael-fruhbeck-de-burgos-london-symphony-orchestra\/#primaryimage","url":"https:\/\/pk-records.nl\/wp-content\/uploads\/12323.jpg","contentUrl":"https:\/\/pk-records.nl\/wp-content\/uploads\/12323.jpg","width":600,"height":600},{"@type":"BreadcrumbList","@id":"https:\/\/pk-records.nl\/index.php\/product\/felix-mendelssohn-bartholdy-yehudi-menuhin-rafael-fruhbeck-de-burgos-london-symphony-orchestra\/#breadcrumb","itemListElement":[{"@type":"ListItem","position":1,"name":"Home","item":"https:\/\/pk-records.nl\/"},{"@type":"ListItem","position":2,"name":"Shop","item":"https:\/\/pk-records.nl\/index.php\/shop\/"},{"@type":"ListItem","position":3,"name":"Felix Mendelssohn-Bartholdy, Yehudi Menuhin, Rafael Fr\u00fchbeck De Burgos, London Symphony Orchestra"}]},{"@type":"WebSite","@id":"https:\/\/pk-records.nl\/#website","url":"https:\/\/pk-records.nl\/","name":"PK-records","description":"","publisher":{"@id":"https:\/\/pk-records.nl\/#organization"},"potentialAction":[{"@type":"SearchAction","target":{"@type":"EntryPoint","urlTemplate":"https:\/\/pk-records.nl\/?s={search_term_string}"},"query-input":{"@type":"PropertyValueSpecification","valueRequired":true,"valueName":"search_term_string"}}],"inLanguage":"en-US"},{"@type":"Organization","@id":"https:\/\/pk-records.nl\/#organization","name":"PK-records","url":"https:\/\/pk-records.nl\/","logo":{"@type":"ImageObject","inLanguage":"en-US","@id":"https:\/\/pk-records.nl\/#\/schema\/logo\/image\/","url":"https:\/\/pk-records.nl\/wp-content\/uploads\/cropped-logoPK-records.png","contentUrl":"https:\/\/pk-records.nl\/wp-content\/uploads\/cropped-logoPK-records.png","width":510,"height":162,"caption":"PK-records"},"image":{"@id":"https:\/\/pk-records.nl\/#\/schema\/logo\/image\/"}}]}},"jetpack_sharing_enabled":true,"_links":{"self":[{"href":"https:\/\/pk-records.nl\/index.php\/wp-json\/wp\/v2\/product\/16271","targetHints":{"allow":["GET"]}}],"collection":[{"href":"https:\/\/pk-records.nl\/index.php\/wp-json\/wp\/v2\/product"}],"about":[{"href":"https:\/\/pk-records.nl\/index.php\/wp-json\/wp\/v2\/types\/product"}],"wp:featuredmedia":[{"embeddable":true,"href":"https:\/\/pk-records.nl\/index.php\/wp-json\/wp\/v2\/media\/16263"}],"wp:attachment":[{"href":"https:\/\/pk-records.nl\/index.php\/wp-json\/wp\/v2\/media?parent=16271"}],"wp:term":[{"taxonomy":"product_brand","embeddable":true,"href":"https:\/\/pk-records.nl\/index.php\/wp-json\/wp\/v2\/product_brand?post=16271"},{"taxonomy":"product_cat","embeddable":true,"href":"https:\/\/pk-records.nl\/index.php\/wp-json\/wp\/v2\/product_cat?post=16271"},{"taxonomy":"product_tag","embeddable":true,"href":"https:\/\/pk-records.nl\/index.php\/wp-json\/wp\/v2\/product_tag?post=16271"}],"curies":[{"name":"wp","href":"https:\/\/api.w.org\/{rel}","templated":true}]}}