{"id":16585,"date":"2025-01-10T20:07:34","date_gmt":"2025-01-10T19:07:34","guid":{"rendered":"https:\/\/pk-records.nl\/index.php\/product\/original-tiroler-kaiserjagermusik-siegfried-somma-niko-von-uslar-studiker\/"},"modified":"2025-01-10T20:07:35","modified_gmt":"2025-01-10T19:07:35","slug":"original-tiroler-kaiserjagermusik-siegfried-somma-niko-von-uslar-studiker","status":"publish","type":"product","link":"https:\/\/pk-records.nl\/index.php\/product\/original-tiroler-kaiserjagermusik-siegfried-somma-niko-von-uslar-studiker\/","title":{"rendered":"Original Tiroler Kaiserj\u00e4germusik, Siegfried Somma, Niko von Uslar, Studiker"},"content":{"rendered":"<table  class=\" table table-hover\" border=\"0\" cellspacing=\"0\" cellpadding=\"0\">\n<tbody>\n<tr>\n<td valign=\"top\" width=\"270\"><strong>Format<\/strong>: LP<br \/>\n<strong>Release ID<\/strong>: 6803 063<br \/>\n<strong>Release date<\/strong>: 1974<br \/>\n<strong>Genre<\/strong>: World &#038; Country<br \/>\n<strong>Condition record<\/strong>: Near Mint (NM or M-)<br \/>\n<strong>Condition sleeve<\/strong>: Very Good Plus (VG+)<\/td>\n<td width=\"15\"><\/td>\n<td valign=\"top\" width=\"270\"><strong>Tracklis<\/strong>t:<br \/>\nRadetzky-Marsch,Original Tiroler Kaiserj\u00e4germusik, Siegfried Somma,<br \/>Barataria-Marsch,Original Tiroler Kaiserj\u00e4germusik, Siegfried Somma,<br \/>Erzherzog-Karl-Marsch,Original Tiroler Kaiserj\u00e4germusik, Siegfried Somma,<br \/>Kaisersch\u00fctzen-Marsch,Original Tiroler Kaiserj\u00e4germusik, Siegfried Somma,<br \/>Tiroler-Adler-Marsch,Original Tiroler Kaiserj\u00e4germusik, Siegfried Somma,<br \/>Kaiserj\u00e4ger-Marsch,Original Tiroler Kaiserj\u00e4germusik, Siegfried Somma,<br \/>American Patrol,Niko von Uslar, Studiker,<br \/>St\u00e4ndchen,Niko von Uslar, Studiker,<br \/>Cabaret,Niko von Uslar, Studiker,<br \/>Fettpolka,Niko von Uslar, Studiker,<br \/>Slick,Niko von Uslar, Studiker,<br \/>String Of Pearls,Niko von Uslar, Studiker,<\/td>\n<\/tr>\n<\/tbody>\n<\/table>\n<p><strong>Comments<\/strong>: signed by artists<\/p>\n<p>*excl.shipping<\/p>\n","protected":false},"excerpt":{"rendered":"<p><strong>Artist: <\/strong> <span style=\"color: #1e4c0b; font-weight: 600;\">Original Tiroler Kaiserj\u00e4germusik, Siegfried Somma, Niko von Uslar, Studiker<\/span><strong><BR>Titel: <\/strong>H\u00e4ndler-Kongress Wolfsburg 1974 <BR><BR><BR><BR><\/p>\n","protected":false},"featured_media":16563,"template":"","meta":[],"product_brand":[],"product_cat":[72],"product_tag":[145],"class_list":{"0":"post-16585","1":"product","2":"type-product","3":"status-publish","4":"has-post-thumbnail","6":"product_cat-world-country","7":"product_tag-vinyl","9":"first","10":"instock","11":"purchasable","12":"product-type-simple"},"yoast_head":"<!-- This site is optimized with the Yoast SEO plugin v27.3 - https:\/\/yoast.com\/product\/yoast-seo-wordpress\/ -->\n<title>Original Tiroler Kaiserj\u00e4germusik, Siegfried Somma, Niko von Uslar, Studiker - PK-records<\/title>\n<meta name=\"robots\" content=\"index, follow, max-snippet:-1, max-image-preview:large, max-video-preview:-1\" \/>\n<link rel=\"canonical\" href=\"https:\/\/pk-records.nl\/index.php\/product\/original-tiroler-kaiserjagermusik-siegfried-somma-niko-von-uslar-studiker\/\" \/>\n<meta property=\"og:locale\" content=\"en_US\" \/>\n<meta property=\"og:type\" content=\"article\" \/>\n<meta property=\"og:title\" content=\"Original Tiroler Kaiserj\u00e4germusik, Siegfried Somma, Niko von Uslar, Studiker - PK-records\" \/>\n<meta property=\"og:description\" content=\"Artist: Original Tiroler Kaiserj\u00e4germusik, Siegfried Somma, Niko von Uslar, StudikerTitel: H\u00e4ndler-Kongress Wolfsburg 1974\" \/>\n<meta property=\"og:url\" content=\"https:\/\/pk-records.nl\/index.php\/product\/original-tiroler-kaiserjagermusik-siegfried-somma-niko-von-uslar-studiker\/\" \/>\n<meta property=\"og:site_name\" content=\"PK-records\" \/>\n<meta property=\"article:modified_time\" content=\"2025-01-10T19:07:35+00:00\" \/>\n<meta property=\"og:image\" content=\"https:\/\/pk-records.nl\/wp-content\/uploads\/12457.jpg\" \/>\n\t<meta property=\"og:image:width\" content=\"599\" \/>\n\t<meta property=\"og:image:height\" content=\"584\" \/>\n\t<meta property=\"og:image:type\" content=\"image\/jpeg\" \/>\n<meta name=\"twitter:card\" content=\"summary_large_image\" \/>\n<meta name=\"twitter:label1\" content=\"Est. reading time\" \/>\n\t<meta name=\"twitter:data1\" content=\"1 minute\" \/>\n<script type=\"application\/ld+json\" class=\"yoast-schema-graph\">{\"@context\":\"https:\\\/\\\/schema.org\",\"@graph\":[{\"@type\":\"WebPage\",\"@id\":\"https:\\\/\\\/pk-records.nl\\\/index.php\\\/product\\\/original-tiroler-kaiserjagermusik-siegfried-somma-niko-von-uslar-studiker\\\/\",\"url\":\"https:\\\/\\\/pk-records.nl\\\/index.php\\\/product\\\/original-tiroler-kaiserjagermusik-siegfried-somma-niko-von-uslar-studiker\\\/\",\"name\":\"Original Tiroler Kaiserj\u00e4germusik, Siegfried Somma, Niko von Uslar, Studiker - PK-records\",\"isPartOf\":{\"@id\":\"https:\\\/\\\/pk-records.nl\\\/#website\"},\"primaryImageOfPage\":{\"@id\":\"https:\\\/\\\/pk-records.nl\\\/index.php\\\/product\\\/original-tiroler-kaiserjagermusik-siegfried-somma-niko-von-uslar-studiker\\\/#primaryimage\"},\"image\":{\"@id\":\"https:\\\/\\\/pk-records.nl\\\/index.php\\\/product\\\/original-tiroler-kaiserjagermusik-siegfried-somma-niko-von-uslar-studiker\\\/#primaryimage\"},\"thumbnailUrl\":\"https:\\\/\\\/pk-records.nl\\\/wp-content\\\/uploads\\\/12457.jpg\",\"datePublished\":\"2025-01-10T19:07:34+00:00\",\"dateModified\":\"2025-01-10T19:07:35+00:00\",\"breadcrumb\":{\"@id\":\"https:\\\/\\\/pk-records.nl\\\/index.php\\\/product\\\/original-tiroler-kaiserjagermusik-siegfried-somma-niko-von-uslar-studiker\\\/#breadcrumb\"},\"inLanguage\":\"en-US\",\"potentialAction\":[{\"@type\":\"ReadAction\",\"target\":[\"https:\\\/\\\/pk-records.nl\\\/index.php\\\/product\\\/original-tiroler-kaiserjagermusik-siegfried-somma-niko-von-uslar-studiker\\\/\"]}]},{\"@type\":\"ImageObject\",\"inLanguage\":\"en-US\",\"@id\":\"https:\\\/\\\/pk-records.nl\\\/index.php\\\/product\\\/original-tiroler-kaiserjagermusik-siegfried-somma-niko-von-uslar-studiker\\\/#primaryimage\",\"url\":\"https:\\\/\\\/pk-records.nl\\\/wp-content\\\/uploads\\\/12457.jpg\",\"contentUrl\":\"https:\\\/\\\/pk-records.nl\\\/wp-content\\\/uploads\\\/12457.jpg\",\"width\":599,\"height\":584},{\"@type\":\"BreadcrumbList\",\"@id\":\"https:\\\/\\\/pk-records.nl\\\/index.php\\\/product\\\/original-tiroler-kaiserjagermusik-siegfried-somma-niko-von-uslar-studiker\\\/#breadcrumb\",\"itemListElement\":[{\"@type\":\"ListItem\",\"position\":1,\"name\":\"Home\",\"item\":\"https:\\\/\\\/pk-records.nl\\\/\"},{\"@type\":\"ListItem\",\"position\":2,\"name\":\"Shop\",\"item\":\"https:\\\/\\\/pk-records.nl\\\/index.php\\\/shop\\\/\"},{\"@type\":\"ListItem\",\"position\":3,\"name\":\"Original Tiroler Kaiserj\u00e4germusik, Siegfried Somma, Niko von Uslar, Studiker\"}]},{\"@type\":\"WebSite\",\"@id\":\"https:\\\/\\\/pk-records.nl\\\/#website\",\"url\":\"https:\\\/\\\/pk-records.nl\\\/\",\"name\":\"PK-records\",\"description\":\"\",\"publisher\":{\"@id\":\"https:\\\/\\\/pk-records.nl\\\/#organization\"},\"potentialAction\":[{\"@type\":\"SearchAction\",\"target\":{\"@type\":\"EntryPoint\",\"urlTemplate\":\"https:\\\/\\\/pk-records.nl\\\/?s={search_term_string}\"},\"query-input\":{\"@type\":\"PropertyValueSpecification\",\"valueRequired\":true,\"valueName\":\"search_term_string\"}}],\"inLanguage\":\"en-US\"},{\"@type\":\"Organization\",\"@id\":\"https:\\\/\\\/pk-records.nl\\\/#organization\",\"name\":\"PK-records\",\"url\":\"https:\\\/\\\/pk-records.nl\\\/\",\"logo\":{\"@type\":\"ImageObject\",\"inLanguage\":\"en-US\",\"@id\":\"https:\\\/\\\/pk-records.nl\\\/#\\\/schema\\\/logo\\\/image\\\/\",\"url\":\"https:\\\/\\\/pk-records.nl\\\/wp-content\\\/uploads\\\/cropped-logoPK-records.png\",\"contentUrl\":\"https:\\\/\\\/pk-records.nl\\\/wp-content\\\/uploads\\\/cropped-logoPK-records.png\",\"width\":510,\"height\":162,\"caption\":\"PK-records\"},\"image\":{\"@id\":\"https:\\\/\\\/pk-records.nl\\\/#\\\/schema\\\/logo\\\/image\\\/\"}}]}<\/script>\n<!-- \/ Yoast SEO plugin. -->","yoast_head_json":{"title":"Original Tiroler Kaiserj\u00e4germusik, Siegfried Somma, Niko von Uslar, Studiker - PK-records","robots":{"index":"index","follow":"follow","max-snippet":"max-snippet:-1","max-image-preview":"max-image-preview:large","max-video-preview":"max-video-preview:-1"},"canonical":"https:\/\/pk-records.nl\/index.php\/product\/original-tiroler-kaiserjagermusik-siegfried-somma-niko-von-uslar-studiker\/","og_locale":"en_US","og_type":"article","og_title":"Original Tiroler Kaiserj\u00e4germusik, Siegfried Somma, Niko von Uslar, Studiker - PK-records","og_description":"Artist: Original Tiroler Kaiserj\u00e4germusik, Siegfried Somma, Niko von Uslar, StudikerTitel: H\u00e4ndler-Kongress Wolfsburg 1974","og_url":"https:\/\/pk-records.nl\/index.php\/product\/original-tiroler-kaiserjagermusik-siegfried-somma-niko-von-uslar-studiker\/","og_site_name":"PK-records","article_modified_time":"2025-01-10T19:07:35+00:00","og_image":[{"width":599,"height":584,"url":"https:\/\/pk-records.nl\/wp-content\/uploads\/12457.jpg","type":"image\/jpeg"}],"twitter_card":"summary_large_image","twitter_misc":{"Est. reading time":"1 minute"},"schema":{"@context":"https:\/\/schema.org","@graph":[{"@type":"WebPage","@id":"https:\/\/pk-records.nl\/index.php\/product\/original-tiroler-kaiserjagermusik-siegfried-somma-niko-von-uslar-studiker\/","url":"https:\/\/pk-records.nl\/index.php\/product\/original-tiroler-kaiserjagermusik-siegfried-somma-niko-von-uslar-studiker\/","name":"Original Tiroler Kaiserj\u00e4germusik, Siegfried Somma, Niko von Uslar, Studiker - PK-records","isPartOf":{"@id":"https:\/\/pk-records.nl\/#website"},"primaryImageOfPage":{"@id":"https:\/\/pk-records.nl\/index.php\/product\/original-tiroler-kaiserjagermusik-siegfried-somma-niko-von-uslar-studiker\/#primaryimage"},"image":{"@id":"https:\/\/pk-records.nl\/index.php\/product\/original-tiroler-kaiserjagermusik-siegfried-somma-niko-von-uslar-studiker\/#primaryimage"},"thumbnailUrl":"https:\/\/pk-records.nl\/wp-content\/uploads\/12457.jpg","datePublished":"2025-01-10T19:07:34+00:00","dateModified":"2025-01-10T19:07:35+00:00","breadcrumb":{"@id":"https:\/\/pk-records.nl\/index.php\/product\/original-tiroler-kaiserjagermusik-siegfried-somma-niko-von-uslar-studiker\/#breadcrumb"},"inLanguage":"en-US","potentialAction":[{"@type":"ReadAction","target":["https:\/\/pk-records.nl\/index.php\/product\/original-tiroler-kaiserjagermusik-siegfried-somma-niko-von-uslar-studiker\/"]}]},{"@type":"ImageObject","inLanguage":"en-US","@id":"https:\/\/pk-records.nl\/index.php\/product\/original-tiroler-kaiserjagermusik-siegfried-somma-niko-von-uslar-studiker\/#primaryimage","url":"https:\/\/pk-records.nl\/wp-content\/uploads\/12457.jpg","contentUrl":"https:\/\/pk-records.nl\/wp-content\/uploads\/12457.jpg","width":599,"height":584},{"@type":"BreadcrumbList","@id":"https:\/\/pk-records.nl\/index.php\/product\/original-tiroler-kaiserjagermusik-siegfried-somma-niko-von-uslar-studiker\/#breadcrumb","itemListElement":[{"@type":"ListItem","position":1,"name":"Home","item":"https:\/\/pk-records.nl\/"},{"@type":"ListItem","position":2,"name":"Shop","item":"https:\/\/pk-records.nl\/index.php\/shop\/"},{"@type":"ListItem","position":3,"name":"Original Tiroler Kaiserj\u00e4germusik, Siegfried Somma, Niko von Uslar, Studiker"}]},{"@type":"WebSite","@id":"https:\/\/pk-records.nl\/#website","url":"https:\/\/pk-records.nl\/","name":"PK-records","description":"","publisher":{"@id":"https:\/\/pk-records.nl\/#organization"},"potentialAction":[{"@type":"SearchAction","target":{"@type":"EntryPoint","urlTemplate":"https:\/\/pk-records.nl\/?s={search_term_string}"},"query-input":{"@type":"PropertyValueSpecification","valueRequired":true,"valueName":"search_term_string"}}],"inLanguage":"en-US"},{"@type":"Organization","@id":"https:\/\/pk-records.nl\/#organization","name":"PK-records","url":"https:\/\/pk-records.nl\/","logo":{"@type":"ImageObject","inLanguage":"en-US","@id":"https:\/\/pk-records.nl\/#\/schema\/logo\/image\/","url":"https:\/\/pk-records.nl\/wp-content\/uploads\/cropped-logoPK-records.png","contentUrl":"https:\/\/pk-records.nl\/wp-content\/uploads\/cropped-logoPK-records.png","width":510,"height":162,"caption":"PK-records"},"image":{"@id":"https:\/\/pk-records.nl\/#\/schema\/logo\/image\/"}}]}},"jetpack_sharing_enabled":true,"_links":{"self":[{"href":"https:\/\/pk-records.nl\/index.php\/wp-json\/wp\/v2\/product\/16585","targetHints":{"allow":["GET"]}}],"collection":[{"href":"https:\/\/pk-records.nl\/index.php\/wp-json\/wp\/v2\/product"}],"about":[{"href":"https:\/\/pk-records.nl\/index.php\/wp-json\/wp\/v2\/types\/product"}],"wp:featuredmedia":[{"embeddable":true,"href":"https:\/\/pk-records.nl\/index.php\/wp-json\/wp\/v2\/media\/16563"}],"wp:attachment":[{"href":"https:\/\/pk-records.nl\/index.php\/wp-json\/wp\/v2\/media?parent=16585"}],"wp:term":[{"taxonomy":"product_brand","embeddable":true,"href":"https:\/\/pk-records.nl\/index.php\/wp-json\/wp\/v2\/product_brand?post=16585"},{"taxonomy":"product_cat","embeddable":true,"href":"https:\/\/pk-records.nl\/index.php\/wp-json\/wp\/v2\/product_cat?post=16585"},{"taxonomy":"product_tag","embeddable":true,"href":"https:\/\/pk-records.nl\/index.php\/wp-json\/wp\/v2\/product_tag?post=16585"}],"curies":[{"name":"wp","href":"https:\/\/api.w.org\/{rel}","templated":true}]}}