{"id":17449,"date":"2026-02-21T20:45:02","date_gmt":"2026-02-21T19:45:02","guid":{"rendered":"https:\/\/pk-records.nl\/index.php\/product\/erik-satie-reinbert-de-leeuw-3\/"},"modified":"2026-02-21T20:45:07","modified_gmt":"2026-02-21T19:45:07","slug":"erik-satie-reinbert-de-leeuw-3","status":"publish","type":"product","link":"https:\/\/pk-records.nl\/index.php\/product\/erik-satie-reinbert-de-leeuw-3\/","title":{"rendered":"Erik Satie, Reinbert de Leeuw"},"content":{"rendered":"<table  class=\" table table-hover\" border=\"0\" cellspacing=\"0\" cellpadding=\"0\">\n<tbody>\n<tr>\n<td valign=\"top\" width=\"270\"><strong>Format<\/strong>: LP<br \/>\n<strong>Release ID<\/strong>: 2925 508<br \/>\n<strong>Release date<\/strong>: 1975<br \/>\n<strong>Genre<\/strong>: Classical<br \/>\n<strong>Condition record<\/strong>: Very Good Plus (VG+)<br \/>\n<strong>Condition sleeve<\/strong>: Very Good Plus (VG+)<\/td>\n<td width=\"15\"><\/td>\n<td valign=\"top\" width=\"270\"><strong>Tracklis<\/strong>t:<br \/>\nGnossiennes,,<br \/>Petite Ouverture \u00c0 Danser,,<br \/>Pr\u00e9lude De La Porte H\u00e9ro\u00efque Du Ciel,,<br \/>Danses Gothiques \u2013 A L&#8217;Occasion D&#8217;Une Grande Peine,,<br \/>Danses Gothiques \u2013 Dans Laquelle Les P\u00e8res De La Tr\u00e8s V\u00e9ritable Et Tr\u00e8s Sainte Eglise Sont Invoqu\u00e9s,,<br \/>Danses Gothiques \u2013 En Faveur D&#8217;Un Malheureux,,<br \/>Danses Gothiques \u2013 A Propos De Saint Bernard Et De Sainte Lucie,,<br \/>Danses Gothiques \u2013 Pour Les Pauvres Tr\u00e9pass\u00e9s,,<br \/>Danses Gothiques \u2013 O\u00f9 Il Est Question Du Pardon Des Injures Re\u00e7ues,,<br \/>Danses Gothiques \u2013 Par Piti\u00e9 Pour Les Ivrognes, Honteux, D\u00e9bauch\u00e9s, Imparfaits, D\u00e9sagr\u00e9ables Et Faussaires En Tous Genres,,<br \/>Danses Gothiques \u2013 En Le Haut Honneur Du V\u00e9n\u00e9r\u00e9 Saint Michel, Le Gracieux Archange,,<br \/>Danses Gothiques \u2013 Apr\u00e8s Avoir Obtenu La Remise De Ses Fautes,,<\/td>\n<\/tr>\n<\/tbody>\n<\/table>\n<p><strong>Comments<\/strong>: Owner stamp on label.<\/p>\n<p>*excl.shipping<\/p>\n","protected":false},"excerpt":{"rendered":"<p><strong>Artist: <\/strong> <span style=\"color: #1e4c0b; font-weight: 600;\">Erik Satie, Reinbert de Leeuw<\/span><strong><BR>Titel: <\/strong>Early Piano Works, Volume One <BR><BR><BR><BR><\/p>\n","protected":false},"featured_media":17430,"template":"","meta":[],"product_brand":[],"product_cat":[61],"product_tag":[145],"class_list":{"0":"post-17449","1":"product","2":"type-product","3":"status-publish","4":"has-post-thumbnail","6":"product_cat-classical","7":"product_tag-vinyl","9":"first","10":"instock","11":"purchasable","12":"product-type-simple"},"yoast_head":"<!-- This site is optimized with the Yoast SEO plugin v27.3 - https:\/\/yoast.com\/product\/yoast-seo-wordpress\/ -->\n<title>Erik Satie, Reinbert de Leeuw - PK-records<\/title>\n<meta name=\"robots\" content=\"index, follow, max-snippet:-1, max-image-preview:large, max-video-preview:-1\" \/>\n<link rel=\"canonical\" href=\"https:\/\/pk-records.nl\/index.php\/product\/erik-satie-reinbert-de-leeuw-3\/\" \/>\n<meta property=\"og:locale\" content=\"en_US\" \/>\n<meta property=\"og:type\" content=\"article\" \/>\n<meta property=\"og:title\" content=\"Erik Satie, Reinbert de Leeuw - PK-records\" \/>\n<meta property=\"og:description\" content=\"Artist: Erik Satie, Reinbert de LeeuwTitel: Early Piano Works, Volume One\" \/>\n<meta property=\"og:url\" content=\"https:\/\/pk-records.nl\/index.php\/product\/erik-satie-reinbert-de-leeuw-3\/\" \/>\n<meta property=\"og:site_name\" content=\"PK-records\" \/>\n<meta property=\"article:modified_time\" content=\"2026-02-21T19:45:07+00:00\" \/>\n<meta property=\"og:image\" content=\"https:\/\/pk-records.nl\/wp-content\/uploads\/12833.jpg\" \/>\n\t<meta property=\"og:image:width\" content=\"599\" \/>\n\t<meta property=\"og:image:height\" content=\"597\" \/>\n\t<meta property=\"og:image:type\" content=\"image\/jpeg\" \/>\n<meta name=\"twitter:card\" content=\"summary_large_image\" \/>\n<meta name=\"twitter:label1\" content=\"Est. reading time\" \/>\n\t<meta name=\"twitter:data1\" content=\"1 minute\" \/>\n<script type=\"application\/ld+json\" class=\"yoast-schema-graph\">{\"@context\":\"https:\\\/\\\/schema.org\",\"@graph\":[{\"@type\":\"WebPage\",\"@id\":\"https:\\\/\\\/pk-records.nl\\\/index.php\\\/product\\\/erik-satie-reinbert-de-leeuw-3\\\/\",\"url\":\"https:\\\/\\\/pk-records.nl\\\/index.php\\\/product\\\/erik-satie-reinbert-de-leeuw-3\\\/\",\"name\":\"Erik Satie, Reinbert de Leeuw - PK-records\",\"isPartOf\":{\"@id\":\"https:\\\/\\\/pk-records.nl\\\/#website\"},\"primaryImageOfPage\":{\"@id\":\"https:\\\/\\\/pk-records.nl\\\/index.php\\\/product\\\/erik-satie-reinbert-de-leeuw-3\\\/#primaryimage\"},\"image\":{\"@id\":\"https:\\\/\\\/pk-records.nl\\\/index.php\\\/product\\\/erik-satie-reinbert-de-leeuw-3\\\/#primaryimage\"},\"thumbnailUrl\":\"https:\\\/\\\/pk-records.nl\\\/wp-content\\\/uploads\\\/12833.jpg\",\"datePublished\":\"2026-02-21T19:45:02+00:00\",\"dateModified\":\"2026-02-21T19:45:07+00:00\",\"breadcrumb\":{\"@id\":\"https:\\\/\\\/pk-records.nl\\\/index.php\\\/product\\\/erik-satie-reinbert-de-leeuw-3\\\/#breadcrumb\"},\"inLanguage\":\"en-US\",\"potentialAction\":[{\"@type\":\"ReadAction\",\"target\":[\"https:\\\/\\\/pk-records.nl\\\/index.php\\\/product\\\/erik-satie-reinbert-de-leeuw-3\\\/\"]}]},{\"@type\":\"ImageObject\",\"inLanguage\":\"en-US\",\"@id\":\"https:\\\/\\\/pk-records.nl\\\/index.php\\\/product\\\/erik-satie-reinbert-de-leeuw-3\\\/#primaryimage\",\"url\":\"https:\\\/\\\/pk-records.nl\\\/wp-content\\\/uploads\\\/12833.jpg\",\"contentUrl\":\"https:\\\/\\\/pk-records.nl\\\/wp-content\\\/uploads\\\/12833.jpg\",\"width\":599,\"height\":597},{\"@type\":\"BreadcrumbList\",\"@id\":\"https:\\\/\\\/pk-records.nl\\\/index.php\\\/product\\\/erik-satie-reinbert-de-leeuw-3\\\/#breadcrumb\",\"itemListElement\":[{\"@type\":\"ListItem\",\"position\":1,\"name\":\"Home\",\"item\":\"https:\\\/\\\/pk-records.nl\\\/\"},{\"@type\":\"ListItem\",\"position\":2,\"name\":\"Shop\",\"item\":\"https:\\\/\\\/pk-records.nl\\\/index.php\\\/shop\\\/\"},{\"@type\":\"ListItem\",\"position\":3,\"name\":\"Erik Satie, Reinbert de Leeuw\"}]},{\"@type\":\"WebSite\",\"@id\":\"https:\\\/\\\/pk-records.nl\\\/#website\",\"url\":\"https:\\\/\\\/pk-records.nl\\\/\",\"name\":\"PK-records\",\"description\":\"\",\"publisher\":{\"@id\":\"https:\\\/\\\/pk-records.nl\\\/#organization\"},\"potentialAction\":[{\"@type\":\"SearchAction\",\"target\":{\"@type\":\"EntryPoint\",\"urlTemplate\":\"https:\\\/\\\/pk-records.nl\\\/?s={search_term_string}\"},\"query-input\":{\"@type\":\"PropertyValueSpecification\",\"valueRequired\":true,\"valueName\":\"search_term_string\"}}],\"inLanguage\":\"en-US\"},{\"@type\":\"Organization\",\"@id\":\"https:\\\/\\\/pk-records.nl\\\/#organization\",\"name\":\"PK-records\",\"url\":\"https:\\\/\\\/pk-records.nl\\\/\",\"logo\":{\"@type\":\"ImageObject\",\"inLanguage\":\"en-US\",\"@id\":\"https:\\\/\\\/pk-records.nl\\\/#\\\/schema\\\/logo\\\/image\\\/\",\"url\":\"https:\\\/\\\/pk-records.nl\\\/wp-content\\\/uploads\\\/cropped-logoPK-records.png\",\"contentUrl\":\"https:\\\/\\\/pk-records.nl\\\/wp-content\\\/uploads\\\/cropped-logoPK-records.png\",\"width\":510,\"height\":162,\"caption\":\"PK-records\"},\"image\":{\"@id\":\"https:\\\/\\\/pk-records.nl\\\/#\\\/schema\\\/logo\\\/image\\\/\"}}]}<\/script>\n<!-- \/ Yoast SEO plugin. -->","yoast_head_json":{"title":"Erik Satie, Reinbert de Leeuw - PK-records","robots":{"index":"index","follow":"follow","max-snippet":"max-snippet:-1","max-image-preview":"max-image-preview:large","max-video-preview":"max-video-preview:-1"},"canonical":"https:\/\/pk-records.nl\/index.php\/product\/erik-satie-reinbert-de-leeuw-3\/","og_locale":"en_US","og_type":"article","og_title":"Erik Satie, Reinbert de Leeuw - PK-records","og_description":"Artist: Erik Satie, Reinbert de LeeuwTitel: Early Piano Works, Volume One","og_url":"https:\/\/pk-records.nl\/index.php\/product\/erik-satie-reinbert-de-leeuw-3\/","og_site_name":"PK-records","article_modified_time":"2026-02-21T19:45:07+00:00","og_image":[{"width":599,"height":597,"url":"https:\/\/pk-records.nl\/wp-content\/uploads\/12833.jpg","type":"image\/jpeg"}],"twitter_card":"summary_large_image","twitter_misc":{"Est. reading time":"1 minute"},"schema":{"@context":"https:\/\/schema.org","@graph":[{"@type":"WebPage","@id":"https:\/\/pk-records.nl\/index.php\/product\/erik-satie-reinbert-de-leeuw-3\/","url":"https:\/\/pk-records.nl\/index.php\/product\/erik-satie-reinbert-de-leeuw-3\/","name":"Erik Satie, Reinbert de Leeuw - PK-records","isPartOf":{"@id":"https:\/\/pk-records.nl\/#website"},"primaryImageOfPage":{"@id":"https:\/\/pk-records.nl\/index.php\/product\/erik-satie-reinbert-de-leeuw-3\/#primaryimage"},"image":{"@id":"https:\/\/pk-records.nl\/index.php\/product\/erik-satie-reinbert-de-leeuw-3\/#primaryimage"},"thumbnailUrl":"https:\/\/pk-records.nl\/wp-content\/uploads\/12833.jpg","datePublished":"2026-02-21T19:45:02+00:00","dateModified":"2026-02-21T19:45:07+00:00","breadcrumb":{"@id":"https:\/\/pk-records.nl\/index.php\/product\/erik-satie-reinbert-de-leeuw-3\/#breadcrumb"},"inLanguage":"en-US","potentialAction":[{"@type":"ReadAction","target":["https:\/\/pk-records.nl\/index.php\/product\/erik-satie-reinbert-de-leeuw-3\/"]}]},{"@type":"ImageObject","inLanguage":"en-US","@id":"https:\/\/pk-records.nl\/index.php\/product\/erik-satie-reinbert-de-leeuw-3\/#primaryimage","url":"https:\/\/pk-records.nl\/wp-content\/uploads\/12833.jpg","contentUrl":"https:\/\/pk-records.nl\/wp-content\/uploads\/12833.jpg","width":599,"height":597},{"@type":"BreadcrumbList","@id":"https:\/\/pk-records.nl\/index.php\/product\/erik-satie-reinbert-de-leeuw-3\/#breadcrumb","itemListElement":[{"@type":"ListItem","position":1,"name":"Home","item":"https:\/\/pk-records.nl\/"},{"@type":"ListItem","position":2,"name":"Shop","item":"https:\/\/pk-records.nl\/index.php\/shop\/"},{"@type":"ListItem","position":3,"name":"Erik Satie, Reinbert de Leeuw"}]},{"@type":"WebSite","@id":"https:\/\/pk-records.nl\/#website","url":"https:\/\/pk-records.nl\/","name":"PK-records","description":"","publisher":{"@id":"https:\/\/pk-records.nl\/#organization"},"potentialAction":[{"@type":"SearchAction","target":{"@type":"EntryPoint","urlTemplate":"https:\/\/pk-records.nl\/?s={search_term_string}"},"query-input":{"@type":"PropertyValueSpecification","valueRequired":true,"valueName":"search_term_string"}}],"inLanguage":"en-US"},{"@type":"Organization","@id":"https:\/\/pk-records.nl\/#organization","name":"PK-records","url":"https:\/\/pk-records.nl\/","logo":{"@type":"ImageObject","inLanguage":"en-US","@id":"https:\/\/pk-records.nl\/#\/schema\/logo\/image\/","url":"https:\/\/pk-records.nl\/wp-content\/uploads\/cropped-logoPK-records.png","contentUrl":"https:\/\/pk-records.nl\/wp-content\/uploads\/cropped-logoPK-records.png","width":510,"height":162,"caption":"PK-records"},"image":{"@id":"https:\/\/pk-records.nl\/#\/schema\/logo\/image\/"}}]}},"jetpack_sharing_enabled":true,"_links":{"self":[{"href":"https:\/\/pk-records.nl\/index.php\/wp-json\/wp\/v2\/product\/17449","targetHints":{"allow":["GET"]}}],"collection":[{"href":"https:\/\/pk-records.nl\/index.php\/wp-json\/wp\/v2\/product"}],"about":[{"href":"https:\/\/pk-records.nl\/index.php\/wp-json\/wp\/v2\/types\/product"}],"wp:featuredmedia":[{"embeddable":true,"href":"https:\/\/pk-records.nl\/index.php\/wp-json\/wp\/v2\/media\/17430"}],"wp:attachment":[{"href":"https:\/\/pk-records.nl\/index.php\/wp-json\/wp\/v2\/media?parent=17449"}],"wp:term":[{"taxonomy":"product_brand","embeddable":true,"href":"https:\/\/pk-records.nl\/index.php\/wp-json\/wp\/v2\/product_brand?post=17449"},{"taxonomy":"product_cat","embeddable":true,"href":"https:\/\/pk-records.nl\/index.php\/wp-json\/wp\/v2\/product_cat?post=17449"},{"taxonomy":"product_tag","embeddable":true,"href":"https:\/\/pk-records.nl\/index.php\/wp-json\/wp\/v2\/product_tag?post=17449"}],"curies":[{"name":"wp","href":"https:\/\/api.w.org\/{rel}","templated":true}]}}