{"id":17662,"date":"2026-03-23T20:11:35","date_gmt":"2026-03-23T19:11:35","guid":{"rendered":"https:\/\/pk-records.nl\/index.php\/product\/fr-d-ric-chopin-tam-s-v-s-ry\/"},"modified":"2026-03-23T20:11:36","modified_gmt":"2026-03-23T19:11:36","slug":"fr-d-ric-chopin-tam-s-v-s-ry","status":"publish","type":"product","link":"https:\/\/pk-records.nl\/index.php\/product\/fr-d-ric-chopin-tam-s-v-s-ry\/","title":{"rendered":"Fr\u00e9d\u00e9ric Chopin, Tam\u00e1s V\u00e1s\u00e1ry"},"content":{"rendered":"<table  class=\" table table-hover\" border=\"0\" cellspacing=\"0\" cellpadding=\"0\">\n<tbody>\n<tr>\n<td valign=\"top\" width=\"270\"><strong>Format<\/strong>: LP<br \/>\n<strong>Release ID<\/strong>: 2544 252<br \/>\n<strong>Release date<\/strong>:<br \/>\n<strong>Genre<\/strong>: Classical<br \/>\n<strong>Condition record<\/strong>: Near Mint (NM or M-)<br \/>\n<strong>Condition sleeve<\/strong>: Near Mint (NM or M-)<\/td>\n<td width=\"15\"><\/td>\n<td valign=\"top\" width=\"270\"><strong>Tracklis<\/strong>t:<br \/>\nNo. 11 In G Minor Op. 37 Nr. 1 Andante Sostenuto,,5:11<br \/>No. 12 In G Major Op. 37 Nr. 2 Andantino,,5:28<br \/>No. 13 In C Minor Op. 48 Nr. 1 Lento,,5:35<br \/>No. 14 In F Sharp Minor Op. 48 Nr. 2 Andantino,,6:45<br \/>No. 15 In F Minor Op. 55 Nr. 1 Andante,,4:35<br \/>No. 16 In E Flat Major Op. 55 Nr. 2 Lento Sostenuto,,4:08<br \/>No. 17 In B Major Op. 62 Nr. 1 Andante,,6:20<br \/>No. 18 In E Major Op. 62 Nr. 2 Lento,,5:28<br \/>No. 19 In E Minor Op. 72 Nr. 1 Andante,,3:10<br \/>No. 20 In C Sharp Minor Op. Posth. Lento Con Gran Espressione,,3:39<\/td>\n<\/tr>\n<\/tbody>\n<\/table>\n<p><strong>Comments<\/strong>: <\/p>\n<p>*excl.shipping<\/p>\n","protected":false},"excerpt":{"rendered":"<p><strong>Artist: <\/strong> <span style=\"color: #1e4c0b; font-weight: 600;\">Fr\u00e9d\u00e9ric Chopin, Tam\u00e1s V\u00e1s\u00e1ry<\/span><strong><BR>Titel: <\/strong>10 Nocturnes No. 11-20 <BR><BR><BR><BR><\/p>\n","protected":false},"featured_media":11496,"template":"","meta":[],"product_brand":[],"product_cat":[61],"product_tag":[145],"class_list":{"0":"post-17662","1":"product","2":"type-product","3":"status-publish","4":"has-post-thumbnail","6":"product_cat-classical","7":"product_tag-vinyl","9":"first","10":"instock","11":"purchasable","12":"product-type-simple"},"yoast_head":"<!-- This site is optimized with the Yoast SEO plugin v27.4 - https:\/\/yoast.com\/product\/yoast-seo-wordpress\/ -->\n<title>Fr\u00e9d\u00e9ric Chopin, Tam\u00e1s V\u00e1s\u00e1ry - PK-records<\/title>\n<meta name=\"robots\" content=\"index, follow, max-snippet:-1, max-image-preview:large, max-video-preview:-1\" \/>\n<link rel=\"canonical\" href=\"https:\/\/pk-records.nl\/index.php\/product\/fr-d-ric-chopin-tam-s-v-s-ry\/\" \/>\n<meta property=\"og:locale\" content=\"en_US\" \/>\n<meta property=\"og:type\" content=\"article\" \/>\n<meta property=\"og:title\" content=\"Fr\u00e9d\u00e9ric Chopin, Tam\u00e1s V\u00e1s\u00e1ry - PK-records\" \/>\n<meta property=\"og:description\" content=\"Artist: Fr\u00e9d\u00e9ric Chopin, Tam\u00e1s V\u00e1s\u00e1ryTitel: 10 Nocturnes No. 11-20\" \/>\n<meta property=\"og:url\" content=\"https:\/\/pk-records.nl\/index.php\/product\/fr-d-ric-chopin-tam-s-v-s-ry\/\" \/>\n<meta property=\"og:site_name\" content=\"PK-records\" \/>\n<meta property=\"article:modified_time\" content=\"2026-03-23T19:11:36+00:00\" \/>\n<meta property=\"og:image\" content=\"https:\/\/pk-records.nl\/wp-content\/uploads\/5058.jpg\" \/>\n\t<meta property=\"og:image:width\" content=\"236\" \/>\n\t<meta property=\"og:image:height\" content=\"240\" \/>\n\t<meta property=\"og:image:type\" content=\"image\/jpeg\" \/>\n<meta name=\"twitter:card\" content=\"summary_large_image\" \/>\n<meta name=\"twitter:label1\" content=\"Est. reading time\" \/>\n\t<meta name=\"twitter:data1\" content=\"1 minute\" \/>\n<script type=\"application\/ld+json\" class=\"yoast-schema-graph\">{\"@context\":\"https:\\\/\\\/schema.org\",\"@graph\":[{\"@type\":\"WebPage\",\"@id\":\"https:\\\/\\\/pk-records.nl\\\/index.php\\\/product\\\/fr-d-ric-chopin-tam-s-v-s-ry\\\/\",\"url\":\"https:\\\/\\\/pk-records.nl\\\/index.php\\\/product\\\/fr-d-ric-chopin-tam-s-v-s-ry\\\/\",\"name\":\"Fr\u00e9d\u00e9ric Chopin, Tam\u00e1s V\u00e1s\u00e1ry - PK-records\",\"isPartOf\":{\"@id\":\"https:\\\/\\\/pk-records.nl\\\/#website\"},\"primaryImageOfPage\":{\"@id\":\"https:\\\/\\\/pk-records.nl\\\/index.php\\\/product\\\/fr-d-ric-chopin-tam-s-v-s-ry\\\/#primaryimage\"},\"image\":{\"@id\":\"https:\\\/\\\/pk-records.nl\\\/index.php\\\/product\\\/fr-d-ric-chopin-tam-s-v-s-ry\\\/#primaryimage\"},\"thumbnailUrl\":\"https:\\\/\\\/pk-records.nl\\\/wp-content\\\/uploads\\\/5058.jpg\",\"datePublished\":\"2026-03-23T19:11:35+00:00\",\"dateModified\":\"2026-03-23T19:11:36+00:00\",\"breadcrumb\":{\"@id\":\"https:\\\/\\\/pk-records.nl\\\/index.php\\\/product\\\/fr-d-ric-chopin-tam-s-v-s-ry\\\/#breadcrumb\"},\"inLanguage\":\"en-US\",\"potentialAction\":[{\"@type\":\"ReadAction\",\"target\":[\"https:\\\/\\\/pk-records.nl\\\/index.php\\\/product\\\/fr-d-ric-chopin-tam-s-v-s-ry\\\/\"]}]},{\"@type\":\"ImageObject\",\"inLanguage\":\"en-US\",\"@id\":\"https:\\\/\\\/pk-records.nl\\\/index.php\\\/product\\\/fr-d-ric-chopin-tam-s-v-s-ry\\\/#primaryimage\",\"url\":\"https:\\\/\\\/pk-records.nl\\\/wp-content\\\/uploads\\\/5058.jpg\",\"contentUrl\":\"https:\\\/\\\/pk-records.nl\\\/wp-content\\\/uploads\\\/5058.jpg\",\"width\":236,\"height\":240},{\"@type\":\"BreadcrumbList\",\"@id\":\"https:\\\/\\\/pk-records.nl\\\/index.php\\\/product\\\/fr-d-ric-chopin-tam-s-v-s-ry\\\/#breadcrumb\",\"itemListElement\":[{\"@type\":\"ListItem\",\"position\":1,\"name\":\"Home\",\"item\":\"https:\\\/\\\/pk-records.nl\\\/\"},{\"@type\":\"ListItem\",\"position\":2,\"name\":\"Shop\",\"item\":\"https:\\\/\\\/pk-records.nl\\\/index.php\\\/shop\\\/\"},{\"@type\":\"ListItem\",\"position\":3,\"name\":\"Fr\u00e9d\u00e9ric Chopin, Tam\u00e1s V\u00e1s\u00e1ry\"}]},{\"@type\":\"WebSite\",\"@id\":\"https:\\\/\\\/pk-records.nl\\\/#website\",\"url\":\"https:\\\/\\\/pk-records.nl\\\/\",\"name\":\"PK-records\",\"description\":\"\",\"publisher\":{\"@id\":\"https:\\\/\\\/pk-records.nl\\\/#organization\"},\"potentialAction\":[{\"@type\":\"SearchAction\",\"target\":{\"@type\":\"EntryPoint\",\"urlTemplate\":\"https:\\\/\\\/pk-records.nl\\\/?s={search_term_string}\"},\"query-input\":{\"@type\":\"PropertyValueSpecification\",\"valueRequired\":true,\"valueName\":\"search_term_string\"}}],\"inLanguage\":\"en-US\"},{\"@type\":\"Organization\",\"@id\":\"https:\\\/\\\/pk-records.nl\\\/#organization\",\"name\":\"PK-records\",\"url\":\"https:\\\/\\\/pk-records.nl\\\/\",\"logo\":{\"@type\":\"ImageObject\",\"inLanguage\":\"en-US\",\"@id\":\"https:\\\/\\\/pk-records.nl\\\/#\\\/schema\\\/logo\\\/image\\\/\",\"url\":\"https:\\\/\\\/pk-records.nl\\\/wp-content\\\/uploads\\\/cropped-logoPK-records.png\",\"contentUrl\":\"https:\\\/\\\/pk-records.nl\\\/wp-content\\\/uploads\\\/cropped-logoPK-records.png\",\"width\":510,\"height\":162,\"caption\":\"PK-records\"},\"image\":{\"@id\":\"https:\\\/\\\/pk-records.nl\\\/#\\\/schema\\\/logo\\\/image\\\/\"}}]}<\/script>\n<!-- \/ Yoast SEO plugin. -->","yoast_head_json":{"title":"Fr\u00e9d\u00e9ric Chopin, Tam\u00e1s V\u00e1s\u00e1ry - PK-records","robots":{"index":"index","follow":"follow","max-snippet":"max-snippet:-1","max-image-preview":"max-image-preview:large","max-video-preview":"max-video-preview:-1"},"canonical":"https:\/\/pk-records.nl\/index.php\/product\/fr-d-ric-chopin-tam-s-v-s-ry\/","og_locale":"en_US","og_type":"article","og_title":"Fr\u00e9d\u00e9ric Chopin, Tam\u00e1s V\u00e1s\u00e1ry - PK-records","og_description":"Artist: Fr\u00e9d\u00e9ric Chopin, Tam\u00e1s V\u00e1s\u00e1ryTitel: 10 Nocturnes No. 11-20","og_url":"https:\/\/pk-records.nl\/index.php\/product\/fr-d-ric-chopin-tam-s-v-s-ry\/","og_site_name":"PK-records","article_modified_time":"2026-03-23T19:11:36+00:00","og_image":[{"width":236,"height":240,"url":"https:\/\/pk-records.nl\/wp-content\/uploads\/5058.jpg","type":"image\/jpeg"}],"twitter_card":"summary_large_image","twitter_misc":{"Est. reading time":"1 minute"},"schema":{"@context":"https:\/\/schema.org","@graph":[{"@type":"WebPage","@id":"https:\/\/pk-records.nl\/index.php\/product\/fr-d-ric-chopin-tam-s-v-s-ry\/","url":"https:\/\/pk-records.nl\/index.php\/product\/fr-d-ric-chopin-tam-s-v-s-ry\/","name":"Fr\u00e9d\u00e9ric Chopin, Tam\u00e1s V\u00e1s\u00e1ry - PK-records","isPartOf":{"@id":"https:\/\/pk-records.nl\/#website"},"primaryImageOfPage":{"@id":"https:\/\/pk-records.nl\/index.php\/product\/fr-d-ric-chopin-tam-s-v-s-ry\/#primaryimage"},"image":{"@id":"https:\/\/pk-records.nl\/index.php\/product\/fr-d-ric-chopin-tam-s-v-s-ry\/#primaryimage"},"thumbnailUrl":"https:\/\/pk-records.nl\/wp-content\/uploads\/5058.jpg","datePublished":"2026-03-23T19:11:35+00:00","dateModified":"2026-03-23T19:11:36+00:00","breadcrumb":{"@id":"https:\/\/pk-records.nl\/index.php\/product\/fr-d-ric-chopin-tam-s-v-s-ry\/#breadcrumb"},"inLanguage":"en-US","potentialAction":[{"@type":"ReadAction","target":["https:\/\/pk-records.nl\/index.php\/product\/fr-d-ric-chopin-tam-s-v-s-ry\/"]}]},{"@type":"ImageObject","inLanguage":"en-US","@id":"https:\/\/pk-records.nl\/index.php\/product\/fr-d-ric-chopin-tam-s-v-s-ry\/#primaryimage","url":"https:\/\/pk-records.nl\/wp-content\/uploads\/5058.jpg","contentUrl":"https:\/\/pk-records.nl\/wp-content\/uploads\/5058.jpg","width":236,"height":240},{"@type":"BreadcrumbList","@id":"https:\/\/pk-records.nl\/index.php\/product\/fr-d-ric-chopin-tam-s-v-s-ry\/#breadcrumb","itemListElement":[{"@type":"ListItem","position":1,"name":"Home","item":"https:\/\/pk-records.nl\/"},{"@type":"ListItem","position":2,"name":"Shop","item":"https:\/\/pk-records.nl\/index.php\/shop\/"},{"@type":"ListItem","position":3,"name":"Fr\u00e9d\u00e9ric Chopin, Tam\u00e1s V\u00e1s\u00e1ry"}]},{"@type":"WebSite","@id":"https:\/\/pk-records.nl\/#website","url":"https:\/\/pk-records.nl\/","name":"PK-records","description":"","publisher":{"@id":"https:\/\/pk-records.nl\/#organization"},"potentialAction":[{"@type":"SearchAction","target":{"@type":"EntryPoint","urlTemplate":"https:\/\/pk-records.nl\/?s={search_term_string}"},"query-input":{"@type":"PropertyValueSpecification","valueRequired":true,"valueName":"search_term_string"}}],"inLanguage":"en-US"},{"@type":"Organization","@id":"https:\/\/pk-records.nl\/#organization","name":"PK-records","url":"https:\/\/pk-records.nl\/","logo":{"@type":"ImageObject","inLanguage":"en-US","@id":"https:\/\/pk-records.nl\/#\/schema\/logo\/image\/","url":"https:\/\/pk-records.nl\/wp-content\/uploads\/cropped-logoPK-records.png","contentUrl":"https:\/\/pk-records.nl\/wp-content\/uploads\/cropped-logoPK-records.png","width":510,"height":162,"caption":"PK-records"},"image":{"@id":"https:\/\/pk-records.nl\/#\/schema\/logo\/image\/"}}]}},"jetpack_sharing_enabled":true,"_links":{"self":[{"href":"https:\/\/pk-records.nl\/index.php\/wp-json\/wp\/v2\/product\/17662","targetHints":{"allow":["GET"]}}],"collection":[{"href":"https:\/\/pk-records.nl\/index.php\/wp-json\/wp\/v2\/product"}],"about":[{"href":"https:\/\/pk-records.nl\/index.php\/wp-json\/wp\/v2\/types\/product"}],"wp:featuredmedia":[{"embeddable":true,"href":"https:\/\/pk-records.nl\/index.php\/wp-json\/wp\/v2\/media\/11496"}],"wp:attachment":[{"href":"https:\/\/pk-records.nl\/index.php\/wp-json\/wp\/v2\/media?parent=17662"}],"wp:term":[{"taxonomy":"product_brand","embeddable":true,"href":"https:\/\/pk-records.nl\/index.php\/wp-json\/wp\/v2\/product_brand?post=17662"},{"taxonomy":"product_cat","embeddable":true,"href":"https:\/\/pk-records.nl\/index.php\/wp-json\/wp\/v2\/product_cat?post=17662"},{"taxonomy":"product_tag","embeddable":true,"href":"https:\/\/pk-records.nl\/index.php\/wp-json\/wp\/v2\/product_tag?post=17662"}],"curies":[{"name":"wp","href":"https:\/\/api.w.org\/{rel}","templated":true}]}}